{"id":9049,"date":"2026-03-26T10:43:04","date_gmt":"2026-03-26T09:43:04","guid":{"rendered":"https:\/\/eventsinparis.com\/?page_id=9049"},"modified":"2026-05-01T14:55:56","modified_gmt":"2026-05-01T13:55:56","slug":"bachelorette-party","status":"publish","type":"page","link":"https:\/\/translate.eventsinparis.com\/pt\/bachelorette-party\/","title":{"rendered":"Despedida de solteira em Paris"},"content":{"rendered":"<header class=\"wp-block-group alignfull mt-0 mb-0 pt-0 pb-0 section-header-outer full-width pl-0 pr-0 has-background-background-color has-background\" id=\"hero\"><div class=\"wp-block-group__inner-container is-layout-constrained wp-block-group-is-layout-constrained\">\n<div class=\"wp-block-group alignfull mt-0 mb-0 sec section-header full-width\"><div class=\"wp-block-group__inner-container is-layout-constrained wp-block-group-is-layout-constrained\">\n<h1 class=\"wp-block-heading alignwide has-text-align-left ml-0 mb-10 has-primary-color has-text-color has-link-color wp-elements-ae27f60d8fda1c4086a26aab21520c86\" style=\"text-transform:uppercase\">Despedida de solteira em Paris<\/h1>\n<\/div><\/div>\n<\/div><\/header>\n\n\n<figure class=\"alignfull mt-0 mb-0 bg-fixed wp-block-post-featured-image\"><img decoding=\"async\" width=\"1200\" height=\"800\" src=\"https:\/\/translate.eventsinparis.com\/wp-content\/uploads\/2026\/03\/paris-boat-proposal-engagement-ring-eiffel-tower-red-roses-1200x800.webp\" class=\"attachment-post-thumbnail size-post-thumbnail wp-post-image\" alt=\"Casal rec\u00e9m-noivo sorrindo e mostrando o anel de noivado em um barco de luxo em Paris, cercado por rosas vermelhas com a Torre Eiffel ao fundo\" style=\"object-fit:cover;\" srcset=\"https:\/\/translate.eventsinparis.com\/wp-content\/uploads\/2026\/03\/paris-boat-proposal-engagement-ring-eiffel-tower-red-roses-1200x800.webp 1200w, https:\/\/translate.eventsinparis.com\/wp-content\/uploads\/2026\/03\/paris-boat-proposal-engagement-ring-eiffel-tower-red-roses-300x200.webp 300w, https:\/\/translate.eventsinparis.com\/wp-content\/uploads\/2026\/03\/paris-boat-proposal-engagement-ring-eiffel-tower-red-roses-1024x682.webp 1024w, https:\/\/translate.eventsinparis.com\/wp-content\/uploads\/2026\/03\/paris-boat-proposal-engagement-ring-eiffel-tower-red-roses-768x512.webp 768w, https:\/\/translate.eventsinparis.com\/wp-content\/uploads\/2026\/03\/paris-boat-proposal-engagement-ring-eiffel-tower-red-roses-1536x1024.webp 1536w, https:\/\/translate.eventsinparis.com\/wp-content\/uploads\/2026\/03\/paris-boat-proposal-engagement-ring-eiffel-tower-red-roses-2048x1365.webp 2048w, https:\/\/translate.eventsinparis.com\/wp-content\/uploads\/2026\/03\/paris-boat-proposal-engagement-ring-eiffel-tower-red-roses-1980x1319.webp 1980w\" sizes=\"(max-width: 1200px) 100vw, 1200px\" \/><\/figure>\n\n\n<section class=\"wp-block-group alignfull mt-0 mb-0 sec full-width has-background-background-color has-background\" id=\"intro\"><div class=\"wp-block-group__inner-container is-layout-constrained wp-block-group-is-layout-constrained\">\n<p>Seu melhor amigo vai se casar e o grupo quer fazer algo em Paris. O problema \u00e9 coordenar um grupo em uma cidade onde nenhum de voc\u00eas mora - barcos, restaurantes, hor\u00e1rios, log\u00edstica. \u00c9 com isso que lidamos.<\/p>\n\n\n\n<p>A Events in Paris \u00e9 uma empresa de planejamento de despedidas de solteira que fala ingl\u00eas em Paris. Organizamos cruzeiros privativos no Sena, reservas em restaurantes, piqueniques com estilo e itiner\u00e1rios personalizados para a despedida de solteira criados para o seu grupo. Coordenamos os fornecedores, confirmamos as reservas e gerenciamos a programa\u00e7\u00e3o. Seu grupo se apresenta e tudo est\u00e1 pronto.<\/p>\n\n\n\n<p>O pre\u00e7o \u00e9 personalizado com base no tamanho do grupo, nas datas e no que voc\u00ea deseja fazer. Envie-nos uma mensagem pelo WhatsApp e faremos um planejamento.<\/p>\n\n\n\n<p><strong><a href=\"https:\/\/api.whatsapp.com\/send?phone=33650354083\" target=\"_blank\" rel=\"noreferrer noopener\">\u2192Envie-nos um WhatsApp para come\u00e7ar a planejar<\/a><\/strong><\/p>\n<\/div><\/section>\n\n\n\n<section class=\"wp-block-group alignfull mt-0 mb-0 sec full-width sec-services has-background-color has-primary-background-color has-text-color has-background has-link-color wp-elements-1bb6d35a157b1256f510ebaf9188bb4d\"><div class=\"wp-block-group__inner-container is-layout-constrained wp-block-group-is-layout-constrained\">\n<h2 class=\"wp-block-heading\">Por que o Private Champagne Yacht \u00e9 o carro-chefe da despedida de solteira<\/h2>\n\n\n\n<p>O Private Champagne Yacht \u00e9 o carro-chefe do Events in Paris para fins de semana de despedida de solteira - totalmente privativo para seu grupo por 1 hora e 45 minutos no Sena.<\/p>\n\n\n\n<p>A rota passa pela Torre Eiffel, Pont Alexandre III, Notre-Dame, \u00cele Saint-Louis e a r\u00e9plica da Est\u00e1tua da Liberdade. A log\u00edstica de embarque \u00e9 feita por n\u00f3s - nada de caos em docas compartilhadas. O hor\u00e1rio de partida pode ser definido por voc\u00ea durante o dia, de modo que o iate pode ser usado antes do jantar, depois de um piquenique com estilo ou como a pe\u00e7a central do dia.<\/p>\n\n\n\n<p><strong>O que est\u00e1 inclu\u00eddo:<\/strong><\/p>\n\n\n\n<ul class=\"wp-block-list\">\n<li>1h45 de cruzeiro no Sena totalmente privativo (somente o seu grupo, sem outros convidados, sem conv\u00e9s compartilhado)<\/li>\n\n\n\n<li>Champanhe Ruinart<\/li>\n\n\n\n<li>Atendente particular a bordo<\/li>\n\n\n\n<li>Fot\u00f3grafo com 20 imagens editadas entregues em 7 dias<\/li>\n\n\n\n<li>Lista de reprodu\u00e7\u00e3o personalizada<\/li>\n\n\n\n<li>Configura\u00e7\u00e3o da decora\u00e7\u00e3o mediante solicita\u00e7\u00e3o<\/li>\n<\/ul>\n\n\n\n<p><strong>Pre\u00e7o: \u20ac 3.500 para o grupo, n\u00e3o por pessoa.<\/strong> Para um fim de semana de despedida de solteira de 6 a 12 pessoas, isso geralmente sai mais barato por pessoa do que um jantar em um restaurante sofisticado, ao mesmo tempo em que \u00e9 a parte mais importante da viagem.<\/p>\n\n\n\n<p>Combine-o com um piquenique estilizado no Trocad\u00e9ro na mesma tarde, ou com uma surpresa na decora\u00e7\u00e3o do quarto do hotel na noite de chegada, para um fim de semana mais completo.<\/p>\n\n\n\n<p><a href=\"https:\/\/translate.eventsinparis.com\/pt\/pacotes-pedido-casamento\/barco-privado\/\" data-type=\"link\" data-id=\"https:\/\/translate.eventsinparis.com\/paris-proposal-packages\/private-boat\/\">\u2192 Iate privativo com champanhe para grupos de solteiros<\/a><\/p>\n<\/div><\/section>\n\n\n\n<section class=\"wp-block-group alignfull mt-0 mb-0 sec  full-width sec-services has-background-background-color has-background\"><div class=\"wp-block-group__inner-container is-layout-constrained wp-block-group-is-layout-constrained\">\n<h2 class=\"wp-block-heading has-primary-color has-text-color has-link-color wp-elements-01f135fdb3c5533fd681aba878bf2ec9\">O que organizamos para grupos de solteiras<\/h2>\n\n\n\n<h3 class=\"wp-block-heading has-primary-color has-text-color has-link-color wp-elements-f3d639f88db010148bba3c101beae10a\">Cruzeiros em barcos particulares no Sena<\/h3>\n\n\n\n<p>Um cruzeiro particular no Sena \u00e9 a maneira mais f\u00e1cil de manter todos juntos e ver a cidade a partir da \u00e1gua. Nosso barco privativo atende a grupos menores em um cruzeiro de 90 minutos que passa pela Torre Eiffel, Les Invalides, Louvre e Pont des Arts. O Private Champagne Yacht \u00e9 uma embarca\u00e7\u00e3o maior com champanhe Ruinart, um atendente particular e uma rota de 1 hora e 45 minutos que se estende da Torre Eiffel at\u00e9 Notre-Dame, \u00cele Saint-Louis e a Est\u00e1tua da Liberdade.<\/p>\n\n\n\n<p>Ambas as op\u00e7\u00f5es incluem uma lista de reprodu\u00e7\u00e3o personalizada em alto-falantes premium, arranjos florais de seda a bordo e um fot\u00f3grafo nos primeiros 60 minutos. O barco \u00e9 seu - sem outros passageiros, sem programa\u00e7\u00e3o compartilhada.<\/p>\n\n\n\n<figure class=\"wp-block-image size-large\"><img decoding=\"async\" width=\"1024\" height=\"682\" src=\"https:\/\/translate.eventsinparis.com\/wp-content\/uploads\/2026\/03\/private-seine-boat-proposal-paris-pont-alexandre-iii-red-roses-1024x682.webp\" alt=\"Casal compartilhando um momento \u00edntimo em um pedido de casamento em um barco particular no Sena, em Paris, cercado por rosas vermelhas e velas com a ponte Pont Alexandre III iluminada ao anoitecer\" class=\"wp-image-8838\" srcset=\"https:\/\/translate.eventsinparis.com\/wp-content\/uploads\/2026\/03\/private-seine-boat-proposal-paris-pont-alexandre-iii-red-roses-1024x682.webp 1024w, https:\/\/translate.eventsinparis.com\/wp-content\/uploads\/2026\/03\/private-seine-boat-proposal-paris-pont-alexandre-iii-red-roses-300x200.webp 300w, https:\/\/translate.eventsinparis.com\/wp-content\/uploads\/2026\/03\/private-seine-boat-proposal-paris-pont-alexandre-iii-red-roses-768x512.webp 768w, https:\/\/translate.eventsinparis.com\/wp-content\/uploads\/2026\/03\/private-seine-boat-proposal-paris-pont-alexandre-iii-red-roses-1536x1024.webp 1536w, https:\/\/translate.eventsinparis.com\/wp-content\/uploads\/2026\/03\/private-seine-boat-proposal-paris-pont-alexandre-iii-red-roses-2048x1365.webp 2048w, https:\/\/translate.eventsinparis.com\/wp-content\/uploads\/2026\/03\/private-seine-boat-proposal-paris-pont-alexandre-iii-red-roses-1200x800.webp 1200w, https:\/\/translate.eventsinparis.com\/wp-content\/uploads\/2026\/03\/private-seine-boat-proposal-paris-pont-alexandre-iii-red-roses-1980x1319.webp 1980w\" sizes=\"(max-width: 1024px) 100vw, 1024px\" \/><figcaption class=\"wp-element-caption\">Pura magia no Sena - um casal perdido um no outro em um barco particular no Sena, emoldurado por centenas de rosas vermelhas, velas brilhantes e as luzes douradas da Pont Alexandre III no crep\u00fasculo.<\/figcaption><\/figure>\n\n\n\n<hr class=\"wp-block-separator has-alpha-channel-opacity\"\/>\n\n\n\n<h3 class=\"wp-block-heading has-primary-color has-text-color has-link-color wp-elements-32c47054a4cb5f04a33c1565e42b9469\">Coordena\u00e7\u00e3o e reservas de restaurantes<\/h3>\n\n\n\n<p>Reservamos restaurantes que funcionam para grupos - salas de jantar privativas, mesas longas e locais que podem receber uma festa sem que voc\u00ea tenha que sair \u00e0s 22 horas. N\u00f3s cuidamos da reserva, coordenamos jantares privativos para grupos e mesas semiprivativas, confirmamos os card\u00e1pios para grupos, quando dispon\u00edveis, e alinhamos o hor\u00e1rio com o restante do seu itiner\u00e1rio. Voc\u00ea nos diz o clima (bistr\u00f4 casual, bar de vinhos, jantar na cobertura) e n\u00f3s o combinamos.<\/p>\n\n\n\n<hr class=\"wp-block-separator has-alpha-channel-opacity\"\/>\n\n\n\n<h3 class=\"wp-block-heading has-primary-color has-text-color has-link-color wp-elements-7ca57101e42f9182b236c605a71cda35\">Configura\u00e7\u00f5es de piquenique com estilo<\/h3>\n\n\n\n<p>Uma \u00e1rea de piquenique montada em um local em Paris com mesas baixas, almofadas, arranjos florais e alimentos. Isso funciona bem como uma atividade vespertina antes de um jantar \u00e0 noite ou de um passeio de barco. N\u00f3s montamos, voc\u00ea chega e n\u00f3s limpamos depois. Um fot\u00f3grafo est\u00e1 inclu\u00eddo em todas as montagens de piquenique.<\/p>\n\n\n\n<p><a href=\"https:\/\/translate.eventsinparis.com\/pt\/luxury-picnic\/\" data-type=\"page\" data-id=\"8977\">\u2192Ver detalhes do piquenique<\/a><\/p>\n\n\n\n<hr class=\"wp-block-separator has-alpha-channel-opacity\"\/>\n\n\n\n<h3 class=\"wp-block-heading has-primary-color has-text-color has-link-color wp-elements-6ec0a58dc4f82759b07e827a26501400\">Itiner\u00e1rios personalizados com v\u00e1rias atividades<\/h3>\n\n\n\n<p>A maioria dos grupos de solteiras quer mais de uma coisa. Criamos itiner\u00e1rios de fim de semana de despedida de solteira em Paris que combinam atividades em um dia inteiro ou meio dia. Alguns exemplos:<\/p>\n\n\n\n<p><strong>Noite cl\u00e1ssica: <\/strong>Passeio privativo de barco pelo Sena ao p\u00f4r do sol e, em seguida, jantar em grupo com vinho em um restaurante que aceita festas.<\/p>\n\n\n\n<p><strong>Piquenique e fotos: <\/strong>Piquenique estilizado com vista para a Torre Eiffel e um fot\u00f3grafo para fotos de grupo, seguido de um fim de tarde em um bar de vinhos ou bistr\u00f4.<\/p>\n\n\n\n<p><strong>Escala de uma noite: <\/strong>Passeio de barco privativo com m\u00fasica e bebidas, direto para um jantar tardio em um restaurante acostumado a atender grupos com hor\u00e1rio marcado.<\/p>\n\n\n\n<p>Esses s\u00e3o exemplos, n\u00e3o pacotes fixos. N\u00f3s nos baseamos no que seu grupo deseja e em quanto tempo voc\u00ea tem.<\/p>\n<\/div><\/section>\n\n\n\n<section class=\"wp-block-group alignfull mt-0 mb-0 sec full-width has-background-color has-primary-background-color has-text-color has-background has-link-color wp-elements-68af9e37ec6fd9036be37fd1e6f9c06f\"><div class=\"wp-block-group__inner-container is-layout-constrained wp-block-group-is-layout-constrained\">\n<h2 class=\"wp-block-heading\">Como funciona<\/h2>\n\n\n\n<p><strong>1. Envie-nos uma mensagem no WhatsApp <\/strong>com o tamanho de seu grupo, datas e que tipo de atividades lhe interessam.<\/p>\n\n\n\n<p><strong>2. Criamos um itiner\u00e1rio personalizado para a despedida de solteira <\/strong>com hor\u00e1rios, atividades e um pre\u00e7o claro com base em seu grupo.<\/p>\n\n\n\n<p><strong>3. N\u00f3s coordenamos tudo <\/strong>- reservas de fornecedores, reservas de restaurantes, agendamento de fot\u00f3grafos e log\u00edstica do dia. Seu grupo chega e tudo est\u00e1 resolvido.<\/p>\n\n\n\n<p>Normalmente, respondemos em at\u00e9 8 horas. O planejamento funciona melhor com pelo menos 2 a 3 semanas de anteced\u00eancia, mas podemos ser mais r\u00e1pidos se as datas forem apertadas.<\/p>\n<\/div><\/section>\n\n\n\n<section class=\"wp-block-group alignfull mt-0 mb-0 sec  full-width sec-services has-background-background-color has-background\"><div class=\"wp-block-group__inner-container is-layout-constrained wp-block-group-is-layout-constrained\">\n<h2 class=\"wp-block-heading has-primary-color has-text-color has-link-color wp-elements-8413e6c8c8971e497d4d5204297512fe\">Quanto isso custa<\/h2>\n\n\n\n<p>Os itiner\u00e1rios de despedida de solteira t\u00eam pre\u00e7os por grupo com base nas atividades selecionadas, no tamanho do grupo e na data. Ainda n\u00e3o h\u00e1 pacotes fixos - cada or\u00e7amento \u00e9 criado para um grupo espec\u00edfico.<\/p>\n\n\n\n<p>Para que voc\u00ea tenha uma ideia dos blocos de constru\u00e7\u00e3o: os cruzeiros em barco particular come\u00e7am em \u20ac 1.600, os piqueniques com estilo s\u00e3o cotados com base no tamanho do grupo e no local, e a coordena\u00e7\u00e3o do restaurante \u00e9 inclu\u00edda quando criamos um itiner\u00e1rio com v\u00e1rias atividades.<\/p>\n\n\n\n<p>Envie-nos uma mensagem no WhatsApp com suas datas e tamanho do grupo e enviaremos uma cota\u00e7\u00e3o detalhada em 48 horas.<\/p>\n\n\n\n<p><strong><a href=\"https:\/\/api.whatsapp.com\/send?phone=33650354083\" target=\"_blank\" rel=\"noopener\">\u2192 Obter uma cota\u00e7\u00e3o personalizada<\/a><\/strong><\/p>\n<\/div><\/section>\n\n\n\n<section class=\"wp-block-group alignfull mt-0 mb-0 sec sec-faq full-width has-background-color has-primary-background-color has-text-color has-background has-link-color wp-elements-490c63eef1c69a62c91176763a137851\" id=\"faq\"><div class=\"wp-block-group__inner-container is-layout-constrained wp-block-group-is-layout-constrained\">\n<h2 class=\"wp-block-heading  mb-10\">Perguntas frequentes<\/h2>\n\n\n<div id=\"rank-math-faq\" class=\"rank-math-block\">\n<div class=\"rank-math-list\">\n<div id=\"faq-question-1774352837439\" class=\"rank-math-list-item\">\n<h3 class=\"rank-math-question\">Com quanto tempo de anteced\u00eancia devemos fazer a reserva?<\/h3>\n<div class=\"rank-math-answer\">\n\n<p>Duas a tr\u00eas semanas \u00e9 um prazo confort\u00e1vel. Podemos trabalhar com prazos mais curtos se os fornecedores e os locais tiverem disponibilidade - envie-nos uma mensagem e lhe diremos o que \u00e9 poss\u00edvel para suas datas.<\/p>\n\n<\/div>\n<\/div>\n<div id=\"faq-question-1774518063715\" class=\"rank-math-list-item\">\n<h3 class=\"rank-math-question\">Com quais tamanhos de grupo voc\u00ea trabalha?<\/h3>\n<div class=\"rank-math-answer\">\n\n<p>Entre em contato conosco informando o tamanho do seu grupo e as datas. Atividades como barcos particulares e reservas em restaurantes t\u00eam sua pr\u00f3pria capacidade, e n\u00f3s combinaremos as op\u00e7\u00f5es certas para o seu grupo.<\/p>\n\n<\/div>\n<\/div>\n<div id=\"faq-question-1774518071299\" class=\"rank-math-list-item\">\n<h3 class=\"rank-math-question\">Quais s\u00e3o as melhores coisas para fazer em uma despedida de solteira em Paris?<\/h3>\n<div class=\"rank-math-answer\">\n\n<p>As op\u00e7\u00f5es mais populares s\u00e3o um cruzeiro particular no Sena, um jantar em grupo em um restaurante com capacidade para um grupo e um piquenique com estilo e vista para a Torre Eiffel. A maioria dos grupos combina duas ou tr\u00eas dessas op\u00e7\u00f5es em uma \u00fanica noite ou dia. Envie-nos uma mensagem com o tamanho e os interesses de seu grupo e sugeriremos combina\u00e7\u00f5es adequadas.<\/p>\n\n<\/div>\n<\/div>\n<div id=\"faq-question-1774518083237\" class=\"rank-math-list-item\">\n<h3 class=\"rank-math-question\">Voc\u00ea pode organizar uma despedida de solteira e um pedido de casamento na mesma viagem?<\/h3>\n<div class=\"rank-math-answer\">\n\n<p>Sim. N\u00f3s oferecemos pacotes de pedidos de casamento separadamente da coordena\u00e7\u00e3o de despedida de solteira, para que possamos planejar ambos sem que a futura noiva descubra. Isso acontece mais do que voc\u00ea imagina.<\/p>\n\n<\/div>\n<\/div>\n<div id=\"faq-question-1774518095908\" class=\"rank-math-list-item\">\n<h3 class=\"rank-math-question\">Voc\u00eas fornecem um fot\u00f3grafo?<\/h3>\n<div class=\"rank-math-answer\">\n\n<p>Os fot\u00f3grafos est\u00e3o inclu\u00eddos nos cruzeiros de barco e nas configura\u00e7\u00f5es de piquenique. Para reservas somente em restaurantes ou itiner\u00e1rios a p\u00e9, podemos adicionar um fot\u00f3grafo como uma reserva separada.<\/p>\n\n<\/div>\n<\/div>\n<div id=\"faq-question-1774518108012\" class=\"rank-math-list-item\">\n<h3 class=\"rank-math-question\">\u00c9 necess\u00e1rio fazer reservas em restaurantes com anteced\u00eancia em Paris?<\/h3>\n<div class=\"rank-math-answer\">\n\n<p>Para grupos, sim. Os restaurantes em Paris raramente acomodam seis ou mais pessoas sem uma reserva, e os fins de semana ficam lotados rapidamente. Tratamos de todas as reservas de restaurantes como parte do planejamento, de modo que o grupo n\u00e3o precisa ligar diretamente para os locais.<\/p>\n\n<\/div>\n<\/div>\n<div id=\"faq-question-1774518121730\" class=\"rank-math-list-item\">\n<h3 class=\"rank-math-question\">Quais s\u00e3o os idiomas falados pela sua equipe?<\/h3>\n<div class=\"rank-math-answer\">\n\n<p>Ingl\u00eas, franc\u00eas, espanhol e mandarim. Toda a coordena\u00e7\u00e3o e a comunica\u00e7\u00e3o durante o dia s\u00e3o feitas no idioma mais adequado para o seu grupo. Voc\u00ea pode planejar tudo em ingl\u00eas conosco - n\u00f3s cuidamos da parte em franc\u00eas com os locais e fornecedores.<\/p>\n\n<\/div>\n<\/div>\n<div id=\"faq-question-1774518130941\" class=\"rank-math-list-item\">\n<h3 class=\"rank-math-question\">Podemos adicionar a decora\u00e7\u00e3o do quarto de hotel?<\/h3>\n<div class=\"rank-math-answer\">\n\n<p>Sim. Nosso servi\u00e7o de decora\u00e7\u00e3o de quarto de hotel custa a partir de \u20ac 400 e funciona bem como uma surpresa para a futura noiva na noite em que ela chegar. Consulte nossa p\u00e1gina Decora\u00e7\u00e3o de quartos de hotel para obter detalhes.<\/p>\n\n<\/div>\n<\/div>\n<div id=\"faq-question-1774518146033\" class=\"rank-math-list-item\">\n<h3 class=\"rank-math-question\">O que acontece se chover durante nosso piquenique ou passeio de barco?<\/h3>\n<div class=\"rank-math-answer\">\n\n<p>Combinamos um plano de backup antes de sua viagem. Dependendo do que voc\u00ea reservou, isso pode significar mudar o hor\u00e1rio, mudar para um local coberto ou ajustar a combina\u00e7\u00e3o de atividades. Os barcos operam com chuva fraca. Confirmamos o plano com voc\u00ea no dia anterior com base na previs\u00e3o do tempo.<\/p>\n\n<\/div>\n<\/div>\n<\/div>\n<\/div><\/div><\/section>\n\n\n\n<section class=\"wp-block-cover alignfull mt-0 mb-0 sec sec-cta bg-fixed z-index-9\" style=\"min-height:800px;aspect-ratio:unset;\" id=\"cta\"><span aria-hidden=\"true\" class=\"wp-block-cover__background has-primary-background-color has-background-dim-100 has-background-dim\"><\/span><div class=\"wp-block-cover__inner-container is-layout-flow wp-block-cover-is-layout-flow\">\n<h2 class=\"wp-block-heading has-text-align-center  heading-size-2 mb-40\">Iniciar o planejamento<\/h2>\n\n\n\n<p class=\"has-text-align-center container-xs\">Informe-nos suas datas, o tamanho do grupo e o que lhe parece bom. Enviaremos um plano e uma cota\u00e7\u00e3o.<\/p>\n\n\n\n<div class=\"wp-block-buttons is-content-justification-center is-layout-flex wp-container-core-buttons-is-layout-16018d1d wp-block-buttons-is-layout-flex\">\n<div class=\"wp-block-button\"><a class=\"wp-block-button__link has-primary-color has-text-color has-background has-link-color wp-element-button\" href=\"https:\/\/api.whatsapp.com\/send?phone=33650354083\" style=\"background-color:#f0ff3d\" target=\"_blank\" rel=\"noreferrer noopener\">WhatsApp<\/a><\/div>\n\n\n\n<div class=\"wp-block-button cta\"><a class=\"wp-block-button__link wp-element-button\" href=\"https:\/\/translate.eventsinparis.com\/pt\/contato\/\">Formul\u00e1rio de contato<\/a><\/div>\n<\/div>\n<\/div><\/section>","protected":false},"excerpt":{"rendered":"<p>Bachelorette Party in Paris Your best friend is getting married and the group wants to do something in Paris. The problem is coordinating a group in a city none of you live in \u2014 boats, restaurants, timing, logistics. That is what we handle. Events in Paris is an English-speaking bachelorette planner in Paris. We organize [&hellip;]<\/p>\n","protected":false},"author":1,"featured_media":8823,"parent":0,"menu_order":0,"comment_status":"closed","ping_status":"closed","template":"","meta":{"_acf_changed":false,"inline_featured_image":false,"footnotes":""},"class_list":["post-9049","page","type-page","status-publish","has-post-thumbnail","hentry"],"acf":[],"_links":{"self":[{"href":"https:\/\/translate.eventsinparis.com\/pt\/wp-json\/wp\/v2\/pages\/9049","targetHints":{"allow":["GET"]}}],"collection":[{"href":"https:\/\/translate.eventsinparis.com\/pt\/wp-json\/wp\/v2\/pages"}],"about":[{"href":"https:\/\/translate.eventsinparis.com\/pt\/wp-json\/wp\/v2\/types\/page"}],"author":[{"embeddable":true,"href":"https:\/\/translate.eventsinparis.com\/pt\/wp-json\/wp\/v2\/users\/1"}],"replies":[{"embeddable":true,"href":"https:\/\/translate.eventsinparis.com\/pt\/wp-json\/wp\/v2\/comments?post=9049"}],"version-history":[{"count":6,"href":"https:\/\/translate.eventsinparis.com\/pt\/wp-json\/wp\/v2\/pages\/9049\/revisions"}],"predecessor-version":[{"id":9855,"href":"https:\/\/translate.eventsinparis.com\/pt\/wp-json\/wp\/v2\/pages\/9049\/revisions\/9855"}],"wp:featuredmedia":[{"embeddable":true,"href":"https:\/\/translate.eventsinparis.com\/pt\/wp-json\/wp\/v2\/media\/8823"}],"wp:attachment":[{"href":"https:\/\/translate.eventsinparis.com\/pt\/wp-json\/wp\/v2\/media?parent=9049"}],"curies":[{"name":"wp","href":"https:\/\/api.w.org\/{rel}","templated":true}]}}