{"id":8329,"date":"2026-03-20T06:14:56","date_gmt":"2026-03-20T06:14:56","guid":{"rendered":"https:\/\/eventsinparis.com\/?page_id=8329"},"modified":"2026-05-01T15:15:23","modified_gmt":"2026-05-01T14:15:23","slug":"guides","status":"publish","type":"page","link":"https:\/\/translate.eventsinparis.com\/pt\/guides\/","title":{"rendered":"Guias"},"content":{"rendered":"<div class=\"wp-block-group alignfull mt-0 mb-0 section-header-outer full-width pl-0 pr-0 has-background-background-color has-background\"><div class=\"wp-block-group__inner-container is-layout-constrained wp-block-group-is-layout-constrained\">\n<div class=\"wp-block-group alignfull mt-0 mb-0 sec section-header full-width\"><div class=\"wp-block-group__inner-container is-layout-constrained wp-block-group-is-layout-constrained\">\n<h1 class=\"wp-block-heading alignwide has-text-align-left ml-0 mb-10 fadeInDown has-primary-color has-text-color has-link-color wp-elements-3ca99380a54c9b839b4f07ad5af4c57b\" style=\"text-transform:uppercase\">Recursos de planejamento para sua viagem a Paris<\/h1>\n\n\n\n<p class=\"has-text-align-left ml-0 mt-0 mb-5 fadeInDown has-primary-color has-text-color has-link-color has-normal-font-size wp-elements-60206cc04306775d79919ae13869e26c\">Recomenda\u00e7\u00f5es examinadas da equipe que realiza pedidos de casamento e fugas em Paris - fot\u00f3grafos, restaurantes, m\u00fasicos e muito mais.<\/p>\n<\/div><\/div>\n<\/div><\/div>\n\n\n\n<section class=\"wp-block-group alignfull mt-0 mb-0 sec full-width sec-services has-background-color has-primary-background-color has-text-color has-background has-link-color wp-elements-a314171bdbbe8d708013853b17965111\" id=\"guides\"><div class=\"wp-block-group__inner-container is-layout-constrained wp-block-group-is-layout-constrained\">\n<h2 class=\"wp-block-heading sec-header mb-10 ml-0\">Guias<\/h2>\n\n\n\n<div class=\"wp-block-columns alignfull services-boxes hide-caption is-layout-flex wp-container-core-columns-is-layout-9d6595d7 wp-block-columns-is-layout-flex\">\n<div class=\"wp-block-column active is-layout-flow wp-block-column-is-layout-flow\">\n<div class=\"wp-block-group mt-0 mb-0 media\"><div class=\"wp-block-group__inner-container is-layout-constrained wp-block-group-is-layout-constrained\">\n<figure class=\"wp-block-image size-full\"><img decoding=\"async\" width=\"1600\" height=\"1067\" src=\"https:\/\/translate.eventsinparis.com\/wp-content\/uploads\/2026\/03\/Public-Eiffel-view-location.jpeg\" alt=\"\" class=\"wp-image-7565\" srcset=\"https:\/\/translate.eventsinparis.com\/wp-content\/uploads\/2026\/03\/Public-Eiffel-view-location.jpeg 1600w, https:\/\/translate.eventsinparis.com\/wp-content\/uploads\/2026\/03\/Public-Eiffel-view-location-300x200.jpeg 300w, https:\/\/translate.eventsinparis.com\/wp-content\/uploads\/2026\/03\/Public-Eiffel-view-location-1024x683.jpeg 1024w, https:\/\/translate.eventsinparis.com\/wp-content\/uploads\/2026\/03\/Public-Eiffel-view-location-768x512.jpeg 768w, https:\/\/translate.eventsinparis.com\/wp-content\/uploads\/2026\/03\/Public-Eiffel-view-location-1536x1024.jpeg 1536w, https:\/\/translate.eventsinparis.com\/wp-content\/uploads\/2026\/03\/Public-Eiffel-view-location-1200x800.jpeg 1200w, https:\/\/translate.eventsinparis.com\/wp-content\/uploads\/2026\/03\/Public-Eiffel-view-location-1320x880.jpeg 1320w, https:\/\/translate.eventsinparis.com\/wp-content\/uploads\/2026\/03\/Public-Eiffel-view-location-600x400.jpeg 600w\" sizes=\"(max-width: 1600px) 100vw, 1600px\" \/><figcaption class=\"wp-element-caption\">Lustre de cristal elegante montado em Paris com 9 velas, perfeito para casamentos, jantares corporativos e decora\u00e7\u00e3o de eventos de luxo.<\/figcaption><\/figure>\n<\/div><\/div>\n\n\n\n<div class=\"wp-block-group mt-0 mb-0 caption is-vertical is-layout-flex wp-container-core-group-is-layout-8cf370e7 wp-block-group-is-layout-flex\">\n<h3 class=\"wp-block-heading\">Fot\u00f3grafos de propostas<\/h3>\n\n\n\n<p>Os melhores fot\u00f3grafos de pedidos de casamento em Paris - quem contratar, o que perguntar e o que esperar.<\/p>\n<\/div>\n\n\n\n<p class=\"has-link\"><a href=\"https:\/\/translate.eventsinparis.com\/pt\/pacotes-pedido-casamento\/\" data-type=\"link\" data-id=\"https:\/\/translate.eventsinparis.com\/paris-proposal-packages\/\">Leia mais<\/a><\/p>\n<\/div>\n\n\n\n<div class=\"wp-block-column active is-layout-flow wp-block-column-is-layout-flow\">\n<div class=\"wp-block-group mt-0 mb-0 media\"><div class=\"wp-block-group__inner-container is-layout-constrained wp-block-group-is-layout-constrained\">\n<figure class=\"wp-block-image size-full\"><img decoding=\"async\" width=\"1600\" height=\"1060\" src=\"https:\/\/translate.eventsinparis.com\/wp-content\/uploads\/2026\/05\/early-june-canal-saint-martin-paris-wine-bar.avif\" alt=\"Bar de vinhos naturais no in\u00edcio de junho, pr\u00f3ximo ao Canal Saint-Martin, em Paris, com cozinha aberta e convidados\" class=\"wp-image-9860\" srcset=\"https:\/\/translate.eventsinparis.com\/wp-content\/uploads\/2026\/05\/early-june-canal-saint-martin-paris-wine-bar.avif 1600w, https:\/\/translate.eventsinparis.com\/wp-content\/uploads\/2026\/05\/early-june-canal-saint-martin-paris-wine-bar-300x199.avif 300w, https:\/\/translate.eventsinparis.com\/wp-content\/uploads\/2026\/05\/early-june-canal-saint-martin-paris-wine-bar-1024x678.avif 1024w, https:\/\/translate.eventsinparis.com\/wp-content\/uploads\/2026\/05\/early-june-canal-saint-martin-paris-wine-bar-768x509.avif 768w, https:\/\/translate.eventsinparis.com\/wp-content\/uploads\/2026\/05\/early-june-canal-saint-martin-paris-wine-bar-1536x1018.avif 1536w, https:\/\/translate.eventsinparis.com\/wp-content\/uploads\/2026\/05\/early-june-canal-saint-martin-paris-wine-bar-1200x795.avif 1200w\" sizes=\"(max-width: 1600px) 100vw, 1600px\" \/><figcaption class=\"wp-element-caption\">In\u00edcio de junho, pr\u00f3ximo ao Canal Saint-Martin - um chef convidado diferente em rod\u00edzio, 24 lugares<\/figcaption><\/figure>\n<\/div><\/div>\n\n\n\n<div class=\"wp-block-group mt-0 mb-0 caption is-vertical is-layout-flex wp-container-core-group-is-layout-8cf370e7 wp-block-group-is-layout-flex\">\n<h3 class=\"wp-block-heading\">Restaurantes p\u00f3s-proposta<\/h3>\n\n\n\n<p>Onde comer depois de um pedido de casamento ou fuga em Paris - da Torre Eiffel aos bistr\u00f4s noturnos.<\/p>\n<\/div>\n\n\n\n<p class=\"has-link\"><a href=\"https:\/\/translate.eventsinparis.com\/pt\/guides\/best-restaurants-paris\/\" data-type=\"link\" data-id=\"https:\/\/translate.eventsinparis.com\/guides\/best-restaurants-paris\/\">Leia mais<\/a><\/p>\n<\/div>\n\n\n\n<div class=\"wp-block-column active is-layout-flow wp-block-column-is-layout-flow\">\n<div class=\"wp-block-group mt-0 mb-0 media\"><div class=\"wp-block-group__inner-container is-layout-constrained wp-block-group-is-layout-constrained\">\n<figure class=\"wp-block-image size-full\"><img decoding=\"async\" width=\"1080\" height=\"719\" src=\"https:\/\/translate.eventsinparis.com\/wp-content\/uploads\/2025\/11\/paris-yacht-live-musicians-violin-guitar-proposal-cruise.jpg\" alt=\"M\u00fasicos de violino e viol\u00e3o ao vivo se apresentam a bordo de um iate particular para propostas em Paris.\" class=\"wp-image-7006\" srcset=\"https:\/\/translate.eventsinparis.com\/wp-content\/uploads\/2025\/11\/paris-yacht-live-musicians-violin-guitar-proposal-cruise.jpg 1080w, https:\/\/translate.eventsinparis.com\/wp-content\/uploads\/2025\/11\/paris-yacht-live-musicians-violin-guitar-proposal-cruise-300x200.jpg 300w, https:\/\/translate.eventsinparis.com\/wp-content\/uploads\/2025\/11\/paris-yacht-live-musicians-violin-guitar-proposal-cruise-1024x682.jpg 1024w, https:\/\/translate.eventsinparis.com\/wp-content\/uploads\/2025\/11\/paris-yacht-live-musicians-violin-guitar-proposal-cruise-768x511.jpg 768w, https:\/\/translate.eventsinparis.com\/wp-content\/uploads\/2025\/11\/paris-yacht-live-musicians-violin-guitar-proposal-cruise-600x399.jpg 600w\" sizes=\"(max-width: 1080px) 100vw, 1080px\" \/><figcaption class=\"wp-element-caption\">Duo de violino e viol\u00e3o ao vivo durante um pedido de casamento privado no Rio Sena.<br><\/figcaption><\/figure>\n<\/div><\/div>\n\n\n\n<div class=\"wp-block-group mt-0 mb-0 caption is-vertical is-layout-flex wp-container-core-group-is-layout-8cf370e7 wp-block-group-is-layout-flex\">\n<h3 class=\"wp-block-heading\">M\u00fasicos ao vivo<\/h3>\n\n\n\n<p>Violinistas, saxofonistas e duplas para pedidos de casamento, fugas e celebra\u00e7\u00f5es em Paris.<\/p>\n<\/div>\n\n\n\n<p class=\"has-link\"><a href=\"https:\/\/translate.eventsinparis.com\/pt\/guides\/best-live-musicians-paris\/\" data-type=\"link\" data-id=\"https:\/\/translate.eventsinparis.com\/guides\/best-live-musicians-paris\/\">Leia mais<\/a><\/p>\n<\/div>\n\n\n\n<div class=\"wp-block-column active is-layout-flow wp-block-column-is-layout-flow\">\n<div class=\"wp-block-group mt-0 mb-0 media\"><div class=\"wp-block-group__inner-container is-layout-constrained wp-block-group-is-layout-constrained\">\n<figure class=\"wp-block-image size-full\"><img decoding=\"async\" width=\"2000\" height=\"1333\" src=\"https:\/\/translate.eventsinparis.com\/wp-content\/uploads\/2025\/04\/romantic-couple-eiffel-tower-yacht-proposal-paris.jpg\" alt=\"Casal sorridente se abra\u00e7ando em um iate particular \u00e0 noite em Paris, com a cintilante Torre Eiffel ao fundo durante seu rom\u00e2ntico cruzeiro pelo Rio Sena.\" class=\"wp-image-5531\" srcset=\"https:\/\/translate.eventsinparis.com\/wp-content\/uploads\/2025\/04\/romantic-couple-eiffel-tower-yacht-proposal-paris.jpg 2000w, https:\/\/translate.eventsinparis.com\/wp-content\/uploads\/2025\/04\/romantic-couple-eiffel-tower-yacht-proposal-paris-600x400.jpg 600w, https:\/\/translate.eventsinparis.com\/wp-content\/uploads\/2025\/04\/romantic-couple-eiffel-tower-yacht-proposal-paris-300x200.jpg 300w, https:\/\/translate.eventsinparis.com\/wp-content\/uploads\/2025\/04\/romantic-couple-eiffel-tower-yacht-proposal-paris-1024x682.jpg 1024w, https:\/\/translate.eventsinparis.com\/wp-content\/uploads\/2025\/04\/romantic-couple-eiffel-tower-yacht-proposal-paris-768x512.jpg 768w, https:\/\/translate.eventsinparis.com\/wp-content\/uploads\/2025\/04\/romantic-couple-eiffel-tower-yacht-proposal-paris-1536x1024.jpg 1536w, https:\/\/translate.eventsinparis.com\/wp-content\/uploads\/2025\/04\/romantic-couple-eiffel-tower-yacht-proposal-paris-1200x800.jpg 1200w, https:\/\/translate.eventsinparis.com\/wp-content\/uploads\/2025\/04\/romantic-couple-eiffel-tower-yacht-proposal-paris-1980x1320.jpg 1980w\" sizes=\"(max-width: 2000px) 100vw, 2000px\" \/><figcaption class=\"wp-element-caption\">Esta foto captura um casal alegre em um cruzeiro em um iate particular \u00e0 noite em Paris, de p\u00e9 e pr\u00f3ximo, enquanto a Torre Eiffel brilha ao fundo. Perfeita para pedidos de casamento, noivados ou comemora\u00e7\u00f5es de anivers\u00e1rio, a imagem reflete a emo\u00e7\u00e3o, a intimidade e a eleg\u00e2ncia de uma experi\u00eancia de luxo no Rio Sena. A ilumina\u00e7\u00e3o suave, os sorrisos e o ic\u00f4nico pano de fundo fazem deste o visual ideal para apresentar cruzeiros rom\u00e2nticos em Paris ou pacotes personalizados de pedidos de casamento na Cidade do Amor.<\/figcaption><\/figure>\n<\/div><\/div>\n\n\n\n<div class=\"wp-block-group mt-0 mb-0 caption is-vertical is-layout-flex wp-container-core-group-is-layout-8cf370e7 wp-block-group-is-layout-flex\">\n<h3 class=\"wp-block-heading\">Cabelo e maquiagem<\/h3>\n\n\n\n<p>Artistas de cabelo e maquiagem em Paris para fugas, pedidos de casamento e comemora\u00e7\u00f5es.<\/p>\n<\/div>\n\n\n\n<p class=\"has-link\"><a href=\"https:\/\/translate.eventsinparis.com\/pt\/guides\/best-hair-makeup-artists-paris\/\" data-type=\"link\" data-id=\"https:\/\/translate.eventsinparis.com\/guides\/best-hair-makeup-artists-paris\/\">Leia mais<\/a><\/p>\n<\/div>\n<\/div>\n<\/div><\/section>\n\n\n\n<section class=\"wp-block-group alignfull mt-0 mb-0 sec full-width sec-services has-primary-color has-background-background-color has-text-color has-background has-link-color wp-elements-55f6ee39be31026da4e244b0f037a3d3\" id=\"other-guides\"><div class=\"wp-block-group__inner-container is-layout-constrained wp-block-group-is-layout-constrained\">\n<h2 class=\"wp-block-heading sec-header mb-10 ml-0\">Tamb\u00e9m \u00e9 \u00fatil no planejamento<\/h2>\n\n\n\n<div class=\"wp-block-columns alignfull services-boxes hide-caption is-layout-flex wp-container-core-columns-is-layout-9d6595d7 wp-block-columns-is-layout-flex\">\n<div class=\"wp-block-column active is-layout-flow wp-block-column-is-layout-flow\">\n<div class=\"wp-block-group mt-0 mb-0 media\"><div class=\"wp-block-group__inner-container is-layout-constrained wp-block-group-is-layout-constrained\">\n<figure class=\"wp-block-image size-full\"><img decoding=\"async\" width=\"1600\" height=\"1067\" src=\"https:\/\/translate.eventsinparis.com\/wp-content\/uploads\/2026\/03\/Public-Eiffel-view-location.jpeg\" alt=\"\" class=\"wp-image-7565\" srcset=\"https:\/\/translate.eventsinparis.com\/wp-content\/uploads\/2026\/03\/Public-Eiffel-view-location.jpeg 1600w, https:\/\/translate.eventsinparis.com\/wp-content\/uploads\/2026\/03\/Public-Eiffel-view-location-300x200.jpeg 300w, https:\/\/translate.eventsinparis.com\/wp-content\/uploads\/2026\/03\/Public-Eiffel-view-location-1024x683.jpeg 1024w, https:\/\/translate.eventsinparis.com\/wp-content\/uploads\/2026\/03\/Public-Eiffel-view-location-768x512.jpeg 768w, https:\/\/translate.eventsinparis.com\/wp-content\/uploads\/2026\/03\/Public-Eiffel-view-location-1536x1024.jpeg 1536w, https:\/\/translate.eventsinparis.com\/wp-content\/uploads\/2026\/03\/Public-Eiffel-view-location-1200x800.jpeg 1200w, https:\/\/translate.eventsinparis.com\/wp-content\/uploads\/2026\/03\/Public-Eiffel-view-location-1320x880.jpeg 1320w, https:\/\/translate.eventsinparis.com\/wp-content\/uploads\/2026\/03\/Public-Eiffel-view-location-600x400.jpeg 600w\" sizes=\"(max-width: 1600px) 100vw, 1600px\" \/><figcaption class=\"wp-element-caption\">Lustre de cristal elegante montado em Paris com 9 velas, perfeito para casamentos, jantares corporativos e decora\u00e7\u00e3o de eventos de luxo.<\/figcaption><\/figure>\n<\/div><\/div>\n\n\n\n<div class=\"wp-block-group mt-0 mb-0 caption is-vertical is-layout-flex wp-container-core-group-is-layout-8cf370e7 wp-block-group-is-layout-flex\">\n<h3 class=\"wp-block-heading\">Quanto custa uma proposta para Paris?<\/h3>\n\n\n\n<p>Detalhamento completo de pre\u00e7os por tipo de configura\u00e7\u00e3o, com complementos e totais de amostra.<\/p>\n<\/div>\n\n\n\n<p class=\"has-link\"><a href=\"https:\/\/translate.eventsinparis.com\/pt\/paris-proposal-cost\/\" data-type=\"link\" data-id=\"https:\/\/translate.eventsinparis.com\/paris-proposal-cost\/\">Leia mais<\/a><\/p>\n<\/div>\n\n\n\n<div class=\"wp-block-column active is-layout-flow wp-block-column-is-layout-flow\">\n<div class=\"wp-block-group mt-0 mb-0 media\"><div class=\"wp-block-group__inner-container is-layout-constrained wp-block-group-is-layout-constrained\">\n<figure class=\"wp-block-image size-full\"><img decoding=\"async\" width=\"1600\" height=\"1060\" src=\"https:\/\/translate.eventsinparis.com\/wp-content\/uploads\/2026\/05\/early-june-canal-saint-martin-paris-wine-bar.avif\" alt=\"Bar de vinhos naturais no in\u00edcio de junho, pr\u00f3ximo ao Canal Saint-Martin, em Paris, com cozinha aberta e convidados\" class=\"wp-image-9860\" srcset=\"https:\/\/translate.eventsinparis.com\/wp-content\/uploads\/2026\/05\/early-june-canal-saint-martin-paris-wine-bar.avif 1600w, https:\/\/translate.eventsinparis.com\/wp-content\/uploads\/2026\/05\/early-june-canal-saint-martin-paris-wine-bar-300x199.avif 300w, https:\/\/translate.eventsinparis.com\/wp-content\/uploads\/2026\/05\/early-june-canal-saint-martin-paris-wine-bar-1024x678.avif 1024w, https:\/\/translate.eventsinparis.com\/wp-content\/uploads\/2026\/05\/early-june-canal-saint-martin-paris-wine-bar-768x509.avif 768w, https:\/\/translate.eventsinparis.com\/wp-content\/uploads\/2026\/05\/early-june-canal-saint-martin-paris-wine-bar-1536x1018.avif 1536w, https:\/\/translate.eventsinparis.com\/wp-content\/uploads\/2026\/05\/early-june-canal-saint-martin-paris-wine-bar-1200x795.avif 1200w\" sizes=\"(max-width: 1600px) 100vw, 1600px\" \/><figcaption class=\"wp-element-caption\">In\u00edcio de junho, pr\u00f3ximo ao Canal Saint-Martin - um chef convidado diferente em rod\u00edzio, 24 lugares<\/figcaption><\/figure>\n<\/div><\/div>\n\n\n\n<div class=\"wp-block-group mt-0 mb-0 caption is-vertical is-layout-flex wp-container-core-group-is-layout-8cf370e7 wp-block-group-is-layout-flex\">\n<h3 class=\"wp-block-heading\">Ideias para um pedido de casamento em Paris<\/h3>\n\n\n\n<p>Como escolher entre um telhado, um barco, um local p\u00fablico ou um piquenique.<\/p>\n<\/div>\n\n\n\n<p class=\"has-link\"><a href=\"https:\/\/translate.eventsinparis.com\/pt\/paris-proposal-ideas\/\" data-type=\"link\" data-id=\"https:\/\/translate.eventsinparis.com\/paris-proposal-ideas\/\">Leia mais<\/a><\/p>\n<\/div>\n<\/div>\n<\/div><\/section>\n\n\n\n<section class=\"wp-block-cover alignfull mt-0 mb-0 sec sec-cta bg-fixed z-index-9\" style=\"min-height:800px;aspect-ratio:unset;\" id=\"cta\"><span aria-hidden=\"true\" class=\"wp-block-cover__background has-primary-background-color has-background-dim-100 has-background-dim\"><\/span><div class=\"wp-block-cover__inner-container is-layout-flow wp-block-cover-is-layout-flow\">\n<h2 class=\"wp-block-heading has-text-align-center  heading-size-2 mb-40\">Tem uma data em mente?<\/h2>\n\n\n\n<p class=\"has-text-align-center container-xs\">Informe-nos sua data e o que est\u00e1 pensando - retornaremos com pre\u00e7os e disponibilidade rapidamente.<\/p>\n\n\n\n<div class=\"wp-block-buttons is-content-justification-center is-layout-flex wp-container-core-buttons-is-layout-16018d1d wp-block-buttons-is-layout-flex\">\n<div class=\"wp-block-button\"><a class=\"wp-block-button__link has-primary-color has-text-color has-background has-link-color wp-element-button\" href=\"https:\/\/api.whatsapp.com\/send?phone=33650354083\" style=\"background-color:#f0ff3d\" target=\"_blank\" rel=\"noreferrer noopener\">WhatsApp<\/a><\/div>\n\n\n\n<div class=\"wp-block-button cta\"><a class=\"wp-block-button__link wp-element-button\" href=\"https:\/\/translate.eventsinparis.com\/pt\/contact\/\">Use o formul\u00e1rio de contato<\/a><\/div>\n<\/div>\n<\/div><\/section>","protected":false},"excerpt":{"rendered":"<p>Planning Resources for Your Trip to Paris Vetted recommendations from the team that runs proposals and elopements in Paris \u2014 photographers, restaurants, musicians, and more. Guides Proposal Photographers Best proposal photographers in Paris \u2014 who to book, what to ask, and what to expect. Read More Post-Proposal Restaurants Where to eat after a Paris proposal [&hellip;]<\/p>\n","protected":false},"author":8,"featured_media":0,"parent":0,"menu_order":0,"comment_status":"closed","ping_status":"closed","template":"","meta":{"_acf_changed":false,"inline_featured_image":false,"footnotes":""},"class_list":["post-8329","page","type-page","status-publish","hentry"],"acf":[],"_links":{"self":[{"href":"https:\/\/translate.eventsinparis.com\/pt\/wp-json\/wp\/v2\/pages\/8329","targetHints":{"allow":["GET"]}}],"collection":[{"href":"https:\/\/translate.eventsinparis.com\/pt\/wp-json\/wp\/v2\/pages"}],"about":[{"href":"https:\/\/translate.eventsinparis.com\/pt\/wp-json\/wp\/v2\/types\/page"}],"author":[{"embeddable":true,"href":"https:\/\/translate.eventsinparis.com\/pt\/wp-json\/wp\/v2\/users\/8"}],"replies":[{"embeddable":true,"href":"https:\/\/translate.eventsinparis.com\/pt\/wp-json\/wp\/v2\/comments?post=8329"}],"version-history":[{"count":2,"href":"https:\/\/translate.eventsinparis.com\/pt\/wp-json\/wp\/v2\/pages\/8329\/revisions"}],"predecessor-version":[{"id":9863,"href":"https:\/\/translate.eventsinparis.com\/pt\/wp-json\/wp\/v2\/pages\/8329\/revisions\/9863"}],"wp:attachment":[{"href":"https:\/\/translate.eventsinparis.com\/pt\/wp-json\/wp\/v2\/media?parent=8329"}],"curies":[{"name":"wp","href":"https:\/\/api.w.org\/{rel}","templated":true}]}}