{"id":6287,"date":"2026-03-12T08:54:00","date_gmt":"2026-03-12T08:54:00","guid":{"rendered":"https:\/\/eventsinparis.com\/?page_id=6287"},"modified":"2026-04-21T15:34:12","modified_gmt":"2026-04-21T14:34:12","slug":"contact","status":"publish","type":"page","link":"https:\/\/translate.eventsinparis.com\/pt\/contact\/","title":{"rendered":"Contato"},"content":{"rendered":"<header class=\"wp-block-group alignfull mt-0 mb-0 pt-0 pb-0 section-header-outer full-width pl-0 pr-0 has-background-color has-primary-background-color has-text-color has-background has-link-color wp-elements-d3e36631f589a070667ae7f2c0474f89\" id=\"hero\"><div class=\"wp-block-group__inner-container is-layout-constrained wp-block-group-is-layout-constrained\">\n<div class=\"wp-block-group alignfull mt-0 mb-0 sec section-header full-width\"><div class=\"wp-block-group__inner-container is-layout-constrained wp-block-group-is-layout-constrained\">\n<h1 class=\"wp-block-heading has-text-align-left ml-0 mb-20\" style=\"text-transform:uppercase\">Contato Eventos em Paris<\/h1>\n\n\n\n<div class=\"wp-block-buttons ml-0 pb-0 is-layout-flex wp-block-buttons-is-layout-flex\">\n<div class=\"wp-block-button\"><a class=\"wp-block-button__link has-primary-color has-text-color has-background has-link-color wp-element-button\" href=\"https:\/\/api.whatsapp.com\/send?phone=33650354083\" style=\"background-color:#f0ff3d\" target=\"_blank\" rel=\"noreferrer noopener\">Bate-papo no WhatsApp<\/a><\/div>\n<\/div>\n<\/div><\/div>\n<\/div><\/header>\n\n\n\n<div class=\"wp-block-group alignfull mt-0 mb-0 sec v2 z-index-9 has-background\" style=\"background-color:#ffffff\"><div class=\"wp-block-group__inner-container is-layout-constrained wp-block-group-is-layout-constrained\">\n<div class=\"wp-block-columns mt-0 mb-30 is-layout-flex wp-container-core-columns-is-layout-9d6595d7 wp-block-columns-is-layout-flex\">\n<div class=\"wp-block-column card is-layout-flow wp-block-column-is-layout-flow\">\n<div class=\"wp-block-group mt-0 mb-10 is-nowrap is-layout-flex wp-container-core-group-is-layout-ad2f72ca wp-block-group-is-layout-flex\">\n<div class=\"wp-block-outermost-icon-block\"><div class=\"icon-container\" style=\"width:24px;transform:rotate(0deg) scaleX(1) scaleY(1)\"><svg width=\"18\" height=\"18\" viewbox=\"0 0 24 24\" fill=\"#25D366\"><path d=\"M17.472 14.382c-.297-.149-1.758-.867-2.03-.967-.273-.099-.471-.148-.67.15-.197.297-.767.966-.94 1.164-.173.199-.347.223-.644.075-.297-.15-1.255-.463-2.39-1.475-.883-.788-1.48-1.761-1.653-2.059-.173-.297-.018-.458.13-.606.134-.133.298-.347.446-.52.149-.174.198-.298.298-.497.099-.198.05-.371-.025-.52-.075-.149-.669-1.612-.916-2.207-.242-.579-.487-.5-.669-.51-.173-.008-.371-.01-.57-.01-.198 0-.52.074-.792.372-.272.297-1.04 1.016-1.04 2.479 0 1.462 1.065 2.875 1.213 3.074.149.198 2.096 3.2 5.077 4.487.709.306 1.262.489 1.694.625.712.227 1.36.195 1.871.118.571-.085 1.758-.719 2.006-1.413.248-.694.248-1.289.173-1.413-.074-.124-.272-.198-.57-.347z\"><\/path><\/svg><\/div><\/div>\n\n\n\n<h3 class=\"wp-block-heading mt-0 mb-0 has-small-font-size\">WhatsApp<\/h3>\n<\/div>\n\n\n\n<p>Informe-nos sua data e o que est\u00e1 pensando - enviaremos os pre\u00e7os e a disponibilidade.<\/p>\n\n\n\n<p><a href=\"https:\/\/api.whatsapp.com\/send?phone=33650354083\" target=\"_blank\" data-type=\"link\" data-id=\"https:\/\/api.whatsapp.com\/send?phone=33650354083\" rel=\"noreferrer noopener\">+33 6 50 35 40 83<\/a><\/p>\n<\/div>\n\n\n\n<div class=\"wp-block-column card is-layout-flow wp-block-column-is-layout-flow\">\n<div class=\"wp-block-group mt-0 mb-10 is-nowrap is-layout-flex wp-container-core-group-is-layout-ad2f72ca wp-block-group-is-layout-flex\">\n<h3 class=\"wp-block-heading mt-0 mb-0 has-small-font-size\">E-mail<\/h3>\n<\/div>\n\n\n\n<p>Envie-nos sua data e o que est\u00e1 planejando.<\/p>\n\n\n\n<p><a href=\"mailto:contact@eventsinparis.com?subject=Inquiry%20%E2%80%94%20Events%20in%20Paris\" data-type=\"mailto\" data-id=\"mailto:contact@eventsinparis.com?subject=Inquiry%20%E2%80%94%20Events%20in%20Paris\">contact@eventsinparis.com<\/a><\/p>\n<\/div>\n<\/div>\n\n\n\n<div class=\"wp-block-columns mt-0 mb-30 is-layout-flex wp-container-core-columns-is-layout-9d6595d7 wp-block-columns-is-layout-flex\">\n<div class=\"wp-block-column card is-layout-flow wp-block-column-is-layout-flow\">\n<div class=\"wp-block-group mt-0 mb-10 is-nowrap is-layout-flex wp-container-core-group-is-layout-ad2f72ca wp-block-group-is-layout-flex\">\n<h3 class=\"wp-block-heading mt-0 mb-0 has-small-font-size\">J\u00e1 fez a reserva e precisa de ajuda urgente hoje?<\/h3>\n<\/div>\n\n\n\n<p>Entre em contato conosco diretamente para saber sobre mudan\u00e7as de hor\u00e1rio, atrasos de fornecedores ou qualquer coisa no dia.<\/p>\n\n\n\n<p><a href=\"tel:+33650354083\" data-type=\"tel\" data-id=\"tel:+33650354083\">Linha direta de emerg\u00eancia<\/a><\/p>\n<\/div>\n<\/div>\n\n\n\n<div class=\"wp-block-columns mt-0 is-layout-flex wp-container-core-columns-is-layout-9d6595d7 wp-block-columns-is-layout-flex\">\n<div class=\"wp-block-column card is-layout-flow wp-block-column-is-layout-flow\">\n<div class=\"wp-block-group mt-0 mb-10 is-nowrap is-layout-flex wp-container-core-group-is-layout-ad2f72ca wp-block-group-is-layout-flex\">\n<h3 class=\"wp-block-heading mt-0 mb-0 has-small-font-size\">Para obter pre\u00e7os rapidamente, inclua:<\/h3>\n<\/div>\n\n\n\n<ul class=\"wp-block-list\">\n<li>Seu encontro em Paris<\/li>\n\n\n\n<li>A configura\u00e7\u00e3o que voc\u00ea deseja<\/li>\n\n\n\n<li>Seu or\u00e7amento ou pacote preferido<\/li>\n<\/ul>\n\n\n\n<div class=\"wp-block-buttons ml-0 pb-20 is-layout-flex wp-block-buttons-is-layout-flex\">\n<div class=\"wp-block-button has-custom-width wp-block-button__width-100\"><a class=\"wp-block-button__link has-primary-color has-text-color has-background has-link-color wp-element-button\" href=\"https:\/\/api.whatsapp.com\/send?phone=33650354083\" style=\"background-color:#f0ff3d\" target=\"_blank\" rel=\"noreferrer noopener\">Bate-papo no WhatsApp<\/a><\/div>\n<\/div>\n<\/div>\n<\/div>\n\n\n\n<p><em>Prefere o e-mail? Use este formul\u00e1rio.<\/em><\/p>\n\n\n\n<div class=\"wp-block-contact-form-7-contact-form-selector\">\n<div class=\"wpcf7 no-js\" id=\"wpcf7-f520-o1\" lang=\"en-US\" dir=\"ltr\" data-wpcf7-id=\"520\">\n<div class=\"screen-reader-response\"><p role=\"status\" aria-live=\"polite\" aria-atomic=\"true\"><\/p> <ul><\/ul><\/div>\n<form action=\"\/pt\/wp-json\/wp\/v2\/pages\/6287#wpcf7-f520-o1\" method=\"post\" class=\"wpcf7-form init\" aria-label=\"Contact form\" novalidate=\"novalidate\" data-status=\"init\" data-trp-original-action=\"\/pt\/wp-json\/wp\/v2\/pages\/6287#wpcf7-f520-o1\">\n<fieldset class=\"hidden-fields-container\"><input type=\"hidden\" name=\"_wpcf7\" value=\"520\" \/><input type=\"hidden\" name=\"_wpcf7_version\" value=\"6.1.5\" \/><input type=\"hidden\" name=\"_wpcf7_locale\" value=\"en_US\" \/><input type=\"hidden\" name=\"_wpcf7_unit_tag\" value=\"wpcf7-f520-o1\" \/><input type=\"hidden\" name=\"_wpcf7_container_post\" value=\"0\" \/><input type=\"hidden\" name=\"_wpcf7_posted_data_hash\" value=\"\" \/>\n<\/fieldset>\n<div class=\"row\">\n\t<p class=\"col col50 full\"><label><span class=\"wpcf7-form-control-wrap\" data-name=\"your-name\"><input size=\"40\" maxlength=\"400\" class=\"wpcf7-form-control wpcf7-text wpcf7-validates-as-required\" autocomplete=\"name\" aria-required=\"true\" aria-invalid=\"false\" placeholder=\"Primeiro nome*\" value=\"\" type=\"text\" name=\"your-name\" \/><\/span> <\/label>\n\t<\/p>\n\t<p class=\"col col50 full\"><label><span class=\"wpcf7-form-control-wrap\" data-name=\"your-name-last\"><input size=\"40\" maxlength=\"400\" class=\"wpcf7-form-control wpcf7-text wpcf7-validates-as-required\" autocomplete=\"name\" aria-required=\"true\" aria-invalid=\"false\" placeholder=\"Sobrenome*\" value=\"\" type=\"text\" name=\"your-name-last\" \/><\/span> <\/label>\n\t<\/p>\n<\/div>\n<div class=\"row\">\n\t<p class=\"col col50 full\"><label><span class=\"wpcf7-form-control-wrap\" data-name=\"your-email\"><input size=\"40\" maxlength=\"400\" class=\"wpcf7-form-control wpcf7-email wpcf7-validates-as-required wpcf7-text wpcf7-validates-as-email\" autocomplete=\"email\" aria-required=\"true\" aria-invalid=\"false\" placeholder=\"E-mail*\" value=\"\" type=\"email\" name=\"your-email\" \/><\/span> <\/label>\n\t<\/p>\n\t<p class=\"col col50 full\"><label><span class=\"wpcf7-form-control-wrap\" data-name=\"your-phone\"><input size=\"40\" maxlength=\"400\" class=\"wpcf7-form-control wpcf7-tel wpcf7-text wpcf7-validates-as-tel\" autocomplete=\"phone\" aria-invalid=\"false\" placeholder=\"Telefone\" value=\"\" type=\"tel\" name=\"your-phone\" \/><\/span> <\/label>\n\t<\/p>\n<\/div>\n<div class=\"row\">\n\t<p class=\"col col50 full\"><label><span class=\"wpcf7-form-control-wrap\" data-name=\"your-date\"><input size=\"40\" maxlength=\"400\" class=\"wpcf7-form-control wpcf7-text\" autocomplete=\"email\" aria-invalid=\"false\" placeholder=\"Data\" value=\"\" type=\"text\" name=\"your-date\" \/><\/span> <\/label>\n\t<\/p>\n\t<p class=\"col col50 full\"><label><span class=\"wpcf7-form-control-wrap\" data-name=\"your-inquiry-type\"><select class=\"wpcf7-form-control wpcf7-select\" aria-invalid=\"false\" name=\"your-inquiry-type\"><option value=\"Inquiry type\">Tipo de consulta<\/option><option value=\"Proposal\">Proposta<\/option><option value=\"Elopement\">Elopement<\/option><option value=\"Hotel Room D\u00e9cor\">Decora\u00e7\u00e3o de quartos de hotel<\/option><option value=\"Picnic\">Piquenique<\/option><option value=\"D\u00e9cor Rental \/ Trade\">Aluguel \/ com\u00e9rcio de decora\u00e7\u00e3o<\/option><option value=\"Press\">Imprensa<\/option><option value=\"Other\">Outros<\/option><\/select><\/span><\/label>\n\t<\/p>\n<\/div>\n<p class=\"full pt-30\"><label for=\"your-message\">Conte-nos mais sobre seu evento.<\/label><span class=\"wpcf7-form-control-wrap\" data-name=\"your-message\"><textarea cols=\"40\" rows=\"10\" maxlength=\"2000\" class=\"wpcf7-form-control wpcf7-textarea\" id=\"your-message\" aria-invalid=\"false\" name=\"your-message\"><\/textarea><\/span>\n<\/p>\n<p><div class=\"cf7-cf-turnstile\" style=\"margin-top: 0px; margin-bottom: -15px;\"> <div id=\"cf-turnstile-cf7-1127350881\" class=\"cf-turnstile\" data-sitekey=\"0x4AAAAAABAU3mXJZa-u9bqk\" data-theme=\"light\" data-language=\"auto\" data-size=\"normal\" data-retry=\"auto\" data-retry-interval=\"1000\" data-refresh-expired=\"auto\" data-refresh-timeout=\"auto\" data-action=\"contact-form-7\" data-callback=\"turnstileCF7Callback\" data-appearance=\"always\"><\/div> <script>document.addEventListener(\"DOMContentLoaded\", function() { setTimeout(function(){ var e=document.getElementById(\"cf-turnstile-cf7-1127350881\"); if(e&&!e.innerHTML.trim()){turnstile.render(e, {sitekey:\"0x4AAAAAABAU3mXJZa-u9bqk\"});} }, 200); });<\/script> <br class=\"cf-turnstile-br cf-turnstile-br-cf7-1127350881\"> <style>#cf-turnstile-cf7-1127350881 { margin-left: -15px; }<\/style> <script>document.addEventListener(\"DOMContentLoaded\",function(){document.querySelectorAll('.wpcf7-form').forEach(function(e){e.addEventListener('submit',function(){if(document.getElementById('cf-turnstile-cf7-1127350881')){setTimeout(function(){turnstile.reset('#cf-turnstile-cf7-1127350881');},1000)}})})});<\/script> <\/div>\n<\/p>\n<p class=\"text-center pt-0\"><input class=\"wpcf7-form-control wpcf7-submit has-spinner wp-block-button__link\" type=\"submit\" value=\"Entre em contato\" \/>\n<\/p><div class=\"wpcf7-response-output\" aria-hidden=\"true\"><\/div>\n<input type=\"hidden\" name=\"trp-form-language\" value=\"pt\"\/><\/form>\n<\/div>\n<\/div>\n\n\n\n<p class=\"has-small-font-size\">Usamos seus dados apenas para responder \u00e0 sua mensagem. Veja nossa&nbsp;<a href=\"https:\/\/translate.eventsinparis.com\/pt\/privacy-policy\/\" data-type=\"page\" data-id=\"7655\">Pol\u00edtica de privacidade<\/a>.<\/p>\n\n\n\n<p class=\"has-small-font-size\">As informa\u00e7\u00f5es coletadas servem apenas para responder \u00e0 sua solicita\u00e7\u00e3o. Consulte nosso&nbsp;<a href=\"https:\/\/translate.eventsinparis.com\/pt\/privacy-policy\/\" data-type=\"page\" data-id=\"7655\">Pol\u00edtica de confidencialidade<\/a>.<\/p>\n\n\n\n<hr class=\"wp-block-separator has-alpha-channel-opacity\"\/>\n\n\n\n<p><strong>Planejadores, hot\u00e9is e fot\u00f3grafos<\/strong><\/p>\n\n\n\n<p>Para aluguel de decora\u00e7\u00e3o, design floral e suporte na montagem, envie-nos um e-mail com a data, o local e o que voc\u00ea precisa.<\/p>\n\n\n\n<div class=\"wp-block-buttons is-layout-flex wp-block-buttons-is-layout-flex\">\n<div class=\"wp-block-button has-custom-width wp-block-button__width-100\"><a class=\"wp-block-button__link wp-element-button\" href=\"mailto:contact@eventsinparis.com\">Solicitar servi\u00e7os de fornecedores e cat\u00e1logo de aluguel<\/a><\/div>\n<\/div>\n<\/div><\/div>\n\n\n\n<section class=\"wp-block-group alignfull mt-0 mb-0 sec sec-faq full-width has-background-color has-primary-background-color has-text-color has-background has-link-color wp-elements-18cc14a3d785559ca1f015b0509d2d85\" id=\"faq\"><div class=\"wp-block-group__inner-container is-layout-constrained wp-block-group-is-layout-constrained\">\n<h2 class=\"wp-block-heading  mb-10\">PERGUNTAS FREQUENTES<\/h2>\n\n\n<div id=\"rank-math-faq\" class=\"rank-math-block\">\n<div class=\"rank-math-list\">\n<div id=\"faq-question-1774352837439\" class=\"rank-math-list-item\">\n<h3 class=\"rank-math-question\">Com que rapidez voc\u00ea responde?<\/h3>\n<div class=\"rank-math-answer\">\n\n<p>Respondemos todos os dias, inclusive nos finais de semana e feriados. Nunca mais do que 8 horas.<\/p>\n\n<\/div>\n<\/div>\n<div id=\"faq-question-1774357010390\" class=\"rank-math-list-item\">\n<h3 class=\"rank-math-question\">Eu n\u00e3o uso o WhatsApp. Como posso entrar em contato com voc\u00eas?<\/h3>\n<div class=\"rank-math-answer\">\n\n<p>E-mail <a href=\"mailto:contact@eventsinparis.com\">contact@eventsinparis.com<\/a> com suas datas e o que est\u00e1 planejando.<\/p>\n\n<\/div>\n<\/div>\n<div id=\"faq-question-1774357021094\" class=\"rank-math-list-item\">\n<h3 class=\"rank-math-question\">Sou um planejador ou um hotel. Como podemos trabalhar juntos?<\/h3>\n<div class=\"rank-math-answer\">\n\n<p><a href=\"mailto:contact@eventsinparis.com\" data-type=\"mailto\" data-id=\"mailto:contact@eventsinparis.com\">E-mail<\/a> com sua fun\u00e7\u00e3o, local e data do evento. Ou visite nossa p\u00e1gina de servi\u00e7os de fornecedores.<\/p>\n\n<\/div>\n<\/div>\n<\/div>\n<\/div><\/div><\/section>","protected":false},"excerpt":{"rendered":"<p>Contact Events in Paris WhatsApp Tell us your date and what you&#8217;re thinking \u2014 we&#8217;ll send pricing and availability. +33 6 50 35 40 83 Email Send us your date and what you&#8217;re planning. contact@eventsinparis.com Already booked and need urgent help today? Call us directly for timing changes, vendor delays, or anything day-of. Emergency Hotline [&hellip;]<\/p>\n","protected":false},"author":8,"featured_media":0,"parent":0,"menu_order":0,"comment_status":"closed","ping_status":"closed","template":"","meta":{"_acf_changed":false,"inline_featured_image":false,"footnotes":""},"class_list":["post-6287","page","type-page","status-publish","hentry"],"acf":[],"_links":{"self":[{"href":"https:\/\/translate.eventsinparis.com\/pt\/wp-json\/wp\/v2\/pages\/6287","targetHints":{"allow":["GET"]}}],"collection":[{"href":"https:\/\/translate.eventsinparis.com\/pt\/wp-json\/wp\/v2\/pages"}],"about":[{"href":"https:\/\/translate.eventsinparis.com\/pt\/wp-json\/wp\/v2\/types\/page"}],"author":[{"embeddable":true,"href":"https:\/\/translate.eventsinparis.com\/pt\/wp-json\/wp\/v2\/users\/8"}],"replies":[{"embeddable":true,"href":"https:\/\/translate.eventsinparis.com\/pt\/wp-json\/wp\/v2\/comments?post=6287"}],"version-history":[{"count":0,"href":"https:\/\/translate.eventsinparis.com\/pt\/wp-json\/wp\/v2\/pages\/6287\/revisions"}],"wp:attachment":[{"href":"https:\/\/translate.eventsinparis.com\/pt\/wp-json\/wp\/v2\/media?parent=6287"}],"curies":[{"name":"wp","href":"https:\/\/api.w.org\/{rel}","templated":true}]}}