{"id":17,"date":"2026-03-13T11:01:00","date_gmt":"2026-03-13T11:01:00","guid":{"rendered":"https:\/\/eventsinparis.com\/?page_id=17"},"modified":"2026-03-30T11:43:20","modified_gmt":"2026-03-30T10:43:20","slug":"about","status":"publish","type":"page","link":"https:\/\/translate.eventsinparis.com\/pt\/about\/","title":{"rendered":"Sobre"},"content":{"rendered":"<div class=\"wp-block-group alignfull mt-0 mb-0 section-header-outer full-width pl-0 pr-0 has-background-background-color has-background\"><div class=\"wp-block-group__inner-container is-layout-constrained wp-block-group-is-layout-constrained\">\n<div class=\"wp-block-group alignfull mt-0 mb-0 sec section-header full-width\"><div class=\"wp-block-group__inner-container is-layout-constrained wp-block-group-is-layout-constrained\">\n<h1 class=\"wp-block-heading alignwide has-text-align-left ml-0 mb-10 fadeInDown has-primary-color has-text-color has-link-color wp-elements-ca0cbad65111ef8c1c6ed06142db2958\" style=\"text-transform:uppercase\">Sobre os eventos em Paris<\/h1>\n\n\n\n<p class=\"has-text-align-left ml-0 mt-0 mb-5 fadeInDown has-primary-color has-text-color has-link-color has-normal-font-size wp-elements-aed5f597439bbf82bf1c4c05acc8003d\">Pacotes de pedido de casamento e elopement em Paris para casais internacionais<\/p>\n<\/div><\/div>\n<\/div><\/div>\n\n\n\n<section class=\"wp-block-group alignfull mt-0 mb-0 sec full-width z-index-9 has-background-color has-primary-background-color has-text-color has-background has-link-color wp-elements-58f712201939d73057dad42f0992ede8\" id=\"intro\"><div class=\"wp-block-group__inner-container is-layout-constrained wp-block-group-is-layout-constrained\">\n<h2 class=\"wp-block-heading sec-header mb-10 ml-0\">O que a Events in Paris faz<\/h2>\n\n\n\n<p class=\"ml-0 split-text-lines-animation has-larger-font-size\">A Events in Paris oferece pacotes de pedidos de casamento e elopement para casais internacionais nos locais mais reconhecidos da cidade.<\/p>\n\n\n\n<div class=\"wp-block-columns gap mt-10 mb-0 is-layout-flex wp-container-core-columns-is-layout-9d6595d7 wp-block-columns-is-layout-flex\">\n<div class=\"wp-block-column is-layout-flow wp-block-column-is-layout-flow\">\n<p>Cuidamos da montagem, coordena\u00e7\u00e3o, fotografia e limpeza nos telhados com vista para a Torre Eiffel, em um barco particular no Sena e em locais p\u00fablicos selecionados de Paris. Tamb\u00e9m fornecemos decora\u00e7\u00e3o de quartos de hotel, montagem de piqueniques, aluguel de vestidos de noiva e coordena\u00e7\u00e3o de festas de despedida de solteira. <a href=\"https:\/\/translate.eventsinparis.com\/pt\/pacotes-pedido-casamento\/\">Pacotes de propostas a partir de \u20ac 1.400<\/a>. <a href=\"\/pt\/elopement-in-paris\/\">Pacotes de elopement a partir de \u20ac 2.500<\/a>. Envie-nos um WhatsApp ou use o formul\u00e1rio de contato - responderemos com pre\u00e7os e disponibilidade, geralmente dentro de uma hora, nunca mais do que 8 horas.<\/p>\n<\/div>\n\n\n\n<div class=\"wp-block-column is-layout-flow wp-block-column-is-layout-flow\">\n<p>Tamb\u00e9m apoiamos parceiros comerciais em Paris - planejadores, hot\u00e9is, fot\u00f3grafos, marcas e locais - com suporte \u00e0 produ\u00e7\u00e3o, alugu\u00e9is e design floral. <a href=\"\/pt\/rentals\/\">Ver servi\u00e7os comerciais \u2192<\/a>.<\/p>\n<\/div>\n<\/div>\n<\/div><\/section>\n\n\n\n<section class=\"wp-block-group alignfull mt-0 mb-0 sec full-width z-index-9 has-primary-color has-background-background-color has-text-color has-background has-link-color wp-elements-b37d948e34d2359227fc09ab4d1d1db6\" id=\"intro\"><div class=\"wp-block-group__inner-container is-layout-constrained wp-block-group-is-layout-constrained\">\n<div class=\"wp-block-columns alignfull gap is-layout-flex wp-container-core-columns-is-layout-9d6595d7 wp-block-columns-is-layout-flex\">\n<div class=\"wp-block-column is-layout-flow wp-block-column-is-layout-flow\">\n<h2 class=\"wp-block-heading sec-header mb-10 ml-0\">Quem realiza eventos em Paris<\/h2>\n\n\n\n<p class=\"ml-0 split-text-lines-animation has-larger-font-size\">Paula lidera as opera\u00e7\u00f5es da Events in Paris, desde a primeira consulta at\u00e9 a coordena\u00e7\u00e3o no local no dia do evento.<\/p>\n<\/div>\n\n\n\n<div class=\"wp-block-column is-layout-flow wp-block-column-is-layout-flow\">\n<p class=\"split-text-lines-animation\">Ela gerencia as consultas, a log\u00edstica e as rela\u00e7\u00f5es com os parceiros comerciais e est\u00e1 no local quando \u00e9 importante.<\/p>\n\n\n\n<p class=\"split-text-lines-animation\">Ela fala ingl\u00eas, espanhol, franc\u00eas e mandarim avan\u00e7ado, o que significa que trabalha diretamente com casais e parceiros comerciais de l\u00edngua chinesa sem precisar de tradutor. Antes de Paris, ela morou e trabalhou na Espanha, na China, na Coreia do Sul, na Alemanha e nos Estados Unidos. Ela trabalha em v\u00e1rios fusos hor\u00e1rios, l\u00ea rapidamente os clientes internacionais e cumpre o que diz.<\/p>\n\n\n\n<p class=\"split-text-lines-animation\">Vincent Lillo fundou a Events in Paris. Ele criou a empresa com base em uma ideia: casais internacionais que comemoram em Paris devem ter pre\u00e7os transparentes, comunica\u00e7\u00e3o r\u00e1pida e uma organiza\u00e7\u00e3o que funcione sem problemas, sem pagar pre\u00e7os de planejadores de luxo. Vincent cuida da dire\u00e7\u00e3o estrat\u00e9gica, das parcerias e das consultas \u00e0 imprensa.<\/p>\n<\/div>\n\n\n\n<div class=\"wp-block-column is-layout-flow wp-block-column-is-layout-flow\">\n<figure class=\"wp-block-image size-large mt-0 mb-0\"><img decoding=\"async\" width=\"819\" height=\"1024\" src=\"https:\/\/translate.eventsinparis.com\/wp-content\/uploads\/2026\/02\/paula-event-planner-paris-819x1024.webp\" alt=\"Paula, l\u00edder de opera\u00e7\u00f5es da Events in Paris, empresa parisiense de coordena\u00e7\u00e3o de propostas e elopements\" class=\"wp-image-7135\" srcset=\"https:\/\/translate.eventsinparis.com\/wp-content\/uploads\/2026\/02\/paula-event-planner-paris-819x1024.webp 819w, https:\/\/translate.eventsinparis.com\/wp-content\/uploads\/2026\/02\/paula-event-planner-paris-240x300.webp 240w, https:\/\/translate.eventsinparis.com\/wp-content\/uploads\/2026\/02\/paula-event-planner-paris-768x960.webp 768w, https:\/\/translate.eventsinparis.com\/wp-content\/uploads\/2026\/02\/paula-event-planner-paris-600x750.webp 600w, https:\/\/translate.eventsinparis.com\/wp-content\/uploads\/2026\/02\/paula-event-planner-paris.webp 1120w\" sizes=\"(max-width: 819px) 100vw, 819px\" \/><figcaption class=\"wp-element-caption\">Paula, l\u00edder de opera\u00e7\u00f5es da Events in Paris. Fala ingl\u00eas, espanhol, franc\u00eas e mandarim.<\/figcaption><\/figure>\n<\/div>\n<\/div>\n<\/div><\/section>\n\n\n\n<section class=\"wp-block-group alignfull mt-0 mb-0 pt-0  full-width pl-0 pr-0 has-primary-background-color has-background\" id=\"review\"><div class=\"wp-block-group__inner-container is-layout-constrained wp-block-group-is-layout-constrained\">\n<div class=\"wp-block-group alignfull mb-0 mt-0 sec sec-signature-service is-connecting-sec has-background-color has-primary-background-color has-text-color has-background has-link-color wp-elements-cc2ef968d3ec7cf216b1ecf81d453b20\"><div class=\"wp-block-group__inner-container is-layout-constrained wp-block-group-is-layout-constrained\">\n<h2 class=\"wp-block-heading alignwide has-text-align-center scramble-text\">O que os clientes dizem<\/h2>\n\n\n\n<p class=\"has-text-align-center container-xs\">A Events in Paris tem uma classifica\u00e7\u00e3o de cinco estrelas no Google de clientes que reservaram pacotes de propostas e de fuga.<\/p>\n<\/div><\/div>\n\n\n\n<div class=\"wp-block-group alignfull mt-0 mb-0 signature-service-items full-width pl-0 pr-0 has-background-color has-primary-background-color has-text-color has-background has-link-color wp-elements-f8dc939a8680721db82130ecca4eaf3c\"><div class=\"wp-block-group__inner-container is-layout-constrained wp-block-group-is-layout-constrained\">\n<div class=\"wp-block-group alignfull mt-0 mb-0 sec signature-service-item odd full-width  has-primary-background-color has-background\"><div class=\"wp-block-group__inner-container is-layout-constrained wp-block-group-is-layout-constrained\">\n<div class=\"wp-block-group alignfull mt-0 mb-0\"><div class=\"wp-block-group__inner-container is-layout-constrained wp-block-group-is-layout-constrained\">\n<div class=\"wp-block-group alignwide mt-0 mb-0 service-row is-nowrap is-layout-flex wp-container-core-group-is-layout-64989fb1 wp-block-group-is-layout-flex\">\n<p class=\"counter\">01<\/p>\n\n\n\n<div class=\"wp-block-group mt-0 mb-0 content\"><div class=\"wp-block-group__inner-container is-layout-constrained wp-block-group-is-layout-constrained\">\n<blockquote class=\"wp-block-quote v2 is-layout-flow wp-block-quote-is-layout-flow\">\n<p>\u2018Reservando do Canad\u00e1 e sem saber com quem estava lidando, tive total confian\u00e7a na equipe. Profissional, pontual e clara do in\u00edcio ao fim.\u2019<\/p>\n<cite><strong>Diego M., novembro de 2025<\/strong> (trecho editado)<br>Proposta - Planejada do Canad\u00e1<br><a href=\"https:\/\/maps.app.goo.gl\/GoAsfE7mUAdMDi9KA\" target=\"_blank\" data-type=\"link\" data-id=\"https:\/\/maps.app.goo.gl\/GoAsfE7mUAdMDi9KA\" rel=\"noreferrer noopener\">Leia a avalia\u00e7\u00e3o completa no Google \u00bb<\/a><\/cite><\/blockquote>\n<\/div><\/div>\n<\/div>\n<\/div><\/div>\n<\/div><\/div>\n\n\n\n<div class=\"wp-block-group alignfull mt-0 mb-0 sec signature-service-item odd full-width  has-primary-background-color has-background\"><div class=\"wp-block-group__inner-container is-layout-constrained wp-block-group-is-layout-constrained\">\n<div class=\"wp-block-group alignfull mt-0 mb-0\"><div class=\"wp-block-group__inner-container is-layout-constrained wp-block-group-is-layout-constrained\">\n<div class=\"wp-block-group alignwide mt-0 mb-0 service-row is-nowrap is-layout-flex wp-container-core-group-is-layout-64989fb1 wp-block-group-is-layout-flex\">\n<p class=\"counter\">02<\/p>\n\n\n\n<div class=\"wp-block-group mt-0 mb-0 content\"><div class=\"wp-block-group__inner-container is-layout-constrained wp-block-group-is-layout-constrained\">\n<blockquote class=\"wp-block-quote v2 is-layout-flow wp-block-quote-is-layout-flow\">\n<p>\u2018A Paula organizou tudo - a comunica\u00e7\u00e3o, a coordena\u00e7\u00e3o, a montagem no dia. Foi ainda mais bonito do que eu imaginava. Toda a equipe fez com que o que poderia ter sido estressante fosse completamente resolvido.\u2019<\/p>\n<cite>Mustafa S., mar\u00e7o de 2026 (trecho editado)<br>Proposta - Paula coordenou - Juliana fotografou<br><a href=\"https:\/\/maps.app.goo.gl\/Apn8ostw1FEf24zF9\" target=\"_blank\" data-type=\"link\" data-id=\"https:\/\/maps.app.goo.gl\/iA7Ue5ybK9Ypo4af6\" rel=\"noreferrer noopener\">Leia a avalia\u00e7\u00e3o completa no Google \u00bb<\/a><\/cite><\/blockquote>\n<\/div><\/div>\n<\/div>\n<\/div><\/div>\n<\/div><\/div>\n\n\n\n<div class=\"wp-block-group alignfull mt-0 mb-0 sec signature-service-item odd full-width  has-primary-background-color has-background\"><div class=\"wp-block-group__inner-container is-layout-constrained wp-block-group-is-layout-constrained\">\n<div class=\"wp-block-group alignfull mt-0 mb-0\"><div class=\"wp-block-group__inner-container is-layout-constrained wp-block-group-is-layout-constrained\">\n<div class=\"wp-block-group alignwide mt-0 mb-0 service-row is-nowrap is-layout-flex wp-container-core-group-is-layout-64989fb1 wp-block-group-is-layout-flex\">\n<p class=\"counter\">03<\/p>\n\n\n\n<div class=\"wp-block-group mt-0 mb-0 content\"><div class=\"wp-block-group__inner-container is-layout-constrained wp-block-group-is-layout-constrained\">\n<blockquote class=\"wp-block-quote v2 is-layout-flow wp-block-quote-is-layout-flow\">\n<p>\u2018Vincent e eu conversamos sobre os detalhes - como eu queria demonstrar meu amor \u00e0 minha \u201cagora\u201d noiva. A equipe cuidou de tudo no dia. Eu os recomendaria\u2019.\u2019<\/p>\n<cite>Kiel S., janeiro de 2026 (trecho editado)<br>Proposta de telhado - Planejado a partir dos EUA<br><a href=\"https:\/\/maps.app.goo.gl\/Hgq5o8kNMtG6NW4v5\" data-type=\"link\" data-id=\"https:\/\/maps.app.goo.gl\/Hgq5o8kNMtG6NW4v5\" target=\"_blank\" rel=\"noopener\">Leia a avalia\u00e7\u00e3o completa no Google \u00bb<\/a><\/cite><\/blockquote>\n\n\n\n<div class=\"wp-block-buttons is-layout-flex wp-block-buttons-is-layout-flex\">\n<div class=\"wp-block-button\"><a class=\"wp-block-button__link has-primary-color has-background-background-color has-text-color has-background has-link-color wp-element-button\" href=\"https:\/\/translate.eventsinparis.com\/pt\/reviews\/\"><strong>Leia mais opini\u00f5es<\/strong><\/a><\/div>\n<\/div>\n<\/div><\/div>\n<\/div>\n<\/div><\/div>\n<\/div><\/div>\n<\/div><\/div>\n<\/div><\/section>\n\n\n\n<section class=\"wp-block-group alignfull mt-0 mb-0 sec full-width z-index-9 has-primary-color has-background-background-color has-text-color has-background has-link-color wp-elements-99f05b8ae3dd9e0f8043a5cac88cdfc7\" id=\"company\"><div class=\"wp-block-group__inner-container is-layout-constrained wp-block-group-is-layout-constrained\">\n<p><strong>Eventos em Paris<\/strong> \u00e9 um nome comercial da <strong>Decora\u00e7\u00e3o e adere\u00e7os de Paris<\/strong> - SIRET 918 659 301 00017<\/p>\n\n\n\n<p><strong>\u00c1rea de servi\u00e7o:<\/strong> Paris, \u00cele-de-France, Fran\u00e7a<\/p>\n\n\n\n<p><strong>Contato: <\/strong><a href=\"tel:+33650354083\" data-type=\"tel\" data-id=\"tel:+33650354083\">+33 6 50 35 40 83<\/a> \u00b7 <a href=\"mailto:contact@eventsinparis.com\">contact@eventsinparis.com<\/a><\/p>\n\n\n\n<p>eventsinparis.com<\/p>\n<\/div><\/section>\n\n\n\n<section class=\"wp-block-cover alignfull mt-0 mb-0 sec sec-cta bg-fixed z-index-9\" style=\"min-height:800px;aspect-ratio:unset;\" id=\"cta\"><span aria-hidden=\"true\" class=\"wp-block-cover__background has-primary-background-color has-background-dim-100 has-background-dim\"><\/span><div class=\"wp-block-cover__inner-container is-layout-flow wp-block-cover-is-layout-flow\">\n<h2 class=\"wp-block-heading has-text-align-center  heading-size-2 mb-40\">Tem uma data em mente?<\/h2>\n\n\n\n<p class=\"has-text-align-center container-xs\">Informe-nos sua data e o que est\u00e1 pensando - retornaremos com pre\u00e7os e disponibilidade rapidamente.<\/p>\n\n\n\n<div class=\"wp-block-buttons is-content-justification-center is-layout-flex wp-container-core-buttons-is-layout-16018d1d wp-block-buttons-is-layout-flex\">\n<div class=\"wp-block-button\"><a class=\"wp-block-button__link has-primary-color has-text-color has-background has-link-color wp-element-button\" href=\"https:\/\/api.whatsapp.com\/send?phone=33650354083\" style=\"background-color:#f0ff3d\" target=\"_blank\" rel=\"noreferrer noopener\">WhatsApp<\/a><\/div>\n\n\n\n<div class=\"wp-block-button cta\"><a class=\"wp-block-button__link wp-element-button\" href=\"https:\/\/translate.eventsinparis.com\/pt\/contact\/\">Use o formul\u00e1rio de contato<\/a><\/div>\n<\/div>\n<\/div><\/section>","protected":false},"excerpt":{"rendered":"<p>About Events in Paris Proposal and elopement packages in Paris for international couples What Events in Paris does Events in Paris runs proposal and elopement packages for international couples at the city&#8217;s most recognized locations. We handle setup, coordination, photography, and cleanup at Eiffel Tower-view rooftops, on a private boat on the Seine, and at [&hellip;]<\/p>\n","protected":false},"author":8,"featured_media":0,"parent":0,"menu_order":0,"comment_status":"closed","ping_status":"closed","template":"","meta":{"_acf_changed":false,"inline_featured_image":false,"footnotes":""},"class_list":["post-17","page","type-page","status-publish","hentry"],"acf":[],"_links":{"self":[{"href":"https:\/\/translate.eventsinparis.com\/pt\/wp-json\/wp\/v2\/pages\/17","targetHints":{"allow":["GET"]}}],"collection":[{"href":"https:\/\/translate.eventsinparis.com\/pt\/wp-json\/wp\/v2\/pages"}],"about":[{"href":"https:\/\/translate.eventsinparis.com\/pt\/wp-json\/wp\/v2\/types\/page"}],"author":[{"embeddable":true,"href":"https:\/\/translate.eventsinparis.com\/pt\/wp-json\/wp\/v2\/users\/8"}],"replies":[{"embeddable":true,"href":"https:\/\/translate.eventsinparis.com\/pt\/wp-json\/wp\/v2\/comments?post=17"}],"version-history":[{"count":0,"href":"https:\/\/translate.eventsinparis.com\/pt\/wp-json\/wp\/v2\/pages\/17\/revisions"}],"wp:attachment":[{"href":"https:\/\/translate.eventsinparis.com\/pt\/wp-json\/wp\/v2\/media?parent=17"}],"curies":[{"name":"wp","href":"https:\/\/api.w.org\/{rel}","templated":true}]}}