{"id":8329,"date":"2026-03-20T06:14:56","date_gmt":"2026-03-20T06:14:56","guid":{"rendered":"https:\/\/eventsinparis.com\/?page_id=8329"},"modified":"2026-05-01T15:15:23","modified_gmt":"2026-05-01T14:15:23","slug":"guides","status":"publish","type":"page","link":"https:\/\/translate.eventsinparis.com\/fr\/guides\/","title":{"rendered":"Guides"},"content":{"rendered":"<div class=\"wp-block-group alignfull mt-0 mb-0 section-header-outer full-width pl-0 pr-0 has-background-background-color has-background\"><div class=\"wp-block-group__inner-container is-layout-constrained wp-block-group-is-layout-constrained\">\n<div class=\"wp-block-group alignfull mt-0 mb-0 sec section-header full-width\"><div class=\"wp-block-group__inner-container is-layout-constrained wp-block-group-is-layout-constrained\">\n<h1 class=\"wp-block-heading alignwide has-text-align-left ml-0 mb-10 fadeInDown has-primary-color has-text-color has-link-color wp-elements-3ca99380a54c9b839b4f07ad5af4c57b\" style=\"text-transform:uppercase\">Ressources de planification pour votre voyage \u00e0 Paris<\/h1>\n\n\n\n<p class=\"has-text-align-left ml-0 mt-0 mb-5 fadeInDown has-primary-color has-text-color has-link-color has-normal-font-size wp-elements-60206cc04306775d79919ae13869e26c\">Recommandations de l'\u00e9quipe qui s'occupe des demandes en mariage et des fian\u00e7ailles \u00e0 Paris - photographes, restaurants, musiciens, etc.<\/p>\n<\/div><\/div>\n<\/div><\/div>\n\n\n\n<section class=\"wp-block-group alignfull mt-0 mb-0 sec full-width sec-services has-background-color has-primary-background-color has-text-color has-background has-link-color wp-elements-a314171bdbbe8d708013853b17965111\" id=\"guides\"><div class=\"wp-block-group__inner-container is-layout-constrained wp-block-group-is-layout-constrained\">\n<h2 class=\"wp-block-heading sec-header mb-10 ml-0\">Guides<\/h2>\n\n\n\n<div class=\"wp-block-columns alignfull services-boxes hide-caption is-layout-flex wp-container-core-columns-is-layout-9d6595d7 wp-block-columns-is-layout-flex\">\n<div class=\"wp-block-column active is-layout-flow wp-block-column-is-layout-flow\">\n<div class=\"wp-block-group mt-0 mb-0 media\"><div class=\"wp-block-group__inner-container is-layout-constrained wp-block-group-is-layout-constrained\">\n<figure class=\"wp-block-image size-full\"><img decoding=\"async\" width=\"1600\" height=\"1067\" src=\"https:\/\/translate.eventsinparis.com\/wp-content\/uploads\/2026\/03\/Public-Eiffel-view-location.jpeg\" alt=\"\" class=\"wp-image-7565\" srcset=\"https:\/\/translate.eventsinparis.com\/wp-content\/uploads\/2026\/03\/Public-Eiffel-view-location.jpeg 1600w, https:\/\/translate.eventsinparis.com\/wp-content\/uploads\/2026\/03\/Public-Eiffel-view-location-300x200.jpeg 300w, https:\/\/translate.eventsinparis.com\/wp-content\/uploads\/2026\/03\/Public-Eiffel-view-location-1024x683.jpeg 1024w, https:\/\/translate.eventsinparis.com\/wp-content\/uploads\/2026\/03\/Public-Eiffel-view-location-768x512.jpeg 768w, https:\/\/translate.eventsinparis.com\/wp-content\/uploads\/2026\/03\/Public-Eiffel-view-location-1536x1024.jpeg 1536w, https:\/\/translate.eventsinparis.com\/wp-content\/uploads\/2026\/03\/Public-Eiffel-view-location-1200x800.jpeg 1200w, https:\/\/translate.eventsinparis.com\/wp-content\/uploads\/2026\/03\/Public-Eiffel-view-location-1320x880.jpeg 1320w, https:\/\/translate.eventsinparis.com\/wp-content\/uploads\/2026\/03\/Public-Eiffel-view-location-600x400.jpeg 600w\" sizes=\"(max-width: 1600px) 100vw, 1600px\" \/><figcaption class=\"wp-element-caption\">\u00c9l\u00e9gant lustre en cristal \u00e0 Paris avec 9 bougies, parfait pour les mariages, les d\u00eeners d'entreprise et la d\u00e9coration d'\u00e9v\u00e9nements de luxe.<\/figcaption><\/figure>\n<\/div><\/div>\n\n\n\n<div class=\"wp-block-group mt-0 mb-0 caption is-vertical is-layout-flex wp-container-core-group-is-layout-8cf370e7 wp-block-group-is-layout-flex\">\n<h3 class=\"wp-block-heading\">Photographes sp\u00e9cialis\u00e9s dans les propositions<\/h3>\n\n\n\n<p>Les meilleurs photographes de demande en mariage \u00e0 Paris - qui r\u00e9server, que demander et \u00e0 quoi s'attendre.<\/p>\n<\/div>\n\n\n\n<p class=\"has-link\"><a href=\"https:\/\/translate.eventsinparis.com\/fr\/forfaits-demande-mariage\/\" data-type=\"link\" data-id=\"https:\/\/translate.eventsinparis.com\/paris-proposal-packages\/\">Lire la suite<\/a><\/p>\n<\/div>\n\n\n\n<div class=\"wp-block-column active is-layout-flow wp-block-column-is-layout-flow\">\n<div class=\"wp-block-group mt-0 mb-0 media\"><div class=\"wp-block-group__inner-container is-layout-constrained wp-block-group-is-layout-constrained\">\n<figure class=\"wp-block-image size-full\"><img decoding=\"async\" width=\"1600\" height=\"1060\" src=\"https:\/\/translate.eventsinparis.com\/wp-content\/uploads\/2026\/05\/early-june-canal-saint-martin-paris-wine-bar.avif\" alt=\"Bar \u00e0 vin naturel D\u00e9but juin pr\u00e8s du Canal Saint-Martin \u00e0 Paris avec cuisine ouverte et invit\u00e9s\" class=\"wp-image-9860\" srcset=\"https:\/\/translate.eventsinparis.com\/wp-content\/uploads\/2026\/05\/early-june-canal-saint-martin-paris-wine-bar.avif 1600w, https:\/\/translate.eventsinparis.com\/wp-content\/uploads\/2026\/05\/early-june-canal-saint-martin-paris-wine-bar-300x199.avif 300w, https:\/\/translate.eventsinparis.com\/wp-content\/uploads\/2026\/05\/early-june-canal-saint-martin-paris-wine-bar-1024x678.avif 1024w, https:\/\/translate.eventsinparis.com\/wp-content\/uploads\/2026\/05\/early-june-canal-saint-martin-paris-wine-bar-768x509.avif 768w, https:\/\/translate.eventsinparis.com\/wp-content\/uploads\/2026\/05\/early-june-canal-saint-martin-paris-wine-bar-1536x1018.avif 1536w, https:\/\/translate.eventsinparis.com\/wp-content\/uploads\/2026\/05\/early-june-canal-saint-martin-paris-wine-bar-1200x795.avif 1200w\" sizes=\"(max-width: 1600px) 100vw, 1600px\" \/><figcaption class=\"wp-element-caption\">D\u00e9but juin pr\u00e8s du Canal Saint-Martin - un chef invit\u00e9 diff\u00e9rent \u00e0 tour de r\u00f4le, 24 places assises<\/figcaption><\/figure>\n<\/div><\/div>\n\n\n\n<div class=\"wp-block-group mt-0 mb-0 caption is-vertical is-layout-flex wp-container-core-group-is-layout-8cf370e7 wp-block-group-is-layout-flex\">\n<h3 class=\"wp-block-heading\">Restaurants post-proposition<\/h3>\n\n\n\n<p>O\u00f9 manger apr\u00e8s une demande en mariage ou une fugue \u00e0 Paris - de la Tour Eiffel aux bistrots de fin de soir\u00e9e.<\/p>\n<\/div>\n\n\n\n<p class=\"has-link\"><a href=\"https:\/\/translate.eventsinparis.com\/fr\/guides\/best-restaurants-paris\/\" data-type=\"link\" data-id=\"https:\/\/translate.eventsinparis.com\/guides\/best-restaurants-paris\/\">Lire la suite<\/a><\/p>\n<\/div>\n\n\n\n<div class=\"wp-block-column active is-layout-flow wp-block-column-is-layout-flow\">\n<div class=\"wp-block-group mt-0 mb-0 media\"><div class=\"wp-block-group__inner-container is-layout-constrained wp-block-group-is-layout-constrained\">\n<figure class=\"wp-block-image size-full\"><img decoding=\"async\" width=\"1080\" height=\"719\" src=\"https:\/\/translate.eventsinparis.com\/wp-content\/uploads\/2025\/11\/paris-yacht-live-musicians-violin-guitar-proposal-cruise.jpg\" alt=\"Des musiciens jouant du violon et de la guitare se produisent \u00e0 bord d&#039;un yacht priv\u00e9 \u00e0 Paris.\" class=\"wp-image-7006\" srcset=\"https:\/\/translate.eventsinparis.com\/wp-content\/uploads\/2025\/11\/paris-yacht-live-musicians-violin-guitar-proposal-cruise.jpg 1080w, https:\/\/translate.eventsinparis.com\/wp-content\/uploads\/2025\/11\/paris-yacht-live-musicians-violin-guitar-proposal-cruise-300x200.jpg 300w, https:\/\/translate.eventsinparis.com\/wp-content\/uploads\/2025\/11\/paris-yacht-live-musicians-violin-guitar-proposal-cruise-1024x682.jpg 1024w, https:\/\/translate.eventsinparis.com\/wp-content\/uploads\/2025\/11\/paris-yacht-live-musicians-violin-guitar-proposal-cruise-768x511.jpg 768w, https:\/\/translate.eventsinparis.com\/wp-content\/uploads\/2025\/11\/paris-yacht-live-musicians-violin-guitar-proposal-cruise-600x399.jpg 600w\" sizes=\"(max-width: 1080px) 100vw, 1080px\" \/><figcaption class=\"wp-element-caption\">Duo de violons et de guitares se produisant lors d'une demande en mariage priv\u00e9e sur la Seine.<br><\/figcaption><\/figure>\n<\/div><\/div>\n\n\n\n<div class=\"wp-block-group mt-0 mb-0 caption is-vertical is-layout-flex wp-container-core-group-is-layout-8cf370e7 wp-block-group-is-layout-flex\">\n<h3 class=\"wp-block-heading\">Musiciens en direct<\/h3>\n\n\n\n<p>Violonistes, saxophonistes et duos pour les demandes en mariage, les fian\u00e7ailles et les c\u00e9l\u00e9brations \u00e0 Paris.<\/p>\n<\/div>\n\n\n\n<p class=\"has-link\"><a href=\"https:\/\/translate.eventsinparis.com\/fr\/guides\/best-live-musicians-paris\/\" data-type=\"link\" data-id=\"https:\/\/translate.eventsinparis.com\/guides\/best-live-musicians-paris\/\">Lire la suite<\/a><\/p>\n<\/div>\n\n\n\n<div class=\"wp-block-column active is-layout-flow wp-block-column-is-layout-flow\">\n<div class=\"wp-block-group mt-0 mb-0 media\"><div class=\"wp-block-group__inner-container is-layout-constrained wp-block-group-is-layout-constrained\">\n<figure class=\"wp-block-image size-full\"><img decoding=\"async\" width=\"2000\" height=\"1333\" src=\"https:\/\/translate.eventsinparis.com\/wp-content\/uploads\/2025\/04\/romantic-couple-eiffel-tower-yacht-proposal-paris.jpg\" alt=\"Couple souriant s&#039;embrassant sur un yacht priv\u00e9 la nuit \u00e0 Paris, avec la Tour Eiffel \u00e9tincelante en arri\u00e8re-plan lors de leur croisi\u00e8re romantique sur la Seine.\" class=\"wp-image-5531\" srcset=\"https:\/\/translate.eventsinparis.com\/wp-content\/uploads\/2025\/04\/romantic-couple-eiffel-tower-yacht-proposal-paris.jpg 2000w, https:\/\/translate.eventsinparis.com\/wp-content\/uploads\/2025\/04\/romantic-couple-eiffel-tower-yacht-proposal-paris-600x400.jpg 600w, https:\/\/translate.eventsinparis.com\/wp-content\/uploads\/2025\/04\/romantic-couple-eiffel-tower-yacht-proposal-paris-300x200.jpg 300w, https:\/\/translate.eventsinparis.com\/wp-content\/uploads\/2025\/04\/romantic-couple-eiffel-tower-yacht-proposal-paris-1024x682.jpg 1024w, https:\/\/translate.eventsinparis.com\/wp-content\/uploads\/2025\/04\/romantic-couple-eiffel-tower-yacht-proposal-paris-768x512.jpg 768w, https:\/\/translate.eventsinparis.com\/wp-content\/uploads\/2025\/04\/romantic-couple-eiffel-tower-yacht-proposal-paris-1536x1024.jpg 1536w, https:\/\/translate.eventsinparis.com\/wp-content\/uploads\/2025\/04\/romantic-couple-eiffel-tower-yacht-proposal-paris-1200x800.jpg 1200w, https:\/\/translate.eventsinparis.com\/wp-content\/uploads\/2025\/04\/romantic-couple-eiffel-tower-yacht-proposal-paris-1980x1320.jpg 1980w\" sizes=\"(max-width: 2000px) 100vw, 2000px\" \/><figcaption class=\"wp-element-caption\">Cette photo capture un couple joyeux lors d'une croisi\u00e8re sur un yacht priv\u00e9 la nuit \u00e0 Paris, se tenant pr\u00e8s de la Tour Eiffel qui scintille \u00e0 l'arri\u00e8re-plan. Parfaite pour les demandes en mariage, les fian\u00e7ailles ou les anniversaires, cette image refl\u00e8te l'\u00e9motion, l'intimit\u00e9 et l'\u00e9l\u00e9gance d'une croisi\u00e8re de luxe sur la Seine. L'\u00e9clairage doux, les sourires et la toile de fond embl\u00e9matique en font le visuel id\u00e9al pour pr\u00e9senter les croisi\u00e8res romantiques \u00e0 Paris ou les formules de demande en mariage personnalis\u00e9es dans la ville de l'amour.<\/figcaption><\/figure>\n<\/div><\/div>\n\n\n\n<div class=\"wp-block-group mt-0 mb-0 caption is-vertical is-layout-flex wp-container-core-group-is-layout-8cf370e7 wp-block-group-is-layout-flex\">\n<h3 class=\"wp-block-heading\">Coiffure et maquillage<\/h3>\n\n\n\n<p>Coiffeurs et maquilleurs \u00e0 Paris pour les fian\u00e7ailles, les demandes en mariage et les c\u00e9l\u00e9brations.<\/p>\n<\/div>\n\n\n\n<p class=\"has-link\"><a href=\"https:\/\/translate.eventsinparis.com\/fr\/guides\/best-hair-makeup-artists-paris\/\" data-type=\"link\" data-id=\"https:\/\/translate.eventsinparis.com\/guides\/best-hair-makeup-artists-paris\/\">Lire la suite<\/a><\/p>\n<\/div>\n<\/div>\n<\/div><\/section>\n\n\n\n<section class=\"wp-block-group alignfull mt-0 mb-0 sec full-width sec-services has-primary-color has-background-background-color has-text-color has-background has-link-color wp-elements-55f6ee39be31026da4e244b0f037a3d3\" id=\"other-guides\"><div class=\"wp-block-group__inner-container is-layout-constrained wp-block-group-is-layout-constrained\">\n<h2 class=\"wp-block-heading sec-header mb-10 ml-0\">\u00c9galement utile lors de la planification<\/h2>\n\n\n\n<div class=\"wp-block-columns alignfull services-boxes hide-caption is-layout-flex wp-container-core-columns-is-layout-9d6595d7 wp-block-columns-is-layout-flex\">\n<div class=\"wp-block-column active is-layout-flow wp-block-column-is-layout-flow\">\n<div class=\"wp-block-group mt-0 mb-0 media\"><div class=\"wp-block-group__inner-container is-layout-constrained wp-block-group-is-layout-constrained\">\n<figure class=\"wp-block-image size-full\"><img decoding=\"async\" width=\"1600\" height=\"1067\" src=\"https:\/\/translate.eventsinparis.com\/wp-content\/uploads\/2026\/03\/Public-Eiffel-view-location.jpeg\" alt=\"\" class=\"wp-image-7565\" srcset=\"https:\/\/translate.eventsinparis.com\/wp-content\/uploads\/2026\/03\/Public-Eiffel-view-location.jpeg 1600w, https:\/\/translate.eventsinparis.com\/wp-content\/uploads\/2026\/03\/Public-Eiffel-view-location-300x200.jpeg 300w, https:\/\/translate.eventsinparis.com\/wp-content\/uploads\/2026\/03\/Public-Eiffel-view-location-1024x683.jpeg 1024w, https:\/\/translate.eventsinparis.com\/wp-content\/uploads\/2026\/03\/Public-Eiffel-view-location-768x512.jpeg 768w, https:\/\/translate.eventsinparis.com\/wp-content\/uploads\/2026\/03\/Public-Eiffel-view-location-1536x1024.jpeg 1536w, https:\/\/translate.eventsinparis.com\/wp-content\/uploads\/2026\/03\/Public-Eiffel-view-location-1200x800.jpeg 1200w, https:\/\/translate.eventsinparis.com\/wp-content\/uploads\/2026\/03\/Public-Eiffel-view-location-1320x880.jpeg 1320w, https:\/\/translate.eventsinparis.com\/wp-content\/uploads\/2026\/03\/Public-Eiffel-view-location-600x400.jpeg 600w\" sizes=\"(max-width: 1600px) 100vw, 1600px\" \/><figcaption class=\"wp-element-caption\">\u00c9l\u00e9gant lustre en cristal \u00e0 Paris avec 9 bougies, parfait pour les mariages, les d\u00eeners d'entreprise et la d\u00e9coration d'\u00e9v\u00e9nements de luxe.<\/figcaption><\/figure>\n<\/div><\/div>\n\n\n\n<div class=\"wp-block-group mt-0 mb-0 caption is-vertical is-layout-flex wp-container-core-group-is-layout-8cf370e7 wp-block-group-is-layout-flex\">\n<h3 class=\"wp-block-heading\">Combien co\u00fbte une proposition \u00e0 Paris ?<\/h3>\n\n\n\n<p>Ventilation compl\u00e8te des prix par type d'installation, avec les suppl\u00e9ments et les totaux des \u00e9chantillons.<\/p>\n<\/div>\n\n\n\n<p class=\"has-link\"><a href=\"https:\/\/translate.eventsinparis.com\/fr\/paris-proposal-cost\/\" data-type=\"link\" data-id=\"https:\/\/translate.eventsinparis.com\/paris-proposal-cost\/\">Lire la suite<\/a><\/p>\n<\/div>\n\n\n\n<div class=\"wp-block-column active is-layout-flow wp-block-column-is-layout-flow\">\n<div class=\"wp-block-group mt-0 mb-0 media\"><div class=\"wp-block-group__inner-container is-layout-constrained wp-block-group-is-layout-constrained\">\n<figure class=\"wp-block-image size-full\"><img decoding=\"async\" width=\"1600\" height=\"1060\" src=\"https:\/\/translate.eventsinparis.com\/wp-content\/uploads\/2026\/05\/early-june-canal-saint-martin-paris-wine-bar.avif\" alt=\"Bar \u00e0 vin naturel D\u00e9but juin pr\u00e8s du Canal Saint-Martin \u00e0 Paris avec cuisine ouverte et invit\u00e9s\" class=\"wp-image-9860\" srcset=\"https:\/\/translate.eventsinparis.com\/wp-content\/uploads\/2026\/05\/early-june-canal-saint-martin-paris-wine-bar.avif 1600w, https:\/\/translate.eventsinparis.com\/wp-content\/uploads\/2026\/05\/early-june-canal-saint-martin-paris-wine-bar-300x199.avif 300w, https:\/\/translate.eventsinparis.com\/wp-content\/uploads\/2026\/05\/early-june-canal-saint-martin-paris-wine-bar-1024x678.avif 1024w, https:\/\/translate.eventsinparis.com\/wp-content\/uploads\/2026\/05\/early-june-canal-saint-martin-paris-wine-bar-768x509.avif 768w, https:\/\/translate.eventsinparis.com\/wp-content\/uploads\/2026\/05\/early-june-canal-saint-martin-paris-wine-bar-1536x1018.avif 1536w, https:\/\/translate.eventsinparis.com\/wp-content\/uploads\/2026\/05\/early-june-canal-saint-martin-paris-wine-bar-1200x795.avif 1200w\" sizes=\"(max-width: 1600px) 100vw, 1600px\" \/><figcaption class=\"wp-element-caption\">D\u00e9but juin pr\u00e8s du Canal Saint-Martin - un chef invit\u00e9 diff\u00e9rent \u00e0 tour de r\u00f4le, 24 places assises<\/figcaption><\/figure>\n<\/div><\/div>\n\n\n\n<div class=\"wp-block-group mt-0 mb-0 caption is-vertical is-layout-flex wp-container-core-group-is-layout-8cf370e7 wp-block-group-is-layout-flex\">\n<h3 class=\"wp-block-heading\">Id\u00e9es de demande en mariage \u00e0 Paris<\/h3>\n\n\n\n<p>Comment choisir entre un toit, un bateau, un lieu public ou un pique-nique ?.<\/p>\n<\/div>\n\n\n\n<p class=\"has-link\"><a href=\"https:\/\/translate.eventsinparis.com\/fr\/paris-proposal-ideas\/\" data-type=\"link\" data-id=\"https:\/\/translate.eventsinparis.com\/paris-proposal-ideas\/\">Lire la suite<\/a><\/p>\n<\/div>\n<\/div>\n<\/div><\/section>\n\n\n\n<section class=\"wp-block-cover alignfull mt-0 mb-0 sec sec-cta bg-fixed z-index-9\" style=\"min-height:800px;aspect-ratio:unset;\" id=\"cta\"><span aria-hidden=\"true\" class=\"wp-block-cover__background has-primary-background-color has-background-dim-100 has-background-dim\"><\/span><div class=\"wp-block-cover__inner-container is-layout-flow wp-block-cover-is-layout-flow\">\n<h2 class=\"wp-block-heading has-text-align-center  heading-size-2 mb-40\">Vous avez une date en t\u00eate ?<\/h2>\n\n\n\n<p class=\"has-text-align-center container-xs\">Dites-nous quelle est votre date et ce que vous pensez - nous reviendrons rapidement avec des prix et des disponibilit\u00e9s.<\/p>\n\n\n\n<div class=\"wp-block-buttons is-content-justification-center is-layout-flex wp-container-core-buttons-is-layout-16018d1d wp-block-buttons-is-layout-flex\">\n<div class=\"wp-block-button\"><a class=\"wp-block-button__link has-primary-color has-text-color has-background has-link-color wp-element-button\" href=\"https:\/\/api.whatsapp.com\/send?phone=33650354083\" style=\"background-color:#f0ff3d\" target=\"_blank\" rel=\"noreferrer noopener\">WhatsApp<\/a><\/div>\n\n\n\n<div class=\"wp-block-button cta\"><a class=\"wp-block-button__link wp-element-button\" href=\"https:\/\/translate.eventsinparis.com\/fr\/contact\/\">Utiliser le formulaire de contact<\/a><\/div>\n<\/div>\n<\/div><\/section>","protected":false},"excerpt":{"rendered":"<p>Planning Resources for Your Trip to Paris Vetted recommendations from the team that runs proposals and elopements in Paris \u2014 photographers, restaurants, musicians, and more. Guides Proposal Photographers Best proposal photographers in Paris \u2014 who to book, what to ask, and what to expect. Read More Post-Proposal Restaurants Where to eat after a Paris proposal [&hellip;]<\/p>\n","protected":false},"author":8,"featured_media":0,"parent":0,"menu_order":0,"comment_status":"closed","ping_status":"closed","template":"","meta":{"_acf_changed":false,"inline_featured_image":false,"footnotes":""},"class_list":["post-8329","page","type-page","status-publish","hentry"],"acf":[],"_links":{"self":[{"href":"https:\/\/translate.eventsinparis.com\/fr\/wp-json\/wp\/v2\/pages\/8329","targetHints":{"allow":["GET"]}}],"collection":[{"href":"https:\/\/translate.eventsinparis.com\/fr\/wp-json\/wp\/v2\/pages"}],"about":[{"href":"https:\/\/translate.eventsinparis.com\/fr\/wp-json\/wp\/v2\/types\/page"}],"author":[{"embeddable":true,"href":"https:\/\/translate.eventsinparis.com\/fr\/wp-json\/wp\/v2\/users\/8"}],"replies":[{"embeddable":true,"href":"https:\/\/translate.eventsinparis.com\/fr\/wp-json\/wp\/v2\/comments?post=8329"}],"version-history":[{"count":2,"href":"https:\/\/translate.eventsinparis.com\/fr\/wp-json\/wp\/v2\/pages\/8329\/revisions"}],"predecessor-version":[{"id":9863,"href":"https:\/\/translate.eventsinparis.com\/fr\/wp-json\/wp\/v2\/pages\/8329\/revisions\/9863"}],"wp:attachment":[{"href":"https:\/\/translate.eventsinparis.com\/fr\/wp-json\/wp\/v2\/media?parent=8329"}],"curies":[{"name":"wp","href":"https:\/\/api.w.org\/{rel}","templated":true}]}}