{"id":7657,"date":"2026-03-11T15:57:47","date_gmt":"2026-03-11T15:57:47","guid":{"rendered":"https:\/\/eventsinparis.com\/?page_id=7657"},"modified":"2026-04-10T23:16:35","modified_gmt":"2026-04-10T22:16:35","slug":"cookie-policy","status":"publish","type":"page","link":"https:\/\/translate.eventsinparis.com\/fr\/cookie-policy\/","title":{"rendered":"Politique en mati\u00e8re de cookies"},"content":{"rendered":"<div class=\"wp-block-group alignfull mt-0 mb-0 sec section-header full-width  has-background-background-color has-background\"><div class=\"wp-block-group__inner-container is-layout-constrained wp-block-group-is-layout-constrained\">\n<h1 class=\"wp-block-heading mb-10 fadeInDown has-primary-color has-text-color has-link-color wp-elements-3d4ca66c680ac2a1e54437fcbad02877\">Politique en mati\u00e8re de cookies<\/h1>\n\n\n\n<p><strong>Avis juridiques<\/strong><br>Derni\u00e8re mise \u00e0 jour : 11 avril 2026<\/p>\n<\/div><\/div>\n\n\n\n<div class=\"wp-block-group alignfull mt-0 mb-0 sec pt-0 full-width has-primary-color has-background-background-color has-text-color has-background has-link-color wp-elements-4b22c742da8713626fef0ca692f74cd7\"><div class=\"wp-block-group__inner-container is-layout-constrained wp-block-group-is-layout-constrained\">\n<hr class=\"wp-block-separator has-alpha-channel-opacity\"\/>\n\n\n\n<p><strong>1. Ce que couvre la pr\u00e9sente police<\/strong><\/p>\n\n\n\n<p>La pr\u00e9sente politique en mati\u00e8re de cookies explique ce que sont les cookies, quels sont ceux qui sont actifs sur eventsinparis.com et comment vous pouvez les contr\u00f4ler. Elle doit \u00eatre lue parall\u00e8lement \u00e0 notre <a href=\"https:\/\/translate.eventsinparis.com\/fr\/privacy-policy\/\" data-type=\"link\" data-id=\"https:\/\/translate.eventsinparis.com\/privacy-policy\/\">Politique de confidentialit\u00e9<\/a>.<\/p>\n\n\n\n<p>Nous utilisons des cookies pour trois raisons : assurer le fonctionnement du site, comprendre comment il est utilis\u00e9 et mesurer les performances publicitaires. Chaque cat\u00e9gorie est expliqu\u00e9e ci-dessous.<\/p>\n\n\n\n<p>Notre banni\u00e8re de cookies vous permet d'accepter ou de refuser tous les cookies facultatifs, ou de choisir des cat\u00e9gories individuelles via le panneau des pr\u00e9f\u00e9rences. Les cookies non essentiels sont d\u00e9sactiv\u00e9s par d\u00e9faut et ne sont install\u00e9s que si vous les acceptez activement. La poursuite de la navigation ou la fermeture de la banni\u00e8re ne vaut pas acceptation.<\/p>\n\n\n\n<p>Les scripts non essentiels - y compris la balise Google Analytics et, lorsqu'il est actif, le Meta Pixel - ne sont pas charg\u00e9s tant que vous n'avez pas donn\u00e9 votre accord. Aucune donn\u00e9e d'analyse ou de marketing n'est collect\u00e9e avant ce moment.<\/p>\n\n\n\n<p>Les cookies strictement n\u00e9cessaires sont install\u00e9s parce qu'ils sont indispensables pour fournir le site web et se souvenir de vos choix en mati\u00e8re de cookies. Les cookies d'analyse et de marketing ne sont install\u00e9s qu'avec votre consentement (article 6, paragraphe 1, point a), du r\u00e8glement GDPR et r\u00e8gles ePrivacy telles qu'elles sont mises en \u0153uvre en France).<\/p>\n\n\n\n<p><strong>2. Qu'est-ce qu'un cookie ?<\/strong><\/p>\n\n\n\n<p>Les cookies sont de petits fichiers texte plac\u00e9s sur votre appareil lorsque vous visitez un site web. Ils permettent au site de m\u00e9moriser des informations sur votre visite - par exemple, si vous avez d\u00e9j\u00e0 vu la banni\u00e8re de consentement aux cookies - et de collecter des donn\u00e9es sur la fa\u00e7on dont les pages sont utilis\u00e9es.<\/p>\n\n\n\n<p>Certains cookies sont install\u00e9s directement par nous ; d'autres sont install\u00e9s par des services tiers que nous utilisons, tels que Google Analytics. Nous ne vendons pas de donn\u00e9es personnelles. Lorsque vous acceptez les cookies d'analyse ou de marketing, les informations peuvent \u00eatre partag\u00e9es avec les fournisseurs concern\u00e9s (Google, Meta) afin de fournir les services d\u00e9crits dans cette politique.<\/p>\n\n\n\n<p><strong>3. Cookies strictement n\u00e9cessaires<\/strong><\/p>\n\n\n\n<p>Ces cookies sont n\u00e9cessaires au fonctionnement du site. Ils ne peuvent pas \u00eatre d\u00e9sactiv\u00e9s. Aucun consentement n'est n\u00e9cessaire pour les installer, conform\u00e9ment \u00e0 l'article 5, paragraphe 3, de la directive \"vie priv\u00e9e et communications \u00e9lectroniques\".<\/p>\n\n\n\n<figure class=\"wp-block-table\"><table class=\"has-fixed-layout\"><tbody><tr><td><strong>Nom du cookie<\/strong><\/td><td><strong>Objectif<\/strong><\/td><td><strong>La dur\u00e9e<\/strong><\/td><td><strong>Fournisseur<\/strong><\/td><td><strong>Cat\u00e9gorie<\/strong><\/td><\/tr><tr><td>eip_consentement<\/td><td>Stocke vos choix en mati\u00e8re de consentement aux cookies (cat\u00e9gories accept\u00e9es ou refus\u00e9es et horodatage) afin que vous ne soyez pas \u00e0 nouveau sollicit\u00e9 lors de vos visites ult\u00e9rieures.<\/td><td>6 mois<\/td><td>\u00c9v\u00e9nements \u00e0 Paris<\/td><td>Strictement n\u00e9cessaire<\/td><\/tr><\/tbody><\/table><\/figure>\n\n\n\n<p><em>Note : WordPress d\u00e9finit des cookies de session et d'authentification pour les administrateurs connect\u00e9s uniquement. Si vous interagissez avec certaines fonctionnalit\u00e9s (par exemple, en acc\u00e9dant \u00e0 une zone restreinte), WordPress peut installer des cookies temporaires suppl\u00e9mentaires. Les commentaires ne sont pas activ\u00e9s sur ce site. Contact Form 7, qui g\u00e8re notre formulaire de demande de renseignements, ne place pas de cookies sur votre appareil.<\/em><\/p>\n\n\n\n<p><strong>4. Cookies analytiques<\/strong><\/p>\n\n\n\n<p>Nous utilisons Google Analytics 4 pour comprendre comment les visiteurs interagissent avec le site - quelles pages sont consult\u00e9es, combien de temps les visiteurs restent sur le site et d'o\u00f9 ils viennent. Ces donn\u00e9es sont li\u00e9es \u00e0 des identifiants pseudonymes (tels que l'identifiant d'un cookie). Nous ne les utilisons pas pour vous identifier directement.<\/p>\n\n\n\n<p>Les cookies analytiques ne sont install\u00e9s qu'une fois que vous les avez accept\u00e9s via la banni\u00e8re de consentement. Vous pouvez retirer votre consentement \u00e0 tout moment en rouvrant la banni\u00e8re via le bouton <strong>\u2018Pr\u00e9f\u00e9rences en mati\u00e8re de cookies\u2019<\/strong> dans le pied de page.<\/p>\n\n\n\n<figure class=\"wp-block-table\"><table class=\"has-fixed-layout\"><tbody><tr><td><strong>Nom du cookie<\/strong><\/td><td><strong>Objectif<\/strong><\/td><td><strong>La dur\u00e9e<\/strong><\/td><td><strong>Fournisseur<\/strong><\/td><td><strong>Cat\u00e9gorie<\/strong><\/td><\/tr><tr><td>_ga<\/td><td>Distingue les utilisateurs uniques en leur attribuant un identifiant g\u00e9n\u00e9r\u00e9 de mani\u00e8re al\u00e9atoire.<\/td><td>2 ans<\/td><td>Google<\/td><td>Analyse<\/td><\/tr><tr><td>_ga_PS2MFYCHCB<\/td><td>Maintient l'\u00e9tat de la session pour un flux de donn\u00e9es GA4 sp\u00e9cifique.<\/td><td>2 ans<\/td><td>Google<\/td><td>Analyse<\/td><\/tr><\/tbody><\/table><\/figure>\n\n\n\n<p><em>Selon la mani\u00e8re dont les balises Google sont impl\u00e9ment\u00e9es, d'autres cookies Google peuvent appara\u00eetre (par exemple, _gid pour la distinction des utilisateurs \u00e0 court terme, ou des cookies li\u00e9s \u00e0 d'autres fonctions de mesure de Google). Nous tenons ce tableau \u00e0 jour en fonction des cookies observ\u00e9s sur notre site.<\/em><\/p>\n\n\n\n<p><em>Certains navigateurs appliquent des dur\u00e9es de vie des cookies plus courtes que celles indiqu\u00e9es ci-dessus. Safari, par exemple, peut expirer les cookies JavaScript au bout de 7 jours.<\/em><\/p>\n\n\n\n<p><strong>Notre configuration GA4 : <\/strong>Les signaux Google sont d\u00e9sactiv\u00e9s. Les donn\u00e9es granulaires relatives \u00e0 la localisation et \u00e0 l'appareil sont d\u00e9sactiv\u00e9es. La dur\u00e9e de conservation des donn\u00e9es relatives aux utilisateurs et aux \u00e9v\u00e9nements est fix\u00e9e \u00e0 14 mois dans GA4.<\/p>\n\n\n\n<p><em>La dur\u00e9e du cookie et la conservation des donn\u00e9es d'analyse sont des param\u00e8tres diff\u00e9rents. Le cookie _ga peut persister sur votre appareil jusqu'\u00e0 2 ans, mais les donn\u00e9es de rapport que nous conservons dans GA4 sont supprim\u00e9es au bout de 14 mois.<\/em><\/p>\n\n\n\n<p>Les donn\u00e9es collect\u00e9es par Google Analytics sont transf\u00e9r\u00e9es sur les serveurs de Google, qui peuvent \u00eatre situ\u00e9s en dehors de l'UE. Voir notre <a href=\"https:\/\/translate.eventsinparis.com\/fr\/privacy-policy\/\">Politique de confidentialit\u00e9 (section 6)<\/a> pour plus de d\u00e9tails sur les garanties en mati\u00e8re de transferts internationaux.<\/p>\n\n\n\n<p><strong>5. Cookies marketing<\/strong><\/p>\n\n\n\n<p>Nous utilisons le Meta Pixel pour mesurer la port\u00e9e et l'efficacit\u00e9 de nos publicit\u00e9s sur les plateformes Meta (Facebook et Instagram). Lorsqu'il est activ\u00e9, le Pixel Meta envoie des informations sur les \u00e9v\u00e9nements (telles que les pages vues) \u00e0 Meta et peut stocker ou lire les identifiants \u00e9num\u00e9r\u00e9s ci-dessous pour mesurer la performance des publicit\u00e9s et construire des audiences.<\/p>\n\n\n\n<p>Les cookies marketing ne sont install\u00e9s que lorsque vous les acceptez via la banni\u00e8re de consentement. Vous pouvez retirer votre consentement \u00e0 tout moment via la page <strong>\u2018Pr\u00e9f\u00e9rences en mati\u00e8re de cookies\u2019<\/strong> dans le pied de page.<\/p>\n\n\n\n<figure class=\"wp-block-table\"><table class=\"has-fixed-layout\"><tbody><tr><td><strong>Nom du cookie<\/strong><\/td><td><strong>Objectif<\/strong><\/td><td><strong>La dur\u00e9e<\/strong><\/td><td><strong>Fournisseur<\/strong><\/td><td><strong>Cat\u00e9gorie<\/strong><\/td><\/tr><tr><td>_fbp<\/td><td>Utilis\u00e9 par Meta pour identifier les navigateurs et diffuser de la publicit\u00e9 sur les plateformes Meta.<\/td><td>90 jours<\/td><td>M\u00e9taplateformes<\/td><td>Marketing<\/td><\/tr><tr><td>_fbc<\/td><td>Enregistre un identifiant de clic lorsque vous arrivez via une m\u00e9tapublicit\u00e9. Ne s'applique que si vous cliquez sur une m\u00e9tapublicit\u00e9 avant de visiter le site.<\/td><td>90 jours<\/td><td>M\u00e9taplateformes<\/td><td>Marketing<\/td><\/tr><\/tbody><\/table><\/figure>\n\n\n\n<p><strong>6. Embl\u00e8mes de tiers<\/strong><\/p>\n\n\n\n<p>Nous pouvons int\u00e9grer des vid\u00e9os ou d'autres contenus h\u00e9berg\u00e9s sur des plateformes tierces (par exemple, YouTube). Ces int\u00e9grations sont bloqu\u00e9es par d\u00e9faut et ne se chargent que si vous choisissez d'autoriser le contenu de tiers (via nos pr\u00e9f\u00e9rences en mati\u00e8re de cookies ou en activant le lecteur).<\/p>\n\n\n\n<p>Lorsque cette fonction est activ\u00e9e, le fournisseur peut collecter des donn\u00e9es et d\u00e9finir ou lire des identifiants sur votre appareil, conform\u00e9ment \u00e0 ses propres politiques en mati\u00e8re de confidentialit\u00e9 et de cookies. Nous n'avons aucun contr\u00f4le sur ces identifiants une fois que le contenu est activ\u00e9.<\/p>\n\n\n\n<p><strong>7. Gestion des cookies<\/strong><\/p>\n\n\n\n<p>Vous disposez de plusieurs options pour contr\u00f4ler les cookies :<\/p>\n\n\n\n<figure class=\"wp-block-table\"><table class=\"has-fixed-layout\"><tbody><tr><td><strong>M\u00e9thode<\/strong><\/td><td><strong>Comment cela fonctionne-t-il ?<\/strong><\/td><\/tr><tr><td><strong>Pr\u00e9f\u00e9rences en mati\u00e8re de cookies<\/strong> (lien en bas de page)<\/td><td>La banni\u00e8re affich\u00e9e lors de votre premi\u00e8re visite vous permet d'accepter ou de refuser les cookies d'analyse et de marketing, ou de choisir des cat\u00e9gories individuellement. Vous pouvez la rouvrir \u00e0 tout moment en cliquant sur le lien \u2018Pr\u00e9f\u00e9rences en mati\u00e8re de cookies\u2019 dans le pied de page.<\/td><\/tr><tr><td><strong>Param\u00e8tres du navigateur<\/strong><\/td><td>Tous les principaux navigateurs vous permettent d'afficher, de bloquer ou de supprimer les cookies. Le blocage de tous les cookies emp\u00eachera certaines parties du site de fonctionner correctement.<\/td><\/tr><tr><td><strong>D\u00e9sactivation de Google Analytics<\/strong><\/td><td>Vous pouvez installer le <a href=\"https:\/\/tools.google.com\/dlpage\/gaoptout\" target=\"_blank\" rel=\"noopener\">Module compl\u00e9mentaire de navigateur pour la d\u00e9sactivation de Google Analytics<\/a> pour emp\u00eacher que vos donn\u00e9es soient utilis\u00e9es par GA4 sur tous les sites.<\/td><\/tr><tr><td><strong>M\u00e9ta pr\u00e9f\u00e9rences publicitaires<\/strong><\/td><td>Vous pouvez g\u00e9rer vos pr\u00e9f\u00e9rences en mati\u00e8re de publicit\u00e9 \u00e0 l'adresse suivante <a href=\"https:\/\/www.facebook.com\/privacy\/policies\/cookies\" target=\"_blank\" rel=\"noopener\">facebook.com\/privacy\/policies\/cookies<\/a> ou via l'ic\u00f4ne AdChoices dans les m\u00e9tapublicit\u00e9s.<\/td><\/tr><\/tbody><\/table><\/figure>\n\n\n\n<p>Vos pr\u00e9f\u00e9rences en mati\u00e8re de consentement sont conserv\u00e9es pendant 6 mois. Apr\u00e8s cette p\u00e9riode, la banni\u00e8re r\u00e9appara\u00eetra pour que vous puissiez confirmer ou modifier vos choix. Nous posons \u00e9galement \u00e0 nouveau la question si nous ajoutons de nouveaux cookies ou de nouvelles finalit\u00e9s.<\/p>\n\n\n\n<p>Nous conservons une trace de votre choix de consentement (les cat\u00e9gories que vous avez accept\u00e9es ou refus\u00e9es, et la date) pendant toute la dur\u00e9e de la p\u00e9riode de consentement. Cet enregistrement est stock\u00e9 via notre outil de consentement aux cookies et n'est utilis\u00e9 que pour d\u00e9montrer le respect de la l\u00e9gislation applicable.<\/p>\n\n\n\n<p>Le retrait du consentement n'affecte pas le traitement qui a eu lieu avant que vous ne le retiriez.<\/p>\n\n\n\n<p><strong>8. Modifications de la pr\u00e9sente politique<\/strong><\/p>\n\n\n\n<p>Nous mettons \u00e0 jour cette politique lorsque nous modifions les outils ou les cookies que nous utilisons. La version actuelle est toujours disponible \u00e0 l'adresse suivante <a href=\"https:\/\/translate.eventsinparis.com\/fr\/cookie-policy\/\">eventsinparis.com\/cookie-policy\/<\/a>. La date en haut de la page indique la date de la derni\u00e8re r\u00e9vision.<\/p>\n\n\n\n<p><strong>9. Contact<\/strong><\/p>\n\n\n\n<p>Questions sur les cookies ou sur la mani\u00e8re dont nous traitons vos donn\u00e9es :<\/p>\n\n\n\n<p><strong>PARIS DECOR &amp; PROPS<\/strong><\/p>\n\n\n\n<p><em>Commerce en tant qu\u201c\u201dEv\u00e9nements \u00e0 Paris\"<\/em><\/p>\n\n\n\n<p>34 Avenue des Champs-\u00c9lys\u00e9es, 75008 Paris, France<\/p>\n\n\n\n<p><a href=\"mailto:privacy@eventsinparis.com\">privacy@eventsinparis.com<\/a><\/p>\n\n\n\n<p>Pour exercer vos droits en mati\u00e8re de protection des donn\u00e9es ou pour d\u00e9poser une plainte, veuillez consulter notre site web. <a href=\"https:\/\/translate.eventsinparis.com\/fr\/privacy-policy\/\">Politique de confidentialit\u00e9<\/a> ou contacter la CNIL \u00e0 l'adresse suivante <a href=\"https:\/\/www.cnil.fr\" target=\"_blank\" rel=\"noopener\">www.cnil.fr<\/a>.<\/p>\n<\/div><\/div>","protected":false},"excerpt":{"rendered":"<p>Cookie Policy Legal NoticesLast updated: 11 April 2026 1. What this policy covers This Cookie Policy explains what cookies are, which ones are active on eventsinparis.com, and how you can control them. It should be read alongside our Privacy Policy. We use cookies for three purposes: keeping the site running, understanding how it is used, [&hellip;]<\/p>\n","protected":false},"author":8,"featured_media":0,"parent":0,"menu_order":0,"comment_status":"closed","ping_status":"closed","template":"","meta":{"_acf_changed":false,"inline_featured_image":false,"footnotes":""},"class_list":["post-7657","page","type-page","status-publish","hentry"],"acf":[],"_links":{"self":[{"href":"https:\/\/translate.eventsinparis.com\/fr\/wp-json\/wp\/v2\/pages\/7657","targetHints":{"allow":["GET"]}}],"collection":[{"href":"https:\/\/translate.eventsinparis.com\/fr\/wp-json\/wp\/v2\/pages"}],"about":[{"href":"https:\/\/translate.eventsinparis.com\/fr\/wp-json\/wp\/v2\/types\/page"}],"author":[{"embeddable":true,"href":"https:\/\/translate.eventsinparis.com\/fr\/wp-json\/wp\/v2\/users\/8"}],"replies":[{"embeddable":true,"href":"https:\/\/translate.eventsinparis.com\/fr\/wp-json\/wp\/v2\/comments?post=7657"}],"version-history":[{"count":0,"href":"https:\/\/translate.eventsinparis.com\/fr\/wp-json\/wp\/v2\/pages\/7657\/revisions"}],"wp:attachment":[{"href":"https:\/\/translate.eventsinparis.com\/fr\/wp-json\/wp\/v2\/media?parent=7657"}],"curies":[{"name":"wp","href":"https:\/\/api.w.org\/{rel}","templated":true}]}}