{"id":6287,"date":"2026-03-12T08:54:00","date_gmt":"2026-03-12T08:54:00","guid":{"rendered":"https:\/\/eventsinparis.com\/?page_id=6287"},"modified":"2026-04-21T15:34:12","modified_gmt":"2026-04-21T14:34:12","slug":"contact","status":"publish","type":"page","link":"https:\/\/translate.eventsinparis.com\/fr\/contact\/","title":{"rendered":"Contact"},"content":{"rendered":"<header class=\"wp-block-group alignfull mt-0 mb-0 pt-0 pb-0 section-header-outer full-width pl-0 pr-0 has-background-color has-primary-background-color has-text-color has-background has-link-color wp-elements-d3e36631f589a070667ae7f2c0474f89\" id=\"hero\"><div class=\"wp-block-group__inner-container is-layout-constrained wp-block-group-is-layout-constrained\">\n<div class=\"wp-block-group alignfull mt-0 mb-0 sec section-header full-width\"><div class=\"wp-block-group__inner-container is-layout-constrained wp-block-group-is-layout-constrained\">\n<h1 class=\"wp-block-heading has-text-align-left ml-0 mb-20\" style=\"text-transform:uppercase\">Contact Events in Paris<\/h1>\n\n\n\n<div class=\"wp-block-buttons ml-0 pb-0 is-layout-flex wp-block-buttons-is-layout-flex\">\n<div class=\"wp-block-button\"><a class=\"wp-block-button__link has-primary-color has-text-color has-background has-link-color wp-element-button\" href=\"https:\/\/api.whatsapp.com\/send?phone=33650354083\" style=\"background-color:#f0ff3d\" target=\"_blank\" rel=\"noreferrer noopener\">Chat sur WhatsApp<\/a><\/div>\n<\/div>\n<\/div><\/div>\n<\/div><\/header>\n\n\n\n<div class=\"wp-block-group alignfull mt-0 mb-0 sec v2 z-index-9 has-background\" style=\"background-color:#ffffff\"><div class=\"wp-block-group__inner-container is-layout-constrained wp-block-group-is-layout-constrained\">\n<div class=\"wp-block-columns mt-0 mb-30 is-layout-flex wp-container-core-columns-is-layout-9d6595d7 wp-block-columns-is-layout-flex\">\n<div class=\"wp-block-column card is-layout-flow wp-block-column-is-layout-flow\">\n<div class=\"wp-block-group mt-0 mb-10 is-nowrap is-layout-flex wp-container-core-group-is-layout-ad2f72ca wp-block-group-is-layout-flex\">\n<div class=\"wp-block-outermost-icon-block\"><div class=\"icon-container\" style=\"width:24px;transform:rotate(0deg) scaleX(1) scaleY(1)\"><svg width=\"18\" height=\"18\" viewbox=\"0 0 24 24\" fill=\"#25D366\"><path d=\"M17.472 14.382c-.297-.149-1.758-.867-2.03-.967-.273-.099-.471-.148-.67.15-.197.297-.767.966-.94 1.164-.173.199-.347.223-.644.075-.297-.15-1.255-.463-2.39-1.475-.883-.788-1.48-1.761-1.653-2.059-.173-.297-.018-.458.13-.606.134-.133.298-.347.446-.52.149-.174.198-.298.298-.497.099-.198.05-.371-.025-.52-.075-.149-.669-1.612-.916-2.207-.242-.579-.487-.5-.669-.51-.173-.008-.371-.01-.57-.01-.198 0-.52.074-.792.372-.272.297-1.04 1.016-1.04 2.479 0 1.462 1.065 2.875 1.213 3.074.149.198 2.096 3.2 5.077 4.487.709.306 1.262.489 1.694.625.712.227 1.36.195 1.871.118.571-.085 1.758-.719 2.006-1.413.248-.694.248-1.289.173-1.413-.074-.124-.272-.198-.57-.347z\"><\/path><\/svg><\/div><\/div>\n\n\n\n<h3 class=\"wp-block-heading mt-0 mb-0 has-small-font-size\">WhatsApp<\/h3>\n<\/div>\n\n\n\n<p>Faites-nous part de votre date et de vos id\u00e9es - nous vous enverrons les tarifs et les disponibilit\u00e9s.<\/p>\n\n\n\n<p><a href=\"https:\/\/api.whatsapp.com\/send?phone=33650354083\" target=\"_blank\" data-type=\"link\" data-id=\"https:\/\/api.whatsapp.com\/send?phone=33650354083\" rel=\"noreferrer noopener\">+33 6 50 35 40 83<\/a><\/p>\n<\/div>\n\n\n\n<div class=\"wp-block-column card is-layout-flow wp-block-column-is-layout-flow\">\n<div class=\"wp-block-group mt-0 mb-10 is-nowrap is-layout-flex wp-container-core-group-is-layout-ad2f72ca wp-block-group-is-layout-flex\">\n<h3 class=\"wp-block-heading mt-0 mb-0 has-small-font-size\">Courriel<\/h3>\n<\/div>\n\n\n\n<p>Envoyez-nous votre date et ce que vous pr\u00e9voyez.<\/p>\n\n\n\n<p><a href=\"mailto:contact@eventsinparis.com?subject=Inquiry%20%E2%80%94%20Events%20in%20Paris\" data-type=\"mailto\" data-id=\"mailto:contact@eventsinparis.com?subject=Inquiry%20%E2%80%94%20Events%20in%20Paris\">contact@eventsinparis.com<\/a><\/p>\n<\/div>\n<\/div>\n\n\n\n<div class=\"wp-block-columns mt-0 mb-30 is-layout-flex wp-container-core-columns-is-layout-9d6595d7 wp-block-columns-is-layout-flex\">\n<div class=\"wp-block-column card is-layout-flow wp-block-column-is-layout-flow\">\n<div class=\"wp-block-group mt-0 mb-10 is-nowrap is-layout-flex wp-container-core-group-is-layout-ad2f72ca wp-block-group-is-layout-flex\">\n<h3 class=\"wp-block-heading mt-0 mb-0 has-small-font-size\">Vous avez d\u00e9j\u00e0 r\u00e9serv\u00e9 et vous avez besoin d'une aide urgente aujourd'hui ?<\/h3>\n<\/div>\n\n\n\n<p>Appelez-nous directement pour tout changement de date, tout retard de la part des fournisseurs ou toute autre chose le jour m\u00eame.<\/p>\n\n\n\n<p><a href=\"tel:+33650354083\" data-type=\"tel\" data-id=\"tel:+33650354083\">Ligne d'urgence<\/a><\/p>\n<\/div>\n<\/div>\n\n\n\n<div class=\"wp-block-columns mt-0 is-layout-flex wp-container-core-columns-is-layout-9d6595d7 wp-block-columns-is-layout-flex\">\n<div class=\"wp-block-column card is-layout-flow wp-block-column-is-layout-flow\">\n<div class=\"wp-block-group mt-0 mb-10 is-nowrap is-layout-flex wp-container-core-group-is-layout-ad2f72ca wp-block-group-is-layout-flex\">\n<h3 class=\"wp-block-heading mt-0 mb-0 has-small-font-size\">Pour obtenir une tarification rapide, incluez :<\/h3>\n<\/div>\n\n\n\n<ul class=\"wp-block-list\">\n<li>Votre rendez-vous \u00e0 Paris<\/li>\n\n\n\n<li>La configuration souhait\u00e9e<\/li>\n\n\n\n<li>Votre budget ou votre formule pr\u00e9f\u00e9r\u00e9e<\/li>\n<\/ul>\n\n\n\n<div class=\"wp-block-buttons ml-0 pb-20 is-layout-flex wp-block-buttons-is-layout-flex\">\n<div class=\"wp-block-button has-custom-width wp-block-button__width-100\"><a class=\"wp-block-button__link has-primary-color has-text-color has-background has-link-color wp-element-button\" href=\"https:\/\/api.whatsapp.com\/send?phone=33650354083\" style=\"background-color:#f0ff3d\" target=\"_blank\" rel=\"noreferrer noopener\">Chat sur WhatsApp<\/a><\/div>\n<\/div>\n<\/div>\n<\/div>\n\n\n\n<p><em>Vous pr\u00e9f\u00e9rez le courrier \u00e9lectronique ? Utilisez ce formulaire.<\/em><\/p>\n\n\n\n<div class=\"wp-block-contact-form-7-contact-form-selector\">\n<div class=\"wpcf7 no-js\" id=\"wpcf7-f520-o1\" lang=\"en-US\" dir=\"ltr\" data-wpcf7-id=\"520\">\n<div class=\"screen-reader-response\"><p role=\"status\" aria-live=\"polite\" aria-atomic=\"true\"><\/p> <ul><\/ul><\/div>\n<form action=\"\/fr\/wp-json\/wp\/v2\/pages\/6287#wpcf7-f520-o1\" method=\"post\" class=\"wpcf7-form init\" aria-label=\"Contact form\" novalidate=\"novalidate\" data-status=\"init\" data-trp-original-action=\"\/fr\/wp-json\/wp\/v2\/pages\/6287#wpcf7-f520-o1\">\n<fieldset class=\"hidden-fields-container\"><input type=\"hidden\" name=\"_wpcf7\" value=\"520\" \/><input type=\"hidden\" name=\"_wpcf7_version\" value=\"6.1.5\" \/><input type=\"hidden\" name=\"_wpcf7_locale\" value=\"en_US\" \/><input type=\"hidden\" name=\"_wpcf7_unit_tag\" value=\"wpcf7-f520-o1\" \/><input type=\"hidden\" name=\"_wpcf7_container_post\" value=\"0\" \/><input type=\"hidden\" name=\"_wpcf7_posted_data_hash\" value=\"\" \/>\n<\/fieldset>\n<div class=\"row\">\n\t<p class=\"col col50 full\"><label><span class=\"wpcf7-form-control-wrap\" data-name=\"your-name\"><input size=\"40\" maxlength=\"400\" class=\"wpcf7-form-control wpcf7-text wpcf7-validates-as-required\" autocomplete=\"name\" aria-required=\"true\" aria-invalid=\"false\" placeholder=\"Pr\u00e9nom*\" value=\"\" type=\"text\" name=\"your-name\" \/><\/span> <\/label>\n\t<\/p>\n\t<p class=\"col col50 full\"><label><span class=\"wpcf7-form-control-wrap\" data-name=\"your-name-last\"><input size=\"40\" maxlength=\"400\" class=\"wpcf7-form-control wpcf7-text wpcf7-validates-as-required\" autocomplete=\"name\" aria-required=\"true\" aria-invalid=\"false\" placeholder=\"Nom de famille*\" value=\"\" type=\"text\" name=\"your-name-last\" \/><\/span> <\/label>\n\t<\/p>\n<\/div>\n<div class=\"row\">\n\t<p class=\"col col50 full\"><label><span class=\"wpcf7-form-control-wrap\" data-name=\"your-email\"><input size=\"40\" maxlength=\"400\" class=\"wpcf7-form-control wpcf7-email wpcf7-validates-as-required wpcf7-text wpcf7-validates-as-email\" autocomplete=\"email\" aria-required=\"true\" aria-invalid=\"false\" placeholder=\"Courriel*\" value=\"\" type=\"email\" name=\"your-email\" \/><\/span> <\/label>\n\t<\/p>\n\t<p class=\"col col50 full\"><label><span class=\"wpcf7-form-control-wrap\" data-name=\"your-phone\"><input size=\"40\" maxlength=\"400\" class=\"wpcf7-form-control wpcf7-tel wpcf7-text wpcf7-validates-as-tel\" autocomplete=\"phone\" aria-invalid=\"false\" placeholder=\"T\u00e9l\u00e9phone\" value=\"\" type=\"tel\" name=\"your-phone\" \/><\/span> <\/label>\n\t<\/p>\n<\/div>\n<div class=\"row\">\n\t<p class=\"col col50 full\"><label><span class=\"wpcf7-form-control-wrap\" data-name=\"your-date\"><input size=\"40\" maxlength=\"400\" class=\"wpcf7-form-control wpcf7-text\" autocomplete=\"email\" aria-invalid=\"false\" placeholder=\"Date\" value=\"\" type=\"text\" name=\"your-date\" \/><\/span> <\/label>\n\t<\/p>\n\t<p class=\"col col50 full\"><label><span class=\"wpcf7-form-control-wrap\" data-name=\"your-inquiry-type\"><select class=\"wpcf7-form-control wpcf7-select\" aria-invalid=\"false\" name=\"your-inquiry-type\"><option value=\"Inquiry type\">Type d'enqu\u00eate<\/option><option value=\"Proposal\">Proposition<\/option><option value=\"Elopement\">Fugue<\/option><option value=\"Hotel Room D\u00e9cor\">D\u00e9coration des chambres d'h\u00f4tel<\/option><option value=\"Picnic\">Pique-nique<\/option><option value=\"D\u00e9cor Rental \/ Trade\">Location de d\u00e9cors \/ commerce<\/option><option value=\"Press\">Presse<\/option><option value=\"Other\">Autres<\/option><\/select><\/span><\/label>\n\t<\/p>\n<\/div>\n<p class=\"full pt-30\"><label for=\"your-message\">Veuillez nous en dire plus sur votre \u00e9v\u00e9nement.<\/label><span class=\"wpcf7-form-control-wrap\" data-name=\"your-message\"><textarea cols=\"40\" rows=\"10\" maxlength=\"2000\" class=\"wpcf7-form-control wpcf7-textarea\" id=\"your-message\" aria-invalid=\"false\" name=\"your-message\"><\/textarea><\/span>\n<\/p>\n<p><div class=\"cf7-cf-turnstile\" style=\"margin-top: 0px; margin-bottom: -15px;\"> <div id=\"cf-turnstile-cf7-3327334861\" class=\"cf-turnstile\" data-sitekey=\"0x4AAAAAABAU3mXJZa-u9bqk\" data-theme=\"light\" data-language=\"auto\" data-size=\"normal\" data-retry=\"auto\" data-retry-interval=\"1000\" data-refresh-expired=\"auto\" data-refresh-timeout=\"auto\" data-action=\"contact-form-7\" data-callback=\"turnstileCF7Callback\" data-appearance=\"always\"><\/div> <script>document.addEventListener(\"DOMContentLoaded\", function() { setTimeout(function(){ var e=document.getElementById(\"cf-turnstile-cf7-3327334861\"); if(e&&!e.innerHTML.trim()){turnstile.render(e, {sitekey:\"0x4AAAAAABAU3mXJZa-u9bqk\"});} }, 200); });<\/script> <br class=\"cf-turnstile-br cf-turnstile-br-cf7-3327334861\"> <style>#cf-turnstile-cf7-3327334861 { margin-left: -15px; }<\/style> <script>document.addEventListener(\"DOMContentLoaded\",function(){document.querySelectorAll('.wpcf7-form').forEach(function(e){e.addEventListener('submit',function(){if(document.getElementById('cf-turnstile-cf7-3327334861')){setTimeout(function(){turnstile.reset('#cf-turnstile-cf7-3327334861');},1000)}})})});<\/script> <\/div>\n<\/p>\n<p class=\"text-center pt-0\"><input class=\"wpcf7-form-control wpcf7-submit has-spinner wp-block-button__link\" type=\"submit\" value=\"Prendre contact\" \/>\n<\/p><div class=\"wpcf7-response-output\" aria-hidden=\"true\"><\/div>\n<input type=\"hidden\" name=\"trp-form-language\" value=\"fr\"\/><\/form>\n<\/div>\n<\/div>\n\n\n\n<p class=\"has-small-font-size\">Nous n'utilisons vos coordonn\u00e9es que pour r\u00e9pondre \u00e0 votre message. Voir notre&nbsp;<a href=\"https:\/\/translate.eventsinparis.com\/fr\/privacy-policy\/\" data-type=\"page\" data-id=\"7655\">Politique de confidentialit\u00e9<\/a>.<\/p>\n\n\n\n<p class=\"has-small-font-size\">Les informations recueillies servent uniquement \u00e0 r\u00e9pondre \u00e0 votre demande. Consultez notre&nbsp;<a href=\"https:\/\/translate.eventsinparis.com\/fr\/privacy-policy\/\" data-type=\"page\" data-id=\"7655\">Politique de confidentialit\u00e9<\/a>.<\/p>\n\n\n\n<hr class=\"wp-block-separator has-alpha-channel-opacity\"\/>\n\n\n\n<p><strong>Organisateurs, h\u00f4tels et photographes<\/strong><\/p>\n\n\n\n<p>Pour la location de d\u00e9cors, la conception florale et l'aide \u00e0 l'installation, envoyez-nous un courriel en pr\u00e9cisant la date, le lieu et ce dont vous avez besoin.<\/p>\n\n\n\n<div class=\"wp-block-buttons is-layout-flex wp-block-buttons-is-layout-flex\">\n<div class=\"wp-block-button has-custom-width wp-block-button__width-100\"><a class=\"wp-block-button__link wp-element-button\" href=\"mailto:contact@eventsinparis.com\">Demander un catalogue de services et de locations<\/a><\/div>\n<\/div>\n<\/div><\/div>\n\n\n\n<section class=\"wp-block-group alignfull mt-0 mb-0 sec sec-faq full-width has-background-color has-primary-background-color has-text-color has-background has-link-color wp-elements-18cc14a3d785559ca1f015b0509d2d85\" id=\"faq\"><div class=\"wp-block-group__inner-container is-layout-constrained wp-block-group-is-layout-constrained\">\n<h2 class=\"wp-block-heading  mb-10\">FAQ<\/h2>\n\n\n<div id=\"rank-math-faq\" class=\"rank-math-block\">\n<div class=\"rank-math-list\">\n<div id=\"faq-question-1774352837439\" class=\"rank-math-list-item\">\n<h3 class=\"rank-math-question\">A quelle vitesse r\u00e9agissez-vous ?<\/h3>\n<div class=\"rank-math-answer\">\n\n<p>Nous r\u00e9pondons tous les jours, y compris les week-ends et les jours f\u00e9ri\u00e9s. Jamais plus de 8 heures.<\/p>\n\n<\/div>\n<\/div>\n<div id=\"faq-question-1774357010390\" class=\"rank-math-list-item\">\n<h3 class=\"rank-math-question\">Je n'utilise pas WhatsApp. Comment puis-je vous joindre ?<\/h3>\n<div class=\"rank-math-answer\">\n\n<p>Courriel <a href=\"mailto:contact@eventsinparis.com\">contact@eventsinparis.com<\/a> avec vos dates et ce que vous pr\u00e9voyez.<\/p>\n\n<\/div>\n<\/div>\n<div id=\"faq-question-1774357021094\" class=\"rank-math-list-item\">\n<h3 class=\"rank-math-question\">Je suis un organisateur ou un h\u00f4tel. Comment pouvons-nous travailler ensemble ?<\/h3>\n<div class=\"rank-math-answer\">\n\n<p><a href=\"mailto:contact@eventsinparis.com\" data-type=\"mailto\" data-id=\"mailto:contact@eventsinparis.com\">Courriel<\/a> en pr\u00e9cisant votre r\u00f4le, le lieu et la date de l'\u00e9v\u00e9nement. Vous pouvez \u00e9galement consulter notre page sur les services aux vendeurs.<\/p>\n\n<\/div>\n<\/div>\n<\/div>\n<\/div><\/div><\/section>","protected":false},"excerpt":{"rendered":"<p>Contact Events in Paris WhatsApp Tell us your date and what you&#8217;re thinking \u2014 we&#8217;ll send pricing and availability. +33 6 50 35 40 83 Email Send us your date and what you&#8217;re planning. contact@eventsinparis.com Already booked and need urgent help today? Call us directly for timing changes, vendor delays, or anything day-of. Emergency Hotline [&hellip;]<\/p>\n","protected":false},"author":8,"featured_media":0,"parent":0,"menu_order":0,"comment_status":"closed","ping_status":"closed","template":"","meta":{"_acf_changed":false,"inline_featured_image":false,"footnotes":""},"class_list":["post-6287","page","type-page","status-publish","hentry"],"acf":[],"_links":{"self":[{"href":"https:\/\/translate.eventsinparis.com\/fr\/wp-json\/wp\/v2\/pages\/6287","targetHints":{"allow":["GET"]}}],"collection":[{"href":"https:\/\/translate.eventsinparis.com\/fr\/wp-json\/wp\/v2\/pages"}],"about":[{"href":"https:\/\/translate.eventsinparis.com\/fr\/wp-json\/wp\/v2\/types\/page"}],"author":[{"embeddable":true,"href":"https:\/\/translate.eventsinparis.com\/fr\/wp-json\/wp\/v2\/users\/8"}],"replies":[{"embeddable":true,"href":"https:\/\/translate.eventsinparis.com\/fr\/wp-json\/wp\/v2\/comments?post=6287"}],"version-history":[{"count":0,"href":"https:\/\/translate.eventsinparis.com\/fr\/wp-json\/wp\/v2\/pages\/6287\/revisions"}],"wp:attachment":[{"href":"https:\/\/translate.eventsinparis.com\/fr\/wp-json\/wp\/v2\/media?parent=6287"}],"curies":[{"name":"wp","href":"https:\/\/api.w.org\/{rel}","templated":true}]}}