{"id":17,"date":"2026-03-13T11:01:00","date_gmt":"2026-03-13T11:01:00","guid":{"rendered":"https:\/\/eventsinparis.com\/?page_id=17"},"modified":"2026-03-30T11:43:20","modified_gmt":"2026-03-30T10:43:20","slug":"about","status":"publish","type":"page","link":"https:\/\/translate.eventsinparis.com\/fr\/about\/","title":{"rendered":"A propos de"},"content":{"rendered":"<div class=\"wp-block-group alignfull mt-0 mb-0 section-header-outer full-width pl-0 pr-0 has-background-background-color has-background\"><div class=\"wp-block-group__inner-container is-layout-constrained wp-block-group-is-layout-constrained\">\n<div class=\"wp-block-group alignfull mt-0 mb-0 sec section-header full-width\"><div class=\"wp-block-group__inner-container is-layout-constrained wp-block-group-is-layout-constrained\">\n<h1 class=\"wp-block-heading alignwide has-text-align-left ml-0 mb-10 fadeInDown has-primary-color has-text-color has-link-color wp-elements-ca0cbad65111ef8c1c6ed06142db2958\" style=\"text-transform:uppercase\">\u00c0 propos des \u00e9v\u00e9nements \u00e0 Paris<\/h1>\n\n\n\n<p class=\"has-text-align-left ml-0 mt-0 mb-5 fadeInDown has-primary-color has-text-color has-link-color has-normal-font-size wp-elements-aed5f597439bbf82bf1c4c05acc8003d\">Forfaits de demande en mariage et de fugue \u00e0 Paris pour les couples internationaux<\/p>\n<\/div><\/div>\n<\/div><\/div>\n\n\n\n<section class=\"wp-block-group alignfull mt-0 mb-0 sec full-width z-index-9 has-background-color has-primary-background-color has-text-color has-background has-link-color wp-elements-58f712201939d73057dad42f0992ede8\" id=\"intro\"><div class=\"wp-block-group__inner-container is-layout-constrained wp-block-group-is-layout-constrained\">\n<h2 class=\"wp-block-heading sec-header mb-10 ml-0\">Ce que fait Events in Paris<\/h2>\n\n\n\n<p class=\"ml-0 split-text-lines-animation has-larger-font-size\">Events in Paris propose des forfaits de demande en mariage et de fugue pour les couples internationaux dans les lieux les plus r\u00e9put\u00e9s de la ville.<\/p>\n\n\n\n<div class=\"wp-block-columns gap mt-10 mb-0 is-layout-flex wp-container-core-columns-is-layout-9d6595d7 wp-block-columns-is-layout-flex\">\n<div class=\"wp-block-column is-layout-flow wp-block-column-is-layout-flow\">\n<p>Nous nous occupons de l'installation, de la coordination, de la photographie et du nettoyage sur les toits de la Tour Eiffel, sur un bateau priv\u00e9 sur la Seine et dans certains lieux publics de Paris. Nous proposons \u00e9galement la d\u00e9coration de chambres d'h\u00f4tel, l'organisation de pique-niques, la location de robes de mari\u00e9e et la coordination d'enterrements de vie de jeune fille. <a href=\"https:\/\/translate.eventsinparis.com\/fr\/forfaits-demande-mariage\/\">Paquets de propositions \u00e0 partir de 1 400 euros<\/a>. <a href=\"\/fr\/elopement-in-paris\/\">Forfaits de fugue \u00e0 partir de 2 500 euros<\/a>. Nous vous r\u00e9pondrons avec les prix et les disponibilit\u00e9s, g\u00e9n\u00e9ralement dans l'heure qui suit, et jamais plus de 8 heures.<\/p>\n<\/div>\n\n\n\n<div class=\"wp-block-column is-layout-flow wp-block-column-is-layout-flow\">\n<p>Nous soutenons \u00e9galement nos partenaires commerciaux \u00e0 Paris - planificateurs, h\u00f4tels, photographes, marques et lieux - avec un soutien \u00e0 la production, \u00e0 la location et \u00e0 la conception florale. <a href=\"\/fr\/rentals\/\">Voir services commerciaux \u2192<\/a>.<\/p>\n<\/div>\n<\/div>\n<\/div><\/section>\n\n\n\n<section class=\"wp-block-group alignfull mt-0 mb-0 sec full-width z-index-9 has-primary-color has-background-background-color has-text-color has-background has-link-color wp-elements-b37d948e34d2359227fc09ab4d1d1db6\" id=\"intro\"><div class=\"wp-block-group__inner-container is-layout-constrained wp-block-group-is-layout-constrained\">\n<div class=\"wp-block-columns alignfull gap is-layout-flex wp-container-core-columns-is-layout-9d6595d7 wp-block-columns-is-layout-flex\">\n<div class=\"wp-block-column is-layout-flow wp-block-column-is-layout-flow\">\n<h2 class=\"wp-block-heading sec-header mb-10 ml-0\">Qui g\u00e8re les \u00e9v\u00e9nements \u00e0 Paris<\/h2>\n\n\n\n<p class=\"ml-0 split-text-lines-animation has-larger-font-size\">Paula dirige les op\u00e9rations de Events in Paris - de la premi\u00e8re demande \u00e0 la coordination sur place le jour m\u00eame.<\/p>\n<\/div>\n\n\n\n<div class=\"wp-block-column is-layout-flow wp-block-column-is-layout-flow\">\n<p class=\"split-text-lines-animation\">Elle g\u00e8re les demandes de renseignements, la logistique et les relations avec les partenaires commerciaux, et elle est sur place lorsque c'est important.<\/p>\n\n\n\n<p class=\"split-text-lines-animation\">Elle parle l'anglais, l'espagnol, le fran\u00e7ais et le mandarin avanc\u00e9, ce qui lui permet de travailler directement avec des couples et des partenaires commerciaux chinois sans traducteur. Avant Paris, elle a v\u00e9cu et travaill\u00e9 en Espagne, en Chine, en Cor\u00e9e du Sud, en Allemagne et aux \u00c9tats-Unis. Elle travaille \u00e0 travers les fuseaux horaires, lit rapidement les clients internationaux et respecte ce qu'elle dit.<\/p>\n\n\n\n<p class=\"split-text-lines-animation\">Vincent Lillo a fond\u00e9 Events in Paris. Il a construit la soci\u00e9t\u00e9 autour d'une id\u00e9e : les couples internationaux qui c\u00e9l\u00e8brent \u00e0 Paris devraient obtenir des prix transparents, une communication rapide, et une organisation qui se d\u00e9roule sans probl\u00e8me - sans avoir \u00e0 payer le prix d'un organisateur de luxe. Vincent s'occupe de la direction strat\u00e9gique, des partenariats et des demandes de presse.<\/p>\n<\/div>\n\n\n\n<div class=\"wp-block-column is-layout-flow wp-block-column-is-layout-flow\">\n<figure class=\"wp-block-image size-large mt-0 mb-0\"><img decoding=\"async\" width=\"819\" height=\"1024\" src=\"https:\/\/translate.eventsinparis.com\/wp-content\/uploads\/2026\/02\/paula-event-planner-paris-819x1024.webp\" alt=\"Paula, responsable des op\u00e9rations chez Events in Paris, soci\u00e9t\u00e9 de coordination des demandes en mariage et des fian\u00e7ailles bas\u00e9e \u00e0 Paris.\" class=\"wp-image-7135\" srcset=\"https:\/\/translate.eventsinparis.com\/wp-content\/uploads\/2026\/02\/paula-event-planner-paris-819x1024.webp 819w, https:\/\/translate.eventsinparis.com\/wp-content\/uploads\/2026\/02\/paula-event-planner-paris-240x300.webp 240w, https:\/\/translate.eventsinparis.com\/wp-content\/uploads\/2026\/02\/paula-event-planner-paris-768x960.webp 768w, https:\/\/translate.eventsinparis.com\/wp-content\/uploads\/2026\/02\/paula-event-planner-paris-600x750.webp 600w, https:\/\/translate.eventsinparis.com\/wp-content\/uploads\/2026\/02\/paula-event-planner-paris.webp 1120w\" sizes=\"(max-width: 819px) 100vw, 819px\" \/><figcaption class=\"wp-element-caption\">Paula, responsable des op\u00e9rations chez Events in Paris. Elle parle anglais, espagnol, fran\u00e7ais et mandarin.<\/figcaption><\/figure>\n<\/div>\n<\/div>\n<\/div><\/section>\n\n\n\n<section class=\"wp-block-group alignfull mt-0 mb-0 pt-0  full-width pl-0 pr-0 has-primary-background-color has-background\" id=\"review\"><div class=\"wp-block-group__inner-container is-layout-constrained wp-block-group-is-layout-constrained\">\n<div class=\"wp-block-group alignfull mb-0 mt-0 sec sec-signature-service is-connecting-sec has-background-color has-primary-background-color has-text-color has-background has-link-color wp-elements-cc2ef968d3ec7cf216b1ecf81d453b20\"><div class=\"wp-block-group__inner-container is-layout-constrained wp-block-group-is-layout-constrained\">\n<h2 class=\"wp-block-heading alignwide has-text-align-center scramble-text\">Ce que disent les clients<\/h2>\n\n\n\n<p class=\"has-text-align-center container-xs\">Events in Paris est not\u00e9 cinq \u00e9toiles sur Google par les clients qui ont r\u00e9serv\u00e9 des forfaits pour les demandes en mariage et les fian\u00e7ailles.<\/p>\n<\/div><\/div>\n\n\n\n<div class=\"wp-block-group alignfull mt-0 mb-0 signature-service-items full-width pl-0 pr-0 has-background-color has-primary-background-color has-text-color has-background has-link-color wp-elements-f8dc939a8680721db82130ecca4eaf3c\"><div class=\"wp-block-group__inner-container is-layout-constrained wp-block-group-is-layout-constrained\">\n<div class=\"wp-block-group alignfull mt-0 mb-0 sec signature-service-item odd full-width  has-primary-background-color has-background\"><div class=\"wp-block-group__inner-container is-layout-constrained wp-block-group-is-layout-constrained\">\n<div class=\"wp-block-group alignfull mt-0 mb-0\"><div class=\"wp-block-group__inner-container is-layout-constrained wp-block-group-is-layout-constrained\">\n<div class=\"wp-block-group alignwide mt-0 mb-0 service-row is-nowrap is-layout-flex wp-container-core-group-is-layout-64989fb1 wp-block-group-is-layout-flex\">\n<p class=\"counter\">01<\/p>\n\n\n\n<div class=\"wp-block-group mt-0 mb-0 content\"><div class=\"wp-block-group__inner-container is-layout-constrained wp-block-group-is-layout-constrained\">\n<blockquote class=\"wp-block-quote v2 is-layout-flow wp-block-quote-is-layout-flow\">\n<p>\u2018En r\u00e9servant depuis le Canada et en ne sachant pas \u00e0 qui j'avais affaire, j'ai fait totalement confiance \u00e0 l'\u00e9quipe. Professionnelle, ponctuelle et claire du d\u00e9but \u00e0 la fin.\u2019<\/p>\n<cite><strong>Diego M., novembre 2025<\/strong> (extrait \u00e9dit\u00e9)<br>Proposition - Planifi\u00e9e depuis le Canada<br><a href=\"https:\/\/maps.app.goo.gl\/GoAsfE7mUAdMDi9KA\" target=\"_blank\" data-type=\"link\" data-id=\"https:\/\/maps.app.goo.gl\/GoAsfE7mUAdMDi9KA\" rel=\"noreferrer noopener\">Lire l'avis complet sur Google \u00bb<\/a><\/cite><\/blockquote>\n<\/div><\/div>\n<\/div>\n<\/div><\/div>\n<\/div><\/div>\n\n\n\n<div class=\"wp-block-group alignfull mt-0 mb-0 sec signature-service-item odd full-width  has-primary-background-color has-background\"><div class=\"wp-block-group__inner-container is-layout-constrained wp-block-group-is-layout-constrained\">\n<div class=\"wp-block-group alignfull mt-0 mb-0\"><div class=\"wp-block-group__inner-container is-layout-constrained wp-block-group-is-layout-constrained\">\n<div class=\"wp-block-group alignwide mt-0 mb-0 service-row is-nowrap is-layout-flex wp-container-core-group-is-layout-64989fb1 wp-block-group-is-layout-flex\">\n<p class=\"counter\">02<\/p>\n\n\n\n<div class=\"wp-block-group mt-0 mb-0 content\"><div class=\"wp-block-group__inner-container is-layout-constrained wp-block-group-is-layout-constrained\">\n<blockquote class=\"wp-block-quote v2 is-layout-flow wp-block-quote-is-layout-flow\">\n<p>\u2018Paula a tout organis\u00e9 - la communication, la coordination, la mise en place le jour m\u00eame. C'\u00e9tait encore plus beau que ce que j'avais imagin\u00e9. Toute l'\u00e9quipe a fait en sorte que ce qui aurait pu \u00eatre stressant soit compl\u00e8tement g\u00e9r\u00e9.\u2019<\/p>\n<cite>Mustafa S., mars 2026 (extrait \u00e9dit\u00e9)<br>Proposition - Paula a coordonn\u00e9 - Juliana a photographi\u00e9<br><a href=\"https:\/\/maps.app.goo.gl\/Apn8ostw1FEf24zF9\" target=\"_blank\" data-type=\"link\" data-id=\"https:\/\/maps.app.goo.gl\/iA7Ue5ybK9Ypo4af6\" rel=\"noreferrer noopener\">Lire l'avis complet sur Google \u00bb<\/a><\/cite><\/blockquote>\n<\/div><\/div>\n<\/div>\n<\/div><\/div>\n<\/div><\/div>\n\n\n\n<div class=\"wp-block-group alignfull mt-0 mb-0 sec signature-service-item odd full-width  has-primary-background-color has-background\"><div class=\"wp-block-group__inner-container is-layout-constrained wp-block-group-is-layout-constrained\">\n<div class=\"wp-block-group alignfull mt-0 mb-0\"><div class=\"wp-block-group__inner-container is-layout-constrained wp-block-group-is-layout-constrained\">\n<div class=\"wp-block-group alignwide mt-0 mb-0 service-row is-nowrap is-layout-flex wp-container-core-group-is-layout-64989fb1 wp-block-group-is-layout-flex\">\n<p class=\"counter\">03<\/p>\n\n\n\n<div class=\"wp-block-group mt-0 mb-0 content\"><div class=\"wp-block-group__inner-container is-layout-constrained wp-block-group-is-layout-constrained\">\n<blockquote class=\"wp-block-quote v2 is-layout-flow wp-block-quote-is-layout-flow\">\n<p>\u2018Vincent et moi avons discut\u00e9 des d\u00e9tails, de la fa\u00e7on dont je voulais montrer mon amour \u00e0 ma \u201cnouvelle\u201d fianc\u00e9e. L'\u00e9quipe s'est occup\u00e9e de tout le jour J. Je les recommande.\u2019<\/p>\n<cite>Kiel S., janvier 2026 (extrait \u00e9dit\u00e9)<br>Proposition de toit - Planifi\u00e9 depuis les \u00c9tats-Unis<br><a href=\"https:\/\/maps.app.goo.gl\/Hgq5o8kNMtG6NW4v5\" data-type=\"link\" data-id=\"https:\/\/maps.app.goo.gl\/Hgq5o8kNMtG6NW4v5\" target=\"_blank\" rel=\"noopener\">Lire l'avis complet sur Google \u00bb<\/a><\/cite><\/blockquote>\n\n\n\n<div class=\"wp-block-buttons is-layout-flex wp-block-buttons-is-layout-flex\">\n<div class=\"wp-block-button\"><a class=\"wp-block-button__link has-primary-color has-background-background-color has-text-color has-background has-link-color wp-element-button\" href=\"https:\/\/translate.eventsinparis.com\/fr\/reviews\/\"><strong>Lire d'autres commentaires<\/strong><\/a><\/div>\n<\/div>\n<\/div><\/div>\n<\/div>\n<\/div><\/div>\n<\/div><\/div>\n<\/div><\/div>\n<\/div><\/section>\n\n\n\n<section class=\"wp-block-group alignfull mt-0 mb-0 sec full-width z-index-9 has-primary-color has-background-background-color has-text-color has-background has-link-color wp-elements-99f05b8ae3dd9e0f8043a5cac88cdfc7\" id=\"company\"><div class=\"wp-block-group__inner-container is-layout-constrained wp-block-group-is-layout-constrained\">\n<p><strong>\u00c9v\u00e9nements \u00e0 Paris<\/strong> est un nom commercial de <strong>D\u00e9cor et accessoires de Paris<\/strong> - SIRET 918 659 301 00017<\/p>\n\n\n\n<p><strong>Zone de service :<\/strong> Paris, \u00cele-de-France, France<\/p>\n\n\n\n<p><strong>Contact : <\/strong><a href=\"tel:+33650354083\" data-type=\"tel\" data-id=\"tel:+33650354083\">+33 6 50 35 40 83<\/a> \u00b7 <a href=\"mailto:contact@eventsinparis.com\">contact@eventsinparis.com<\/a><\/p>\n\n\n\n<p>eventsinparis.com<\/p>\n<\/div><\/section>\n\n\n\n<section class=\"wp-block-cover alignfull mt-0 mb-0 sec sec-cta bg-fixed z-index-9\" style=\"min-height:800px;aspect-ratio:unset;\" id=\"cta\"><span aria-hidden=\"true\" class=\"wp-block-cover__background has-primary-background-color has-background-dim-100 has-background-dim\"><\/span><div class=\"wp-block-cover__inner-container is-layout-flow wp-block-cover-is-layout-flow\">\n<h2 class=\"wp-block-heading has-text-align-center  heading-size-2 mb-40\">Vous avez une date en t\u00eate ?<\/h2>\n\n\n\n<p class=\"has-text-align-center container-xs\">Dites-nous quelle est votre date et ce que vous pensez - nous reviendrons rapidement avec des prix et des disponibilit\u00e9s.<\/p>\n\n\n\n<div class=\"wp-block-buttons is-content-justification-center is-layout-flex wp-container-core-buttons-is-layout-16018d1d wp-block-buttons-is-layout-flex\">\n<div class=\"wp-block-button\"><a class=\"wp-block-button__link has-primary-color has-text-color has-background has-link-color wp-element-button\" href=\"https:\/\/api.whatsapp.com\/send?phone=33650354083\" style=\"background-color:#f0ff3d\" target=\"_blank\" rel=\"noreferrer noopener\">WhatsApp<\/a><\/div>\n\n\n\n<div class=\"wp-block-button cta\"><a class=\"wp-block-button__link wp-element-button\" href=\"https:\/\/translate.eventsinparis.com\/fr\/contact\/\">Utiliser le formulaire de contact<\/a><\/div>\n<\/div>\n<\/div><\/section>","protected":false},"excerpt":{"rendered":"<p>About Events in Paris Proposal and elopement packages in Paris for international couples What Events in Paris does Events in Paris runs proposal and elopement packages for international couples at the city&#8217;s most recognized locations. We handle setup, coordination, photography, and cleanup at Eiffel Tower-view rooftops, on a private boat on the Seine, and at [&hellip;]<\/p>\n","protected":false},"author":8,"featured_media":0,"parent":0,"menu_order":0,"comment_status":"closed","ping_status":"closed","template":"","meta":{"_acf_changed":false,"inline_featured_image":false,"footnotes":""},"class_list":["post-17","page","type-page","status-publish","hentry"],"acf":[],"_links":{"self":[{"href":"https:\/\/translate.eventsinparis.com\/fr\/wp-json\/wp\/v2\/pages\/17","targetHints":{"allow":["GET"]}}],"collection":[{"href":"https:\/\/translate.eventsinparis.com\/fr\/wp-json\/wp\/v2\/pages"}],"about":[{"href":"https:\/\/translate.eventsinparis.com\/fr\/wp-json\/wp\/v2\/types\/page"}],"author":[{"embeddable":true,"href":"https:\/\/translate.eventsinparis.com\/fr\/wp-json\/wp\/v2\/users\/8"}],"replies":[{"embeddable":true,"href":"https:\/\/translate.eventsinparis.com\/fr\/wp-json\/wp\/v2\/comments?post=17"}],"version-history":[{"count":0,"href":"https:\/\/translate.eventsinparis.com\/fr\/wp-json\/wp\/v2\/pages\/17\/revisions"}],"wp:attachment":[{"href":"https:\/\/translate.eventsinparis.com\/fr\/wp-json\/wp\/v2\/media?parent=17"}],"curies":[{"name":"wp","href":"https:\/\/api.w.org\/{rel}","templated":true}]}}