{"id":8984,"date":"2026-03-25T19:11:19","date_gmt":"2026-03-25T18:11:19","guid":{"rendered":"https:\/\/eventsinparis.com\/?page_id=8984"},"modified":"2026-05-01T15:27:22","modified_gmt":"2026-05-01T14:27:22","slug":"shangri-la-hotel-rooftop","status":"publish","type":"page","link":"https:\/\/translate.eventsinparis.com\/es\/paris-proposal-packages\/shangri-la-hotel-rooftop\/","title":{"rendered":"Propuesta del Shangri-La Par\u00eds"},"content":{"rendered":"<header class=\"wp-block-group alignfull mt-0 mb-0 pt-0 pb-0 section-header-outer full-width pl-0 pr-0 has-background-background-color has-background\" id=\"hero\"><div class=\"wp-block-group__inner-container is-layout-constrained wp-block-group-is-layout-constrained\">\n<div class=\"wp-block-group alignfull mt-0 mb-0 sec section-header full-width\"><div class=\"wp-block-group__inner-container is-layout-constrained wp-block-group-is-layout-constrained\">\n<h1 class=\"wp-block-heading alignwide has-text-align-left ml-0 mb-10 has-primary-color has-text-color has-link-color wp-elements-9c3c1375bf37a3b0d1133c50ccc10120\" style=\"text-transform:uppercase\">Propuesta Shangri-La Par\u00eds: lo que hay que saber antes de hacer planes<\/h1>\n<\/div><\/div>\n<\/div><\/header>\n\n\n<figure class=\"alignfull mt-0 mb-0 bg-fixed wp-block-post-featured-image\"><img decoding=\"async\" width=\"1200\" height=\"800\" src=\"https:\/\/translate.eventsinparis.com\/wp-content\/uploads\/2024\/06\/Shangri-La-Paris-Marriage-Proposal-Packages.jpg\" class=\"attachment-post-thumbnail size-post-thumbnail wp-post-image\" alt=\"Shangri-La Paris Paquetes de propuestas con vistas a la Torre Eiffel\" style=\"object-fit:cover;\" srcset=\"https:\/\/translate.eventsinparis.com\/wp-content\/uploads\/2024\/06\/Shangri-La-Paris-Marriage-Proposal-Packages.jpg 1200w, https:\/\/translate.eventsinparis.com\/wp-content\/uploads\/2024\/06\/Shangri-La-Paris-Marriage-Proposal-Packages-600x400.jpg 600w, https:\/\/translate.eventsinparis.com\/wp-content\/uploads\/2024\/06\/Shangri-La-Paris-Marriage-Proposal-Packages-300x200.jpg 300w, https:\/\/translate.eventsinparis.com\/wp-content\/uploads\/2024\/06\/Shangri-La-Paris-Marriage-Proposal-Packages-1024x683.jpg 1024w, https:\/\/translate.eventsinparis.com\/wp-content\/uploads\/2024\/06\/Shangri-La-Paris-Marriage-Proposal-Packages-768x512.jpg 768w\" sizes=\"(max-width: 1200px) 100vw, 1200px\" \/><\/figure>\n\n\n<section class=\"wp-block-group alignfull mt-0 mb-0 sec full-width has-background-background-color has-background\" id=\"intro\"><div class=\"wp-block-group__inner-container is-layout-constrained wp-block-group-is-layout-constrained\">\n<p>\u00bfEst\u00e1 pensando en pedir matrimonio en el Shangri-La Paris? Para pedir matrimonio aqu\u00ed hay que reservar una suite en la terraza de la Torre Eiffel para pasar la noche; no se alquilan franjas horarias como en la Mesa Secreta de la Pen\u00ednsula. Esto significa que el coste de la suite por s\u00ed solo supera los 4.000 euros por noche antes de a\u00f1adir la decoraci\u00f3n, la fotograf\u00eda o la planificaci\u00f3n. Se trata de un servicio completo de planificaci\u00f3n.<\/p>\n\n\n\n<p>Events in Paris conoce bien este lugar y puede ayudarle de dos maneras: preparamos la decoraci\u00f3n de la habitaci\u00f3n del hotel en la suite (una sorpresa mientras la pareja est\u00e1 fuera), y podemos ponerle en contacto con planificadores de servicios completos de habla inglesa con experiencia en Par\u00eds que se ocupan de las propuestas del Shangri-La con regularidad. Empiece con nosotros, podemos indicarle el camino.<\/p>\n<\/div><\/section>\n\n\n\n<section class=\"wp-block-group alignfull mt-0 mb-0 sec full-width sec-services has-background-color has-primary-background-color has-text-color has-background has-link-color wp-elements-ec591ac2f38bd383f73cf7221dd2b35c\"><div class=\"wp-block-group__inner-container is-layout-constrained wp-block-group-is-layout-constrained\">\n<h2 class=\"wp-block-heading\">\u00bfQu\u00e9 hace que el Shangri-La Paris sea el lugar m\u00e1s rom\u00e1ntico de Par\u00eds para proponer matrimonio?<\/h2>\n\n\n\n<p>El Shangri-La ofrece las vistas m\u00e1s \u00edntimas de la Torre Eiffel que cualquier otra azotea de Par\u00eds y, por extensi\u00f3n, de cualquier otro lugar. Ninguna otra terraza se le acerca.<\/p>\n\n\n\n<p>La distancia a la Torre es la correcta. No tan cerca que llene el encuadre inc\u00f3modamente (como el Pullman), ni tan lejos que se convierta en un tel\u00f3n de fondo. La Torre est\u00e1 ah\u00ed, delante y en el centro, a una distancia que te permite asimilarlo todo.<\/p>\n\n\n\n<p>La experiencia comienza antes de llegar a la terraza. Se entra en la apartada entrada del hotel, en la avenida d'I\u00e9na, es recibido por los aparcacoches y se accede a un vest\u00edbulo que parece una residencia privada parisina, no un hotel. El personal sabe lo que hace. El ambiente palaciego es inmediato.<\/p>\n\n\n\n<p>Entonces ya est\u00e1 en su propia suite. Eso es lo que diferencia fundamentalmente al Shangri-La de otros lugares para proponer matrimonio: ya est\u00e1 en casa para pasar la noche. Puede preparar la terraza con flores y velas, cenar en privado en su propia terraza con vistas a la Torre Eiffel y, cuando acabe la velada, cerrar la puerta. Su cama est\u00e1 a tres segundos de la terraza. Podr\u00e1 contemplar el resplandor de la Torre Eiffel desde su propia habitaci\u00f3n. Sin taxi, sin log\u00edstica, sin hora de salida.<\/p>\n\n\n\n<p>El inventario del hotel con vistas a la Torre Eiffel abarca desde las Terrace Suites y las Duplex Terrace Eiffel View Suites hasta las Signature Suites: La Suite Gustave Eiffel (terraza envolvente, vistas panor\u00e1micas), La Suite Chaillot, La Suite Shangri-La (\u00faltimo piso, terraza de 100 m2) y L'Appartement Prince Bonaparte. Las suites con las terrazas mejor propuestas son la Duplex Terrace Eiffel View Suite y La Suite Gustave Eiffel.<\/p>\n\n\n\n<p>La disponibilidad de las suites, la asignaci\u00f3n de categor\u00edas y las tarifas est\u00e1n controladas por el hotel y cambian con la temporada. Podemos ayudarle a saber qu\u00e9 suite se ajusta a su plan: p\u00f3ngase en contacto con nosotros y le indicaremos la direcci\u00f3n correcta.<\/p>\n<\/div><\/section>\n\n\n\n<section class=\"wp-block-group alignfull mt-0 mb-0 sec full-width has-background-background-color has-background\"><div class=\"wp-block-group__inner-container is-layout-constrained wp-block-group-is-layout-constrained\">\n<h2 class=\"wp-block-heading has-primary-color has-text-color has-link-color wp-elements-54653dc2c428692e86f7a23242035454\">\u00bfCu\u00e1nto cuesta una propuesta de Shangri-La Paris?<\/h2>\n\n\n\n<p>El precio de una suite Terrace con vistas parciales a la Torre Eiffel supera los 4.000 euros por noche, y sube considerablemente en el caso de las suites Duplex Terrace y Signature con vistas directas. Una propuesta completa incluye los honorarios del organizador, la florister\u00eda, la fotograf\u00eda, la m\u00fasica y una cena privada.<\/p>\n\n\n\n<p>En temporada alta (de Navidad a A\u00f1o Nuevo, la Semana de la Moda de Par\u00eds y otras fechas en las que un hotel de este calibre agota sus reservas), la disponibilidad es limitada y las tarifas aumentan. Las Signature Suites (Gustave Eiffel, Shangri-La, Prince Bonaparte) pueden superar los 20.000 \u20ac\/noche en temporada alta.<\/p>\n\n\n\n<p>Un presupuesto realista para una producci\u00f3n completa en el Shangri-La incluye la reserva de la suite (una noche como m\u00ednimo), la coordinaci\u00f3n con el hotel, la instalaci\u00f3n de la decoraci\u00f3n floral en la terraza, la fotograf\u00eda y, opcionalmente, v\u00eddeo, m\u00fasica en directo y cenas privadas. La mayor\u00eda de las producciones en este lugar superan con creces los 10.000 euros.<\/p>\n\n\n\n<p>Se trata de una categor\u00eda distinta de nuestro <a href=\"https:\/\/translate.eventsinparis.com\/es\/paquetes-pedida-de-mano\/\" data-type=\"page\" data-id=\"303\">paquetes de techo a precio fijo<\/a>, a partir de 2.100 euros. Si est\u00e1s comparando los dos, d\u00ednoslo y te explicamos las diferencias.<\/p>\n\n\n\n<p>Para una propuesta global de precios en Par\u00eds, <a href=\"https:\/\/translate.eventsinparis.com\/es\/paris-proposal-cost\/\" data-type=\"page\" data-id=\"8241\">consulte nuestra gu\u00eda de costes de propuestas.<\/a><\/p>\n<\/div><\/section>\n\n\n\n<section class=\"wp-block-group alignfull mt-0 mb-0 sec full-width sec-services has-background-color has-primary-background-color has-text-color has-background has-link-color wp-elements-4ebcae38120c8ce4b9cddad5daca1f3d\"><div class=\"wp-block-group__inner-container is-layout-constrained wp-block-group-is-layout-constrained\">\n<h2 class=\"wp-block-heading\">\u00bfDe qu\u00e9 se encarga Eventos en Par\u00eds en el Shangri-La?<\/h2>\n\n\n\n<p>Events in Paris no gestiona las propuestas de matrimonio en la terraza del Shangri-La, ya que para ello es necesario reservar una suite y disponer de un servicio completo de planificaci\u00f3n. Nos encargamos de la decoraci\u00f3n de la habitaci\u00f3n del hotel: una instalaci\u00f3n sorpresa en la suite mientras la pareja est\u00e1 fuera.<\/p>\n\n\n\n<p>Nuestro servicio de decoraci\u00f3n de habitaciones de hotel funciona en el Shangri-La del mismo modo que en otros hoteles de Par\u00eds. Coordinamos el acceso con el conserje, instalamos la decoraci\u00f3n mientras la pareja est\u00e1 fuera (de compras, cenando, dando un paseo por el Sena) y dejamos la habitaci\u00f3n lista para su regreso. Las opciones van desde arreglos florales de seda y velas hasta letras Marry Me y p\u00e9talos de rosa. Consulte nuestra oferta completa <a href=\"https:\/\/translate.eventsinparis.com\/es\/hotel-room-decor\/\" data-type=\"page\" data-id=\"8717\">opciones de decoraci\u00f3n de habitaciones de hotel y precios.<\/a><\/p>\n\n\n\n<p>Para la propuesta de la terraza en s\u00ed -la florister\u00eda, la fotograf\u00eda, la m\u00fasica, la cena privada y la planificaci\u00f3n de la producci\u00f3n que lo une todo-, un planificador de servicio completo es la opci\u00f3n adecuada. Sabemos qu\u00e9 planificadores trabajan en este lugar y estaremos encantados de ponerte en contacto con ellos. La presentaci\u00f3n es gratuita.<\/p>\n<\/div><\/section>\n\n\n\n<section class=\"wp-block-group alignfull mt-0 mb-0 sec full-width has-background-background-color has-background\"><div class=\"wp-block-group__inner-container is-layout-constrained wp-block-group-is-layout-constrained\">\n<h2 class=\"wp-block-heading has-primary-color has-text-color has-link-color wp-elements-0146a0b0347e7e922fb39cfb08cb31ff\">\u00bfC\u00f3mo empiezo a planificar una propuesta para Shangri-La?<\/h2>\n\n\n\n<p>Empieza con nosotros. Podemos preparar la decoraci\u00f3n de la sala en la suite, ponerte en contacto con un planificador para la producci\u00f3n de la terraza, o ambas cosas.<\/p>\n\n\n\n<p><strong>Si quieres decoraci\u00f3n en la suite:<\/strong><\/p>\n\n\n\n<p>D\u00edganos la fecha, el hotel y lo que tiene pensado. Nos coordinamos directamente con el conserje.<\/p>\n\n\n\n<p><strong>Si necesitas un planificador para la propuesta de terraza:<\/strong><\/p>\n\n\n\n<p>Env\u00edenos su fecha y una idea aproximada del alcance. Le pondremos en contacto con planificadores de habla inglesa con experiencia en Par\u00eds que conocen el Shangri-La.<\/p>\n\n\n\n<p><strong>Si a\u00fan est\u00e1 decidiendo entre el Shangri-La y un paquete de precio fijo:<\/strong><\/p>\n\n\n\n<p>Nuestros paquetes est\u00e1ndar para azoteas en <a href=\"https:\/\/translate.eventsinparis.com\/es\/paquetes-pedida-de-mano\/passy-rooftop\/\" data-type=\"page\" data-id=\"8982\">Passy<\/a> y <a href=\"https:\/\/translate.eventsinparis.com\/es\/paquetes-pedida-de-mano\/copernic-rooftop\/\" data-type=\"page\" data-id=\"8904\">Cop\u00e9rnico<\/a> a partir de 2.100 euros. Nuestros paquetes privados en barco por el Sena cuestan a partir de 1.600 \u20ac. No es necesario reservar una suite ni planificar nada: usted llega y todo est\u00e1 listo. El Shangri-La es una producci\u00f3n diferente a un precio diferente. D\u00edganos qu\u00e9 es lo que m\u00e1s le importa y le presentaremos las opciones.<\/p>\n\n\n\n<p><a href=\"https:\/\/translate.eventsinparis.com\/es\/hotel-room-decor\/\" data-type=\"page\" data-id=\"8717\">Necesito decoraci\u00f3n de habitaciones en el Shangri-La<\/a><\/p>\n\n\n\n<p><a href=\"https:\/\/api.whatsapp.com\/send?phone=33650354083\" target=\"_blank\" data-type=\"link\" data-id=\"https:\/\/api.whatsapp.com\/send?phone=33650354083\" rel=\"noreferrer noopener\">P\u00f3ngame en contacto con un planificador para una propuesta Shangri-La<\/a><\/p>\n\n\n\n<p><em>\u00bfBusca una propuesta con vistas a la Torre Eiffel que pueda reservar directamente? <\/em><a href=\"https:\/\/translate.eventsinparis.com\/es\/paquetes-pedida-de-mano\/\" data-type=\"page\" data-id=\"303\"><em>Ver todos los paquetes <\/em>\u2192<\/a><\/p>\n<\/div><\/section>\n\n\n\n<section class=\"wp-block-group alignfull mt-0 mb-0 sec sec-faq full-width has-background-color has-primary-background-color has-text-color has-background has-link-color wp-elements-906d0b73529bc6923dde4c1e0b4b67cc\" id=\"faq\"><div class=\"wp-block-group__inner-container is-layout-constrained wp-block-group-is-layout-constrained\">\n<h2 class=\"wp-block-heading  mb-10\">Propuesta del Shangri-La Paris FAQ<\/h2>\n\n\n<div id=\"rank-math-faq\" class=\"rank-math-block\">\n<div class=\"rank-math-list\">\n<div id=\"faq-question-1774352837439\" class=\"rank-math-list-item\">\n<h3 class=\"rank-math-question\">\u00bfNecesito reservar una suite para pedir matrimonio en el Shangri-La Paris?<\/h3>\n<div class=\"rank-math-answer\">\n\n<p>S\u00ed, el Shangri-La no alquila el acceso a la terraza por horas ni por franjas horarias. Para pedir matrimonio en una terraza privada que da a la Torre Eiffel, hay que reservar una suite con terraza para esa noche. Esta es una diferencia fundamental con respecto a la Mesa Secreta del Peninsula, donde se puede alquilar el espacio de la azotea sin necesidad de reservar una habitaci\u00f3n. En el Shangri-La, la suite es el lugar de celebraci\u00f3n.<\/p>\n\n<\/div>\n<\/div>\n<div id=\"faq-question-1774462328985\" class=\"rank-math-list-item\">\n<h3 class=\"rank-math-question\">\u00bfCu\u00e1nto cuesta una propuesta de Shangri-La Paris?<\/h3>\n<div class=\"rank-math-answer\">\n\n<p>El precio de una suite Terrace supera los 4.000 euros por noche. Las suites Duplex Terrace y Signature, con vistas directas a la Torre Eiffel, cuestan bastante m\u00e1s, y durante los periodos de mayor afluencia (de Navidad a A\u00f1o Nuevo, la Semana de la Moda de Par\u00eds) las tarifas aumentan y la disponibilidad es limitada. Una producci\u00f3n completa -planificador, florister\u00eda, fotograf\u00eda, m\u00fasica, cena privada- se a\u00f1ade al coste de la suite. La mayor\u00eda de las propuestas de Shangri-La superan con creces los 10.000 euros todo incluido. P\u00f3ngase en contacto con nosotros para obtener un presupuesto realista basado en su fecha y alcance.<\/p>\n\n<\/div>\n<\/div>\n<div id=\"faq-question-1774462340874\" class=\"rank-math-list-item\">\n<h3 class=\"rank-math-question\">\u00bfPuede Events in Paris preparar la decoraci\u00f3n de habitaciones de hotel en el Shangri-La?<\/h3>\n<div class=\"rank-math-answer\">\n\n<p>S\u00ed. Nos coordinamos con el conserje del hotel, instalamos una decoraci\u00f3n sorpresa en la suite mientras la pareja est\u00e1 fuera, y dejamos la habitaci\u00f3n lista para su regreso. Arreglos florales de seda, velas, letras \"C\u00e1sate conmigo\", p\u00e9talos de rosa... consulte todas nuestras opciones de decoraci\u00f3n de habitaciones y precios.<\/p>\n\n<\/div>\n<\/div>\n<div id=\"faq-question-1774462351918\" class=\"rank-math-list-item\">\n<h3 class=\"rank-math-question\">\u00bfEn qu\u00e9 se diferencia una propuesta Shangri-La de sus paquetes est\u00e1ndar para azoteas?<\/h3>\n<div class=\"rank-math-answer\">\n\n<p>Nuestros paquetes para azoteas en Passy y Copernic est\u00e1n totalmente gestionados por Events in Paris: precios fijos a partir de 2.100 \u20ac, inclusiones publicadas, sin reserva de suites, sin necesidad de planificador. Usted se presenta y ya est\u00e1 listo. Una propuesta de Shangri-La requiere reservar una suite (a partir de 4.000 euros\/noche), un planificador con todos los servicios y un presupuesto de producci\u00f3n aparte de la suite. Las experiencias no son comparables ni en alcance ni en coste. Si est\u00e1 sopesando las dos opciones, d\u00edganoslo y le explicaremos las ventajas y desventajas.<\/p>\n\n<\/div>\n<\/div>\n<\/div>\n<\/div><\/div><\/section>\n\n\n\n<section class=\"wp-block-cover alignfull mt-0 mb-0 sec sec-cta bg-fixed z-index-9\" style=\"min-height:800px;aspect-ratio:unset;\" id=\"cta\"><span aria-hidden=\"true\" class=\"wp-block-cover__background has-primary-background-color has-background-dim-100 has-background-dim\"><\/span><div class=\"wp-block-cover__inner-container is-layout-flow wp-block-cover-is-layout-flow\">\n<p class=\"has-text-align-center\">Calificaci\u00f3n de cinco estrellas de Google - <a href=\"https:\/\/translate.eventsinparis.com\/es\/reviews\/\" data-type=\"page\" data-id=\"7736\">Leer todas las opiniones \u2192<\/a><\/p>\n\n\n\n<h2 class=\"wp-block-heading has-text-align-center  heading-size-2 mb-40 mt-0\">D\u00edganos lo que tiene en mente<\/h2>\n\n\n\n<p class=\"has-text-align-center container-xs\">Respondemos en un plazo de 8 horas.<\/p>\n\n\n\n<div class=\"wp-block-buttons is-content-justification-center is-layout-flex wp-container-core-buttons-is-layout-16018d1d wp-block-buttons-is-layout-flex\">\n<div class=\"wp-block-button\"><a class=\"wp-block-button__link has-primary-color has-text-color has-background has-link-color wp-element-button\" href=\"https:\/\/api.whatsapp.com\/send?phone=33650354083\" style=\"background-color:#f0ff3d\" target=\"_blank\" rel=\"noreferrer noopener\">WhatsApp<\/a><\/div>\n\n\n\n<div class=\"wp-block-button cta\"><a class=\"wp-block-button__link wp-element-button\" href=\"https:\/\/translate.eventsinparis.com\/es\/contact\/\">Formulario de contacto<\/a><\/div>\n<\/div>\n<\/div><\/section>","protected":false},"excerpt":{"rendered":"<p>Shangri-La Paris proposal: what to know before you plan Researching a proposal at the Shangri-La Paris? A proposal here requires booking an Eiffel Tower terrace suite for the night \u2014 there is no time-slot rental like the Peninsula\u2019s Secret Table. That means the suite cost alone starts above \u20ac4,000\/night before any d\u00e9cor, photography, or planning [&hellip;]<\/p>\n","protected":false},"author":1,"featured_media":1226,"parent":303,"menu_order":0,"comment_status":"closed","ping_status":"closed","template":"","meta":{"_acf_changed":false,"inline_featured_image":false,"footnotes":""},"class_list":["post-8984","page","type-page","status-publish","has-post-thumbnail","hentry"],"acf":[],"_links":{"self":[{"href":"https:\/\/translate.eventsinparis.com\/es\/wp-json\/wp\/v2\/pages\/8984","targetHints":{"allow":["GET"]}}],"collection":[{"href":"https:\/\/translate.eventsinparis.com\/es\/wp-json\/wp\/v2\/pages"}],"about":[{"href":"https:\/\/translate.eventsinparis.com\/es\/wp-json\/wp\/v2\/types\/page"}],"author":[{"embeddable":true,"href":"https:\/\/translate.eventsinparis.com\/es\/wp-json\/wp\/v2\/users\/1"}],"replies":[{"embeddable":true,"href":"https:\/\/translate.eventsinparis.com\/es\/wp-json\/wp\/v2\/comments?post=8984"}],"version-history":[{"count":1,"href":"https:\/\/translate.eventsinparis.com\/es\/wp-json\/wp\/v2\/pages\/8984\/revisions"}],"predecessor-version":[{"id":9871,"href":"https:\/\/translate.eventsinparis.com\/es\/wp-json\/wp\/v2\/pages\/8984\/revisions\/9871"}],"up":[{"embeddable":true,"href":"https:\/\/translate.eventsinparis.com\/es\/wp-json\/wp\/v2\/pages\/303"}],"wp:featuredmedia":[{"embeddable":true,"href":"https:\/\/translate.eventsinparis.com\/es\/wp-json\/wp\/v2\/media\/1226"}],"wp:attachment":[{"href":"https:\/\/translate.eventsinparis.com\/es\/wp-json\/wp\/v2\/media?parent=8984"}],"curies":[{"name":"wp","href":"https:\/\/api.w.org\/{rel}","templated":true}]}}