{"id":17,"date":"2026-03-13T11:01:00","date_gmt":"2026-03-13T11:01:00","guid":{"rendered":"https:\/\/eventsinparis.com\/?page_id=17"},"modified":"2026-03-30T11:43:20","modified_gmt":"2026-03-30T10:43:20","slug":"about","status":"publish","type":"page","link":"https:\/\/translate.eventsinparis.com\/es\/about\/","title":{"rendered":"Acerca de"},"content":{"rendered":"<div class=\"wp-block-group alignfull mt-0 mb-0 section-header-outer full-width pl-0 pr-0 has-background-background-color has-background\"><div class=\"wp-block-group__inner-container is-layout-constrained wp-block-group-is-layout-constrained\">\n<div class=\"wp-block-group alignfull mt-0 mb-0 sec section-header full-width\"><div class=\"wp-block-group__inner-container is-layout-constrained wp-block-group-is-layout-constrained\">\n<h1 class=\"wp-block-heading alignwide has-text-align-left ml-0 mb-10 fadeInDown has-primary-color has-text-color has-link-color wp-elements-ca0cbad65111ef8c1c6ed06142db2958\" style=\"text-transform:uppercase\">Acerca de los eventos en Par\u00eds<\/h1>\n\n\n\n<p class=\"has-text-align-left ml-0 mt-0 mb-5 fadeInDown has-primary-color has-text-color has-link-color has-normal-font-size wp-elements-aed5f597439bbf82bf1c4c05acc8003d\">Propuestas de matrimonio y escapadas a Par\u00eds para parejas internacionales<\/p>\n<\/div><\/div>\n<\/div><\/div>\n\n\n\n<section class=\"wp-block-group alignfull mt-0 mb-0 sec full-width z-index-9 has-background-color has-primary-background-color has-text-color has-background has-link-color wp-elements-58f712201939d73057dad42f0992ede8\" id=\"intro\"><div class=\"wp-block-group__inner-container is-layout-constrained wp-block-group-is-layout-constrained\">\n<h2 class=\"wp-block-heading sec-header mb-10 ml-0\">Qu\u00e9 hace Events in Paris<\/h2>\n\n\n\n<p class=\"ml-0 split-text-lines-animation has-larger-font-size\">Events in Paris organiza paquetes de pedida de mano y fuga para parejas internacionales en los lugares m\u00e1s emblem\u00e1ticos de la ciudad.<\/p>\n\n\n\n<div class=\"wp-block-columns gap mt-10 mb-0 is-layout-flex wp-container-core-columns-is-layout-9d6595d7 wp-block-columns-is-layout-flex\">\n<div class=\"wp-block-column is-layout-flow wp-block-column-is-layout-flow\">\n<p>Nos encargamos del montaje, la coordinaci\u00f3n, la fotograf\u00eda y la limpieza en azoteas con vistas a la Torre Eiffel, en un barco privado por el Sena y en determinados lugares p\u00fablicos de Par\u00eds. Tambi\u00e9n nos encargamos de la decoraci\u00f3n de habitaciones de hotel, la organizaci\u00f3n de picnics, el alquiler de vestidos de novia y la coordinaci\u00f3n de despedidas de soltera. <a href=\"https:\/\/translate.eventsinparis.com\/es\/paquetes-pedida-de-mano\/\">Paquetes de propuestas a partir de 1.400<\/a>. <a href=\"\/es\/elopement-in-paris\/\">Paquetes de escapada a partir de 2.500<\/a>. Env\u00edenos un WhatsApp o utilice el formulario de contacto: le responderemos con precios y disponibilidad normalmente en menos de una hora, nunca m\u00e1s de 8 horas.<\/p>\n<\/div>\n\n\n\n<div class=\"wp-block-column is-layout-flow wp-block-column-is-layout-flow\">\n<p>Tambi\u00e9n ayudamos a nuestros socios comerciales en Par\u00eds (organizadores, hoteles, fot\u00f3grafos, marcas y lugares de celebraci\u00f3n) con servicios de producci\u00f3n, alquiler y dise\u00f1o floral. <a href=\"\/es\/rentals\/\">V\u00e9anse los servicios comerciales \u2192<\/a>.<\/p>\n<\/div>\n<\/div>\n<\/div><\/section>\n\n\n\n<section class=\"wp-block-group alignfull mt-0 mb-0 sec full-width z-index-9 has-primary-color has-background-background-color has-text-color has-background has-link-color wp-elements-b37d948e34d2359227fc09ab4d1d1db6\" id=\"intro\"><div class=\"wp-block-group__inner-container is-layout-constrained wp-block-group-is-layout-constrained\">\n<div class=\"wp-block-columns alignfull gap is-layout-flex wp-container-core-columns-is-layout-9d6595d7 wp-block-columns-is-layout-flex\">\n<div class=\"wp-block-column is-layout-flow wp-block-column-is-layout-flow\">\n<h2 class=\"wp-block-heading sec-header mb-10 ml-0\">Qui\u00e9n dirige Eventos en Par\u00eds<\/h2>\n\n\n\n<p class=\"ml-0 split-text-lines-animation has-larger-font-size\">Paula dirige las operaciones de Events in Paris, desde la primera consulta hasta la coordinaci\u00f3n in situ ese mismo d\u00eda.<\/p>\n<\/div>\n\n\n\n<div class=\"wp-block-column is-layout-flow wp-block-column-is-layout-flow\">\n<p class=\"split-text-lines-animation\">Gestiona las consultas, la log\u00edstica y las relaciones con los socios comerciales, y est\u00e1 in situ cuando hace falta.<\/p>\n\n\n\n<p class=\"split-text-lines-animation\">Habla ingl\u00e9s, espa\u00f1ol, franc\u00e9s y mandar\u00edn avanzado, lo que le permite trabajar directamente con parejas y socios comerciales de habla china sin necesidad de traductor. Antes de Par\u00eds, vivi\u00f3 y trabaj\u00f3 en Espa\u00f1a, China, Corea del Sur, Alemania y Estados Unidos. Trabaja en todos los husos horarios, lee a los clientes internacionales con rapidez y cumple lo que dice.<\/p>\n\n\n\n<p class=\"split-text-lines-animation\">Vincent Lillo fund\u00f3 Events in Paris. Cre\u00f3 la empresa en torno a una idea: las parejas internacionales que celebran su boda en Par\u00eds deben tener precios transparentes, una comunicaci\u00f3n r\u00e1pida y una organizaci\u00f3n sin problemas, sin tener que pagar precios de planificador de lujo. Vincent se encarga de la direcci\u00f3n estrat\u00e9gica, las asociaciones y las consultas de prensa.<\/p>\n<\/div>\n\n\n\n<div class=\"wp-block-column is-layout-flow wp-block-column-is-layout-flow\">\n<figure class=\"wp-block-image size-large mt-0 mb-0\"><img decoding=\"async\" width=\"819\" height=\"1024\" src=\"https:\/\/translate.eventsinparis.com\/wp-content\/uploads\/2026\/02\/paula-event-planner-paris-819x1024.webp\" alt=\"Paula, jefa de operaciones de Events in Paris, empresa parisina de coordinaci\u00f3n de propuestas y escapadas\" class=\"wp-image-7135\" srcset=\"https:\/\/translate.eventsinparis.com\/wp-content\/uploads\/2026\/02\/paula-event-planner-paris-819x1024.webp 819w, https:\/\/translate.eventsinparis.com\/wp-content\/uploads\/2026\/02\/paula-event-planner-paris-240x300.webp 240w, https:\/\/translate.eventsinparis.com\/wp-content\/uploads\/2026\/02\/paula-event-planner-paris-768x960.webp 768w, https:\/\/translate.eventsinparis.com\/wp-content\/uploads\/2026\/02\/paula-event-planner-paris-600x750.webp 600w, https:\/\/translate.eventsinparis.com\/wp-content\/uploads\/2026\/02\/paula-event-planner-paris.webp 1120w\" sizes=\"(max-width: 819px) 100vw, 819px\" \/><figcaption class=\"wp-element-caption\">Paula, jefa de operaciones de Events in Paris. Habla ingl\u00e9s, espa\u00f1ol, franc\u00e9s y mandar\u00edn.<\/figcaption><\/figure>\n<\/div>\n<\/div>\n<\/div><\/section>\n\n\n\n<section class=\"wp-block-group alignfull mt-0 mb-0 pt-0  full-width pl-0 pr-0 has-primary-background-color has-background\" id=\"review\"><div class=\"wp-block-group__inner-container is-layout-constrained wp-block-group-is-layout-constrained\">\n<div class=\"wp-block-group alignfull mb-0 mt-0 sec sec-signature-service is-connecting-sec has-background-color has-primary-background-color has-text-color has-background has-link-color wp-elements-cc2ef968d3ec7cf216b1ecf81d453b20\"><div class=\"wp-block-group__inner-container is-layout-constrained wp-block-group-is-layout-constrained\">\n<h2 class=\"wp-block-heading alignwide has-text-align-center scramble-text\">La opini\u00f3n de los clientes<\/h2>\n\n\n\n<p class=\"has-text-align-center container-xs\">Events in Paris cuenta con una puntuaci\u00f3n de cinco estrellas en Google por parte de los clientes que reservaron paquetes de propuestas y escapadas.<\/p>\n<\/div><\/div>\n\n\n\n<div class=\"wp-block-group alignfull mt-0 mb-0 signature-service-items full-width pl-0 pr-0 has-background-color has-primary-background-color has-text-color has-background has-link-color wp-elements-f8dc939a8680721db82130ecca4eaf3c\"><div class=\"wp-block-group__inner-container is-layout-constrained wp-block-group-is-layout-constrained\">\n<div class=\"wp-block-group alignfull mt-0 mb-0 sec signature-service-item odd full-width  has-primary-background-color has-background\"><div class=\"wp-block-group__inner-container is-layout-constrained wp-block-group-is-layout-constrained\">\n<div class=\"wp-block-group alignfull mt-0 mb-0\"><div class=\"wp-block-group__inner-container is-layout-constrained wp-block-group-is-layout-constrained\">\n<div class=\"wp-block-group alignwide mt-0 mb-0 service-row is-nowrap is-layout-flex wp-container-core-group-is-layout-64989fb1 wp-block-group-is-layout-flex\">\n<p class=\"counter\">01<\/p>\n\n\n\n<div class=\"wp-block-group mt-0 mb-0 content\"><div class=\"wp-block-group__inner-container is-layout-constrained wp-block-group-is-layout-constrained\">\n<blockquote class=\"wp-block-quote v2 is-layout-flow wp-block-quote-is-layout-flow\">\n<p>\u2018Reservando desde Canad\u00e1 y sin saber con qui\u00e9n estaba tratando, tuve total confianza en el equipo. Profesionales, puntuales y claros de principio a fin\u2019.\u2019<\/p>\n<cite><strong>Diego M., Noviembre 2025<\/strong> (extracto editado)<br>Propuesta - Planeada desde Canad\u00e1<br><a href=\"https:\/\/maps.app.goo.gl\/GoAsfE7mUAdMDi9KA\" target=\"_blank\" data-type=\"link\" data-id=\"https:\/\/maps.app.goo.gl\/GoAsfE7mUAdMDi9KA\" rel=\"noreferrer noopener\">Lea la rese\u00f1a completa en Google \u00bb<\/a><\/cite><\/blockquote>\n<\/div><\/div>\n<\/div>\n<\/div><\/div>\n<\/div><\/div>\n\n\n\n<div class=\"wp-block-group alignfull mt-0 mb-0 sec signature-service-item odd full-width  has-primary-background-color has-background\"><div class=\"wp-block-group__inner-container is-layout-constrained wp-block-group-is-layout-constrained\">\n<div class=\"wp-block-group alignfull mt-0 mb-0\"><div class=\"wp-block-group__inner-container is-layout-constrained wp-block-group-is-layout-constrained\">\n<div class=\"wp-block-group alignwide mt-0 mb-0 service-row is-nowrap is-layout-flex wp-container-core-group-is-layout-64989fb1 wp-block-group-is-layout-flex\">\n<p class=\"counter\">02<\/p>\n\n\n\n<div class=\"wp-block-group mt-0 mb-0 content\"><div class=\"wp-block-group__inner-container is-layout-constrained wp-block-group-is-layout-constrained\">\n<blockquote class=\"wp-block-quote v2 is-layout-flow wp-block-quote-is-layout-flow\">\n<p>\u2018Paula lo organiz\u00f3 todo: la comunicaci\u00f3n, la coordinaci\u00f3n y el montaje del d\u00eda. Fue incluso m\u00e1s bonito de lo que imaginaba. Todo el equipo hizo que lo que podr\u00eda haber sido estresante se sintiera completamente controlado\u2019.\u2019<\/p>\n<cite>Mustafa S., marzo de 2026 (extracto editado)<br>Propuesta - Paula coordin\u00f3 - Juliana fotografi\u00f3<br><a href=\"https:\/\/maps.app.goo.gl\/Apn8ostw1FEf24zF9\" target=\"_blank\" data-type=\"link\" data-id=\"https:\/\/maps.app.goo.gl\/iA7Ue5ybK9Ypo4af6\" rel=\"noreferrer noopener\">Lea la rese\u00f1a completa en Google \u00bb<\/a><\/cite><\/blockquote>\n<\/div><\/div>\n<\/div>\n<\/div><\/div>\n<\/div><\/div>\n\n\n\n<div class=\"wp-block-group alignfull mt-0 mb-0 sec signature-service-item odd full-width  has-primary-background-color has-background\"><div class=\"wp-block-group__inner-container is-layout-constrained wp-block-group-is-layout-constrained\">\n<div class=\"wp-block-group alignfull mt-0 mb-0\"><div class=\"wp-block-group__inner-container is-layout-constrained wp-block-group-is-layout-constrained\">\n<div class=\"wp-block-group alignwide mt-0 mb-0 service-row is-nowrap is-layout-flex wp-container-core-group-is-layout-64989fb1 wp-block-group-is-layout-flex\">\n<p class=\"counter\">03<\/p>\n\n\n\n<div class=\"wp-block-group mt-0 mb-0 content\"><div class=\"wp-block-group__inner-container is-layout-constrained wp-block-group-is-layout-constrained\">\n<blockquote class=\"wp-block-quote v2 is-layout-flow wp-block-quote-is-layout-flow\">\n<p>\u2018Vincent y yo hablamos de los detalles, de c\u00f3mo quer\u00eda demostrar mi amor a mi \u201cahora\u201d prometida. El equipo se encarg\u00f3 de todo el d\u00eda. Los recomendar\u00eda\u2019.\u2019<\/p>\n<cite>Kiel S., enero de 2026 (extracto editado)<br>Propuesta de tejado - Planificada desde EE.UU.<br><a href=\"https:\/\/maps.app.goo.gl\/Hgq5o8kNMtG6NW4v5\" data-type=\"link\" data-id=\"https:\/\/maps.app.goo.gl\/Hgq5o8kNMtG6NW4v5\" target=\"_blank\" rel=\"noopener\">Lea la rese\u00f1a completa en Google \u00bb<\/a><\/cite><\/blockquote>\n\n\n\n<div class=\"wp-block-buttons is-layout-flex wp-block-buttons-is-layout-flex\">\n<div class=\"wp-block-button\"><a class=\"wp-block-button__link has-primary-color has-background-background-color has-text-color has-background has-link-color wp-element-button\" href=\"https:\/\/translate.eventsinparis.com\/es\/reviews\/\"><strong>Leer m\u00e1s opiniones<\/strong><\/a><\/div>\n<\/div>\n<\/div><\/div>\n<\/div>\n<\/div><\/div>\n<\/div><\/div>\n<\/div><\/div>\n<\/div><\/section>\n\n\n\n<section class=\"wp-block-group alignfull mt-0 mb-0 sec full-width z-index-9 has-primary-color has-background-background-color has-text-color has-background has-link-color wp-elements-99f05b8ae3dd9e0f8043a5cac88cdfc7\" id=\"company\"><div class=\"wp-block-group__inner-container is-layout-constrained wp-block-group-is-layout-constrained\">\n<p><strong>Eventos en Par\u00eds<\/strong> es un nombre comercial de <strong>Decoraci\u00f3n y atrezzo de Par\u00eds<\/strong> - SIRET 918 659 301 00017<\/p>\n\n\n\n<p><strong>\u00c1rea de servicio:<\/strong> Par\u00eds, \u00cele-de-France, Francia<\/p>\n\n\n\n<p><strong>Contacto: <\/strong><a href=\"tel:+33650354083\" data-type=\"tel\" data-id=\"tel:+33650354083\">+33 6 50 35 40 83<\/a> \u00b7 <a href=\"mailto:contact@eventsinparis.com\">contact@eventsinparis.com<\/a><\/p>\n\n\n\n<p>eventosenparis.com<\/p>\n<\/div><\/section>\n\n\n\n<section class=\"wp-block-cover alignfull mt-0 mb-0 sec sec-cta bg-fixed z-index-9\" style=\"min-height:800px;aspect-ratio:unset;\" id=\"cta\"><span aria-hidden=\"true\" class=\"wp-block-cover__background has-primary-background-color has-background-dim-100 has-background-dim\"><\/span><div class=\"wp-block-cover__inner-container is-layout-flow wp-block-cover-is-layout-flow\">\n<h2 class=\"wp-block-heading has-text-align-center  heading-size-2 mb-40\">\u00bfTiene una fecha en mente?<\/h2>\n\n\n\n<p class=\"has-text-align-center container-xs\">D\u00edganos su fecha y lo que est\u00e1 pensando: le responderemos r\u00e1pidamente con precios y disponibilidad.<\/p>\n\n\n\n<div class=\"wp-block-buttons is-content-justification-center is-layout-flex wp-container-core-buttons-is-layout-16018d1d wp-block-buttons-is-layout-flex\">\n<div class=\"wp-block-button\"><a class=\"wp-block-button__link has-primary-color has-text-color has-background has-link-color wp-element-button\" href=\"https:\/\/api.whatsapp.com\/send?phone=33650354083\" style=\"background-color:#f0ff3d\" target=\"_blank\" rel=\"noreferrer noopener\">WhatsApp<\/a><\/div>\n\n\n\n<div class=\"wp-block-button cta\"><a class=\"wp-block-button__link wp-element-button\" href=\"https:\/\/translate.eventsinparis.com\/es\/contact\/\">Utilice el formulario de contacto<\/a><\/div>\n<\/div>\n<\/div><\/section>","protected":false},"excerpt":{"rendered":"<p>About Events in Paris Proposal and elopement packages in Paris for international couples What Events in Paris does Events in Paris runs proposal and elopement packages for international couples at the city&#8217;s most recognized locations. We handle setup, coordination, photography, and cleanup at Eiffel Tower-view rooftops, on a private boat on the Seine, and at [&hellip;]<\/p>\n","protected":false},"author":8,"featured_media":0,"parent":0,"menu_order":0,"comment_status":"closed","ping_status":"closed","template":"","meta":{"_acf_changed":false,"inline_featured_image":false,"footnotes":""},"class_list":["post-17","page","type-page","status-publish","hentry"],"acf":[],"_links":{"self":[{"href":"https:\/\/translate.eventsinparis.com\/es\/wp-json\/wp\/v2\/pages\/17","targetHints":{"allow":["GET"]}}],"collection":[{"href":"https:\/\/translate.eventsinparis.com\/es\/wp-json\/wp\/v2\/pages"}],"about":[{"href":"https:\/\/translate.eventsinparis.com\/es\/wp-json\/wp\/v2\/types\/page"}],"author":[{"embeddable":true,"href":"https:\/\/translate.eventsinparis.com\/es\/wp-json\/wp\/v2\/users\/8"}],"replies":[{"embeddable":true,"href":"https:\/\/translate.eventsinparis.com\/es\/wp-json\/wp\/v2\/comments?post=17"}],"version-history":[{"count":0,"href":"https:\/\/translate.eventsinparis.com\/es\/wp-json\/wp\/v2\/pages\/17\/revisions"}],"wp:attachment":[{"href":"https:\/\/translate.eventsinparis.com\/es\/wp-json\/wp\/v2\/media?parent=17"}],"curies":[{"name":"wp","href":"https:\/\/api.w.org\/{rel}","templated":true}]}}