{"id":9054,"date":"2026-03-26T10:56:44","date_gmt":"2026-03-26T09:56:44","guid":{"rendered":"https:\/\/eventsinparis.com\/?page_id=9054"},"modified":"2026-04-10T23:14:24","modified_gmt":"2026-04-10T22:14:24","slug":"dress-rental","status":"publish","type":"page","link":"https:\/\/translate.eventsinparis.com\/de\/dress-rental\/","title":{"rendered":"Brautkleidverleih in Paris"},"content":{"rendered":"<header class=\"wp-block-group alignfull mt-0 mb-0 pt-0 pb-0 section-header-outer full-width pl-0 pr-0 has-background-background-color has-background\" id=\"hero\"><div class=\"wp-block-group__inner-container is-layout-constrained wp-block-group-is-layout-constrained\">\n<div class=\"wp-block-group alignfull mt-0 mb-0 sec section-header full-width\"><div class=\"wp-block-group__inner-container is-layout-constrained wp-block-group-is-layout-constrained\">\n<h1 class=\"wp-block-heading alignwide has-text-align-left ml-0 mb-10 has-primary-color has-text-color has-link-color wp-elements-8c08af3fbe4e1576c35c06c64cbaa76c\" style=\"text-transform:uppercase\">Brautkleidverleih in Paris<\/h1>\n\n\n\n<p class=\"ml-0 mb-10 has-primary-color has-text-color has-link-color has-normal-font-size wp-elements-f519665a4165b3c03462b3c1940a7f5c\">Mieten Sie ein Hochzeitskleid in Paris f\u00fcr Ihre Verlobung, Ihre standesamtliche Trauung oder Ihr Fotoshooting - mit Anprobe, Lieferung und Abholung vor Ort, damit Sie mit leichtem Gep\u00e4ck reisen k\u00f6nnen.<\/p>\n<\/div><\/div>\n<\/div><\/header>\n\n\n<figure class=\"alignfull mt-0 mb-0 bg-fixed wp-block-post-featured-image\"><img decoding=\"async\" width=\"1080\" height=\"1619\" src=\"https:\/\/translate.eventsinparis.com\/wp-content\/uploads\/2024\/11\/OS4A3799test.jpg\" class=\"attachment-post-thumbnail size-post-thumbnail wp-post-image\" alt=\"Schwarzer Schwan Fliegendes Kleid Louvre Museum Paris\" style=\"object-fit:cover;\" srcset=\"https:\/\/translate.eventsinparis.com\/wp-content\/uploads\/2024\/11\/OS4A3799test.jpg 1080w, https:\/\/translate.eventsinparis.com\/wp-content\/uploads\/2024\/11\/OS4A3799test-600x899.jpg 600w, https:\/\/translate.eventsinparis.com\/wp-content\/uploads\/2024\/11\/OS4A3799test-200x300.jpg 200w, https:\/\/translate.eventsinparis.com\/wp-content\/uploads\/2024\/11\/OS4A3799test-683x1024.jpg 683w, https:\/\/translate.eventsinparis.com\/wp-content\/uploads\/2024\/11\/OS4A3799test-768x1151.jpg 768w, https:\/\/translate.eventsinparis.com\/wp-content\/uploads\/2024\/11\/OS4A3799test-1025x1536.jpg 1025w\" sizes=\"(max-width: 1080px) 100vw, 1080px\" \/><\/figure>\n\n\n<section class=\"wp-block-group alignfull mt-0 mb-0 sec full-width has-background-background-color has-background\" id=\"intro\"><div class=\"wp-block-group__inner-container is-layout-constrained wp-block-group-is-layout-constrained\">\n<p><strong>Entfernte Auswahlliste<\/strong>&nbsp; \u00b7&nbsp; <strong>Anprobe in Paris<\/strong>&nbsp; \u00b7&nbsp; <strong>Hotelzustellung<\/strong>&nbsp; \u00b7&nbsp; <strong>Abholung nach Ihrer Veranstaltung<\/strong><\/p>\n\n\n\n<p>Events in Paris bietet den Verleih von Hochzeits- und Ausrei\u00dferkleidern f\u00fcr internationale Paare, die Paris f\u00fcr Ausrei\u00dfer, standesamtliche Trauungen und Fotoshootings besuchen.<\/p>\n\n\n\n<h2 class=\"wp-block-heading sec-header mb-10 has-primary-color has-text-color has-link-color wp-elements-62846a9006f5e1a0b8305f8d4fadf2ed\">F\u00fcr wen ist dieser Dienst gedacht?<\/h2>\n\n\n\n<p><strong>Paare, die aus dem Ausland einfliegen, um sich zu verlieben.<\/strong> Sie koordinieren Fl\u00fcge, Hotels, eine Zeremonie und einen Fotografen. Der Transport eines Kleides im Handgep\u00e4ck bedeutet zus\u00e4tzlichen Stress und Risiko. In Paris zu mieten bedeutet, dass Sie sich um eine Sache weniger k\u00fcmmern m\u00fcssen - und ein Kleid, das ged\u00e4mpft und fertig ist, wenn Sie ankommen.<\/p>\n\n\n\n<p><strong>Rathaus und standesamtliche Trauungen.<\/strong> Wenn Sie in einer Pariser Mairie unterschreiben und etwas suchen, das gut aussieht, ohne dass Sie ein komplettes Hochzeitskleid kaufen m\u00fcssen, finden Sie bei uns k\u00fcrzere und schlichtere Modelle, die genau daf\u00fcr gemacht sind.<\/p>\n\n\n\n<p><strong>Fotoshootings und fliegende Kleider.<\/strong> Sie k\u00f6nnen ein Kleid in Paris nur f\u00fcr ein Eiffelturm-Fotoshooting, ein Shooting auf einem Dach oder dramatische Fotos mit fliegendem Kleid mieten - ganz ohne Zeremonie. Wir helfen Ihnen bei der Auswahl eines Kleides, das sich an dem von Ihnen gew\u00e4hlten Ort gut fotografieren l\u00e4sst und zu der von Ihnen gew\u00fcnschten Bewegung passt.<\/p>\n\n\n\n<p><strong>Erneuerung des Eheversprechens und Jubil\u00e4en.<\/strong> Sie feiern ein wichtiges Ereignis in Paris und m\u00f6chten sich f\u00fcr einen Tag besonders kleiden? Mit dem Mieten k\u00f6nnen Sie etwas Besonderes tragen, ohne sich an ein zweites Kleid binden zu m\u00fcssen.<\/p>\n\n\n\n<p>Viele Kunden, die ein Kleid mieten, buchen bei uns auch ein Hochzeitspaket. In diesem Fall koordinieren wir das Kleid mit dem Rest Ihres Tages - Zeremonie, Fotograf, Blumen, Musik - damit nichts dem Zufall \u00fcberlassen wird.<\/p>\n<\/div><\/section>\n\n\n\n<section class=\"wp-block-group alignfull mt-0 mb-0 sec full-width sec-services has-background-color has-primary-background-color has-text-color has-background has-link-color wp-elements-27ea4c46fc155d56ecd8a96297624b0a\"><div class=\"wp-block-group__inner-container is-layout-constrained wp-block-group-is-layout-constrained\">\n<h2 class=\"wp-block-heading\">Welche Stile sind verf\u00fcgbar?<\/h2>\n\n\n\n<p>Wir f\u00fchren eine Reihe von Kleidern, die mit Blick auf die Stra\u00dfen, D\u00e4cher und Flussufer von Paris ausgew\u00e4hlt wurden:<\/p>\n\n\n\n<p><strong>Klassische lange Abendkleider<\/strong>&nbsp;die sich gut im Wind bewegen und nat\u00fcrlich im Freien fotografieren.<\/p>\n\n\n\n<p><strong>Moderne, minimalistische Silhouetten<\/strong>&nbsp;f\u00fcr standesamtliche Trauungen und Stadtportr\u00e4ts.<\/p>\n\n\n\n<p><strong>K\u00fcrzere Kleider f\u00fcr das Rathaus<\/strong>&nbsp;die zwischen den Orten auf Kopfsteinpflaster leicht begehbar sind.<\/p>\n\n\n\n<p><strong>Statement- und fliegende Kleiderstile<\/strong>&nbsp;Gebrauch: F\u00fcr dramatische Fotos am Eiffelturm oder auf einer Dachterrasse.<\/p>\n\n\n\n<p>Gr\u00f6\u00dfen und Verf\u00fcgbarkeit \u00e4ndern sich je nach Saison. Schicken Sie uns Ihr Datum, Ihre Gr\u00f6\u00dfe und ein paar Inspirationsbilder - wir schicken Ihnen dann Fotos von dem, was derzeit verf\u00fcgbar ist. Die gesamte Kommunikation findet \u00fcber WhatsApp statt; ein Besuch im Showroom ist nicht erforderlich, bevor Sie ankommen.<\/p>\n<\/div><\/section>\n\n\n\n<section class=\"wp-block-group alignfull mt-0 mb-0 sec full-width has-background-background-color has-background\"><div class=\"wp-block-group__inner-container is-layout-constrained wp-block-group-is-layout-constrained\">\n<h2 class=\"wp-block-heading has-primary-color has-text-color has-link-color wp-elements-0a039aa29920596ce6b94f8b8dba5af8\">Was, wenn das Kleid nicht passt?<\/h2>\n\n\n\n<p>Wenn ein Kleid bei der Anprobe nicht so passt, wie es sollte, ziehen wir Sie in eine andere Gr\u00f6\u00dfe oder ein anderes Modell aus Ihrer Auswahlliste um. Wir k\u00f6nnen auch Klammern, G\u00fcrtel und kleinere Anpassungen verwenden, um die Silhouette zu verfeinern, wenn der Unterschied gering ist. Wir zwingen Ihnen kein Kleid auf, das sich nicht richtig anf\u00fchlt.<\/p>\n\n\n\n<p>Jedes Kleid wird vor der Anprobe und vor der Lieferung professionell gereinigt, gepr\u00fcft und ged\u00e4mpft.<\/p>\n<\/div><\/section>\n\n\n\n<section class=\"wp-block-group alignfull mt-0 mb-0 sec full-width sec-services has-background-color has-primary-background-color has-text-color has-background has-link-color wp-elements-870a683b8cfbf81aaf02b222aa07a81e\"><div class=\"wp-block-group__inner-container is-layout-constrained wp-block-group-is-layout-constrained\">\n<h2 class=\"wp-block-heading\">So funktioniert der Kleiderverleih in Paris<\/h2>\n\n\n\n<p>Das Verfahren ist f\u00fcr Paare gedacht, die aus dem Ausland kommen und nur ein paar Tage in Paris sind.<\/p>\n\n\n\n<p><strong>1. W\u00e4hlen Sie Ihr Kleid aus der Ferne<\/strong><\/p>\n\n\n\n<p>Sie teilen uns Ihr Datum, Ihre Gr\u00f6\u00dfe und Ihre Vorlieben \u00fcber WhatsApp mit. Wir schicken Ihnen eine Liste von Modellen, die zu Ihrem Termin und Ihrer Umgebung passen. Sie w\u00e4hlen eines (oder mehrere) aus, bevor Sie verreisen.<\/p>\n\n\n\n<p><strong>2. Anprobe in Paris<\/strong><\/p>\n\n\n\n<p>Nach Ihrer Ankunft vereinbaren wir einen Termin f\u00fcr die Anprobe - in der Regel in Ihrem Hotel oder in der N\u00e4he des Ortes Ihrer Zeremonie, ein bis zwei Tage vor Ihrer Veranstaltung. Sie probieren die in die engere Wahl gezogenen Kleider an, best\u00e4tigen Ihre Wahl, und wir k\u00fcmmern uns um kleinere Anpassungen.<\/p>\n\n\n\n<figure class=\"wp-block-image size-large\"><img decoding=\"async\" width=\"683\" height=\"1024\" src=\"https:\/\/translate.eventsinparis.com\/wp-content\/uploads\/2024\/10\/OS4A9051test-683x1024.jpg\" alt=\"Mietkleid Paris Chateau de Versailles\" class=\"wp-image-2935\" srcset=\"https:\/\/translate.eventsinparis.com\/wp-content\/uploads\/2024\/10\/OS4A9051test-683x1024.jpg 683w, https:\/\/translate.eventsinparis.com\/wp-content\/uploads\/2024\/10\/OS4A9051test-600x899.jpg 600w, https:\/\/translate.eventsinparis.com\/wp-content\/uploads\/2024\/10\/OS4A9051test-200x300.jpg 200w, https:\/\/translate.eventsinparis.com\/wp-content\/uploads\/2024\/10\/OS4A9051test-768x1151.jpg 768w, https:\/\/translate.eventsinparis.com\/wp-content\/uploads\/2024\/10\/OS4A9051test-1025x1536.jpg 1025w, https:\/\/translate.eventsinparis.com\/wp-content\/uploads\/2024\/10\/OS4A9051test.jpg 1080w\" sizes=\"(max-width: 683px) 100vw, 683px\" \/><figcaption class=\"wp-element-caption\">erstaunlich Flie\u00dfendes Kleid f\u00fcr Fotoshooting in Paris zu mieten <\/figcaption><\/figure>\n\n\n\n<p><strong>3. Lieferung<\/strong><\/p>\n\n\n\n<p>Am Morgen Ihrer Zeremonie oder Ihres Shootings kommt das Kleid geb\u00fcgelt und fertig in Ihrem Hotel an. Sie m\u00fcssen es nicht abholen, quer durch die Stadt tragen oder selbst b\u00fcgeln.<\/p>\n\n\n\n<p><strong>4. Sammlung<\/strong><\/p>\n\n\n\n<p>Nach Ihrer Zeremonie, Ihren Portr\u00e4ts oder Ihrer Feier holen wir das Kleid in Ihrem Hotel ab. Keine chemische Reinigung, keine R\u00fcckgabe, kein Umverpacken. Sie geben es zur\u00fcck, und das war's.<\/p>\n<\/div><\/section>\n\n\n\n<section class=\"wp-block-group alignfull mt-0 mb-0 sec full-width has-background-background-color has-background\"><div class=\"wp-block-group__inner-container is-layout-constrained wp-block-group-is-layout-constrained\">\n<h2 class=\"wp-block-heading has-primary-color has-text-color has-link-color wp-elements-f214bc8b2babea7663a3a6a72f0ad72b\">Mieten Sie in Paris oder bringen Sie Ihr eigenes Kleid mit<\/h2>\n\n\n\n<p>Sie k\u00f6nnen durchaus Ihr eigenes Kleid mitbringen. Das Mieten ist etwas f\u00fcr Paare, die es lieber einfach haben. Wenn Sie einfliegen und sich fragen, ob Sie ein Hochzeitskleid in Paris mieten oder Ihr eigenes mitbringen sollen, finden Sie hier die richtige Entscheidung.<\/p>\n\n\n\n<p><strong>Mieten in Paris:<\/strong>&nbsp;kein Risiko bei der Gep\u00e4ckaufgabe oder Faltenbildung im Flugzeug. Die Anprobe findet kurz vor dem Termin statt, nicht Monate vorher. Das Kleid wird mit Dampf zu Ihrem Hotel geliefert und danach abgeholt. Die Stile werden f\u00fcr die Pariser Locations und den Weg zwischen den Orten ausgew\u00e4hlt.<\/p>\n\n\n\n<p><strong>Bringen Sie Ihr eigenes mit:<\/strong>&nbsp;eignet sich am besten, wenn Sie bereits ein Kleid haben, das Sie wieder tragen m\u00f6chten. Sie k\u00fcmmern sich selbst um das Verpacken (nur Handgep\u00e4ck - niemals aufgegebenes Gep\u00e4ck), das D\u00e4mpfen und den Transport. Minimale Silhouetten, die sich flach tragen lassen, sind am einfachsten.<\/p>\n\n\n\n<p>Wenn Sie zwischen diesen beiden M\u00f6glichkeiten hin- und hergerissen sind, melden Sie sich bei uns. Wir besprechen Ihren Zeitplan und helfen Ihnen bei der Entscheidung.<\/p>\n<\/div><\/section>\n\n\n\n<section class=\"wp-block-group alignfull mt-0 mb-0 sec full-width sec-services has-background-color has-primary-background-color has-text-color has-background has-link-color wp-elements-71fbe44f12f624eb14a276e198f8e27b\"><div class=\"wp-block-group__inner-container is-layout-constrained wp-block-group-is-layout-constrained\">\n<h2 class=\"wp-block-heading\">Verf\u00fcgbarkeit und Preise abfragen<\/h2>\n\n\n\n<p>Die Preise h\u00e4ngen vom Stil, der Jahreszeit und der Mietdauer ab. Die meisten Paare best\u00e4tigen ihre Anmietung ein bis drei Monate vor ihrer Reise, aber wir k\u00f6nnen manchmal auch kurzfristiger helfen, je nachdem, was verf\u00fcgbar ist.<\/p>\n\n\n\n<p>WhatsApp an&nbsp;<strong>+33 6 50 35 40 83<\/strong>&nbsp;mit Ihrem Datum, Ihrer Gr\u00f6\u00dfe und Ihren W\u00fcnschen. Wir senden Ihnen aktuelle Optionen und Preise zu - in der Regel innerhalb weniger Stunden.<\/p>\n\n\n\n<p>Unser Team spricht Englisch, Franz\u00f6sisch, Spanisch und Mandarin. Schreiben Sie uns eine WhatsApp in der Sprache, die Ihnen am angenehmsten ist.<\/p>\n<\/div><\/section>\n\n\n\n<section class=\"wp-block-group alignfull mt-0 mb-0 sec sec-faq full-width has-background-color has-primary-background-color has-text-color has-background has-link-color wp-elements-ca8fe01d8a400ea4f19a7a7a40db59c5\" id=\"faq\"><div class=\"wp-block-group__inner-container is-layout-constrained wp-block-group-is-layout-constrained\">\n<h2 class=\"wp-block-heading  mb-10\">H\u00e4ufige Fragen zum Kleiderverleih in Paris<\/h2>\n\n\n<div id=\"rank-math-faq\" class=\"rank-math-block\">\n<div class=\"rank-math-list\">\n<div id=\"faq-question-1774352837439\" class=\"rank-math-list-item\">\n<h3 class=\"rank-math-question\">Kann ich ein Hochzeitskleid in Paris nur f\u00fcr ein Fotoshooting mieten?<\/h3>\n<div class=\"rank-math-answer\">\n\n<p>Ja, Sie k\u00f6nnen in Paris ein Kleid f\u00fcr ein Eiffelturm-Fotoshooting, ein Shooting auf einem Dach oder ein Shooting im Stil eines fliegenden Kleides mieten, auch wenn Sie keine Zeremonie haben.<\/p>\n\n<\/div>\n<\/div>\n<div id=\"faq-question-1774518908937\" class=\"rank-math-list-item\">\n<h3 class=\"rank-math-question\">Wie funktioniert das Mieten von Brautkleidern in Paris, wenn ich nur ein paar Tage dort bin?<\/h3>\n<div class=\"rank-math-answer\">\n\n<p>Sie w\u00e4hlen Ihr Kleid vor Ihrer Reise aus der Ferne aus und haben dann ein oder zwei Tage vor Ihrer Verlobung oder Ihrem Shooting eine kurze Anprobe in Paris. Wir liefern das Kleid am Tag der Hochzeit in Ihr Hotel und holen es anschlie\u00dfend ab.<\/p>\n\n<\/div>\n<\/div>\n<div id=\"faq-question-1774518919021\" class=\"rank-math-list-item\">\n<h3 class=\"rank-math-question\">Was passiert, wenn mein Mietkleid bei meiner Ankunft in Paris nicht passt?<\/h3>\n<div class=\"rank-math-answer\">\n\n<p>Wenn ein Kleid bei der Anprobe nicht so passt, wie es sollte, ziehen wir Sie in eine andere Gr\u00f6\u00dfe oder ein anderes Modell aus Ihrer Auswahlliste um und verwenden Klammern oder kleine Anpassungen, wo es m\u00f6glich ist, damit Sie nie in einem Kleid festsitzen, das nicht passt.<\/p>\n\n<\/div>\n<\/div>\n<div id=\"faq-question-1774518929168\" class=\"rank-math-list-item\">\n<h3 class=\"rank-math-question\">Ist es besser, ein Hochzeitskleid in Paris zu mieten oder mein eigenes mitzubringen?<\/h3>\n<div class=\"rank-math-answer\">\n\n<p>Wenn Sie Ihr Kleid in Paris mieten, vermeiden Sie das Risiko der Gep\u00e4ckaufgabe, die Faltenbildung im Flugzeug und das schwere Gep\u00e4ck. Das Mitbringen eines eigenen Kleides eignet sich am besten, wenn Sie bereits ein Kleid besitzen, das Sie wieder tragen m\u00f6chten, und wenn Sie es selbst tragen, d\u00e4mpfen und umpacken k\u00f6nnen.<\/p>\n\n<\/div>\n<\/div>\n<div id=\"faq-question-1774518937006\" class=\"rank-math-list-item\">\n<h3 class=\"rank-math-question\">Wie viel kostet es, ein Hochzeitskleid in Paris zu mieten?<\/h3>\n<div class=\"rank-math-answer\">\n\n<p>Die Preise h\u00e4ngen von der Art, der Jahreszeit und der Mietdauer ab. Wenn Sie uns Ihr Datum und Ihre W\u00fcnsche mitteilen, senden wir Ihnen aktuelle Optionen und Preise zu.<\/p>\n\n<\/div>\n<\/div>\n<\/div>\n<\/div><\/div><\/section>\n\n\n\n<section class=\"wp-block-cover alignfull mt-0 mb-0 sec sec-cta bg-fixed z-index-9\" style=\"min-height:800px;aspect-ratio:unset;\" id=\"cta\"><span aria-hidden=\"true\" class=\"wp-block-cover__background has-primary-background-color has-background-dim-100 has-background-dim\"><\/span><div class=\"wp-block-cover__inner-container is-layout-flow wp-block-cover-is-layout-flow\">\n<h2 class=\"wp-block-heading has-text-align-center  heading-size-2 mb-40\">M\u00f6chten Sie sehen, was verf\u00fcgbar ist?<\/h2>\n\n\n\n<p class=\"has-text-align-center container-xs\">Nennen Sie uns Ihr Datum, Ihre Gr\u00f6\u00dfe und ob es sich um eine Verlobung, eine Hochzeit oder ein Fotoshooting handelt. Wir schicken Ihnen dann Fotos und Preise.<\/p>\n\n\n\n<div class=\"wp-block-buttons mb-40 is-content-justification-center is-layout-flex wp-container-core-buttons-is-layout-16018d1d wp-block-buttons-is-layout-flex\">\n<div class=\"wp-block-button\"><a class=\"wp-block-button__link has-primary-color has-text-color has-background has-link-color wp-element-button\" href=\"https:\/\/api.whatsapp.com\/send?phone=33650354083\" style=\"background-color:#f0ff3d\" target=\"_blank\" rel=\"noreferrer noopener\">Verf\u00fcgbarkeit und Preise abfragen<\/a><\/div>\n\n\n\n<div class=\"wp-block-button cta\"><a class=\"wp-block-button__link wp-element-button\" href=\"https:\/\/translate.eventsinparis.com\/de\/contact\/\">Kontakt-Formular<\/a><\/div>\n<\/div>\n\n\n\n<p class=\"has-text-align-center\">Planen Sie eine Ausrei\u00dfergeschichte? Siehe unser <a href=\"https:\/\/translate.eventsinparis.com\/de\/elopement-in-paris\/\" data-type=\"page\" data-id=\"5577\">Pariser Durchbruchs-Pakete<\/a> - Der Verleih von Kleidern geht nat\u00fcrlich mit einer Zeremonie, einem Fotografen und einer umfassenden Koordination einher. Sie sind vor der Hochzeit mit Ihren Freundinnen in Paris? Wir k\u00fcmmern uns auch um <a href=\"https:\/\/translate.eventsinparis.com\/de\/bachelorette-party\/\" data-type=\"page\" data-id=\"9049\">Junggesellinnenabschiede in Paris<\/a> - private Bootsfahrten, Restaurantreservierungen und stilisierte Gruppenpicknicks.<\/p>\n<\/div><\/section>","protected":false},"excerpt":{"rendered":"<p>Wedding Dress Rental in Paris Rent a wedding dress in Paris for your elopement, civil ceremony, or photoshoot \u2014 with fitting, delivery, and collection handled here so you can travel light. Remote shortlist&nbsp; \u00b7&nbsp; Fitting in Paris&nbsp; \u00b7&nbsp; Hotel delivery&nbsp; \u00b7&nbsp; Collection after your event Events in Paris offers wedding and elopement dress rental for [&hellip;]<\/p>\n","protected":false},"author":1,"featured_media":3553,"parent":0,"menu_order":0,"comment_status":"closed","ping_status":"closed","template":"","meta":{"_acf_changed":false,"inline_featured_image":false,"footnotes":""},"class_list":["post-9054","page","type-page","status-publish","has-post-thumbnail","hentry"],"acf":[],"_links":{"self":[{"href":"https:\/\/translate.eventsinparis.com\/de\/wp-json\/wp\/v2\/pages\/9054","targetHints":{"allow":["GET"]}}],"collection":[{"href":"https:\/\/translate.eventsinparis.com\/de\/wp-json\/wp\/v2\/pages"}],"about":[{"href":"https:\/\/translate.eventsinparis.com\/de\/wp-json\/wp\/v2\/types\/page"}],"author":[{"embeddable":true,"href":"https:\/\/translate.eventsinparis.com\/de\/wp-json\/wp\/v2\/users\/1"}],"replies":[{"embeddable":true,"href":"https:\/\/translate.eventsinparis.com\/de\/wp-json\/wp\/v2\/comments?post=9054"}],"version-history":[{"count":0,"href":"https:\/\/translate.eventsinparis.com\/de\/wp-json\/wp\/v2\/pages\/9054\/revisions"}],"wp:featuredmedia":[{"embeddable":true,"href":"https:\/\/translate.eventsinparis.com\/de\/wp-json\/wp\/v2\/media\/3553"}],"wp:attachment":[{"href":"https:\/\/translate.eventsinparis.com\/de\/wp-json\/wp\/v2\/media?parent=9054"}],"curies":[{"name":"wp","href":"https:\/\/api.w.org\/{rel}","templated":true}]}}