{"id":9049,"date":"2026-03-26T10:43:04","date_gmt":"2026-03-26T09:43:04","guid":{"rendered":"https:\/\/eventsinparis.com\/?page_id=9049"},"modified":"2026-05-01T14:55:56","modified_gmt":"2026-05-01T13:55:56","slug":"bachelorette-party","status":"publish","type":"page","link":"https:\/\/translate.eventsinparis.com\/de\/bachelorette-party\/","title":{"rendered":"Junggesellinnenabschied in Paris"},"content":{"rendered":"<header class=\"wp-block-group alignfull mt-0 mb-0 pt-0 pb-0 section-header-outer full-width pl-0 pr-0 has-background-background-color has-background\" id=\"hero\"><div class=\"wp-block-group__inner-container is-layout-constrained wp-block-group-is-layout-constrained\">\n<div class=\"wp-block-group alignfull mt-0 mb-0 sec section-header full-width\"><div class=\"wp-block-group__inner-container is-layout-constrained wp-block-group-is-layout-constrained\">\n<h1 class=\"wp-block-heading alignwide has-text-align-left ml-0 mb-10 has-primary-color has-text-color has-link-color wp-elements-ae27f60d8fda1c4086a26aab21520c86\" style=\"text-transform:uppercase\">Junggesellinnenabschied in Paris<\/h1>\n<\/div><\/div>\n<\/div><\/header>\n\n\n<figure class=\"alignfull mt-0 mb-0 bg-fixed wp-block-post-featured-image\"><img decoding=\"async\" width=\"1200\" height=\"800\" src=\"https:\/\/translate.eventsinparis.com\/wp-content\/uploads\/2026\/03\/paris-boat-proposal-engagement-ring-eiffel-tower-red-roses-1200x800.webp\" class=\"attachment-post-thumbnail size-post-thumbnail wp-post-image\" alt=\"Frisch verlobtes Paar l\u00e4chelt und zeigt Verlobungsring auf einem Luxusboot in Paris, umgeben von roten Rosen mit dem Eiffelturm im Hintergrund\" style=\"object-fit:cover;\" srcset=\"https:\/\/translate.eventsinparis.com\/wp-content\/uploads\/2026\/03\/paris-boat-proposal-engagement-ring-eiffel-tower-red-roses-1200x800.webp 1200w, https:\/\/translate.eventsinparis.com\/wp-content\/uploads\/2026\/03\/paris-boat-proposal-engagement-ring-eiffel-tower-red-roses-300x200.webp 300w, https:\/\/translate.eventsinparis.com\/wp-content\/uploads\/2026\/03\/paris-boat-proposal-engagement-ring-eiffel-tower-red-roses-1024x682.webp 1024w, https:\/\/translate.eventsinparis.com\/wp-content\/uploads\/2026\/03\/paris-boat-proposal-engagement-ring-eiffel-tower-red-roses-768x512.webp 768w, https:\/\/translate.eventsinparis.com\/wp-content\/uploads\/2026\/03\/paris-boat-proposal-engagement-ring-eiffel-tower-red-roses-1536x1024.webp 1536w, https:\/\/translate.eventsinparis.com\/wp-content\/uploads\/2026\/03\/paris-boat-proposal-engagement-ring-eiffel-tower-red-roses-2048x1365.webp 2048w, https:\/\/translate.eventsinparis.com\/wp-content\/uploads\/2026\/03\/paris-boat-proposal-engagement-ring-eiffel-tower-red-roses-1980x1319.webp 1980w\" sizes=\"(max-width: 1200px) 100vw, 1200px\" \/><\/figure>\n\n\n<section class=\"wp-block-group alignfull mt-0 mb-0 sec full-width has-background-background-color has-background\" id=\"intro\"><div class=\"wp-block-group__inner-container is-layout-constrained wp-block-group-is-layout-constrained\">\n<p>Ihr bester Freund heiratet, und die Gruppe m\u00f6chte etwas in Paris unternehmen. Das Problem ist, eine Gruppe in einer Stadt zu koordinieren, in der keiner von Ihnen wohnt - Boote, Restaurants, Zeitplanung, Logistik. Das ist unsere Aufgabe.<\/p>\n\n\n\n<p>Events in Paris ist ein englischsprachiger Planer f\u00fcr Junggesellinnenabschiede in Paris. Wir organisieren private Bootsfahrten auf der Seine, Restaurantbuchungen, stilvolle Picknicks und individuelle Junggesellinnenabschiede, die auf Ihre Gruppe zugeschnitten sind. Wir koordinieren die Anbieter, best\u00e4tigen die Reservierungen und verwalten den Zeitplan. Wenn Ihre Gruppe auftaucht, ist alles bereit.<\/p>\n\n\n\n<p>Die Preise sind individuell und richten sich nach der Gruppengr\u00f6\u00dfe, den Daten und dem, was ihr machen wollt. Schreiben Sie uns auf WhatsApp und wir stellen einen Plan zusammen.<\/p>\n\n\n\n<p><strong><a href=\"https:\/\/api.whatsapp.com\/send?phone=33650354083\" target=\"_blank\" rel=\"noreferrer noopener\">\u2192WhatsApp an uns, um mit der Planung zu beginnen<\/a><\/strong><\/p>\n<\/div><\/section>\n\n\n\n<section class=\"wp-block-group alignfull mt-0 mb-0 sec full-width sec-services has-background-color has-primary-background-color has-text-color has-background has-link-color wp-elements-1bb6d35a157b1256f510ebaf9188bb4d\"><div class=\"wp-block-group__inner-container is-layout-constrained wp-block-group-is-layout-constrained\">\n<h2 class=\"wp-block-heading\">Warum die Private Champagne Yacht das Aush\u00e4ngeschild f\u00fcr Junggesellenabschiede ist<\/h2>\n\n\n\n<p>Die Private Champagne Yacht ist das Flaggschiff von Events in Paris f\u00fcr Junggesellinnen-Wochenenden - ganz privat f\u00fcr Ihre Gruppe f\u00fcr 1 Stunde und 45 Minuten auf der Seine.<\/p>\n\n\n\n<p>Die Route f\u00fchrt vorbei am Eiffelturm, Pont Alexandre III, Notre-Dame, \u00cele Saint-Louis und der Nachbildung der Freiheitsstatue. Die Einschiffungslogistik wird von uns \u00fcbernommen - kein gemeinsames Dock-Chaos. Sie k\u00f6nnen den Zeitpunkt der Abfahrt innerhalb der Tageslichtstunden selbst bestimmen, so dass die Yacht vor dem Abendessen, nach einem stilvollen Picknick oder als Mittelpunkt des Tages genutzt werden kann.<\/p>\n\n\n\n<p><strong>Was enthalten ist:<\/strong><\/p>\n\n\n\n<ul class=\"wp-block-list\">\n<li>1h45 ganz private Seine-Kreuzfahrt (nur Ihre Gruppe, keine anderen G\u00e4ste, kein gemeinsames Deck)<\/li>\n\n\n\n<li>Ruinart Champagner<\/li>\n\n\n\n<li>Privater Betreuer an Bord<\/li>\n\n\n\n<li>Fotograf mit 20 bearbeiteten Bildern, die innerhalb von 7 Tagen geliefert werden<\/li>\n\n\n\n<li>Benutzerdefinierte Wiedergabeliste<\/li>\n\n\n\n<li>Einrichtung der Dekoration auf Anfrage<\/li>\n<\/ul>\n\n\n\n<p><strong>Preis: 3.500 \u20ac f\u00fcr die Gruppe, nicht pro Person.<\/strong> F\u00fcr ein Junggesellinnen-Wochenende mit 6 bis 12 Personen ist dies pro Person oft g\u00fcnstiger als ein Abendessen in einem gehobenen Restaurant - und gleichzeitig der herausragende Teil der Reise.<\/p>\n\n\n\n<p>Kombinieren Sie es mit einem gestylten Trocad\u00e9ro-Picknick am selben Nachmittag oder mit einer \u00fcberraschenden Dekoration des Hotelzimmers am Ankunftsabend, um das Wochenende noch voller zu machen.<\/p>\n\n\n\n<p><a href=\"https:\/\/translate.eventsinparis.com\/de\/heiratsantragspakete\/privates-boot\/\" data-type=\"link\" data-id=\"https:\/\/translate.eventsinparis.com\/paris-proposal-packages\/private-boat\/\">\u2192 Private Champagner-Yacht f\u00fcr Junggesellinnen-Gruppen<\/a><\/p>\n<\/div><\/section>\n\n\n\n<section class=\"wp-block-group alignfull mt-0 mb-0 sec  full-width sec-services has-background-background-color has-background\"><div class=\"wp-block-group__inner-container is-layout-constrained wp-block-group-is-layout-constrained\">\n<h2 class=\"wp-block-heading has-primary-color has-text-color has-link-color wp-elements-01f135fdb3c5533fd681aba878bf2ec9\">Was wir f\u00fcr Bachelorette-Gruppen organisieren<\/h2>\n\n\n\n<h3 class=\"wp-block-heading has-primary-color has-text-color has-link-color wp-elements-f3d639f88db010148bba3c101beae10a\">Private Bootsfahrten auf der Seine<\/h3>\n\n\n\n<p>Eine private Bootsfahrt auf der Seine ist der einfachste Weg, die Stadt vom Wasser aus zu sehen. Unser Privatboot eignet sich f\u00fcr kleinere Gruppen f\u00fcr eine 90-min\u00fctige Fahrt vorbei am Eiffelturm, Les Invalides, dem Louvre und der Pont des Arts. Die Private Champagne Yacht ist ein gr\u00f6\u00dferes Schiff mit Ruinart-Champagner, einem privaten Begleiter und einer 1-st\u00fcndigen und 45-min\u00fctigen Route, die vom Eiffelturm zu Notre-Dame, der \u00cele Saint-Louis und der Freiheitsstatue f\u00fchrt.<\/p>\n\n\n\n<p>Beide Optionen beinhalten eine individuelle Playlist \u00fcber Premium-Lautsprecher, Seidenblumenarrangements an Bord und einen Fotografen f\u00fcr die ersten 60 Minuten. Das Boot geh\u00f6rt Ihnen - keine anderen Passagiere, kein gemeinsamer Zeitplan.<\/p>\n\n\n\n<figure class=\"wp-block-image size-large\"><img decoding=\"async\" width=\"1024\" height=\"682\" src=\"https:\/\/translate.eventsinparis.com\/wp-content\/uploads\/2026\/03\/private-seine-boat-proposal-paris-pont-alexandre-iii-red-roses-1024x682.webp\" alt=\"Ein Paar genie\u00dft einen intimen Moment auf einem privaten Seine-Boot in Paris, umgeben von roten Rosen und Kerzen vor der beleuchteten Br\u00fccke Pont Alexandre III in der Abendd\u00e4mmerung\" class=\"wp-image-8838\" srcset=\"https:\/\/translate.eventsinparis.com\/wp-content\/uploads\/2026\/03\/private-seine-boat-proposal-paris-pont-alexandre-iii-red-roses-1024x682.webp 1024w, https:\/\/translate.eventsinparis.com\/wp-content\/uploads\/2026\/03\/private-seine-boat-proposal-paris-pont-alexandre-iii-red-roses-300x200.webp 300w, https:\/\/translate.eventsinparis.com\/wp-content\/uploads\/2026\/03\/private-seine-boat-proposal-paris-pont-alexandre-iii-red-roses-768x512.webp 768w, https:\/\/translate.eventsinparis.com\/wp-content\/uploads\/2026\/03\/private-seine-boat-proposal-paris-pont-alexandre-iii-red-roses-1536x1024.webp 1536w, https:\/\/translate.eventsinparis.com\/wp-content\/uploads\/2026\/03\/private-seine-boat-proposal-paris-pont-alexandre-iii-red-roses-2048x1365.webp 2048w, https:\/\/translate.eventsinparis.com\/wp-content\/uploads\/2026\/03\/private-seine-boat-proposal-paris-pont-alexandre-iii-red-roses-1200x800.webp 1200w, https:\/\/translate.eventsinparis.com\/wp-content\/uploads\/2026\/03\/private-seine-boat-proposal-paris-pont-alexandre-iii-red-roses-1980x1319.webp 1980w\" sizes=\"(max-width: 1024px) 100vw, 1024px\" \/><figcaption class=\"wp-element-caption\">Magie pur auf der Seine - ein ineinander versunkenes Paar auf einem privaten Seine-Boot, umrahmt von Hunderten von roten Rosen, leuchtenden Kerzen und den goldenen Lichtern der Pont Alexandre III in der D\u00e4mmerung.<\/figcaption><\/figure>\n\n\n\n<hr class=\"wp-block-separator has-alpha-channel-opacity\"\/>\n\n\n\n<h3 class=\"wp-block-heading has-primary-color has-text-color has-link-color wp-elements-32c47054a4cb5f04a33c1565e42b9469\">Restaurant-Koordination &amp; Buchungen<\/h3>\n\n\n\n<p>Wir buchen Restaurants, die f\u00fcr Gruppen geeignet sind - private Speises\u00e4le, lange Tische und Lokale, die eine Gruppe aufnehmen k\u00f6nnen, ohne dass Sie um 22.00 Uhr schon wieder gehen m\u00fcssen. Wir k\u00fcmmern uns um die Reservierung, koordinieren private Gruppenessen und halbprivate Tische, best\u00e4tigen Gruppenmen\u00fcs, sofern verf\u00fcgbar, und stimmen den Zeitplan mit dem Rest Ihres Reiseplans ab. Sie sagen uns, was Sie suchen (ein zwangloses Bistro, eine Weinbar, ein Abendessen auf dem Dach), und wir passen uns an.<\/p>\n\n\n\n<hr class=\"wp-block-separator has-alpha-channel-opacity\"\/>\n\n\n\n<h3 class=\"wp-block-heading has-primary-color has-text-color has-link-color wp-elements-7ca57101e42f9182b236c605a71cda35\">Gestaltete Picknickaufbauten<\/h3>\n\n\n\n<p>Ein Picknick an einem Pariser Ort mit niedrigen Tischen, Kissen, Blumenarrangements und Essen. Dies eignet sich gut als Nachmittagsaktivit\u00e4t vor einem Abendessen oder einer Bootsfahrt. Wir bauen auf, Sie kommen an, und wir r\u00e4umen danach auf. Ein Fotograf ist bei allen Picknick-Arrangements inbegriffen.<\/p>\n\n\n\n<p><a href=\"https:\/\/translate.eventsinparis.com\/de\/luxury-picnic\/\" data-type=\"page\" data-id=\"8977\">\u2192Siehe Details zum Picknick<\/a><\/p>\n\n\n\n<hr class=\"wp-block-separator has-alpha-channel-opacity\"\/>\n\n\n\n<h3 class=\"wp-block-heading has-primary-color has-text-color has-link-color wp-elements-6ec0a58dc4f82759b07e827a26501400\">Individuelle Multi-Aktivit\u00e4ten-Routen<\/h3>\n\n\n\n<p>Die meisten Junggesellinnen-Gruppen wollen mehr als eine Sache. Wir erstellen Wochenendprogramme f\u00fcr Junggesellinnen in Paris, die Aktivit\u00e4ten f\u00fcr einen halben oder ganzen Tag kombinieren. Ein paar Beispiele:<\/p>\n\n\n\n<p><strong>Klassischer Abend: <\/strong>Private Bootsfahrt auf der Seine bei Sonnenuntergang, dann ein gemeinsames Abendessen mit Wein in einem Restaurant, das auch f\u00fcr Gesellschaften geeignet ist.<\/p>\n\n\n\n<p><strong>Picknick und Fotos: <\/strong>Gestyltes Picknick mit Blick auf den Eiffelturm und einem Fotografen f\u00fcr Gruppenfotos, gefolgt von einem sp\u00e4ten Nachmittag in einer Weinbar oder einem Bistro.<\/p>\n\n\n\n<p><strong>Eine \u00dcbernachtung mit Zwischenstopp: <\/strong>Eine private Bootsfahrt mit Musik und Getr\u00e4nken, die direkt in ein sp\u00e4tes Abendessen in einem Restaurant \u00fcbergeht, das daran gew\u00f6hnt ist, Gruppen nach einem bestimmten Zeitplan zu bedienen.<\/p>\n\n\n\n<p>Dies sind Beispiele, keine festen Pakete. Wir richten uns danach, was Ihre Gruppe m\u00f6chte und wie viel Zeit Sie haben.<\/p>\n<\/div><\/section>\n\n\n\n<section class=\"wp-block-group alignfull mt-0 mb-0 sec full-width has-background-color has-primary-background-color has-text-color has-background has-link-color wp-elements-68af9e37ec6fd9036be37fd1e6f9c06f\"><div class=\"wp-block-group__inner-container is-layout-constrained wp-block-group-is-layout-constrained\">\n<h2 class=\"wp-block-heading\">Wie es funktioniert<\/h2>\n\n\n\n<p><strong>1. Nachricht an uns auf WhatsApp <\/strong>mit Ihrer Gruppengr\u00f6\u00dfe, den Terminen und der Art der Aktivit\u00e4ten, die Sie interessieren.<\/p>\n\n\n\n<p><strong>2. Wir erstellen einen individuellen Reiseplan f\u00fcr die Junggesellin <\/strong>mit Zeitplan, Aktivit\u00e4ten und einem klaren Preis, der sich nach Ihrer Gruppe richtet.<\/p>\n\n\n\n<p><strong>3. Wir koordinieren alles <\/strong>- Buchungen von Verk\u00e4ufern, Restaurantreservierungen, Fotografenplanung und die Logistik am Tag selbst. Ihre Gruppe kommt an und alles ist erledigt.<\/p>\n\n\n\n<p>Wir antworten in der Regel innerhalb von 8 Stunden. Die Planung funktioniert am besten mit einer Vorlaufzeit von mindestens 2-3 Wochen, aber wir k\u00f6nnen schneller arbeiten, wenn die Termine knapp sind.<\/p>\n<\/div><\/section>\n\n\n\n<section class=\"wp-block-group alignfull mt-0 mb-0 sec  full-width sec-services has-background-background-color has-background\"><div class=\"wp-block-group__inner-container is-layout-constrained wp-block-group-is-layout-constrained\">\n<h2 class=\"wp-block-heading has-primary-color has-text-color has-link-color wp-elements-8413e6c8c8971e497d4d5204297512fe\">Was das kostet<\/h2>\n\n\n\n<p>Die Preise f\u00fcr Junggesellinnenabschiede werden pro Gruppe auf der Grundlage der ausgew\u00e4hlten Aktivit\u00e4ten, der Gruppengr\u00f6\u00dfe und des Datums berechnet. Es gibt noch keine festen Pakete - jedes Angebot wird f\u00fcr diese spezielle Gruppe erstellt.<\/p>\n\n\n\n<p>Um Ihnen eine Vorstellung von den Bausteinen zu geben: Private Bootsfahrten beginnen bei 1.600 \u20ac, stilisierte Picknicks werden je nach Gruppengr\u00f6\u00dfe und Ort angeboten, und die Koordination von Restaurants ist inbegriffen, wenn wir ein Programm mit mehreren Aktivit\u00e4ten zusammenstellen.<\/p>\n\n\n\n<p>Schreiben Sie uns eine WhatsApp-Nachricht mit Ihren Daten und der Gruppengr\u00f6\u00dfe und wir werden Ihnen innerhalb von 48 Stunden ein detailliertes Angebot schicken.<\/p>\n\n\n\n<p><strong><a href=\"https:\/\/api.whatsapp.com\/send?phone=33650354083\" target=\"_blank\" rel=\"noopener\">\u2192 Ein individuelles Angebot einholen<\/a><\/strong><\/p>\n<\/div><\/section>\n\n\n\n<section class=\"wp-block-group alignfull mt-0 mb-0 sec sec-faq full-width has-background-color has-primary-background-color has-text-color has-background has-link-color wp-elements-490c63eef1c69a62c91176763a137851\" id=\"faq\"><div class=\"wp-block-group__inner-container is-layout-constrained wp-block-group-is-layout-constrained\">\n<h2 class=\"wp-block-heading  mb-10\">H\u00e4ufig gestellte Fragen<\/h2>\n\n\n<div id=\"rank-math-faq\" class=\"rank-math-block\">\n<div class=\"rank-math-list\">\n<div id=\"faq-question-1774352837439\" class=\"rank-math-list-item\">\n<h3 class=\"rank-math-question\">Wie lange im Voraus sollten wir buchen?<\/h3>\n<div class=\"rank-math-answer\">\n\n<p>Zwei bis drei Wochen sind angemessen. Wir k\u00f6nnen auch mit k\u00fcrzeren Zeitr\u00e4umen arbeiten, wenn Anbieter und Veranstaltungsorte verf\u00fcgbar sind - kontaktieren Sie uns und wir sagen Ihnen, was f\u00fcr Ihre Termine m\u00f6glich ist.<\/p>\n\n<\/div>\n<\/div>\n<div id=\"faq-question-1774518063715\" class=\"rank-math-list-item\">\n<h3 class=\"rank-math-question\">Mit welchen Gruppengr\u00f6\u00dfen arbeiten Sie?<\/h3>\n<div class=\"rank-math-answer\">\n\n<p>Kontaktieren Sie uns mit Ihrer Gruppengr\u00f6\u00dfe und Ihren Daten. Aktivit\u00e4ten wie Privatboote und Restaurantbuchungen haben jeweils ihre eigene Kapazit\u00e4t, und wir werden die richtigen Optionen f\u00fcr Ihre Gruppe ausw\u00e4hlen.<\/p>\n\n<\/div>\n<\/div>\n<div id=\"faq-question-1774518071299\" class=\"rank-math-list-item\">\n<h3 class=\"rank-math-question\">Was sind die besten Aktivit\u00e4ten f\u00fcr einen Junggesellinnenabschied in Paris?<\/h3>\n<div class=\"rank-math-answer\">\n\n<p>Die beliebtesten Optionen sind eine private Bootsfahrt auf der Seine, ein gemeinsames Abendessen in einem Restaurant, das eine gr\u00f6\u00dfere Gruppe aufnehmen kann, und ein stilvolles Picknick mit Blick auf den Eiffelturm. Die meisten Gruppen kombinieren zwei oder drei dieser Angebote zu einem einzigen Abend oder Tag. Teilen Sie uns Ihre Gruppengr\u00f6\u00dfe und Interessen mit, und wir werden Ihnen passende Kombinationen vorschlagen.<\/p>\n\n<\/div>\n<\/div>\n<div id=\"faq-question-1774518083237\" class=\"rank-math-list-item\">\n<h3 class=\"rank-math-question\">Kann man eine Junggesellinnenabschiedsfeier und einen Heiratsantrag auf derselben Reise organisieren?<\/h3>\n<div class=\"rank-math-answer\">\n\n<p>Ja. Wir bieten Antragspakete getrennt von der Junggesellinnenkoordination an, damit wir beides planen k\u00f6nnen, ohne dass die zuk\u00fcnftige Braut davon erf\u00e4hrt. Das kommt \u00f6fter vor, als man denkt.<\/p>\n\n<\/div>\n<\/div>\n<div id=\"faq-question-1774518095908\" class=\"rank-math-list-item\">\n<h3 class=\"rank-math-question\">Stellen Sie einen Fotografen?<\/h3>\n<div class=\"rank-math-answer\">\n\n<p>Fotografen sind bei Bootsfahrten und Picknicks inbegriffen. F\u00fcr Buchungen, die nur ein Restaurant oder eine Wanderroute beinhalten, k\u00f6nnen wir einen Fotografen als separate Buchung hinzuf\u00fcgen.<\/p>\n\n<\/div>\n<\/div>\n<div id=\"faq-question-1774518108012\" class=\"rank-math-list-item\">\n<h3 class=\"rank-math-question\">M\u00fcssen wir in Paris ein Restaurant im Voraus reservieren?<\/h3>\n<div class=\"rank-math-answer\">\n\n<p>F\u00fcr Gruppen, ja. Restaurants in Paris bieten selten Platz f\u00fcr sechs oder mehr Personen ohne Reservierung, und die Wochenenden sind schnell ausgebucht. Wir k\u00fcmmern uns um alle Restaurantreservierungen im Rahmen der Planung, so dass die Gruppe die Lokale nicht direkt anrufen muss.<\/p>\n\n<\/div>\n<\/div>\n<div id=\"faq-question-1774518121730\" class=\"rank-math-list-item\">\n<h3 class=\"rank-math-question\">Welche Sprachen spricht Ihr Team?<\/h3>\n<div class=\"rank-math-answer\">\n\n<p>Englisch, Franz\u00f6sisch, Spanisch und Mandarin. Die gesamte Koordinierung und Kommunikation am Tag wird in der Sprache abgewickelt, die f\u00fcr Ihre Gruppe am besten geeignet ist. Sie k\u00f6nnen mit uns alles auf Englisch planen - wir k\u00fcmmern uns um die franz\u00f6sischsprachige Seite mit den Veranstaltungsorten und Lieferanten.<\/p>\n\n<\/div>\n<\/div>\n<div id=\"faq-question-1774518130941\" class=\"rank-math-list-item\">\n<h3 class=\"rank-math-question\">K\u00f6nnen wir die Dekoration von Hotelzimmern hinzuf\u00fcgen?<\/h3>\n<div class=\"rank-math-answer\">\n\n<p>Ja. Unser Dekorationsservice f\u00fcr Hotelzimmer beginnt bei 400 \u20ac und eignet sich gut als \u00dcberraschung f\u00fcr die zuk\u00fcnftige Braut in der Nacht ihrer Ankunft. Weitere Informationen finden Sie auf unserer Seite Hotelzimmerdekoration.<\/p>\n\n<\/div>\n<\/div>\n<div id=\"faq-question-1774518146033\" class=\"rank-math-list-item\">\n<h3 class=\"rank-math-question\">Was passiert, wenn es w\u00e4hrend unseres Picknicks oder unserer Bootsfahrt regnet?<\/h3>\n<div class=\"rank-math-answer\">\n\n<p>Wir einigen uns vor Ihrer Reise auf einen Ersatzplan. Je nachdem, was Sie gebucht haben, k\u00f6nnte das bedeuten, dass Sie den Zeitpunkt verschieben, einen \u00fcberdachten Ort aufsuchen oder den Aktivit\u00e4tenmix anpassen. Boote fahren auch bei leichtem Regen. Wir best\u00e4tigen den Plan mit Ihnen am Vortag auf der Grundlage der Vorhersage.<\/p>\n\n<\/div>\n<\/div>\n<\/div>\n<\/div><\/div><\/section>\n\n\n\n<section class=\"wp-block-cover alignfull mt-0 mb-0 sec sec-cta bg-fixed z-index-9\" style=\"min-height:800px;aspect-ratio:unset;\" id=\"cta\"><span aria-hidden=\"true\" class=\"wp-block-cover__background has-primary-background-color has-background-dim-100 has-background-dim\"><\/span><div class=\"wp-block-cover__inner-container is-layout-flow wp-block-cover-is-layout-flow\">\n<h2 class=\"wp-block-heading has-text-align-center  heading-size-2 mb-40\">Planung beginnen<\/h2>\n\n\n\n<p class=\"has-text-align-center container-xs\">Nennen Sie uns Ihre Daten, die Gruppengr\u00f6\u00dfe und was sich gut anh\u00f6rt. Wir schicken Ihnen dann einen Plan und ein Angebot.<\/p>\n\n\n\n<div class=\"wp-block-buttons is-content-justification-center is-layout-flex wp-container-core-buttons-is-layout-16018d1d wp-block-buttons-is-layout-flex\">\n<div class=\"wp-block-button\"><a class=\"wp-block-button__link has-primary-color has-text-color has-background has-link-color wp-element-button\" href=\"https:\/\/api.whatsapp.com\/send?phone=33650354083\" style=\"background-color:#f0ff3d\" target=\"_blank\" rel=\"noreferrer noopener\">WhatsApp uns<\/a><\/div>\n\n\n\n<div class=\"wp-block-button cta\"><a class=\"wp-block-button__link wp-element-button\" href=\"https:\/\/translate.eventsinparis.com\/de\/kontakt\/\">Kontakt-Formular<\/a><\/div>\n<\/div>\n<\/div><\/section>","protected":false},"excerpt":{"rendered":"<p>Bachelorette Party in Paris Your best friend is getting married and the group wants to do something in Paris. The problem is coordinating a group in a city none of you live in \u2014 boats, restaurants, timing, logistics. That is what we handle. Events in Paris is an English-speaking bachelorette planner in Paris. We organize [&hellip;]<\/p>\n","protected":false},"author":1,"featured_media":8823,"parent":0,"menu_order":0,"comment_status":"closed","ping_status":"closed","template":"","meta":{"_acf_changed":false,"inline_featured_image":false,"footnotes":""},"class_list":["post-9049","page","type-page","status-publish","has-post-thumbnail","hentry"],"acf":[],"_links":{"self":[{"href":"https:\/\/translate.eventsinparis.com\/de\/wp-json\/wp\/v2\/pages\/9049","targetHints":{"allow":["GET"]}}],"collection":[{"href":"https:\/\/translate.eventsinparis.com\/de\/wp-json\/wp\/v2\/pages"}],"about":[{"href":"https:\/\/translate.eventsinparis.com\/de\/wp-json\/wp\/v2\/types\/page"}],"author":[{"embeddable":true,"href":"https:\/\/translate.eventsinparis.com\/de\/wp-json\/wp\/v2\/users\/1"}],"replies":[{"embeddable":true,"href":"https:\/\/translate.eventsinparis.com\/de\/wp-json\/wp\/v2\/comments?post=9049"}],"version-history":[{"count":6,"href":"https:\/\/translate.eventsinparis.com\/de\/wp-json\/wp\/v2\/pages\/9049\/revisions"}],"predecessor-version":[{"id":9855,"href":"https:\/\/translate.eventsinparis.com\/de\/wp-json\/wp\/v2\/pages\/9049\/revisions\/9855"}],"wp:featuredmedia":[{"embeddable":true,"href":"https:\/\/translate.eventsinparis.com\/de\/wp-json\/wp\/v2\/media\/8823"}],"wp:attachment":[{"href":"https:\/\/translate.eventsinparis.com\/de\/wp-json\/wp\/v2\/media?parent=9049"}],"curies":[{"name":"wp","href":"https:\/\/api.w.org\/{rel}","templated":true}]}}