{"id":8984,"date":"2026-03-25T19:11:19","date_gmt":"2026-03-25T18:11:19","guid":{"rendered":"https:\/\/eventsinparis.com\/?page_id=8984"},"modified":"2026-05-01T15:27:22","modified_gmt":"2026-05-01T14:27:22","slug":"shangri-la-hotel-rooftop","status":"publish","type":"page","link":"https:\/\/translate.eventsinparis.com\/de\/paris-proposal-packages\/shangri-la-hotel-rooftop\/","title":{"rendered":"Vorschlag Shangri-La Paris"},"content":{"rendered":"<header class=\"wp-block-group alignfull mt-0 mb-0 pt-0 pb-0 section-header-outer full-width pl-0 pr-0 has-background-background-color has-background\" id=\"hero\"><div class=\"wp-block-group__inner-container is-layout-constrained wp-block-group-is-layout-constrained\">\n<div class=\"wp-block-group alignfull mt-0 mb-0 sec section-header full-width\"><div class=\"wp-block-group__inner-container is-layout-constrained wp-block-group-is-layout-constrained\">\n<h1 class=\"wp-block-heading alignwide has-text-align-left ml-0 mb-10 has-primary-color has-text-color has-link-color wp-elements-9c3c1375bf37a3b0d1133c50ccc10120\" style=\"text-transform:uppercase\">Shangri-La Paris Antrag: Was Sie vor der Planung wissen sollten<\/h1>\n<\/div><\/div>\n<\/div><\/header>\n\n\n<figure class=\"alignfull mt-0 mb-0 bg-fixed wp-block-post-featured-image\"><img decoding=\"async\" width=\"1200\" height=\"800\" src=\"https:\/\/translate.eventsinparis.com\/wp-content\/uploads\/2024\/06\/Shangri-La-Paris-Marriage-Proposal-Packages.jpg\" class=\"attachment-post-thumbnail size-post-thumbnail wp-post-image\" alt=\"Shangri-La Paris Antragspakete mit Blick auf den Eiffelturm\" style=\"object-fit:cover;\" srcset=\"https:\/\/translate.eventsinparis.com\/wp-content\/uploads\/2024\/06\/Shangri-La-Paris-Marriage-Proposal-Packages.jpg 1200w, https:\/\/translate.eventsinparis.com\/wp-content\/uploads\/2024\/06\/Shangri-La-Paris-Marriage-Proposal-Packages-600x400.jpg 600w, https:\/\/translate.eventsinparis.com\/wp-content\/uploads\/2024\/06\/Shangri-La-Paris-Marriage-Proposal-Packages-300x200.jpg 300w, https:\/\/translate.eventsinparis.com\/wp-content\/uploads\/2024\/06\/Shangri-La-Paris-Marriage-Proposal-Packages-1024x683.jpg 1024w, https:\/\/translate.eventsinparis.com\/wp-content\/uploads\/2024\/06\/Shangri-La-Paris-Marriage-Proposal-Packages-768x512.jpg 768w\" sizes=\"(max-width: 1200px) 100vw, 1200px\" \/><\/figure>\n\n\n<section class=\"wp-block-group alignfull mt-0 mb-0 sec full-width has-background-background-color has-background\" id=\"intro\"><div class=\"wp-block-group__inner-container is-layout-constrained wp-block-group-is-layout-constrained\">\n<p>Sie planen einen Heiratsantrag im Shangri-La Paris? F\u00fcr einen Heiratsantrag muss man hier eine Suite auf der Eiffelturmterrasse f\u00fcr eine Nacht buchen - es gibt keine Zeitfenstervermietung wie beim Secret Table des Peninsula. Das bedeutet, dass allein die Kosten f\u00fcr die Suite bei \u00fcber 4.000 \u20ac\/Nacht beginnen, bevor Dekoration, Fotografie oder Planung hinzukommen. Dies ist eine Full-Service-Planung.<\/p>\n\n\n\n<p>Events in Paris kennt diesen Veranstaltungsort gut und kann Ihnen auf zweierlei Weise helfen: Wir richten die Hotelzimmerdekoration in der Suite ein (eine \u00dcberraschung, w\u00e4hrend das Paar unterwegs ist), und wir k\u00f6nnen Sie mit erfahrenen englischsprachigen Full-Service-Planern in Paris zusammenbringen, die regelm\u00e4\u00dfig Shangri-La-Vorschl\u00e4ge bearbeiten. Beginnen Sie mit uns - wir k\u00f6nnen Ihnen die richtige Richtung weisen.<\/p>\n<\/div><\/section>\n\n\n\n<section class=\"wp-block-group alignfull mt-0 mb-0 sec full-width sec-services has-background-color has-primary-background-color has-text-color has-background has-link-color wp-elements-ec591ac2f38bd383f73cf7221dd2b35c\"><div class=\"wp-block-group__inner-container is-layout-constrained wp-block-group-is-layout-constrained\">\n<h2 class=\"wp-block-heading\">Was macht das Shangri-La Paris zum romantischsten Ort f\u00fcr einen Heiratsantrag in Paris?<\/h2>\n\n\n\n<p>Das Shangri-La bietet den intimsten Blick auf den Eiffelturm von jeder Dachterrasse in Paris - und dar\u00fcber hinaus \u00fcberall. Keine andere Terrasse kommt dem nahe.<\/p>\n\n\n\n<p>Der Abstand zum Turm ist genau richtig. Nicht so nah, dass er den Rahmen unangenehm ausf\u00fcllt (wie der Pullman), und nicht so weit entfernt, dass er zur Kulisse wird. Der Turm ist da, vorne und in der Mitte, in einem Abstand, der es einem erlaubt, alles aufzunehmen.<\/p>\n\n\n\n<p>Das Erlebnis beginnt schon, bevor man die Terrasse erreicht. Sie fahren in die abgeschiedene Einfahrt des Hotels in der Avenue d'I\u00e9na, werden vom Hoteldiener begr\u00fc\u00dft und betreten eine Lobby, die sich wie eine private Pariser Residenz anf\u00fchlt - nicht wie ein Hotel. Die Mitarbeiter wissen, was sie tun. Die Palast-Atmosph\u00e4re ist unmittelbar.<\/p>\n\n\n\n<p>Dann sind Sie in Ihrer eigenen Suite. Darin unterscheidet sich das Shangri-La grundlegend von anderen Orten f\u00fcr Heiratsantr\u00e4ge: Sie sind bereits zu Hause f\u00fcr diese Nacht. Sie k\u00f6nnen die Terrasse mit Blumen und Kerzen schm\u00fccken, ein privates Abendessen auf Ihrer eigenen Terrasse mit Blick auf den Eiffelturm servieren lassen und am Ende des Abends die T\u00fcr abschlie\u00dfen. Ihr Bett ist nur drei Sekunden von der Terrasse entfernt. Sie k\u00f6nnen den Eiffelturm von Ihrem eigenen Zimmer aus funkeln sehen. Kein Taxi, keine Logistik, keine Abfahrtszeit.<\/p>\n\n\n\n<p>Das Angebot des Hotels mit Blick auf den Eiffelturm reicht von den Terrace Suites und den Duplex Terrace Eiffel View Suites bis zu den Signature Suites: La Suite Gustave Eiffel (umlaufende Terrasse, Panoramablick), La Suite Chaillot, La Suite Shangri-La (oberste Etage, 100 m\u00b2 Terrasse) und L'Appartement Prince Bonaparte. Die Suiten mit den besten Terrassenvorschl\u00e4gen sind die Duplex Terrace Eiffel View Suite und La Suite Gustave Eiffel.<\/p>\n\n\n\n<p>Die Verf\u00fcgbarkeit von Suiten, die Zuweisung von Kategorien und die Preise werden vom Hotel kontrolliert und \u00e4ndern sich je nach Saison. Wir k\u00f6nnen Ihnen helfen, herauszufinden, welche Suite zu Ihren Pl\u00e4nen passt - kontaktieren Sie uns und wir werden Ihnen den richtigen Weg weisen.<\/p>\n<\/div><\/section>\n\n\n\n<section class=\"wp-block-group alignfull mt-0 mb-0 sec full-width has-background-background-color has-background\"><div class=\"wp-block-group__inner-container is-layout-constrained wp-block-group-is-layout-constrained\">\n<h2 class=\"wp-block-heading has-primary-color has-text-color has-link-color wp-elements-54653dc2c428692e86f7a23242035454\">Wie viel kostet ein Angebot des Shangri-La Paris?<\/h2>\n\n\n\n<p>Die Preise f\u00fcr eine Terrassensuite mit teilweisem Blick auf den Eiffelturm beginnen bei \u00fcber 4.000 \u20ac pro Nacht und steigen f\u00fcr Duplex-Terrassen- und Signature-Suiten mit direktem Blick deutlich an. Bei einem kompletten Antrag kommen noch Honorare f\u00fcr den Planer, Blumen, Fotografie, Musik und ein privates Abendessen hinzu.<\/p>\n\n\n\n<p>In Spitzenzeiten - Weihnachten bis Neujahr, Pariser Modewoche und andere Termine, an denen ein Hotel dieses Kalibers ausgebucht ist - ist die Verf\u00fcgbarkeit begrenzt und die Preise steigen. Die Signature Suites (Gustave Eiffel, Shangri-La, Prince Bonaparte) k\u00f6nnen in der Hochsaison \u00fcber 20.000 \u20ac\/Nacht kosten.<\/p>\n\n\n\n<p>Ein realistischer Kostenvoranschlag f\u00fcr eine komplette Shangri-La-Produktion beinhaltet die Buchung der Suite (mindestens eine Nacht), die Koordination des Planers mit dem Hotel, Blumenschmuck und Dekoration auf der Terrasse, Fotografie und optional Video, Live-Musik und privates Essen. Die meisten Produktionen an diesem Ort belaufen sich auf weit \u00fcber 10.000 \u20ac alles in allem.<\/p>\n\n\n\n<p>Dies ist eine andere Kategorie als unsere <a href=\"https:\/\/translate.eventsinparis.com\/de\/heiratsantragspakete\/\" data-type=\"page\" data-id=\"303\">Aufdachpakete zum Festpreis<\/a>, die bei 2.100 \u20ac beginnen. Wenn Sie die beiden vergleichen wollen, sagen Sie uns Bescheid und wir erkl\u00e4ren Ihnen die Unterschiede.<\/p>\n\n\n\n<p>F\u00fcr den Gesamtvorschlag Preisklassen in Paris, <a href=\"https:\/\/translate.eventsinparis.com\/de\/paris-proposal-cost\/\" data-type=\"page\" data-id=\"8241\">siehe unseren Kostenleitfaden f\u00fcr Vorschl\u00e4ge.<\/a><\/p>\n<\/div><\/section>\n\n\n\n<section class=\"wp-block-group alignfull mt-0 mb-0 sec full-width sec-services has-background-color has-primary-background-color has-text-color has-background has-link-color wp-elements-4ebcae38120c8ce4b9cddad5daca1f3d\"><div class=\"wp-block-group__inner-container is-layout-constrained wp-block-group-is-layout-constrained\">\n<h2 class=\"wp-block-heading\">Welche Aufgaben hat Events in Paris im Shangri-La?<\/h2>\n\n\n\n<p>Events in Paris k\u00fcmmert sich nicht um Terrassenvorschl\u00e4ge im Shangri-La - daf\u00fcr muss man eine Suite buchen und einen Full-Service-Planer engagieren. Wir k\u00fcmmern uns um die Dekoration der Hotelzimmer: eine \u00dcberraschungsinstallation in der Suite, w\u00e4hrend das Paar unterwegs ist.<\/p>\n\n\n\n<p>Unser Dekorationsservice f\u00fcr Hotelzimmer funktioniert im Shangri-La auf die gleiche Weise wie in anderen Pariser Hotels. Wir koordinieren den Zugang mit dem Concierge, richten das Zimmer ein, w\u00e4hrend das Paar unterwegs ist (Einkaufen, Abendessen, Spaziergang an der Seine), und hinterlassen es bei der R\u00fcckkehr des Paares. Die Optionen reichen von Seidenblumenarrangements und Kerzen bis hin zu Marry-Me-Buchstaben und Rosenbl\u00e4ttern. Siehe unser vollst\u00e4ndiges <a href=\"https:\/\/translate.eventsinparis.com\/de\/hotel-room-decor\/\" data-type=\"page\" data-id=\"8717\">Dekorationsm\u00f6glichkeiten f\u00fcr Hotelzimmer und Preise.<\/a><\/p>\n\n\n\n<p>F\u00fcr den Terrassenvorschlag selbst - Blumenschmuck, Fotografie, Musik, privates Essen und die Produktionsplanung, die alles miteinander verbindet - ist ein Full-Service-Planer die richtige Wahl. Wir wissen, welche Planer an diesem Ort t\u00e4tig sind und stellen gerne den Kontakt her. F\u00fcr diese Einf\u00fchrung fallen keine Geb\u00fchren an.<\/p>\n<\/div><\/section>\n\n\n\n<section class=\"wp-block-group alignfull mt-0 mb-0 sec full-width has-background-background-color has-background\"><div class=\"wp-block-group__inner-container is-layout-constrained wp-block-group-is-layout-constrained\">\n<h2 class=\"wp-block-heading has-primary-color has-text-color has-link-color wp-elements-0146a0b0347e7e922fb39cfb08cb31ff\">Wie kann ich mit der Planung eines Shangri-La-Antrags beginnen?<\/h2>\n\n\n\n<p>Beginnen Sie mit uns. Wir k\u00f6nnen die Raumdekoration in der Suite einrichten, Sie mit einem Planer f\u00fcr die Terrassenproduktion verbinden oder beides.<\/p>\n\n\n\n<p><strong>Wenn Sie ein Zimmerdekor in der Suite w\u00fcnschen:<\/strong><\/p>\n\n\n\n<p>Nennen Sie uns Ihr Datum, das Hotel und Ihre Vorstellungen. Wir stimmen uns direkt mit dem Concierge ab.<\/p>\n\n\n\n<p><strong>Wenn Sie einen Planer f\u00fcr den Terrassenvorschlag ben\u00f6tigen:<\/strong><\/p>\n\n\n\n<p>Schicken Sie uns Ihr Datum und eine ungef\u00e4hre Vorstellung des Umfangs. Wir werden Sie mit erfahrenen englischsprachigen Planern in Paris verbinden, die das Shangri-La kennen.<\/p>\n\n\n\n<p><strong>Wenn Sie sich noch zwischen dem Shangri-La und einem Festpreispaket entscheiden m\u00fcssen:<\/strong><\/p>\n\n\n\n<p>Unsere Standard-Dachpakete bei <a href=\"https:\/\/translate.eventsinparis.com\/de\/heiratsantragspakete\/passy-rooftop\/\" data-type=\"page\" data-id=\"8982\">Passy<\/a> und <a href=\"https:\/\/translate.eventsinparis.com\/de\/heiratsantragspakete\/copernic-rooftop\/\" data-type=\"page\" data-id=\"8904\">Kopernikus<\/a> beginnen bei 2.100 \u20ac. Unsere privaten Seine-Boot-Pakete beginnen bei 1.600 \u20ac. Sie brauchen keine Suite zu buchen, keinen Planer - Sie tauchen auf und alles ist fertig. Das Shangri-La ist eine andere Produktion zu einem anderen Preis. Sagen Sie uns, was f\u00fcr Sie am wichtigsten ist, und wir k\u00f6nnen Ihnen die M\u00f6glichkeiten aufzeigen.<\/p>\n\n\n\n<p><a href=\"https:\/\/translate.eventsinparis.com\/de\/hotel-room-decor\/\" data-type=\"page\" data-id=\"8717\">Ich brauche eine Zimmerdekoration im Shangri-La<\/a><\/p>\n\n\n\n<p><a href=\"https:\/\/api.whatsapp.com\/send?phone=33650354083\" target=\"_blank\" data-type=\"link\" data-id=\"https:\/\/api.whatsapp.com\/send?phone=33650354083\" rel=\"noreferrer noopener\">Verbinden Sie mich mit einem Planer f\u00fcr ein Shangri-La-Angebot<\/a><\/p>\n\n\n\n<p><em>Suchen Sie einen Vorschlag mit Blick auf den Eiffelturm, den Sie direkt buchen k\u00f6nnen? <\/em><a href=\"https:\/\/translate.eventsinparis.com\/de\/heiratsantragspakete\/\" data-type=\"page\" data-id=\"303\"><em>Alle Pakete anzeigen <\/em>\u2192<\/a><\/p>\n<\/div><\/section>\n\n\n\n<section class=\"wp-block-group alignfull mt-0 mb-0 sec sec-faq full-width has-background-color has-primary-background-color has-text-color has-background has-link-color wp-elements-906d0b73529bc6923dde4c1e0b4b67cc\" id=\"faq\"><div class=\"wp-block-group__inner-container is-layout-constrained wp-block-group-is-layout-constrained\">\n<h2 class=\"wp-block-heading  mb-10\">Shangri-La Paris Vorschlag FAQ<\/h2>\n\n\n<div id=\"rank-math-faq\" class=\"rank-math-block\">\n<div class=\"rank-math-list\">\n<div id=\"faq-question-1774352837439\" class=\"rank-math-list-item\">\n<h3 class=\"rank-math-question\">Muss ich eine Suite buchen, um im Shangri-La Paris einen Antrag zu machen?<\/h3>\n<div class=\"rank-math-answer\">\n\n<p>Ja. Das Shangri-La vermietet den Zugang zur Terrasse nicht stundenweise oder nach Zeitfenster. Um einen Heiratsantrag auf einer privaten Terrasse mit Blick auf den Eiffelturm zu machen, m\u00fcssen Sie eine Terrassensuite f\u00fcr eine Nacht buchen. Dies ist ein grundlegender Unterschied zum Secret Table des Peninsula, wo Sie die Dachterrasse auch ohne Zimmerbuchung mieten k\u00f6nnen. Im Shangri-La ist die Suite der Veranstaltungsort.<\/p>\n\n<\/div>\n<\/div>\n<div id=\"faq-question-1774462328985\" class=\"rank-math-list-item\">\n<h3 class=\"rank-math-question\">Wie viel kostet ein Angebot des Shangri-La Paris?<\/h3>\n<div class=\"rank-math-answer\">\n\n<p>Die Suite allein kostet ab 4.000 \u20ac\/Nacht f\u00fcr eine Terrace Suite. Duplex-Terrassen- und Signature-Suiten mit direktem Blick auf den Eiffelturm kosten deutlich mehr, und in Spitzenzeiten (Weihnachten bis Neujahr, Pariser Modewoche) steigen die Preise und die Verf\u00fcgbarkeit ist begrenzt. Die Kosten f\u00fcr eine komplette Produktion - Planer, Blumenschmuck, Fotografie, Musik, privates Essen - kommen zu den Kosten der Suite hinzu. Die meisten Shangri-La-Angebote belaufen sich auf weit \u00fcber 10.000 \u20ac Gesamtkosten. Setzen Sie sich mit uns in Verbindung, um einen realistischen Kostenrahmen auf der Grundlage Ihres Termins und Ihres Umfangs zu ermitteln.<\/p>\n\n<\/div>\n<\/div>\n<div id=\"faq-question-1774462340874\" class=\"rank-math-list-item\">\n<h3 class=\"rank-math-question\">Kann Events in Paris die Dekoration von Hotelzimmern im Shangri-La einrichten?<\/h3>\n<div class=\"rank-math-answer\">\n\n<p>Ja. Wir stimmen uns mit dem Hotel-Concierge ab, installieren eine \u00dcberraschungsdekoration in der Suite, w\u00e4hrend das Paar nicht zu Hause ist, und hinterlassen das Zimmer bei ihrer R\u00fcckkehr. Seidenblumenarrangements, Kerzen, \"Marry Me\"-Schriftz\u00fcge, Rosenbl\u00e4tter - sehen Sie sich unser komplettes Angebot an Zimmerdekoration und Preisen an.<\/p>\n\n<\/div>\n<\/div>\n<div id=\"faq-question-1774462351918\" class=\"rank-math-list-item\">\n<h3 class=\"rank-math-question\">Wie unterscheidet sich ein Shangri-La-Angebot von Ihren Standard-Dachpaketen?<\/h3>\n<div class=\"rank-math-answer\">\n\n<p>Unsere Rooftop-Pakete in Passy und Copernic werden vollst\u00e4ndig von Events in Paris verwaltet - Festpreise ab 2.100 \u20ac, ver\u00f6ffentlichte Inklusivleistungen, keine Suite-Buchung, kein Planer erforderlich. Sie tauchen auf und alles ist bereit. Ein Shangri-La-Angebot erfordert die Buchung einer Suite (ab 4.000 \u20ac\/Nacht), einen Full-Service-Planer und ein zus\u00e4tzliches Produktionsbudget f\u00fcr die Suite. Die Erlebnisse sind weder vom Umfang noch von den Kosten her vergleichbar. Wenn Sie beide Angebote gegeneinander abw\u00e4gen m\u00f6chten, sagen Sie uns Bescheid, damit wir Sie bei der Abw\u00e4gung unterst\u00fctzen k\u00f6nnen.<\/p>\n\n<\/div>\n<\/div>\n<\/div>\n<\/div><\/div><\/section>\n\n\n\n<section class=\"wp-block-cover alignfull mt-0 mb-0 sec sec-cta bg-fixed z-index-9\" style=\"min-height:800px;aspect-ratio:unset;\" id=\"cta\"><span aria-hidden=\"true\" class=\"wp-block-cover__background has-primary-background-color has-background-dim-100 has-background-dim\"><\/span><div class=\"wp-block-cover__inner-container is-layout-flow wp-block-cover-is-layout-flow\">\n<p class=\"has-text-align-center\">F\u00fcnf-Sterne-Bewertung bei Google - <a href=\"https:\/\/translate.eventsinparis.com\/de\/reviews\/\" data-type=\"page\" data-id=\"7736\">Alle Bewertungen lesen \u2192<\/a><\/p>\n\n\n\n<h2 class=\"wp-block-heading has-text-align-center  heading-size-2 mb-40 mt-0\">Sagen Sie uns, was Sie vorhaben<\/h2>\n\n\n\n<p class=\"has-text-align-center container-xs\">Wir antworten innerhalb von 8 Stunden.<\/p>\n\n\n\n<div class=\"wp-block-buttons is-content-justification-center is-layout-flex wp-container-core-buttons-is-layout-16018d1d wp-block-buttons-is-layout-flex\">\n<div class=\"wp-block-button\"><a class=\"wp-block-button__link has-primary-color has-text-color has-background has-link-color wp-element-button\" href=\"https:\/\/api.whatsapp.com\/send?phone=33650354083\" style=\"background-color:#f0ff3d\" target=\"_blank\" rel=\"noreferrer noopener\">WhatsApp uns<\/a><\/div>\n\n\n\n<div class=\"wp-block-button cta\"><a class=\"wp-block-button__link wp-element-button\" href=\"https:\/\/translate.eventsinparis.com\/de\/contact\/\">Kontakt-Formular<\/a><\/div>\n<\/div>\n<\/div><\/section>","protected":false},"excerpt":{"rendered":"<p>Shangri-La Paris proposal: what to know before you plan Researching a proposal at the Shangri-La Paris? A proposal here requires booking an Eiffel Tower terrace suite for the night \u2014 there is no time-slot rental like the Peninsula\u2019s Secret Table. That means the suite cost alone starts above \u20ac4,000\/night before any d\u00e9cor, photography, or planning [&hellip;]<\/p>\n","protected":false},"author":1,"featured_media":1226,"parent":303,"menu_order":0,"comment_status":"closed","ping_status":"closed","template":"","meta":{"_acf_changed":false,"inline_featured_image":false,"footnotes":""},"class_list":["post-8984","page","type-page","status-publish","has-post-thumbnail","hentry"],"acf":[],"_links":{"self":[{"href":"https:\/\/translate.eventsinparis.com\/de\/wp-json\/wp\/v2\/pages\/8984","targetHints":{"allow":["GET"]}}],"collection":[{"href":"https:\/\/translate.eventsinparis.com\/de\/wp-json\/wp\/v2\/pages"}],"about":[{"href":"https:\/\/translate.eventsinparis.com\/de\/wp-json\/wp\/v2\/types\/page"}],"author":[{"embeddable":true,"href":"https:\/\/translate.eventsinparis.com\/de\/wp-json\/wp\/v2\/users\/1"}],"replies":[{"embeddable":true,"href":"https:\/\/translate.eventsinparis.com\/de\/wp-json\/wp\/v2\/comments?post=8984"}],"version-history":[{"count":1,"href":"https:\/\/translate.eventsinparis.com\/de\/wp-json\/wp\/v2\/pages\/8984\/revisions"}],"predecessor-version":[{"id":9871,"href":"https:\/\/translate.eventsinparis.com\/de\/wp-json\/wp\/v2\/pages\/8984\/revisions\/9871"}],"up":[{"embeddable":true,"href":"https:\/\/translate.eventsinparis.com\/de\/wp-json\/wp\/v2\/pages\/303"}],"wp:featuredmedia":[{"embeddable":true,"href":"https:\/\/translate.eventsinparis.com\/de\/wp-json\/wp\/v2\/media\/1226"}],"wp:attachment":[{"href":"https:\/\/translate.eventsinparis.com\/de\/wp-json\/wp\/v2\/media?parent=8984"}],"curies":[{"name":"wp","href":"https:\/\/api.w.org\/{rel}","templated":true}]}}