{"id":8977,"date":"2026-03-25T17:15:42","date_gmt":"2026-03-25T17:15:42","guid":{"rendered":"https:\/\/eventsinparis.com\/?page_id=8977"},"modified":"2026-04-30T14:22:57","modified_gmt":"2026-04-30T13:22:57","slug":"luxury-picnic","status":"publish","type":"page","link":"https:\/\/translate.eventsinparis.com\/de\/luxury-picnic\/","title":{"rendered":"Paris Picknick-Pakete"},"content":{"rendered":"<header class=\"wp-block-group alignfull mt-0 mb-0 pt-0 pb-0 section-header-outer full-width pl-0 pr-0 has-background-background-color has-background\" id=\"hero\"><div class=\"wp-block-group__inner-container is-layout-constrained wp-block-group-is-layout-constrained\">\n<div class=\"wp-block-group alignfull mt-0 mb-0 sec section-header full-width\"><div class=\"wp-block-group__inner-container is-layout-constrained wp-block-group-is-layout-constrained\">\n<h1 class=\"wp-block-heading alignwide has-text-align-left ml-0 mb-10 has-primary-color has-text-color has-link-color wp-elements-719ac1ff6e5249c0c915786facef0db5\" style=\"text-transform:uppercase\">Paris Picknick-Pakete<\/h1>\n\n\n\n<p class=\"ml-0 mb-10 has-primary-color has-text-color has-link-color has-normal-font-size wp-elements-ca03086f57127207c83fd9b8f637eaf2\">Private Arrangements mit Champagner, Blumen und einem Fotografen. Wir k\u00fcmmern uns um alles - Sie kommen.<\/p>\n\n\n\n<div class=\"wp-block-buttons ml-0 pb-20 is-layout-flex wp-block-buttons-is-layout-flex\">\n<div class=\"wp-block-button\"><a class=\"wp-block-button__link has-primary-color has-text-color has-background has-link-color wp-element-button\" href=\"https:\/\/api.whatsapp.com\/send?phone=33650354083\" style=\"background-color:#f0ff3d\" target=\"_blank\" rel=\"noreferrer noopener\">Verf\u00fcgbarkeit pr\u00fcfen<\/a><\/div>\n<\/div>\n<\/div><\/div>\n<\/div><\/header>\n\n\n<figure class=\"alignfull mt-0 mb-0 bg-fixed wp-block-post-featured-image\"><img decoding=\"async\" width=\"1200\" height=\"800\" src=\"https:\/\/translate.eventsinparis.com\/wp-content\/uploads\/2026\/03\/paris-picnic-proposal-seine-champagne-macarons-1200x800.avif\" class=\"attachment-post-thumbnail size-post-thumbnail wp-post-image\" alt=\"Champagner, Macarons und frische Erdbeeren auf einem wei\u00dfen Tischtuch bei einem privaten Picknick an der Seine in Paris\" style=\"object-fit:cover;\" srcset=\"https:\/\/translate.eventsinparis.com\/wp-content\/uploads\/2026\/03\/paris-picnic-proposal-seine-champagne-macarons-1200x800.avif 1200w, https:\/\/translate.eventsinparis.com\/wp-content\/uploads\/2026\/03\/paris-picnic-proposal-seine-champagne-macarons-300x200.avif 300w, https:\/\/translate.eventsinparis.com\/wp-content\/uploads\/2026\/03\/paris-picnic-proposal-seine-champagne-macarons-1024x683.avif 1024w, https:\/\/translate.eventsinparis.com\/wp-content\/uploads\/2026\/03\/paris-picnic-proposal-seine-champagne-macarons-768x512.avif 768w, https:\/\/translate.eventsinparis.com\/wp-content\/uploads\/2026\/03\/paris-picnic-proposal-seine-champagne-macarons-1536x1024.avif 1536w, https:\/\/translate.eventsinparis.com\/wp-content\/uploads\/2026\/03\/paris-picnic-proposal-seine-champagne-macarons.avif 1800w\" sizes=\"(max-width: 1200px) 100vw, 1200px\" \/><\/figure>\n\n\n<section class=\"wp-block-group alignfull mt-0 mb-0 sec full-width has-background-background-color has-background\" id=\"intro\"><div class=\"wp-block-group__inner-container is-layout-constrained wp-block-group-is-layout-constrained\">\n<h2 class=\"wp-block-heading sec-header mb-10 has-primary-color has-text-color has-link-color wp-elements-6c7b4f277206a64de620c452b44d311b\">Was ist in einem Pariser Picknick-Paket enthalten?<\/h2>\n\n\n\n<p>Jedes Picknick-Paket von Events in Paris ist ein begehbares Arrangement. Wir kommen fr\u00fch an, arrangieren alles am Veranstaltungsort und r\u00e4umen auf, wenn Sie fertig sind. Sie bringen Ihre G\u00e4ste mit - wir bringen den Rest.<\/p>\n\n\n\n<p><strong>Standard-Inklusivleistungen f\u00fcr alle Pakete:<\/strong><\/p>\n\n\n\n<ul class=\"wp-block-list\">\n<li>Eine Flasche k\u00fchler Champagner <\/li>\n\n\n\n<li>Handwerklich hergestellter K\u00e4se, Charcuterie, Geb\u00e4ck und franz\u00f6sisches Brot<\/li>\n\n\n\n<li>Decken, Kissen und Tafelgeschirr<\/li>\n\n\n\n<li>Blumenschmuck aus Seide<\/li>\n\n\n\n<li>Vollst\u00e4ndiger Aufbau und Reinigung durch unser Team<\/li>\n\n\n\n<li>30mn Fotografie inklusive 20 hochaufl\u00f6sende bearbeitete Fotos <\/li>\n<\/ul>\n\n\n\n<p>Fotos, Live-Musik, Rosenbl\u00fcten und Locations mit Blick auf den Eiffelturm sind als Zusatzleistungen erh\u00e4ltlich oder in h\u00f6herwertigen Paketen enthalten.<\/p>\n<\/div><\/section>\n\n\n\n<section class=\"wp-block-group alignfull mt-0 mb-0 sec full-width sec-services has-background-color has-primary-background-color has-text-color has-background has-link-color wp-elements-f2e33c9eafef5d6a1036afc47ed423ce\"><div class=\"wp-block-group__inner-container is-layout-constrained wp-block-group-is-layout-constrained\">\n<h2 class=\"wp-block-heading\">PAKETE<\/h2>\n\n\n\n<h3 class=\"wp-block-heading\">Kopernikus Eiffel Picknick auf dem Dach<\/h3>\n\n\n\n<p><strong>Ab 2 \u20ac,<\/strong>850<\/p>\n\n\n\n<p>Ein privates Picknick auf dem Dach \u00fcber Paris, auf der Terrasse von Copernic mit direktem Blick auf den Eiffelturm. Tisch f\u00fcr zwei Personen mit Leinen Ihrer Wahl, transparente Geisterst\u00fchle, wei\u00dfe Seidenblumenarrangements, Ruinart Champagner auf Eis, Obst der Saison, Wurst und K\u00e4se, Geb\u00e4ck und professioneller Fotograf f\u00fcr den Antrag.<br>Verf\u00fcgbar bei Sonnenaufgang, tags\u00fcber oder zur blauen Stunde. Wir bauen auf und r\u00e4umen ab - Sie kommen zu einem fertigen Tisch.<\/p>\n\n\n\n<p><strong>Verf\u00fcgbare Add-ons: <\/strong>Videofilmer, Live-Musiker, Transport (V-Klasse Mercedes).<\/p>\n\n\n\n<p><strong>Am besten geeignet f\u00fcr: <\/strong>Paare, Heiratsantr\u00e4ge, Jubil\u00e4en und private Feiern.<\/p>\n\n\n\n<p><strong>Saison: <\/strong>Anfang April bis Anfang Oktober<\/p>\n\n\n\n<figure class=\"wp-block-image size-large\"><img decoding=\"async\" width=\"1024\" height=\"683\" src=\"https:\/\/translate.eventsinparis.com\/wp-content\/uploads\/2026\/04\/copernic-rooftop-picnic-sunrise-eiffel-tower-paris-1024x683.avif\" alt=\"Intimer Tisch f\u00fcr zwei Personen mit rosafarbenem Leinen, transparenten St\u00fchlen, gestaffeltem Obststand, Champagner, Charcuterie und wei\u00dfen Seidenblumenarrangements auf der privaten Dachterrasse des Copernic bei Sonnenaufgang, mit dem Eiffelturm im Hintergrund unter einem rosafarbenen und orangefarbenen Sommerhimmel\" class=\"wp-image-9587\" srcset=\"https:\/\/translate.eventsinparis.com\/wp-content\/uploads\/2026\/04\/copernic-rooftop-picnic-sunrise-eiffel-tower-paris-1024x683.avif 1024w, https:\/\/translate.eventsinparis.com\/wp-content\/uploads\/2026\/04\/copernic-rooftop-picnic-sunrise-eiffel-tower-paris-300x200.avif 300w, https:\/\/translate.eventsinparis.com\/wp-content\/uploads\/2026\/04\/copernic-rooftop-picnic-sunrise-eiffel-tower-paris-768x512.avif 768w, https:\/\/translate.eventsinparis.com\/wp-content\/uploads\/2026\/04\/copernic-rooftop-picnic-sunrise-eiffel-tower-paris-1536x1024.avif 1536w, https:\/\/translate.eventsinparis.com\/wp-content\/uploads\/2026\/04\/copernic-rooftop-picnic-sunrise-eiffel-tower-paris-1200x800.avif 1200w, https:\/\/translate.eventsinparis.com\/wp-content\/uploads\/2026\/04\/copernic-rooftop-picnic-sunrise-eiffel-tower-paris.avif 1600w\" sizes=\"(max-width: 1024px) 100vw, 1024px\" \/><figcaption class=\"wp-element-caption\">Copernic Dachterrasse, Paris - ein privater Tisch bei Sonnenaufgang, der Eiffelturm, der sich mit dem Himmel vergoldet, gek\u00fchlter Champagner und die Stadt ganz f\u00fcr Sie allein<\/figcaption><\/figure>\n\n\n\n<hr class=\"wp-block-separator has-alpha-channel-opacity\"\/>\n\n\n\n<h3 class=\"wp-block-heading\">Kirschbl\u00fcten-Picknick<\/h3>\n\n\n\n<p><strong>Ab 1 \u20ac,<\/strong>500<\/p>\n\n\n\n<p>Eine saisonale Einrichtung im Parc de Sceaux w\u00e4hrend der Kirschbl\u00fctenzeit (Anfang\/Mitte April). Rosa Decken, Kissen, Champagner, Geb\u00e4ck und ein dekorierter Tisch mit Stielgl\u00e4sern und Hortensien. Begehbar - wir bauen auf und r\u00e4umen ab.<br>30mn mit Ihrem Vorschlagsfotografen.<\/p>\n\n\n\n<p><strong>Verf\u00fcgbare Add-ons: <\/strong>Kameramann, Live-Musiker, Transport (V-Klasse Mercedes).<\/p>\n\n\n\n<p><strong>Am besten geeignet f\u00fcr: <\/strong>Paare, Heiratsantr\u00e4ge w\u00e4hrend der Kirschbl\u00fctenzeit und Gruppenfeiern.<\/p>\n\n\n\n<p><strong>Saison: <\/strong>Nur Anfang bis Mitte April.<\/p>\n\n\n\n<figure class=\"wp-block-image size-large\"><img decoding=\"async\" width=\"1024\" height=\"683\" src=\"https:\/\/translate.eventsinparis.com\/wp-content\/uploads\/2026\/04\/cherry-blossom-picnic-parc-de-sceaux-paris-spring-1024x683.avif\" alt=\"Zwei junge M\u00e4dchen in rosa Kleidern sitzen an einem niedrigen wei\u00dfen Picknicktisch unter Kirschbl\u00fctenb\u00e4umen im Parc de Sceaux im Fr\u00fchling, rosa Rosengestecke, Kerzen, Geb\u00e4ck und Ros\u00e9-Champagner, Weidenkorb neben ihnen\" class=\"wp-image-9482\" srcset=\"https:\/\/translate.eventsinparis.com\/wp-content\/uploads\/2026\/04\/cherry-blossom-picnic-parc-de-sceaux-paris-spring-1024x683.avif 1024w, https:\/\/translate.eventsinparis.com\/wp-content\/uploads\/2026\/04\/cherry-blossom-picnic-parc-de-sceaux-paris-spring-300x200.avif 300w, https:\/\/translate.eventsinparis.com\/wp-content\/uploads\/2026\/04\/cherry-blossom-picnic-parc-de-sceaux-paris-spring-768x512.avif 768w, https:\/\/translate.eventsinparis.com\/wp-content\/uploads\/2026\/04\/cherry-blossom-picnic-parc-de-sceaux-paris-spring-1536x1024.avif 1536w, https:\/\/translate.eventsinparis.com\/wp-content\/uploads\/2026\/04\/cherry-blossom-picnic-parc-de-sceaux-paris-spring-1200x800.avif 1200w, https:\/\/translate.eventsinparis.com\/wp-content\/uploads\/2026\/04\/cherry-blossom-picnic-parc-de-sceaux-paris-spring.avif 1600w\" sizes=\"(max-width: 1024px) 100vw, 1024px\" \/><figcaption class=\"wp-element-caption\"><br>Kirschbl\u00fctenzeit im Parc de Sceaux - ein Pariser Picknick unter den B\u00e4umen, wenn sich der ganze Park rosa f\u00e4rbt.<\/figcaption><\/figure>\n\n\n\n<hr class=\"wp-block-separator has-alpha-channel-opacity\"\/>\n\n\n\n<h3 class=\"wp-block-heading\">Garten-Picknick<\/h3>\n\n\n\n<p><strong>Ab 1 \u20ac,<\/strong>750<\/p>\n\n\n\n<p>Ein privates Arrangement f\u00fcr zwei Personen in einem Pariser Park oder Privatgarten. Ruinart Champagner, Macarons, handwerklich hergestellter K\u00e4se und Geb\u00e4ck, Seidenblumen und gerahmte Fotodrucke Ihrer Wahl. Decken, Kissen, Musik aus dem Lautsprecher und komplettes Geschirr inklusive.<\/p>\n\n\n\n<p><strong>Verf\u00fcgbare Add-ons: <\/strong>Frische Blumen, private Terrasse mit Blick auf den Eiffelturm, Live-Musiker, Videofilmer, Transport (Mercedes V-Klasse).<\/p>\n\n\n\n<figure class=\"wp-block-image size-large\"><img decoding=\"async\" width=\"1024\" height=\"683\" src=\"https:\/\/translate.eventsinparis.com\/wp-content\/uploads\/2026\/04\/picnic-trocadero-garden-eiffel-tower-paris-png-1024x683.avif\" alt=\"Luxuri\u00f6ses Picknick im Trocad\u00e9ro-Garten in Paris, niedriger Holztisch mit silbernem Obstst\u00e4nder, Wurstwaren, K\u00e4se, rosa Champagner und rosa Hortensien, der Eiffelturm verschwimmt sanft hinter bl\u00fchenden B\u00e4umen\" class=\"wp-image-9483\" srcset=\"https:\/\/translate.eventsinparis.com\/wp-content\/uploads\/2026\/04\/picnic-trocadero-garden-eiffel-tower-paris-png-1024x683.avif 1024w, https:\/\/translate.eventsinparis.com\/wp-content\/uploads\/2026\/04\/picnic-trocadero-garden-eiffel-tower-paris-png-300x200.avif 300w, https:\/\/translate.eventsinparis.com\/wp-content\/uploads\/2026\/04\/picnic-trocadero-garden-eiffel-tower-paris-png-768x512.avif 768w, https:\/\/translate.eventsinparis.com\/wp-content\/uploads\/2026\/04\/picnic-trocadero-garden-eiffel-tower-paris-png-1536x1024.avif 1536w, https:\/\/translate.eventsinparis.com\/wp-content\/uploads\/2026\/04\/picnic-trocadero-garden-eiffel-tower-paris-png-1200x800.avif 1200w, https:\/\/translate.eventsinparis.com\/wp-content\/uploads\/2026\/04\/picnic-trocadero-garden-eiffel-tower-paris-png.avif 1600w\" sizes=\"(max-width: 1024px) 100vw, 1024px\" \/><figcaption class=\"wp-element-caption\"><br>Trocad\u00e9ro-Garten, Paris - Obst, K\u00e4se, Champagner und rosa Hortensien mit dem Eiffelturm im Hintergrund.<\/figcaption><\/figure>\n\n\n\n<figure class=\"wp-block-image size-large\"><img decoding=\"async\" width=\"1024\" height=\"978\" src=\"https:\/\/translate.eventsinparis.com\/wp-content\/uploads\/2025\/04\/IMG_7467-1024x978.jpg\" alt=\"Eine Frau sitzt auf einer Picknickdecke in Paris und \u00f6ffnet einen Liebesbrief, w\u00e4hrend ein Geiger bei einem \u00dcberraschungsantrag spielt\" class=\"wp-image-6070\" srcset=\"https:\/\/translate.eventsinparis.com\/wp-content\/uploads\/2025\/04\/IMG_7467-1024x978.jpg 1024w, https:\/\/translate.eventsinparis.com\/wp-content\/uploads\/2025\/04\/IMG_7467-600x573.jpg 600w, https:\/\/translate.eventsinparis.com\/wp-content\/uploads\/2025\/04\/IMG_7467-300x287.jpg 300w, https:\/\/translate.eventsinparis.com\/wp-content\/uploads\/2025\/04\/IMG_7467-768x734.jpg 768w, https:\/\/translate.eventsinparis.com\/wp-content\/uploads\/2025\/04\/IMG_7467-1200x1146.jpg 1200w, https:\/\/translate.eventsinparis.com\/wp-content\/uploads\/2025\/04\/IMG_7467.jpg 1254w\" sizes=\"(max-width: 1024px) 100vw, 1024px\" \/><figcaption class=\"wp-element-caption\">Ein sanfter und intimer Pariser Heiratsantrag in einem ruhigen Park, mit einem pers\u00f6nlichen Picknick-Arrangement mit Blumen, Champagner und einem Live-Geiger. Ideal f\u00fcr Paare, die einen entspannten und emotionalen Verlobungsmoment in der Natur suchen.<br><br><\/figcaption><\/figure>\n\n\n\n<hr class=\"wp-block-separator has-alpha-channel-opacity\"\/>\n<\/div><\/section>\n\n\n\n<section class=\"wp-block-group alignfull mt-0 mb-0 sec sec-faq full-width has-background-color has-primary-background-color has-text-color has-background has-link-color wp-elements-af331abc50024a91c27deea521f24680\" id=\"faq\"><div class=\"wp-block-group__inner-container is-layout-constrained wp-block-group-is-layout-constrained\">\n<h2 class=\"wp-block-heading  mb-10\">FAQ<\/h2>\n\n\n<div id=\"rank-math-faq\" class=\"rank-math-block\">\n<div class=\"rank-math-list\">\n<div id=\"faq-question-1774352837439\" class=\"rank-math-list-item\">\n<h3 class=\"rank-math-question\">Wo finden die Pariser Picknicks statt?<\/h3>\n<div class=\"rank-math-answer\">\n\n<p>Die meisten Arrangements finden mit Blick auf den Eiffelturm statt, z. B. auf dem Trocad\u00e9ro und dem Champ de Mars, aber auch in privaten G\u00e4rten, an der Seine, im Parc de Sceaux (zur Kirschbl\u00fctenzeit) und auf privaten Dachterrassen. Je nach Datum und Gruppengr\u00f6\u00dfe empfehlen wir Ihnen den besten Ort.<\/p>\n\n<\/div>\n<\/div>\n<div id=\"faq-question-1774458836190\" class=\"rank-math-list-item\">\n<h3 class=\"rank-math-question\">K\u00fcmmern Sie sich um alles?<\/h3>\n<div class=\"rank-math-answer\">\n\n<p>Ja. Wir kommen vor Ihnen an, bauen alles auf und r\u00e4umen auf, nachdem Sie gegangen sind. Sie kommen zur vereinbarten Zeit, und alles ist fertig.<\/p>\n\n<\/div>\n<\/div>\n<div id=\"faq-question-1774458849368\" class=\"rank-math-list-item\">\n<h3 class=\"rank-math-question\">Kann ich einen Fotografen hinzuf\u00fcgen?<\/h3>\n<div class=\"rank-math-answer\">\n\n<p>Ja. Ein 60-min\u00fctiges Fotoshooting mit 25 bearbeiteten Bildern, die innerhalb von 7 Tagen geliefert werden, ist als Zusatzleistung erh\u00e4ltlich. Wir k\u00f6nnen auch Videografie arrangieren.<\/p>\n\n<\/div>\n<\/div>\n<div id=\"faq-question-1774458857232\" class=\"rank-math-list-item\">\n<h3 class=\"rank-math-question\">Kann ich ein Picknick als Vorschlag buchen?<\/h3>\n<div class=\"rank-math-answer\">\n\n<p>Ja. Unser Picknick-Paket f\u00fcr den Heiratsantrag (ab 1.500 \u20ac) umfasst einen Rosenbl\u00fctenweg, Kerzen und Champagner in einer Location mit Blick auf den Eiffelturm. Es wurde speziell f\u00fcr Heiratsantr\u00e4ge entwickelt und umfasst auch die Koordination der Vorbereitungen, damit Ihr Partner keinen Verdacht sch\u00f6pft.<\/p>\n\n<\/div>\n<\/div>\n<div id=\"faq-question-1774458867976\" class=\"rank-math-list-item\">\n<h3 class=\"rank-math-question\">Was ist, wenn es regnet?<\/h3>\n<div class=\"rank-math-answer\">\n\n<p>Das Wetter in Paris kann unberechenbar sein. Wir beobachten die Bedingungen in den Tagen vor Ihrer Buchung und werden unser Bestes tun, um bei Bedarf eine L\u00f6sung zu finden - wenn m\u00f6glich, verschieben wir den Termin oder besprechen gemeinsam Alternativen.<\/p>\n\n<\/div>\n<\/div>\n<div id=\"faq-question-1774458882588\" class=\"rank-math-list-item\">\n<h3 class=\"rank-math-question\">Wie lange im Voraus sollte ich buchen?<\/h3>\n<div class=\"rank-math-answer\">\n\n<p>1-2 Wochen sind ideal. Je fr\u00fcher Sie buchen, desto mehr Zeit haben wir, um Elemente f\u00fcr Sie und Ihren Partner zu personalisieren.<\/p>\n\n<\/div>\n<\/div>\n<\/div>\n<\/div><\/div><\/section>\n\n\n\n<section class=\"wp-block-cover alignfull mt-0 mb-0 sec sec-cta bg-fixed z-index-9\" style=\"min-height:800px;aspect-ratio:unset;\" id=\"cta\"><span aria-hidden=\"true\" class=\"wp-block-cover__background has-primary-background-color has-background-dim-100 has-background-dim\"><\/span><div class=\"wp-block-cover__inner-container is-layout-flow wp-block-cover-is-layout-flow\">\n<h2 class=\"wp-block-heading has-text-align-center  heading-size-2 mb-40\">Haben Sie ein Datum im Sinn?<\/h2>\n\n\n\n<p class=\"has-text-align-center container-xs\">Nennen Sie uns Ihr Datum, die Gruppengr\u00f6\u00dfe und den gew\u00fcnschten Ort. Wir senden Ihnen innerhalb von 8 Stunden ein Angebot.<\/p>\n\n\n\n<div class=\"wp-block-buttons is-content-justification-center is-layout-flex wp-container-core-buttons-is-layout-16018d1d wp-block-buttons-is-layout-flex\">\n<div class=\"wp-block-button\"><a class=\"wp-block-button__link has-primary-color has-text-color has-background has-link-color wp-element-button\" href=\"https:\/\/api.whatsapp.com\/send?phone=33650354083\" style=\"background-color:#f0ff3d\" target=\"_blank\" rel=\"noreferrer noopener\">Verf\u00fcgbarkeit pr\u00fcfen<\/a><\/div>\n\n\n\n<div class=\"wp-block-button cta\"><a class=\"wp-block-button__link wp-element-button\" href=\"https:\/\/translate.eventsinparis.com\/de\/contact\/\">Kontakt-Formular<\/a><\/div>\n<\/div>\n<\/div><\/section>","protected":false},"excerpt":{"rendered":"<p>Paris Picnic Packages Private setups with Champagne, flowers, and a photographer. We handle everything \u2014 you show up. What\u2019s included in a Paris picnic package Every picnic package from Events in Paris is a walk-in-ready setup. We arrive early, arrange everything at the location, and clean up when you\u2019re done. You bring your guest \u2014 [&hellip;]<\/p>\n","protected":false},"author":8,"featured_media":8975,"parent":0,"menu_order":0,"comment_status":"closed","ping_status":"closed","template":"","meta":{"_acf_changed":false,"inline_featured_image":false,"footnotes":""},"class_list":["post-8977","page","type-page","status-publish","has-post-thumbnail","hentry"],"acf":[],"_links":{"self":[{"href":"https:\/\/translate.eventsinparis.com\/de\/wp-json\/wp\/v2\/pages\/8977","targetHints":{"allow":["GET"]}}],"collection":[{"href":"https:\/\/translate.eventsinparis.com\/de\/wp-json\/wp\/v2\/pages"}],"about":[{"href":"https:\/\/translate.eventsinparis.com\/de\/wp-json\/wp\/v2\/types\/page"}],"author":[{"embeddable":true,"href":"https:\/\/translate.eventsinparis.com\/de\/wp-json\/wp\/v2\/users\/8"}],"replies":[{"embeddable":true,"href":"https:\/\/translate.eventsinparis.com\/de\/wp-json\/wp\/v2\/comments?post=8977"}],"version-history":[{"count":3,"href":"https:\/\/translate.eventsinparis.com\/de\/wp-json\/wp\/v2\/pages\/8977\/revisions"}],"predecessor-version":[{"id":9838,"href":"https:\/\/translate.eventsinparis.com\/de\/wp-json\/wp\/v2\/pages\/8977\/revisions\/9838"}],"wp:featuredmedia":[{"embeddable":true,"href":"https:\/\/translate.eventsinparis.com\/de\/wp-json\/wp\/v2\/media\/8975"}],"wp:attachment":[{"href":"https:\/\/translate.eventsinparis.com\/de\/wp-json\/wp\/v2\/media?parent=8977"}],"curies":[{"name":"wp","href":"https:\/\/api.w.org\/{rel}","templated":true}]}}