{"id":8717,"date":"2026-03-24T12:08:57","date_gmt":"2026-03-24T12:08:57","guid":{"rendered":"https:\/\/eventsinparis.com\/?page_id=8717"},"modified":"2026-04-10T23:05:01","modified_gmt":"2026-04-10T22:05:01","slug":"hotelzimmer-deko","status":"publish","type":"page","link":"https:\/\/translate.eventsinparis.com\/de\/hotel-room-decor\/","title":{"rendered":"Hotelzimmer-Dekor"},"content":{"rendered":"<header class=\"wp-block-group alignfull mt-0 mb-0 pt-0 pb-0 section-header-outer full-width pl-0 pr-0 has-background-background-color has-background\" id=\"hero\"><div class=\"wp-block-group__inner-container is-layout-constrained wp-block-group-is-layout-constrained\">\n<div class=\"wp-block-group alignfull mt-0 mb-0 sec section-header full-width\"><div class=\"wp-block-group__inner-container is-layout-constrained wp-block-group-is-layout-constrained\">\n<h1 class=\"wp-block-heading alignwide has-text-align-left ml-0 mb-10 has-primary-color has-text-color has-link-color wp-elements-0b5a30e58b066dd9241dfbb75cc2cc99\" style=\"text-transform:uppercase\">Hotelzimmer-Deko in Paris<\/h1>\n<\/div><\/div>\n<\/div><\/header>\n\n\n<figure class=\"alignfull mt-0 mb-0 bg-fixed wp-block-post-featured-image\"><img decoding=\"async\" width=\"1200\" height=\"800\" src=\"https:\/\/translate.eventsinparis.com\/wp-content\/uploads\/2024\/12\/hotel-room-decor-luxury-proposal-paris-1200x800.jpg\" class=\"attachment-post-thumbnail size-post-thumbnail wp-post-image\" alt=\"Die romantische Dekoration der Suite im Shangri-La Paris mit Kerzen, Luftballons, einem Herz aus Rosenbl\u00e4ttern und einem Teddyb\u00e4r, der einen Liebesbrief h\u00e4lt, schafft eine luxuri\u00f6se und intime Atmosph\u00e4re nach dem Heiratsantrag.\" style=\"object-fit:cover;\" srcset=\"https:\/\/translate.eventsinparis.com\/wp-content\/uploads\/2024\/12\/hotel-room-decor-luxury-proposal-paris-1200x800.jpg 1200w, https:\/\/translate.eventsinparis.com\/wp-content\/uploads\/2024\/12\/hotel-room-decor-luxury-proposal-paris-scaled-600x400.jpg 600w, https:\/\/translate.eventsinparis.com\/wp-content\/uploads\/2024\/12\/hotel-room-decor-luxury-proposal-paris-300x200.jpg 300w, https:\/\/translate.eventsinparis.com\/wp-content\/uploads\/2024\/12\/hotel-room-decor-luxury-proposal-paris-1024x683.jpg 1024w, https:\/\/translate.eventsinparis.com\/wp-content\/uploads\/2024\/12\/hotel-room-decor-luxury-proposal-paris-768x512.jpg 768w, https:\/\/translate.eventsinparis.com\/wp-content\/uploads\/2024\/12\/hotel-room-decor-luxury-proposal-paris-1536x1024.jpg 1536w, https:\/\/translate.eventsinparis.com\/wp-content\/uploads\/2024\/12\/hotel-room-decor-luxury-proposal-paris-2048x1365.jpg 2048w, https:\/\/translate.eventsinparis.com\/wp-content\/uploads\/2024\/12\/hotel-room-decor-luxury-proposal-paris-1980x1320.jpg 1980w\" sizes=\"(max-width: 1200px) 100vw, 1200px\" \/><\/figure>\n\n\n<section class=\"wp-block-group alignfull mt-0 mb-0 sec full-width has-background-background-color has-background\" id=\"intro\"><div class=\"wp-block-group__inner-container is-layout-constrained wp-block-group-is-layout-constrained\">\n<p>Events in Paris dekoriert Hotelzimmer in ganz Paris, bevor Sie ankommen. Das Essential-Paket beginnt bei 400 \u20ac und umfasst gek\u00fchlten Champagner mit zwei Gl\u00e4sern, einen handgebundenen frischen Rosenstrau\u00df in einer Vase, einen Teddyb\u00e4r mit einer handgeschriebenen Liebeserkl\u00e4rung und eine Schachtel Ladur\u00e9e-Macarons. Die Premium-Stufe beginnt bei 1.000 \u20ac und umfasst zus\u00e4tzlich Deckenluftballons, LED-Kerzen, Rosenbl\u00fcten-Displays und erweiterten Blumenschmuck. Sie genehmigen den Zugang zum Zimmer, wir stimmen uns mit dem Hotel ab, und das Zimmer ist bereit, wenn Sie es betreten. \u00dcbliche Anwendungen: \u00dcberraschung nach dem Heiratsantrag, Jahrestag, Geburtstag und Ankunft in der ersten Nacht. F\u00fcnf-Sterne-Bewertung bei Google.<\/p>\n\n\n\n<h2 class=\"wp-block-heading sec-header mb-10 has-primary-color has-text-color has-link-color wp-elements-80038be73004c4dc54eb2462156979e6\">Auf einen Blick<\/h2>\n\n\n\n<div class=\"wp-block-columns gap mt-10 mb-0 is-layout-flex wp-container-core-columns-is-layout-9d6595d7 wp-block-columns-is-layout-flex\">\n<div class=\"wp-block-column is-layout-flow wp-block-column-is-layout-flow\">\n<p>Wir stimmen uns mit Ihrem Hotel ab, verschaffen uns Zugang zum Zimmer und richten alles vor Ihrer Ankunft ein. Sie kommen herein und alles ist bereit.<\/p>\n\n\n\n<p>Es ist kein Team anwesend, wenn Sie eintreten. Es handelt sich um eine private \u00dcberraschung - nicht um eine Veranstaltung vor Ort. F\u00fcr den Aufbau werden hotelsichere Materialien verwendet, die sauber und ordentlich platziert sind.<\/p>\n<\/div>\n\n\n\n<div class=\"wp-block-column is-layout-flow wp-block-column-is-layout-flow\">\n<p>H\u00e4ufige Anl\u00e4sse: eine Feier nach einem Heiratsantrag auf einem Dach oder auf einem Boot, ein Jahrestag w\u00e4hrend einer Paris-Reise, eine Geburtstags\u00fcberraschung oder eine \u00dcberraschung bei der Ankunft in der ersten Nacht.<\/p>\n<\/div>\n<\/div>\n<\/div><\/section>\n\n\n\n<section class=\"wp-block-group alignfull mt-0 mb-0 sec full-width sec-services has-background-color has-primary-background-color has-text-color has-background has-link-color wp-elements-814e6639a6e672e8c49e1090978dc5e5\"><div class=\"wp-block-group__inner-container is-layout-constrained wp-block-group-is-layout-constrained\">\n<h2 class=\"wp-block-heading\">Unverzichtbar - ab \u20ac400<\/h2>\n\n\n\n<p>Saubere \u00dcberraschung im Zimmer mit Champagner, frischen Rosen, Ladur\u00e9e-Macarons und einer handgeschriebenen Notiz.<\/p>\n\n\n\n<p class=\"mb-0\"><strong>Einschl\u00fcsse<\/strong><\/p>\n\n\n\n<figure class=\"wp-block-table\"><table><thead><tr><th><strong>Artikel<\/strong><\/th><th>Anmerkungen<\/th><\/tr><\/thead><tbody><tr><td>Champagner<\/td><td>Eine Flasche Champagner, gek\u00fchlt, mit zwei Gl\u00e4sern<\/td><\/tr><tr><td>Handgebundener frischer Rosenstrau\u00df<\/td><td>Frische Rosen, handgebunden, in einer Vase<\/td><\/tr><tr><td>Teddyb\u00e4r mit handgeschriebener Liebeserkl\u00e4rung<\/td><td>Der Kunde liefert den Nachrichtentext im Voraus<\/td><\/tr><tr><td>Schachtel mit 8 Ladur\u00e9e-Macarons<\/td><td>Ladur\u00e9e-Standardsortiment<\/td><\/tr><\/tbody><\/table><\/figure>\n\n\n\n<p><br>Am besten geeignet f\u00fcr: die erste \u00dcbernachtung, ein Jubil\u00e4umswochenende, eine Geburtstags\u00fcberraschung oder eine private Nachbereitung nach dem Abendessen.<\/p>\n\n\n\n<figure class=\"wp-block-image size-large\"><img decoding=\"async\" width=\"1024\" height=\"683\" src=\"https:\/\/translate.eventsinparis.com\/wp-content\/uploads\/2026\/03\/paris-essential-room-decor-teddy-bear-je-taime-rose-400-eur-1024x683.avif\" alt=\"Niedlicher Teddyb\u00e4r mit einem roten Je t&#039;aime-Herz und einer einzelnen roten Rose auf einem Bett, Teil des Essential Room Decor Pakets in Paris ab 400 Euro\" class=\"wp-image-8926\" srcset=\"https:\/\/translate.eventsinparis.com\/wp-content\/uploads\/2026\/03\/paris-essential-room-decor-teddy-bear-je-taime-rose-400-eur-1024x683.avif 1024w, https:\/\/translate.eventsinparis.com\/wp-content\/uploads\/2026\/03\/paris-essential-room-decor-teddy-bear-je-taime-rose-400-eur-300x200.avif 300w, https:\/\/translate.eventsinparis.com\/wp-content\/uploads\/2026\/03\/paris-essential-room-decor-teddy-bear-je-taime-rose-400-eur-768x512.avif 768w, https:\/\/translate.eventsinparis.com\/wp-content\/uploads\/2026\/03\/paris-essential-room-decor-teddy-bear-je-taime-rose-400-eur-1536x1024.avif 1536w, https:\/\/translate.eventsinparis.com\/wp-content\/uploads\/2026\/03\/paris-essential-room-decor-teddy-bear-je-taime-rose-400-eur-1200x800.avif 1200w, https:\/\/translate.eventsinparis.com\/wp-content\/uploads\/2026\/03\/paris-essential-room-decor-teddy-bear-je-taime-rose-400-eur.avif 1800w\" sizes=\"(max-width: 1024px) 100vw, 1024px\" \/><figcaption class=\"wp-element-caption\">Nahaufnahme eines niedlichen Teddyb\u00e4ren, der ein rotes Je t'aime-Herzkissen und eine einzelne rote Rose h\u00e4lt, gestylt auf einem kuscheligen Bett als Teil unseres Essential Room Decor Pakets in Paris ab 400 Euro, perfekt f\u00fcr romantische \u00dcberraschungen, Jubil\u00e4en und Heiratsantr\u00e4ge.<\/figcaption><\/figure>\n\n\n\n<div class=\"wp-block-buttons is-layout-flex wp-block-buttons-is-layout-flex\">\n<div class=\"wp-block-button\"><a class=\"wp-block-button__link has-primary-color has-text-color has-background has-link-color wp-element-button\" href=\"https:\/\/api.whatsapp.com\/send?phone=33650354083\" style=\"background-color:#f0ff3d\" target=\"_blank\" rel=\"noreferrer noopener\">Verf\u00fcgbarkeit pr\u00fcfen<\/a><\/div>\n<\/div>\n<\/div><\/section>\n\n\n\n<section class=\"wp-block-group alignfull mt-0 mb-0 sec full-width has-background-background-color has-background\"><div class=\"wp-block-group__inner-container is-layout-constrained wp-block-group-is-layout-constrained\">\n<h2 class=\"wp-block-heading has-primary-color has-text-color has-link-color wp-elements-02fe7d7dfce1d8bf3ffd151becf8a215\">Pr\u00e4mie - ab 1000 \u20ac<\/h2>\n\n\n\n<p>Einrichtung des gesamten Raums mit Deckenballons, LED-Kerzen, Rosenbl\u00e4ttern und Blumen im gesamten Raum.<\/p>\n\n\n\n<p><strong>Einschl\u00fcsse<\/strong><\/p>\n\n\n\n<p class=\"mb-0\"><strong>Alles in Essential plus:<\/strong><\/p>\n\n\n\n<ul class=\"wp-block-list\">\n<li>Heliumballons (rund + herzf\u00f6rmig) - auch Deckenballons \u00fcber dem Bett, wenn der Raum es zul\u00e4sst<\/li>\n\n\n\n<li>LED-Kerzen ohne Flamme - im Raum verteilt, um ein warmes Licht zu erzeugen. Keine echten Kerzen (Sicherheit im Hotel).<\/li>\n\n\n\n<li>Rosenbl\u00fcten - Herzform auf dem Beet oder Weg, aus ~100 Rosen<\/li>\n\n\n\n<li>Erweiterte floristische Inszenierung - gr\u00f6\u00dfere Arrangements, zus\u00e4tzliche Vasen, umfassendere Abdeckung<\/li>\n<\/ul>\n\n\n\n<p><strong>Am besten geeignet f\u00fcr: <\/strong>Vorschlag Nacht, Meilenstein Jahrestag, oder wenn der Raum selbst ist die wichtigste Offenbarung.<\/p>\n\n\n\n<figure class=\"wp-block-image size-large\"><img decoding=\"async\" width=\"1024\" height=\"683\" src=\"https:\/\/translate.eventsinparis.com\/wp-content\/uploads\/2026\/03\/paris-premium-room-decor-hotel-suite-heart-balloons-bed-1024x683.avif\" alt=\"Romantische Pariser Hotel-Suite mit Premium-Zimmerdekoration, Heliumballons mit rotem Herz um das Bett, Rosenbl\u00fctenherz auf der Bettdecke, das eine Geschenkbox einrahmt, und gek\u00fchltem Champagner f\u00fcr einen \u00dcberraschungsantrag oder einen Jahrestag\" class=\"wp-image-8924\" srcset=\"https:\/\/translate.eventsinparis.com\/wp-content\/uploads\/2026\/03\/paris-premium-room-decor-hotel-suite-heart-balloons-bed-1024x683.avif 1024w, https:\/\/translate.eventsinparis.com\/wp-content\/uploads\/2026\/03\/paris-premium-room-decor-hotel-suite-heart-balloons-bed-300x200.avif 300w, https:\/\/translate.eventsinparis.com\/wp-content\/uploads\/2026\/03\/paris-premium-room-decor-hotel-suite-heart-balloons-bed-768x512.avif 768w, https:\/\/translate.eventsinparis.com\/wp-content\/uploads\/2026\/03\/paris-premium-room-decor-hotel-suite-heart-balloons-bed-1536x1024.avif 1536w, https:\/\/translate.eventsinparis.com\/wp-content\/uploads\/2026\/03\/paris-premium-room-decor-hotel-suite-heart-balloons-bed-1200x800.avif 1200w, https:\/\/translate.eventsinparis.com\/wp-content\/uploads\/2026\/03\/paris-premium-room-decor-hotel-suite-heart-balloons-bed.avif 1800w\" sizes=\"(max-width: 1024px) 100vw, 1024px\" \/><figcaption class=\"wp-element-caption\">Hochwertige romantische Zimmerdekoration in einer Pariser Hotelsuite mit roten Herzluftballons, Rosenbl\u00fctenherz auf dem Bett und Champagner f\u00fcr einen \u00dcberraschungsantrag oder eine besondere Nacht.<\/figcaption><\/figure>\n\n\n\n<div class=\"wp-block-buttons is-layout-flex wp-block-buttons-is-layout-flex\">\n<div class=\"wp-block-button\"><a class=\"wp-block-button__link has-primary-color has-text-color has-background has-link-color wp-element-button\" href=\"https:\/\/api.whatsapp.com\/send?phone=33650354083\" style=\"background-color:#f0ff3d\" target=\"_blank\" rel=\"noreferrer noopener\">Verf\u00fcgbarkeit pr\u00fcfen<\/a><\/div>\n<\/div>\n<\/div><\/section>\n\n\n\n<section class=\"wp-block-group alignfull mt-0 mb-0 sec full-width sec-services has-background-color has-primary-background-color has-text-color has-background has-link-color wp-elements-9758d8361b86542abd298ca02abf73f7\"><div class=\"wp-block-group__inner-container is-layout-constrained wp-block-group-is-layout-constrained\">\n<h2 class=\"wp-block-heading\">Erlaubt mein Hotel eine Zimmerdekoration?<\/h2>\n\n\n\n<p>Die meisten Pariser Hotels erlauben die Dekoration von Zimmern, wenn sie im Voraus \u00fcber den Concierge oder die Rezeption arrangiert wird. Sie schicken uns die Details, wir \u00fcbernehmen die Koordination.<\/p>\n\n\n\n<p>Wir haben bereits Hotels in ganz Paris eingerichtet - von Boutique-Hotels in Le Marais bis zu Palasthotels im 16. Arrondissement. Der Prozess erfordert drei Dinge von Ihnen:<\/p>\n\n\n\n<ol class=\"wp-block-list\">\n<li><strong>Senden Sie uns die Details. <\/strong>Hotelname, Zimmernummer (falls bekannt), Check-in-Datum und -Uhrzeit, das gew\u00fcnschte Paket und eine pers\u00f6nliche Nachricht f\u00fcr die handschriftliche Notiz. WhatsApp oder E-Mail.<\/li>\n\n\n\n<li><strong>Unterschreiben Sie das Genehmigungsformular. <\/strong>Ein kurzes Formular, in dem Sie best\u00e4tigen, dass Sie der angemeldete Gast sind und dass Sie damit einverstanden sind, dass unser Team das Zimmer zum vereinbarten Datum und zur vereinbarten Uhrzeit betritt. Dies dient zu Ihrem und unserem Schutz. Kann elektronisch unterzeichnet werden.<\/li>\n\n\n\n<li><strong>Wir stimmen uns mit dem Hotel ab und richten alles ein. <\/strong>Wir kontaktieren den Concierge oder die Rezeption, um den Zugang zu best\u00e4tigen. Wenn das Hotel direkt mit Ihnen Kontakt aufnehmen muss, teilen wir Ihnen das mit. Unser Team fotografiert das Zimmer bei der Ankunft, schlie\u00dft die Einrichtung ab und fotografiert es bei der Abreise erneut. Wir ber\u00fchren keine pers\u00f6nlichen Gegenst\u00e4nde. Wenn wir abreisen, ist das Zimmer fertig.<\/li>\n<\/ol>\n\n\n\n<p>Kein Mitglied des EIP-Teams ist anwesend, wenn Sie eintreten - dies ist eine private \u00dcberraschung.<\/p>\n\n\n\n<p>Sollte das Hotel trotz vorheriger Absprache den Zugang verweigern, setzen wir uns umgehend mit Ihnen in Verbindung, um Alternativen zu besprechen. F\u00fcr einen Aufbau, der nicht stattfindet, werden Ihnen keine Kosten in Rechnung gestellt.<\/p>\n\n\n\n<p>Zu den Hotels, mit denen wir regelm\u00e4\u00dfig zusammenarbeiten, geh\u00f6ren das Shangri-La, das Peninsula und mehrere Boutique- und Vier-Sterne-Hotels. Wenn Sie sich nicht sicher sind, ob Ihr Hotel die Einrichtung eines Zimmers zul\u00e4sst, senden Sie uns den Hotelnamen und wir best\u00e4tigen ihn, bevor Sie buchen.<\/p>\n\n\n\n<p><strong>Vorlaufzeit: <\/strong>wir empfehlen, mindestens 5 Tage im Voraus zu buchen. Eine k\u00fcrzere Vorlaufzeit ist manchmal m\u00f6glich, je nach Verf\u00fcgbarkeit des Hotels - schreiben Sie uns und wir best\u00e4tigen es.<\/p>\n<\/div><\/section>\n\n\n\n<section class=\"wp-block-group alignfull mt-0 mb-0 sec full-width has-background-background-color has-background\"><div class=\"wp-block-group__inner-container is-layout-constrained wp-block-group-is-layout-constrained\">\n<h2 class=\"wp-block-heading has-primary-color has-text-color has-link-color wp-elements-65426d73259bf3d09ab85e41a0ebdfc0\">Dekoration von Hotelzimmern f\u00fcr Ihren Heiratsantrag oder Ihre Verlobung<\/h2>\n\n\n\n<p>Die Raumdekoration kann als Einzelleistung oder als Zusatz zu einem Antrags- oder Ausrei\u00dferpaket angeboten werden.<\/p>\n\n\n\n<p>Die h\u00e4ufigste Variante: Heiratsantrag auf einem privaten Dach oder einem Boot, dann R\u00fcckkehr in ein dekoriertes Hotelzimmer. Das Zimmer wird eingerichtet, w\u00e4hrend Sie am Ort des Heiratsantrags sind - unser Team k\u00fcmmert sich um die Zeitplanung f\u00fcr beide Varianten.<\/p>\n\n\n\n<p>Wenn Sie die Raumdekoration zusammen mit einem Antrags- oder Ausrei\u00dferpaket buchen, teilen Sie uns dies bei Ihrer Anfrage mit, und wir koordinieren alles als ein Projekt.<\/p>\n\n\n\n<p><a href=\"https:\/\/translate.eventsinparis.com\/de\/heiratsantragspakete\/\" data-type=\"page\" data-id=\"303\">\u2192 Pariser Angebotspakete<\/a><\/p>\n\n\n\n<p><a href=\"https:\/\/translate.eventsinparis.com\/de\/freie-trauung-paris\/\">\u2192 Pariser Ausrei\u00dfer-Pakete<\/a><\/p>\n<\/div><\/section>\n\n\n\n<section class=\"wp-block-group alignfull mt-0 mb-0 sec sec-faq full-width has-background-color has-primary-background-color has-text-color has-background has-link-color wp-elements-46c1c687c04f4d3241b94c2e6d10bc3b\" id=\"faq\"><div class=\"wp-block-group__inner-container is-layout-constrained wp-block-group-is-layout-constrained\">\n<h2 class=\"wp-block-heading  mb-10\">Hotelzimmer Dekoration FAQ<\/h2>\n\n\n<div id=\"rank-math-faq\" class=\"rank-math-block\">\n<div class=\"rank-math-list\">\n<div id=\"faq-question-1774453738724\" class=\"rank-math-list-item\">\n<h3 class=\"rank-math-question\">Wie lange im Voraus muss ich buchen?<\/h3>\n<div class=\"rank-math-answer\">\n\n<p>Sie sollten mindestens 5 Tage vor Ihrem Aufbautermin buchen, damit wir den Zugang mit Ihrem Hotel best\u00e4tigen und die gesamte Ausstattung sichern k\u00f6nnen. Je nach Hotel und Zeitplan ist manchmal auch eine k\u00fcrzere Frist m\u00f6glich; senden Sie uns Ihre Daten und wir best\u00e4tigen sie. F\u00fcr personalisierte Elemente wie Ihren Notizentext ben\u00f6tigen wir mindestens 48 Stunden.<\/p>\n\n<\/div>\n<\/div>\n<div id=\"faq-question-1774453752190\" class=\"rank-math-list-item\">\n<h3 class=\"rank-math-question\">Wie kann Ihr Team den Raum betreten, ohne dass mein Partner es bemerkt?<\/h3>\n<div class=\"rank-math-answer\">\n\n<p>Wir bereiten alles vor, w\u00e4hrend Sie und Ihr Partner nicht im Zimmer sind, in der Regel w\u00e4hrend des Abendessens, der Besichtigung von Sehensw\u00fcrdigkeiten oder Ihres Antrags. Wir vereinbaren ein Zeitfenster mit dem Concierge oder der Rezeption und betreten das Zimmer nur w\u00e4hrend dieses Zeitfensters. Wenn Sie zur\u00fcckkommen, ist der Aufbau abgeschlossen und kein Teammitglied ist mehr anwesend.<\/p>\n\n<\/div>\n<\/div>\n<div id=\"faq-question-1774453764158\" class=\"rank-math-list-item\">\n<h3 class=\"rank-math-question\">Wie stimmen Sie sich mit dem Hotel ab, und woher wei\u00df ich, dass meine Sachen sicher sind?<\/h3>\n<div class=\"rank-math-answer\">\n\n<p>Sie unterschreiben ein kurzes Formular, in dem Sie best\u00e4tigen, dass Sie der angemeldete Gast sind und dass Sie den Zutritt zum Zimmer zu einer bestimmten Zeit genehmigen. Wir teilen dies dem Hotel mit, damit sie wissen, wer wir sind und wann wir vor Ort sein werden. Unser Team fotografiert das Zimmer bei der Ankunft, schlie\u00dft die Einrichtung ab und fotografiert es bei der Abreise erneut; wir bewegen keine pers\u00f6nlichen Gegenst\u00e4nde.<\/p>\n\n<\/div>\n<\/div>\n<div id=\"faq-question-1774453780786\" class=\"rank-math-list-item\">\n<h3 class=\"rank-math-question\">Was ist der Unterschied zwischen Essential und Premium?<\/h3>\n<div class=\"rank-math-answer\">\n\n<p>Essential ist eine saubere \u00dcberraschung im Zimmer mit Champagner, frischen Rosen, einer handgeschriebenen Notiz mit einem Teddyb\u00e4r und Ladur\u00e9e-Macarons. Premium beinhaltet alles aus Essential plus Deckenballons, flammenlose LED-Kerzen, ein Rosenblatt-Display und erweiterte Blumen im Raum. Essential eignet sich gut f\u00fcr Ank\u00fcnfte und Jahrestage, w\u00e4hrend Premium daf\u00fcr gedacht ist, den Raum selbst in den Mittelpunkt zu stellen, z. B. bei einem Heiratsantrag.<\/p>\n\n<\/div>\n<\/div>\n<div id=\"faq-question-1774453791129\" class=\"rank-math-list-item\">\n<h3 class=\"rank-math-question\">Kann ich den Inhalt \u00e4ndern oder personalisieren?<\/h3>\n<div class=\"rank-math-answer\">\n\n<p>Wir bieten zwei feste Stufen an, Essential und Premium, um die Preise \u00fcbersichtlich und die Logistik zuverl\u00e4ssig zu halten. Kleine Anpassungen, wie Blumenw\u00fcnsche, di\u00e4tetische Anforderungen f\u00fcr Macarons oder das Hinzuf\u00fcgen eines bestimmten Artikels, sind in der Regel m\u00f6glich. Die Liebesbotschaft wird immer mit Ihrer Botschaft personalisiert. Gr\u00f6\u00dfere Umgestaltungen fallen unter die Full-Service-Eventplanung, und wir k\u00f6nnen Sie bei Bedarf mit einem Planer zusammenbringen.<\/p>\n\n<\/div>\n<\/div>\n<div id=\"faq-question-1774453803661\" class=\"rank-math-list-item\">\n<h3 class=\"rank-math-question\">Kann ich die Dekoration eines Hotelzimmers zu einem bestehenden Angebot von Events in Paris oder einem Durchbrennen hinzuf\u00fcgen?<\/h3>\n<div class=\"rank-math-answer\">\n\n<p>Ja, die Dekoration von Hotelzimmern kann zu jedem Angebot von Events in Paris oder zu jedem Durchbruchspaket hinzugef\u00fcgt werden. Wir behandeln beide Dienstleistungen als ein Projekt, so dass Zeitplan und Logistik gemeinsam koordiniert werden. Die h\u00e4ufigste Variante: Wir richten das Zimmer ein, w\u00e4hrend Sie am Ort des Antrags sind, und Sie kehren dann in das dekorierte Zimmer zur\u00fcck.<\/p>\n\n<\/div>\n<\/div>\n<div id=\"faq-question-1774453815257\" class=\"rank-math-list-item\">\n<h3 class=\"rank-math-question\">Kann ich einen Fotografen im Zimmer haben, wenn wir reinkommen?<\/h3>\n<div class=\"rank-math-answer\">\n\n<p>Ja, ein Fotograf kann im Raum oder direkt vor der T\u00fcr stehen, wenn Sie die T\u00fcr \u00f6ffnen. Dieser Zusatz ist sehr beliebt bei Heiratsantr\u00e4gen und runden Geburtstagen, wenn Sie die Reaktion festhalten m\u00f6chten. Geben Sie uns bei Ihrer ersten Anfrage Bescheid, damit wir die Verf\u00fcgbarkeit und den Zeitpunkt best\u00e4tigen k\u00f6nnen.<\/p>\n\n<\/div>\n<\/div>\n<div id=\"faq-question-1774453829609\" class=\"rank-math-list-item\">\n<h3 class=\"rank-math-question\">Wie sende ich Ihnen die pers\u00f6nliche Nachricht f\u00fcr den Liebesbrief?<\/h3>\n<div class=\"rank-math-answer\">\n\n<p>Sie senden Ihren Nachrichtentext per WhatsApp oder E-Mail, und wir bereiten die Notiz f\u00fcr Ihren Teddyb\u00e4ren vor der Aufstellung vor. Die Nachricht muss mindestens 48 Stunden vor dem Aufstellungsdatum bei uns eingehen, damit wir sie ber\u00fccksichtigen k\u00f6nnen. Kurze Nachrichten mit klarem, lesbarem Text funktionieren am besten.<\/p>\n\n<\/div>\n<\/div>\n<div id=\"faq-question-1774453841805\" class=\"rank-math-list-item\">\n<h3 class=\"rank-math-question\">Was passiert, wenn das Hotel keinen Zugang gew\u00e4hrt?<\/h3>\n<div class=\"rank-math-answer\">\n\n<p>Wenn das Hotel trotz vorheriger Absprache den Zugang zu den R\u00e4umen verweigert, setzen wir uns umgehend mit Ihnen in Verbindung, um Optionen zu besprechen. F\u00fcr einen Aufbau, der nicht stattfindet, werden Ihnen keine Kosten in Rechnung gestellt. Wenn m\u00f6glich, k\u00f6nnen wir Ihnen alternative Zeitpl\u00e4ne oder Anpassungen vorschlagen, die mit den Richtlinien des Hotels vereinbar sind.<\/p>\n\n<\/div>\n<\/div>\n<div id=\"faq-question-1774453854030\" class=\"rank-math-list-item\">\n<h3 class=\"rank-math-question\">Verwenden Sie echte Kerzen im Zimmer?<\/h3>\n<div class=\"rank-math-answer\">\n\n<p>Nein, wir verwenden nur flammenlose LED-Kerzen f\u00fcr die Einrichtung von Hotelzimmern. Kerzen mit offener Flamme sind in Pariser Hotelzimmern aufgrund der \u00fcblichen Brandschutzbestimmungen nicht erlaubt. LED-Kerzen sorgen f\u00fcr einen warmen Kerzenlichteffekt und sind gleichzeitig f\u00fcr die Dauer des Abends sicher im Hotel.<\/p>\n\n<\/div>\n<\/div>\n<\/div>\n<\/div><\/div><\/section>\n\n\n\n<section class=\"wp-block-cover alignfull mt-0 mb-0 sec sec-cta bg-fixed z-index-9\" style=\"min-height:800px;aspect-ratio:unset;\" id=\"cta\"><span aria-hidden=\"true\" class=\"wp-block-cover__background has-primary-background-color has-background-dim-100 has-background-dim\"><\/span><div class=\"wp-block-cover__inner-container is-layout-flow wp-block-cover-is-layout-flow\">\n<h2 class=\"wp-block-heading has-text-align-center  heading-size-2 mb-40\">Bereit zu buchen?<\/h2>\n\n\n\n<p class=\"has-text-align-center container-xs\">Schicken Sie uns den Namen Ihres Hotels, Ihr Datum und das gew\u00fcnschte Paket. Wir kommen innerhalb von 8 Stunden zur\u00fcck.<\/p>\n\n\n\n<div class=\"wp-block-buttons is-content-justification-center is-layout-flex wp-container-core-buttons-is-layout-16018d1d wp-block-buttons-is-layout-flex\">\n<div class=\"wp-block-button\"><a class=\"wp-block-button__link has-primary-color has-text-color has-background has-link-color wp-element-button\" href=\"https:\/\/api.whatsapp.com\/send?phone=33650354083\" style=\"background-color:#f0ff3d\" target=\"_blank\" rel=\"noreferrer noopener\">WhatsApp uns<\/a><\/div>\n\n\n\n<div class=\"wp-block-button cta\"><a class=\"wp-block-button__link wp-element-button\" href=\"https:\/\/translate.eventsinparis.com\/de\/kontakt\/\">Preisanfrage<\/a><\/div>\n<\/div>\n<\/div><\/section>","protected":false},"excerpt":{"rendered":"<p>Paris Hotel Room Decoration Events in Paris sets up hotel room decorations across Paris before you arrive. The Essential package starts at \u20ac400 and includes chilled champagne with two glasses, a hand-tied fresh rose bouquet in a vase, a teddy bear with a handwritten love note, and a box of Ladur\u00e9e macarons. A Premium tier [&hellip;]<\/p>\n","protected":false},"author":8,"featured_media":4123,"parent":0,"menu_order":0,"comment_status":"closed","ping_status":"closed","template":"","meta":{"_acf_changed":false,"inline_featured_image":false,"footnotes":""},"class_list":["post-8717","page","type-page","status-publish","has-post-thumbnail","hentry"],"acf":[],"_links":{"self":[{"href":"https:\/\/translate.eventsinparis.com\/de\/wp-json\/wp\/v2\/pages\/8717","targetHints":{"allow":["GET"]}}],"collection":[{"href":"https:\/\/translate.eventsinparis.com\/de\/wp-json\/wp\/v2\/pages"}],"about":[{"href":"https:\/\/translate.eventsinparis.com\/de\/wp-json\/wp\/v2\/types\/page"}],"author":[{"embeddable":true,"href":"https:\/\/translate.eventsinparis.com\/de\/wp-json\/wp\/v2\/users\/8"}],"replies":[{"embeddable":true,"href":"https:\/\/translate.eventsinparis.com\/de\/wp-json\/wp\/v2\/comments?post=8717"}],"version-history":[{"count":0,"href":"https:\/\/translate.eventsinparis.com\/de\/wp-json\/wp\/v2\/pages\/8717\/revisions"}],"wp:featuredmedia":[{"embeddable":true,"href":"https:\/\/translate.eventsinparis.com\/de\/wp-json\/wp\/v2\/media\/4123"}],"wp:attachment":[{"href":"https:\/\/translate.eventsinparis.com\/de\/wp-json\/wp\/v2\/media?parent=8717"}],"curies":[{"name":"wp","href":"https:\/\/api.w.org\/{rel}","templated":true}]}}