{"id":8329,"date":"2026-03-20T06:14:56","date_gmt":"2026-03-20T06:14:56","guid":{"rendered":"https:\/\/eventsinparis.com\/?page_id=8329"},"modified":"2026-05-01T15:15:23","modified_gmt":"2026-05-01T14:15:23","slug":"guides","status":"publish","type":"page","link":"https:\/\/translate.eventsinparis.com\/de\/guides\/","title":{"rendered":"Leitf\u00e4den"},"content":{"rendered":"<div class=\"wp-block-group alignfull mt-0 mb-0 section-header-outer full-width pl-0 pr-0 has-background-background-color has-background\"><div class=\"wp-block-group__inner-container is-layout-constrained wp-block-group-is-layout-constrained\">\n<div class=\"wp-block-group alignfull mt-0 mb-0 sec section-header full-width\"><div class=\"wp-block-group__inner-container is-layout-constrained wp-block-group-is-layout-constrained\">\n<h1 class=\"wp-block-heading alignwide has-text-align-left ml-0 mb-10 fadeInDown has-primary-color has-text-color has-link-color wp-elements-3ca99380a54c9b839b4f07ad5af4c57b\" style=\"text-transform:uppercase\">Planungshilfen f\u00fcr Ihre Reise nach Paris<\/h1>\n\n\n\n<p class=\"has-text-align-left ml-0 mt-0 mb-5 fadeInDown has-primary-color has-text-color has-link-color has-normal-font-size wp-elements-60206cc04306775d79919ae13869e26c\">Gepr\u00fcfte Empfehlungen des Teams, das sich um Heiratsantr\u00e4ge und Durchbr\u00fcche in Paris k\u00fcmmert - Fotografen, Restaurants, Musiker und mehr.<\/p>\n<\/div><\/div>\n<\/div><\/div>\n\n\n\n<section class=\"wp-block-group alignfull mt-0 mb-0 sec full-width sec-services has-background-color has-primary-background-color has-text-color has-background has-link-color wp-elements-a314171bdbbe8d708013853b17965111\" id=\"guides\"><div class=\"wp-block-group__inner-container is-layout-constrained wp-block-group-is-layout-constrained\">\n<h2 class=\"wp-block-heading sec-header mb-10 ml-0\">Leitf\u00e4den<\/h2>\n\n\n\n<div class=\"wp-block-columns alignfull services-boxes hide-caption is-layout-flex wp-container-core-columns-is-layout-9d6595d7 wp-block-columns-is-layout-flex\">\n<div class=\"wp-block-column active is-layout-flow wp-block-column-is-layout-flow\">\n<div class=\"wp-block-group mt-0 mb-0 media\"><div class=\"wp-block-group__inner-container is-layout-constrained wp-block-group-is-layout-constrained\">\n<figure class=\"wp-block-image size-full\"><img decoding=\"async\" width=\"1600\" height=\"1067\" src=\"https:\/\/translate.eventsinparis.com\/wp-content\/uploads\/2026\/03\/Public-Eiffel-view-location.jpeg\" alt=\"\" class=\"wp-image-7565\" srcset=\"https:\/\/translate.eventsinparis.com\/wp-content\/uploads\/2026\/03\/Public-Eiffel-view-location.jpeg 1600w, https:\/\/translate.eventsinparis.com\/wp-content\/uploads\/2026\/03\/Public-Eiffel-view-location-300x200.jpeg 300w, https:\/\/translate.eventsinparis.com\/wp-content\/uploads\/2026\/03\/Public-Eiffel-view-location-1024x683.jpeg 1024w, https:\/\/translate.eventsinparis.com\/wp-content\/uploads\/2026\/03\/Public-Eiffel-view-location-768x512.jpeg 768w, https:\/\/translate.eventsinparis.com\/wp-content\/uploads\/2026\/03\/Public-Eiffel-view-location-1536x1024.jpeg 1536w, https:\/\/translate.eventsinparis.com\/wp-content\/uploads\/2026\/03\/Public-Eiffel-view-location-1200x800.jpeg 1200w, https:\/\/translate.eventsinparis.com\/wp-content\/uploads\/2026\/03\/Public-Eiffel-view-location-1320x880.jpeg 1320w, https:\/\/translate.eventsinparis.com\/wp-content\/uploads\/2026\/03\/Public-Eiffel-view-location-600x400.jpeg 600w\" sizes=\"(max-width: 1600px) 100vw, 1600px\" \/><figcaption class=\"wp-element-caption\">Eleganter Kristallkronleuchter in Paris mit 9 Kerzen, perfekt f\u00fcr Hochzeiten, Gesch\u00e4ftsessen und luxuri\u00f6se Veranstaltungsdekoration.<\/figcaption><\/figure>\n<\/div><\/div>\n\n\n\n<div class=\"wp-block-group mt-0 mb-0 caption is-vertical is-layout-flex wp-container-core-group-is-layout-8cf370e7 wp-block-group-is-layout-flex\">\n<h3 class=\"wp-block-heading\">Antrags-Fotografen<\/h3>\n\n\n\n<p>Die besten Fotografen f\u00fcr Heiratsantr\u00e4ge in Paris - wen Sie buchen, was Sie fragen und was Sie erwarten k\u00f6nnen.<\/p>\n<\/div>\n\n\n\n<p class=\"has-link\"><a href=\"https:\/\/translate.eventsinparis.com\/de\/heiratsantragspakete\/\" data-type=\"link\" data-id=\"https:\/\/translate.eventsinparis.com\/paris-proposal-packages\/\">Mehr lesen<\/a><\/p>\n<\/div>\n\n\n\n<div class=\"wp-block-column active is-layout-flow wp-block-column-is-layout-flow\">\n<div class=\"wp-block-group mt-0 mb-0 media\"><div class=\"wp-block-group__inner-container is-layout-constrained wp-block-group-is-layout-constrained\">\n<figure class=\"wp-block-image size-full\"><img decoding=\"async\" width=\"1600\" height=\"1060\" src=\"https:\/\/translate.eventsinparis.com\/wp-content\/uploads\/2026\/05\/early-june-canal-saint-martin-paris-wine-bar.avif\" alt=\"Nat\u00fcrliche Weinbar Anfang Juni in der N\u00e4he des Canal Saint-Martin in Paris mit offener K\u00fcche und G\u00e4sten\" class=\"wp-image-9860\" srcset=\"https:\/\/translate.eventsinparis.com\/wp-content\/uploads\/2026\/05\/early-june-canal-saint-martin-paris-wine-bar.avif 1600w, https:\/\/translate.eventsinparis.com\/wp-content\/uploads\/2026\/05\/early-june-canal-saint-martin-paris-wine-bar-300x199.avif 300w, https:\/\/translate.eventsinparis.com\/wp-content\/uploads\/2026\/05\/early-june-canal-saint-martin-paris-wine-bar-1024x678.avif 1024w, https:\/\/translate.eventsinparis.com\/wp-content\/uploads\/2026\/05\/early-june-canal-saint-martin-paris-wine-bar-768x509.avif 768w, https:\/\/translate.eventsinparis.com\/wp-content\/uploads\/2026\/05\/early-june-canal-saint-martin-paris-wine-bar-1536x1018.avif 1536w, https:\/\/translate.eventsinparis.com\/wp-content\/uploads\/2026\/05\/early-june-canal-saint-martin-paris-wine-bar-1200x795.avif 1200w\" sizes=\"(max-width: 1600px) 100vw, 1600px\" \/><figcaption class=\"wp-element-caption\">Anfang Juni am Canal Saint-Martin - abwechselnd ein anderer Gastkoch, 24 Pl\u00e4tze<\/figcaption><\/figure>\n<\/div><\/div>\n\n\n\n<div class=\"wp-block-group mt-0 mb-0 caption is-vertical is-layout-flex wp-container-core-group-is-layout-8cf370e7 wp-block-group-is-layout-flex\">\n<h3 class=\"wp-block-heading\">Post-Proposal-Restaurants<\/h3>\n\n\n\n<p>Wo man nach einem Heiratsantrag oder einer Verlobung in Paris essen kann - vom Eiffelturm bis zum Bistro am sp\u00e4ten Abend.<\/p>\n<\/div>\n\n\n\n<p class=\"has-link\"><a href=\"https:\/\/translate.eventsinparis.com\/de\/guides\/best-restaurants-paris\/\" data-type=\"link\" data-id=\"https:\/\/translate.eventsinparis.com\/guides\/best-restaurants-paris\/\">Mehr lesen<\/a><\/p>\n<\/div>\n\n\n\n<div class=\"wp-block-column active is-layout-flow wp-block-column-is-layout-flow\">\n<div class=\"wp-block-group mt-0 mb-0 media\"><div class=\"wp-block-group__inner-container is-layout-constrained wp-block-group-is-layout-constrained\">\n<figure class=\"wp-block-image size-full\"><img decoding=\"async\" width=\"1080\" height=\"719\" src=\"https:\/\/translate.eventsinparis.com\/wp-content\/uploads\/2025\/11\/paris-yacht-live-musicians-violin-guitar-proposal-cruise.jpg\" alt=\"Live-Musik mit Geige und Gitarre an Bord einer privaten Pariser Angebotsyacht.\" class=\"wp-image-7006\" srcset=\"https:\/\/translate.eventsinparis.com\/wp-content\/uploads\/2025\/11\/paris-yacht-live-musicians-violin-guitar-proposal-cruise.jpg 1080w, https:\/\/translate.eventsinparis.com\/wp-content\/uploads\/2025\/11\/paris-yacht-live-musicians-violin-guitar-proposal-cruise-300x200.jpg 300w, https:\/\/translate.eventsinparis.com\/wp-content\/uploads\/2025\/11\/paris-yacht-live-musicians-violin-guitar-proposal-cruise-1024x682.jpg 1024w, https:\/\/translate.eventsinparis.com\/wp-content\/uploads\/2025\/11\/paris-yacht-live-musicians-violin-guitar-proposal-cruise-768x511.jpg 768w, https:\/\/translate.eventsinparis.com\/wp-content\/uploads\/2025\/11\/paris-yacht-live-musicians-violin-guitar-proposal-cruise-600x399.jpg 600w\" sizes=\"(max-width: 1080px) 100vw, 1080px\" \/><figcaption class=\"wp-element-caption\">Live-Geigen- und Gitarrenduo bei einem privaten Antrag an der Seine.<br><\/figcaption><\/figure>\n<\/div><\/div>\n\n\n\n<div class=\"wp-block-group mt-0 mb-0 caption is-vertical is-layout-flex wp-container-core-group-is-layout-8cf370e7 wp-block-group-is-layout-flex\">\n<h3 class=\"wp-block-heading\">Live-Musiker<\/h3>\n\n\n\n<p>Violinisten, Saxophonisten und Duos f\u00fcr Heiratsantr\u00e4ge, Durchbr\u00fcche und Feierlichkeiten in Paris.<\/p>\n<\/div>\n\n\n\n<p class=\"has-link\"><a href=\"https:\/\/translate.eventsinparis.com\/de\/guides\/best-live-musicians-paris\/\" data-type=\"link\" data-id=\"https:\/\/translate.eventsinparis.com\/guides\/best-live-musicians-paris\/\">Mehr lesen<\/a><\/p>\n<\/div>\n\n\n\n<div class=\"wp-block-column active is-layout-flow wp-block-column-is-layout-flow\">\n<div class=\"wp-block-group mt-0 mb-0 media\"><div class=\"wp-block-group__inner-container is-layout-constrained wp-block-group-is-layout-constrained\">\n<figure class=\"wp-block-image size-full\"><img decoding=\"async\" width=\"2000\" height=\"1333\" src=\"https:\/\/translate.eventsinparis.com\/wp-content\/uploads\/2025\/04\/romantic-couple-eiffel-tower-yacht-proposal-paris.jpg\" alt=\"Ein l\u00e4chelndes Paar, das sich nachts auf einer Privatjacht in Paris umarmt, mit dem funkelnden Eiffelturm im Hintergrund w\u00e4hrend ihrer romantischen Seine-Kreuzfahrt.\" class=\"wp-image-5531\" srcset=\"https:\/\/translate.eventsinparis.com\/wp-content\/uploads\/2025\/04\/romantic-couple-eiffel-tower-yacht-proposal-paris.jpg 2000w, https:\/\/translate.eventsinparis.com\/wp-content\/uploads\/2025\/04\/romantic-couple-eiffel-tower-yacht-proposal-paris-600x400.jpg 600w, https:\/\/translate.eventsinparis.com\/wp-content\/uploads\/2025\/04\/romantic-couple-eiffel-tower-yacht-proposal-paris-300x200.jpg 300w, https:\/\/translate.eventsinparis.com\/wp-content\/uploads\/2025\/04\/romantic-couple-eiffel-tower-yacht-proposal-paris-1024x682.jpg 1024w, https:\/\/translate.eventsinparis.com\/wp-content\/uploads\/2025\/04\/romantic-couple-eiffel-tower-yacht-proposal-paris-768x512.jpg 768w, https:\/\/translate.eventsinparis.com\/wp-content\/uploads\/2025\/04\/romantic-couple-eiffel-tower-yacht-proposal-paris-1536x1024.jpg 1536w, https:\/\/translate.eventsinparis.com\/wp-content\/uploads\/2025\/04\/romantic-couple-eiffel-tower-yacht-proposal-paris-1200x800.jpg 1200w, https:\/\/translate.eventsinparis.com\/wp-content\/uploads\/2025\/04\/romantic-couple-eiffel-tower-yacht-proposal-paris-1980x1320.jpg 1980w\" sizes=\"(max-width: 2000px) 100vw, 2000px\" \/><figcaption class=\"wp-element-caption\">Dieses Foto zeigt ein gl\u00fcckliches Paar auf einer n\u00e4chtlichen Kreuzfahrt auf einer privaten Yacht in Paris, w\u00e4hrend im Hintergrund der Eiffelturm funkelt. Das Bild eignet sich perfekt f\u00fcr Heiratsantr\u00e4ge, Verlobungen oder Jubil\u00e4umsfeiern und spiegelt die Emotionen, die Intimit\u00e4t und die Eleganz eines luxuri\u00f6sen Seine-Erlebnisses wider. Die sanfte Beleuchtung, das L\u00e4cheln und die ikonische Kulisse machen dieses Bild zum idealen Pr\u00e4sentationsmittel f\u00fcr romantische Paris-Kreuzfahrten oder personalisierte Antragspakete in der Stadt der Liebe.<\/figcaption><\/figure>\n<\/div><\/div>\n\n\n\n<div class=\"wp-block-group mt-0 mb-0 caption is-vertical is-layout-flex wp-container-core-group-is-layout-8cf370e7 wp-block-group-is-layout-flex\">\n<h3 class=\"wp-block-heading\">Haare &amp; Make-up<\/h3>\n\n\n\n<p>Haar- und Make-up-K\u00fcnstler in Paris f\u00fcr Verlobungen, Heiratsantr\u00e4ge und Feierlichkeiten.<\/p>\n<\/div>\n\n\n\n<p class=\"has-link\"><a href=\"https:\/\/translate.eventsinparis.com\/de\/guides\/best-hair-makeup-artists-paris\/\" data-type=\"link\" data-id=\"https:\/\/translate.eventsinparis.com\/guides\/best-hair-makeup-artists-paris\/\">Mehr lesen<\/a><\/p>\n<\/div>\n<\/div>\n<\/div><\/section>\n\n\n\n<section class=\"wp-block-group alignfull mt-0 mb-0 sec full-width sec-services has-primary-color has-background-background-color has-text-color has-background has-link-color wp-elements-55f6ee39be31026da4e244b0f037a3d3\" id=\"other-guides\"><div class=\"wp-block-group__inner-container is-layout-constrained wp-block-group-is-layout-constrained\">\n<h2 class=\"wp-block-heading sec-header mb-10 ml-0\">Auch bei der Planung n\u00fctzlich<\/h2>\n\n\n\n<div class=\"wp-block-columns alignfull services-boxes hide-caption is-layout-flex wp-container-core-columns-is-layout-9d6595d7 wp-block-columns-is-layout-flex\">\n<div class=\"wp-block-column active is-layout-flow wp-block-column-is-layout-flow\">\n<div class=\"wp-block-group mt-0 mb-0 media\"><div class=\"wp-block-group__inner-container is-layout-constrained wp-block-group-is-layout-constrained\">\n<figure class=\"wp-block-image size-full\"><img decoding=\"async\" width=\"1600\" height=\"1067\" src=\"https:\/\/translate.eventsinparis.com\/wp-content\/uploads\/2026\/03\/Public-Eiffel-view-location.jpeg\" alt=\"\" class=\"wp-image-7565\" srcset=\"https:\/\/translate.eventsinparis.com\/wp-content\/uploads\/2026\/03\/Public-Eiffel-view-location.jpeg 1600w, https:\/\/translate.eventsinparis.com\/wp-content\/uploads\/2026\/03\/Public-Eiffel-view-location-300x200.jpeg 300w, https:\/\/translate.eventsinparis.com\/wp-content\/uploads\/2026\/03\/Public-Eiffel-view-location-1024x683.jpeg 1024w, https:\/\/translate.eventsinparis.com\/wp-content\/uploads\/2026\/03\/Public-Eiffel-view-location-768x512.jpeg 768w, https:\/\/translate.eventsinparis.com\/wp-content\/uploads\/2026\/03\/Public-Eiffel-view-location-1536x1024.jpeg 1536w, https:\/\/translate.eventsinparis.com\/wp-content\/uploads\/2026\/03\/Public-Eiffel-view-location-1200x800.jpeg 1200w, https:\/\/translate.eventsinparis.com\/wp-content\/uploads\/2026\/03\/Public-Eiffel-view-location-1320x880.jpeg 1320w, https:\/\/translate.eventsinparis.com\/wp-content\/uploads\/2026\/03\/Public-Eiffel-view-location-600x400.jpeg 600w\" sizes=\"(max-width: 1600px) 100vw, 1600px\" \/><figcaption class=\"wp-element-caption\">Eleganter Kristallkronleuchter in Paris mit 9 Kerzen, perfekt f\u00fcr Hochzeiten, Gesch\u00e4ftsessen und luxuri\u00f6se Veranstaltungsdekoration.<\/figcaption><\/figure>\n<\/div><\/div>\n\n\n\n<div class=\"wp-block-group mt-0 mb-0 caption is-vertical is-layout-flex wp-container-core-group-is-layout-8cf370e7 wp-block-group-is-layout-flex\">\n<h3 class=\"wp-block-heading\">Wie viel kostet ein Vorschlag aus Paris?<\/h3>\n\n\n\n<p>Vollst\u00e4ndige Preisaufschl\u00fcsselung nach Einrichtungsart, mit Zusatzleistungen und Beispielsummen.<\/p>\n<\/div>\n\n\n\n<p class=\"has-link\"><a href=\"https:\/\/translate.eventsinparis.com\/de\/paris-proposal-cost\/\" data-type=\"link\" data-id=\"https:\/\/translate.eventsinparis.com\/paris-proposal-cost\/\">Mehr lesen<\/a><\/p>\n<\/div>\n\n\n\n<div class=\"wp-block-column active is-layout-flow wp-block-column-is-layout-flow\">\n<div class=\"wp-block-group mt-0 mb-0 media\"><div class=\"wp-block-group__inner-container is-layout-constrained wp-block-group-is-layout-constrained\">\n<figure class=\"wp-block-image size-full\"><img decoding=\"async\" width=\"1600\" height=\"1060\" src=\"https:\/\/translate.eventsinparis.com\/wp-content\/uploads\/2026\/05\/early-june-canal-saint-martin-paris-wine-bar.avif\" alt=\"Nat\u00fcrliche Weinbar Anfang Juni in der N\u00e4he des Canal Saint-Martin in Paris mit offener K\u00fcche und G\u00e4sten\" class=\"wp-image-9860\" srcset=\"https:\/\/translate.eventsinparis.com\/wp-content\/uploads\/2026\/05\/early-june-canal-saint-martin-paris-wine-bar.avif 1600w, https:\/\/translate.eventsinparis.com\/wp-content\/uploads\/2026\/05\/early-june-canal-saint-martin-paris-wine-bar-300x199.avif 300w, https:\/\/translate.eventsinparis.com\/wp-content\/uploads\/2026\/05\/early-june-canal-saint-martin-paris-wine-bar-1024x678.avif 1024w, https:\/\/translate.eventsinparis.com\/wp-content\/uploads\/2026\/05\/early-june-canal-saint-martin-paris-wine-bar-768x509.avif 768w, https:\/\/translate.eventsinparis.com\/wp-content\/uploads\/2026\/05\/early-june-canal-saint-martin-paris-wine-bar-1536x1018.avif 1536w, https:\/\/translate.eventsinparis.com\/wp-content\/uploads\/2026\/05\/early-june-canal-saint-martin-paris-wine-bar-1200x795.avif 1200w\" sizes=\"(max-width: 1600px) 100vw, 1600px\" \/><figcaption class=\"wp-element-caption\">Anfang Juni am Canal Saint-Martin - abwechselnd ein anderer Gastkoch, 24 Pl\u00e4tze<\/figcaption><\/figure>\n<\/div><\/div>\n\n\n\n<div class=\"wp-block-group mt-0 mb-0 caption is-vertical is-layout-flex wp-container-core-group-is-layout-8cf370e7 wp-block-group-is-layout-flex\">\n<h3 class=\"wp-block-heading\">Ideen f\u00fcr einen Heiratsantrag in Paris<\/h3>\n\n\n\n<p>Wie w\u00e4hlt man eine Dachterrasse, ein Boot, einen \u00f6ffentlichen Ort oder ein Picknick aus?.<\/p>\n<\/div>\n\n\n\n<p class=\"has-link\"><a href=\"https:\/\/translate.eventsinparis.com\/de\/paris-proposal-ideas\/\" data-type=\"link\" data-id=\"https:\/\/translate.eventsinparis.com\/paris-proposal-ideas\/\">Mehr lesen<\/a><\/p>\n<\/div>\n<\/div>\n<\/div><\/section>\n\n\n\n<section class=\"wp-block-cover alignfull mt-0 mb-0 sec sec-cta bg-fixed z-index-9\" style=\"min-height:800px;aspect-ratio:unset;\" id=\"cta\"><span aria-hidden=\"true\" class=\"wp-block-cover__background has-primary-background-color has-background-dim-100 has-background-dim\"><\/span><div class=\"wp-block-cover__inner-container is-layout-flow wp-block-cover-is-layout-flow\">\n<h2 class=\"wp-block-heading has-text-align-center  heading-size-2 mb-40\">Haben Sie ein Datum im Sinn?<\/h2>\n\n\n\n<p class=\"has-text-align-center container-xs\">Nennen Sie uns Ihr Datum und Ihre Vorstellungen - wir melden uns schnell mit Preisen und Verf\u00fcgbarkeit.<\/p>\n\n\n\n<div class=\"wp-block-buttons is-content-justification-center is-layout-flex wp-container-core-buttons-is-layout-16018d1d wp-block-buttons-is-layout-flex\">\n<div class=\"wp-block-button\"><a class=\"wp-block-button__link has-primary-color has-text-color has-background has-link-color wp-element-button\" href=\"https:\/\/api.whatsapp.com\/send?phone=33650354083\" style=\"background-color:#f0ff3d\" target=\"_blank\" rel=\"noreferrer noopener\">WhatsApp uns<\/a><\/div>\n\n\n\n<div class=\"wp-block-button cta\"><a class=\"wp-block-button__link wp-element-button\" href=\"https:\/\/translate.eventsinparis.com\/de\/contact\/\">Verwenden Sie das Kontaktformular<\/a><\/div>\n<\/div>\n<\/div><\/section>","protected":false},"excerpt":{"rendered":"<p>Planning Resources for Your Trip to Paris Vetted recommendations from the team that runs proposals and elopements in Paris \u2014 photographers, restaurants, musicians, and more. Guides Proposal Photographers Best proposal photographers in Paris \u2014 who to book, what to ask, and what to expect. Read More Post-Proposal Restaurants Where to eat after a Paris proposal [&hellip;]<\/p>\n","protected":false},"author":8,"featured_media":0,"parent":0,"menu_order":0,"comment_status":"closed","ping_status":"closed","template":"","meta":{"_acf_changed":false,"inline_featured_image":false,"footnotes":""},"class_list":["post-8329","page","type-page","status-publish","hentry"],"acf":[],"_links":{"self":[{"href":"https:\/\/translate.eventsinparis.com\/de\/wp-json\/wp\/v2\/pages\/8329","targetHints":{"allow":["GET"]}}],"collection":[{"href":"https:\/\/translate.eventsinparis.com\/de\/wp-json\/wp\/v2\/pages"}],"about":[{"href":"https:\/\/translate.eventsinparis.com\/de\/wp-json\/wp\/v2\/types\/page"}],"author":[{"embeddable":true,"href":"https:\/\/translate.eventsinparis.com\/de\/wp-json\/wp\/v2\/users\/8"}],"replies":[{"embeddable":true,"href":"https:\/\/translate.eventsinparis.com\/de\/wp-json\/wp\/v2\/comments?post=8329"}],"version-history":[{"count":2,"href":"https:\/\/translate.eventsinparis.com\/de\/wp-json\/wp\/v2\/pages\/8329\/revisions"}],"predecessor-version":[{"id":9863,"href":"https:\/\/translate.eventsinparis.com\/de\/wp-json\/wp\/v2\/pages\/8329\/revisions\/9863"}],"wp:attachment":[{"href":"https:\/\/translate.eventsinparis.com\/de\/wp-json\/wp\/v2\/media?parent=8329"}],"curies":[{"name":"wp","href":"https:\/\/api.w.org\/{rel}","templated":true}]}}