{"id":7635,"date":"2026-03-11T15:47:46","date_gmt":"2026-03-11T15:47:46","guid":{"rendered":"https:\/\/eventsinparis.com\/?page_id=7635"},"modified":"2026-03-30T11:28:15","modified_gmt":"2026-03-30T10:28:15","slug":"mentions-legales","status":"publish","type":"page","link":"https:\/\/translate.eventsinparis.com\/de\/mentions-legales\/","title":{"rendered":"Allgemeine Erw\u00e4hnungen"},"content":{"rendered":"<div class=\"wp-block-group alignfull mt-0 mb-0 sec section-header full-width  has-background-background-color has-background\"><div class=\"wp-block-group__inner-container is-layout-constrained wp-block-group-is-layout-constrained\">\n<h1 class=\"wp-block-heading mb-10 fadeInDown has-primary-color has-text-color has-link-color wp-elements-4b197e2995aebf24d81ff4f993e8e9c0\">Allgemeine Erw\u00e4hnungen<\/h1>\n\n\n\n<p><strong>Rechtliche Hinweise<\/strong><br>Zuletzt aktualisiert: 17. M\u00e4rz 2026<\/p>\n<\/div><\/div>\n\n\n\n<div class=\"wp-block-group alignfull mt-0 mb-0 sec pt-0 full-width has-primary-color has-background-background-color has-text-color has-background has-link-color wp-elements-288f5566a20cd42844cfad6bd4275515\"><div class=\"wp-block-group__inner-container is-layout-constrained wp-block-group-is-layout-constrained\">\n<hr class=\"wp-block-separator has-alpha-channel-opacity\"\/>\n\n\n\n<h2 class=\"wp-block-heading\">1. Herausgeber<\/h2>\n\n\n\n<p>PARIS DECOR &amp; PROPS, Gesellschaft mit beschr\u00e4nkter Haftung (SAS) mit einem Kapital von 100,00 \u20ac<\/p>\n\n\n\n<p><strong>Eingetragener Sitz: <\/strong>34 Avenue des Champs-\u00c9lys\u00e9es, 75008 Paris, Frankreich<\/p>\n\n\n\n<p><strong>SIREN: <\/strong>918 659 301<\/p>\n\n\n\n<p><strong>SIRET: <\/strong>918 659 301 00017<\/p>\n\n\n\n<p><strong>RCS Paris: <\/strong>918 659 301<\/p>\n\n\n\n<p><strong>TVA Intracommunautaire: <\/strong>FR44 918 659 301<\/p>\n\n\n\n<p><strong>NAF\/APE: <\/strong>74.10Z - Spezialisierte T\u00e4tigkeiten im Bereich Design<\/p>\n\n\n\n<p><strong>Pr\u00e4sident (Pr\u00e9sident): <\/strong>Vincent Lillo<\/p>\n\n\n\n<p><strong>Generaldirektor (Directeur g\u00e9n\u00e9ral): <\/strong>Cengiz \u00d6zelsel<\/p>\n\n\n\n<p><strong>Verantwortliche Person (Responsable de la publication): <\/strong>Vincent Lillo<\/p>\n\n\n\n<p><strong>E-Mail: <\/strong><a href=\"mailto:contact@eventsinparis.com\">contact@eventsinparis.com<\/a><\/p>\n\n\n\n<hr class=\"wp-block-separator has-alpha-channel-opacity\"\/>\n\n\n\n<h2 class=\"wp-block-heading\">2. Hosting-Anbieter<\/h2>\n\n\n\n<p>Fl\u00fcssiges Web, LLC<br>2703 Ena Drive, Lansing, Michigan 48917, Vereinigte Staaten<br><a href=\"https:\/\/www.liquidweb.com\" target=\"_blank\" rel=\"noopener\">liquidweb.de<\/a><\/p>\n\n\n\n<hr class=\"wp-block-separator has-alpha-channel-opacity\"\/>\n\n\n\n<h2 class=\"wp-block-heading\">3. Geistiges Eigentum<\/h2>\n\n\n\n<p>Der gesamte Inhalt von eventsinparis.com - einschlie\u00dflich Text, Bilder, Branding, Layout und Design - ist Eigentum von PARIS DECOR &amp; PROPS oder wird unter Lizenz verwendet. Die Vervielf\u00e4ltigung, Verbreitung oder Wiederverwendung ohne vorherige schriftliche Zustimmung ist untersagt, es sei denn, dies ist gesetzlich vorgeschrieben.<\/p>\n\n\n\n<hr class=\"wp-block-separator has-alpha-channel-opacity\"\/>\n\n\n\n<h2 class=\"wp-block-heading\">4. Pers\u00f6nliche Daten<\/h2>\n\n\n\n<p>Informationen dar\u00fcber, wie wir personenbezogene Daten sammeln, verwenden und sch\u00fctzen, finden Sie in unserer <a href=\"https:\/\/translate.eventsinparis.com\/de\/privacy-policy\/\" data-type=\"link\" data-id=\"https:\/\/translate.eventsinparis.com\/privacy-policy\/\">Datenschutzbestimmungen<\/a>.<\/p>\n\n\n\n<p>Informationen zu Cookies finden Sie in unserem <a href=\"https:\/\/translate.eventsinparis.com\/de\/cookie-policy\/\" data-type=\"link\" data-id=\"https:\/\/translate.eventsinparis.com\/cookie-policy\/\">Cookie-Richtlinie<\/a>.<\/p>\n\n\n\n<p>Um Ihre Datenschutzrechte auszu\u00fcben, wenden Sie sich an: <a href=\"mailto:privacy@eventsinparis.com\">privacy@eventsinparis.com<\/a><\/p>\n\n\n\n<p>Sie k\u00f6nnen auch eine Beschwerde bei der CNIL einreichen: <a href=\"https:\/\/www.cnil.fr\" target=\"_blank\" rel=\"noopener\">www.cnil.fr<\/a><\/p>\n\n\n\n<hr class=\"wp-block-separator has-alpha-channel-opacity\"\/>\n\n\n\n<h2 class=\"wp-block-heading\">5. Verbraucher-Mediation<\/h2>\n\n\n\n<p>Gem\u00e4\u00df den Artikeln L.612-1 ff. des Code de la consommation k\u00f6nnen sich Verbraucher, die eine Beschwerde nicht direkt bei Events in Paris gel\u00f6st haben, kostenlos an den folgenden Verbraucherschlichter wenden:<\/p>\n\n\n\n<p><strong>NotreAccord Consommation<\/strong><\/p>\n\n\n\n<p>Centre de m\u00e9diation NotreAccord<\/p>\n\n\n\n<p>38 rue d'Aviau, 33 000 Bordeaux, Frankreich<\/p>\n\n\n\n<p>E-Mail: <a href=\"mailto:consommation@notreaccord.com\">consommation@notreaccord.com<\/a><\/p>\n\n\n\n<p>Telefon: 09 79 33 58 27<\/p>\n\n\n\n<p>Website: <a href=\"https:\/\/mediation-consommation.notreaccord.com\" target=\"_blank\" rel=\"noopener\">mediation-consommation.notreaccord.com<\/a><\/p>\n\n\n\n<hr class=\"wp-block-separator has-alpha-channel-opacity\"\/>\n\n\n\n<h2 class=\"wp-block-heading\">6. Andere juristische Seiten<\/h2>\n\n\n\n<ul class=\"wp-block-list\">\n<li><a href=\"https:\/\/translate.eventsinparis.com\/de\/terms-of-service\/\">Bedingungen der Dienstleistung<\/a><\/li>\n\n\n\n<li><a href=\"https:\/\/translate.eventsinparis.com\/de\/privacy-policy\/\">Datenschutzbestimmungen<\/a><\/li>\n\n\n\n<li><a href=\"https:\/\/translate.eventsinparis.com\/de\/cookie-policy\/\">Cookie-Richtlinie<\/a><\/li>\n<\/ul>\n<\/div><\/div>","protected":false},"excerpt":{"rendered":"<p>Mentions L\u00e9gales Legal NoticesLast updated: 17 March 2026 1. Publisher PARIS DECOR &amp; PROPS, soci\u00e9t\u00e9 par actions simplifi\u00e9e (SAS) au capital de 100,00 \u20ac Registered office: 34 Avenue des Champs-\u00c9lys\u00e9es, 75008 Paris, France SIREN: 918 659 301 SIRET: 918 659 301 00017 RCS Paris: 918 659 301 TVA Intracommunautaire: FR44 918 659 301 NAF\/APE: 74.10Z [&hellip;]<\/p>\n","protected":false},"author":8,"featured_media":0,"parent":0,"menu_order":0,"comment_status":"closed","ping_status":"closed","template":"","meta":{"_acf_changed":false,"inline_featured_image":false,"footnotes":""},"class_list":["post-7635","page","type-page","status-publish","hentry"],"acf":[],"_links":{"self":[{"href":"https:\/\/translate.eventsinparis.com\/de\/wp-json\/wp\/v2\/pages\/7635","targetHints":{"allow":["GET"]}}],"collection":[{"href":"https:\/\/translate.eventsinparis.com\/de\/wp-json\/wp\/v2\/pages"}],"about":[{"href":"https:\/\/translate.eventsinparis.com\/de\/wp-json\/wp\/v2\/types\/page"}],"author":[{"embeddable":true,"href":"https:\/\/translate.eventsinparis.com\/de\/wp-json\/wp\/v2\/users\/8"}],"replies":[{"embeddable":true,"href":"https:\/\/translate.eventsinparis.com\/de\/wp-json\/wp\/v2\/comments?post=7635"}],"version-history":[{"count":0,"href":"https:\/\/translate.eventsinparis.com\/de\/wp-json\/wp\/v2\/pages\/7635\/revisions"}],"wp:attachment":[{"href":"https:\/\/translate.eventsinparis.com\/de\/wp-json\/wp\/v2\/media?parent=7635"}],"curies":[{"name":"wp","href":"https:\/\/api.w.org\/{rel}","templated":true}]}}