{"id":17,"date":"2026-03-13T11:01:00","date_gmt":"2026-03-13T11:01:00","guid":{"rendered":"https:\/\/eventsinparis.com\/?page_id=17"},"modified":"2026-03-30T11:43:20","modified_gmt":"2026-03-30T10:43:20","slug":"about","status":"publish","type":"page","link":"https:\/\/translate.eventsinparis.com\/de\/about\/","title":{"rendered":"\u00dcber"},"content":{"rendered":"<div class=\"wp-block-group alignfull mt-0 mb-0 section-header-outer full-width pl-0 pr-0 has-background-background-color has-background\"><div class=\"wp-block-group__inner-container is-layout-constrained wp-block-group-is-layout-constrained\">\n<div class=\"wp-block-group alignfull mt-0 mb-0 sec section-header full-width\"><div class=\"wp-block-group__inner-container is-layout-constrained wp-block-group-is-layout-constrained\">\n<h1 class=\"wp-block-heading alignwide has-text-align-left ml-0 mb-10 fadeInDown has-primary-color has-text-color has-link-color wp-elements-ca0cbad65111ef8c1c6ed06142db2958\" style=\"text-transform:uppercase\">\u00dcber Veranstaltungen in Paris<\/h1>\n\n\n\n<p class=\"has-text-align-left ml-0 mt-0 mb-5 fadeInDown has-primary-color has-text-color has-link-color has-normal-font-size wp-elements-aed5f597439bbf82bf1c4c05acc8003d\">Heiratsantrags- und Ausrei\u00dferpakete in Paris f\u00fcr internationale Paare<\/p>\n<\/div><\/div>\n<\/div><\/div>\n\n\n\n<section class=\"wp-block-group alignfull mt-0 mb-0 sec full-width z-index-9 has-background-color has-primary-background-color has-text-color has-background has-link-color wp-elements-58f712201939d73057dad42f0992ede8\" id=\"intro\"><div class=\"wp-block-group__inner-container is-layout-constrained wp-block-group-is-layout-constrained\">\n<h2 class=\"wp-block-heading sec-header mb-10 ml-0\">Was macht Events in Paris?<\/h2>\n\n\n\n<p class=\"ml-0 split-text-lines-animation has-larger-font-size\">Events in Paris bietet Heiratsantr\u00e4ge und Fluchten f\u00fcr internationale Paare an den bekanntesten Orten der Stadt an.<\/p>\n\n\n\n<div class=\"wp-block-columns gap mt-10 mb-0 is-layout-flex wp-container-core-columns-is-layout-9d6595d7 wp-block-columns-is-layout-flex\">\n<div class=\"wp-block-column is-layout-flow wp-block-column-is-layout-flow\">\n<p>Wir k\u00fcmmern uns um den Aufbau, die Koordination, die Fotografie und das Aufr\u00e4umen auf den D\u00e4chern mit Blick auf den Eiffelturm, auf einem privaten Boot auf der Seine und an ausgew\u00e4hlten \u00f6ffentlichen Orten in Paris. Wir bieten auch die Dekoration von Hotelzimmern, Picknicks, den Verleih von Hochzeitskleidern und die Koordination von Junggesellinnenabschieden. <a href=\"https:\/\/translate.eventsinparis.com\/de\/heiratsantragspakete\/\">Angebotspakete ab 1.400 \u20ac<\/a>. <a href=\"\/de\/elopement-in-paris\/\">Flitterwochen-Pakete ab \u20ac2.500<\/a>. WhatsApp uns oder verwenden Sie das Kontaktformular - wir antworten mit Preisen und Verf\u00fcgbarkeit in der Regel innerhalb einer Stunde, nie l\u00e4nger als 8 Stunden.<\/p>\n<\/div>\n\n\n\n<div class=\"wp-block-column is-layout-flow wp-block-column-is-layout-flow\">\n<p>Au\u00dferdem unterst\u00fctzen wir unsere Handelspartner in Paris - Planer, Hotels, Fotografen, Marken und Veranstaltungsorte - mit Produktionsunterst\u00fctzung, Verleih und Blumendesign. <a href=\"\/de\/rentals\/\">Siehe Handel \u2192 Dienstleistungen<\/a>.<\/p>\n<\/div>\n<\/div>\n<\/div><\/section>\n\n\n\n<section class=\"wp-block-group alignfull mt-0 mb-0 sec full-width z-index-9 has-primary-color has-background-background-color has-text-color has-background has-link-color wp-elements-b37d948e34d2359227fc09ab4d1d1db6\" id=\"intro\"><div class=\"wp-block-group__inner-container is-layout-constrained wp-block-group-is-layout-constrained\">\n<div class=\"wp-block-columns alignfull gap is-layout-flex wp-container-core-columns-is-layout-9d6595d7 wp-block-columns-is-layout-flex\">\n<div class=\"wp-block-column is-layout-flow wp-block-column-is-layout-flow\">\n<h2 class=\"wp-block-heading sec-header mb-10 ml-0\">Wer organisiert Veranstaltungen in Paris?<\/h2>\n\n\n\n<p class=\"ml-0 split-text-lines-animation has-larger-font-size\">Paula leitet die Aktivit\u00e4ten von Events in Paris - von der ersten Anfrage bis zur Koordination vor Ort am Veranstaltungstag.<\/p>\n<\/div>\n\n\n\n<div class=\"wp-block-column is-layout-flow wp-block-column-is-layout-flow\">\n<p class=\"split-text-lines-animation\">Sie k\u00fcmmert sich um Anfragen, Logistik und Beziehungen zu Handelspartnern und ist vor Ort, wenn es darauf ankommt.<\/p>\n\n\n\n<p class=\"split-text-lines-animation\">Sie spricht Englisch, Spanisch, Franz\u00f6sisch und fortgeschrittenes Mandarin, was bedeutet, dass sie ohne \u00dcbersetzer direkt mit chinesischsprachigen Paaren und Handelspartnern zusammenarbeitet. Vor Paris lebte und arbeitete sie in Spanien, China, S\u00fcdkorea, Deutschland und den Vereinigten Staaten. Sie arbeitet \u00fcber Zeitzonen hinweg, kann sich schnell in internationale Kunden hineinversetzen und h\u00e4lt sich an das, was sie sagt.<\/p>\n\n\n\n<p class=\"split-text-lines-animation\">Vincent Lillo gr\u00fcndete Events in Paris. Er baute das Unternehmen aus einer Idee heraus auf: Internationale Paare, die in Paris feiern, sollten transparente Preise, schnelle Kommunikation und einen reibungslosen Ablauf erhalten - ohne die Preise von Luxusplanern zu zahlen. Vincent k\u00fcmmert sich um die strategische Ausrichtung, Partnerschaften und Presseanfragen.<\/p>\n<\/div>\n\n\n\n<div class=\"wp-block-column is-layout-flow wp-block-column-is-layout-flow\">\n<figure class=\"wp-block-image size-large mt-0 mb-0\"><img decoding=\"async\" width=\"819\" height=\"1024\" src=\"https:\/\/translate.eventsinparis.com\/wp-content\/uploads\/2026\/02\/paula-event-planner-paris-819x1024.webp\" alt=\"Paula, Leiterin von Events in Paris, einem Unternehmen, das Heiratsantr\u00e4ge und Verlobungen in Paris koordiniert\" class=\"wp-image-7135\" srcset=\"https:\/\/translate.eventsinparis.com\/wp-content\/uploads\/2026\/02\/paula-event-planner-paris-819x1024.webp 819w, https:\/\/translate.eventsinparis.com\/wp-content\/uploads\/2026\/02\/paula-event-planner-paris-240x300.webp 240w, https:\/\/translate.eventsinparis.com\/wp-content\/uploads\/2026\/02\/paula-event-planner-paris-768x960.webp 768w, https:\/\/translate.eventsinparis.com\/wp-content\/uploads\/2026\/02\/paula-event-planner-paris-600x750.webp 600w, https:\/\/translate.eventsinparis.com\/wp-content\/uploads\/2026\/02\/paula-event-planner-paris.webp 1120w\" sizes=\"(max-width: 819px) 100vw, 819px\" \/><figcaption class=\"wp-element-caption\">Paula, Betriebsleiterin bei Events in Paris. Spricht Englisch, Spanisch, Franz\u00f6sisch und Mandarin.<\/figcaption><\/figure>\n<\/div>\n<\/div>\n<\/div><\/section>\n\n\n\n<section class=\"wp-block-group alignfull mt-0 mb-0 pt-0  full-width pl-0 pr-0 has-primary-background-color has-background\" id=\"review\"><div class=\"wp-block-group__inner-container is-layout-constrained wp-block-group-is-layout-constrained\">\n<div class=\"wp-block-group alignfull mb-0 mt-0 sec sec-signature-service is-connecting-sec has-background-color has-primary-background-color has-text-color has-background has-link-color wp-elements-cc2ef968d3ec7cf216b1ecf81d453b20\"><div class=\"wp-block-group__inner-container is-layout-constrained wp-block-group-is-layout-constrained\">\n<h2 class=\"wp-block-heading alignwide has-text-align-center scramble-text\">Was Kunden sagen<\/h2>\n\n\n\n<p class=\"has-text-align-center container-xs\">Events in Paris hat eine F\u00fcnf-Sterne-Bewertung bei Google von Kunden, die Antrags- und Ausrei\u00dferpakete gebucht haben.<\/p>\n<\/div><\/div>\n\n\n\n<div class=\"wp-block-group alignfull mt-0 mb-0 signature-service-items full-width pl-0 pr-0 has-background-color has-primary-background-color has-text-color has-background has-link-color wp-elements-f8dc939a8680721db82130ecca4eaf3c\"><div class=\"wp-block-group__inner-container is-layout-constrained wp-block-group-is-layout-constrained\">\n<div class=\"wp-block-group alignfull mt-0 mb-0 sec signature-service-item odd full-width  has-primary-background-color has-background\"><div class=\"wp-block-group__inner-container is-layout-constrained wp-block-group-is-layout-constrained\">\n<div class=\"wp-block-group alignfull mt-0 mb-0\"><div class=\"wp-block-group__inner-container is-layout-constrained wp-block-group-is-layout-constrained\">\n<div class=\"wp-block-group alignwide mt-0 mb-0 service-row is-nowrap is-layout-flex wp-container-core-group-is-layout-64989fb1 wp-block-group-is-layout-flex\">\n<p class=\"counter\">01<\/p>\n\n\n\n<div class=\"wp-block-group mt-0 mb-0 content\"><div class=\"wp-block-group__inner-container is-layout-constrained wp-block-group-is-layout-constrained\">\n<blockquote class=\"wp-block-quote v2 is-layout-flow wp-block-quote-is-layout-flow\">\n<p>\u2018Ich habe von Kanada aus gebucht und wusste nicht, mit wem ich es zu tun hatte, aber ich hatte volles Vertrauen in das Team. Professionell, p\u00fcnktlich und klar von Anfang bis Ende.\u2019<\/p>\n<cite><strong>Diego M., November 2025<\/strong> (bearbeiteter Auszug)<br>Vorschlag - Geplant aus Kanada<br><a href=\"https:\/\/maps.app.goo.gl\/GoAsfE7mUAdMDi9KA\" target=\"_blank\" data-type=\"link\" data-id=\"https:\/\/maps.app.goo.gl\/GoAsfE7mUAdMDi9KA\" rel=\"noreferrer noopener\">Lesen Sie die vollst\u00e4ndige Bewertung auf Google \u00bb<\/a><\/cite><\/blockquote>\n<\/div><\/div>\n<\/div>\n<\/div><\/div>\n<\/div><\/div>\n\n\n\n<div class=\"wp-block-group alignfull mt-0 mb-0 sec signature-service-item odd full-width  has-primary-background-color has-background\"><div class=\"wp-block-group__inner-container is-layout-constrained wp-block-group-is-layout-constrained\">\n<div class=\"wp-block-group alignfull mt-0 mb-0\"><div class=\"wp-block-group__inner-container is-layout-constrained wp-block-group-is-layout-constrained\">\n<div class=\"wp-block-group alignwide mt-0 mb-0 service-row is-nowrap is-layout-flex wp-container-core-group-is-layout-64989fb1 wp-block-group-is-layout-flex\">\n<p class=\"counter\">02<\/p>\n\n\n\n<div class=\"wp-block-group mt-0 mb-0 content\"><div class=\"wp-block-group__inner-container is-layout-constrained wp-block-group-is-layout-constrained\">\n<blockquote class=\"wp-block-quote v2 is-layout-flow wp-block-quote-is-layout-flow\">\n<p>\u2018Paula hat alles organisiert - die Kommunikation, die Koordination, den Aufbau am Tag. Es war sogar noch sch\u00f6ner, als ich es mir vorgestellt hatte. Das ganze Team hat daf\u00fcr gesorgt, dass sich das, was stressig h\u00e4tte sein k\u00f6nnen, komplett erledigt hat.\u2019<\/p>\n<cite>Mustafa S., M\u00e4rz 2026 (bearbeiteter Auszug)<br>Vorschlag - Paula koordiniert - Juliana fotografiert<br><a href=\"https:\/\/maps.app.goo.gl\/Apn8ostw1FEf24zF9\" target=\"_blank\" data-type=\"link\" data-id=\"https:\/\/maps.app.goo.gl\/iA7Ue5ybK9Ypo4af6\" rel=\"noreferrer noopener\">Lesen Sie die vollst\u00e4ndige Bewertung auf Google \u00bb<\/a><\/cite><\/blockquote>\n<\/div><\/div>\n<\/div>\n<\/div><\/div>\n<\/div><\/div>\n\n\n\n<div class=\"wp-block-group alignfull mt-0 mb-0 sec signature-service-item odd full-width  has-primary-background-color has-background\"><div class=\"wp-block-group__inner-container is-layout-constrained wp-block-group-is-layout-constrained\">\n<div class=\"wp-block-group alignfull mt-0 mb-0\"><div class=\"wp-block-group__inner-container is-layout-constrained wp-block-group-is-layout-constrained\">\n<div class=\"wp-block-group alignwide mt-0 mb-0 service-row is-nowrap is-layout-flex wp-container-core-group-is-layout-64989fb1 wp-block-group-is-layout-flex\">\n<p class=\"counter\">03<\/p>\n\n\n\n<div class=\"wp-block-group mt-0 mb-0 content\"><div class=\"wp-block-group__inner-container is-layout-constrained wp-block-group-is-layout-constrained\">\n<blockquote class=\"wp-block-quote v2 is-layout-flow wp-block-quote-is-layout-flow\">\n<p>\u2018Vincent und ich haben die Details besprochen - wie ich meine Liebe zu meiner \u201cjetzigen\u201d Verlobten zeigen wollte. Das Team hat sich am Tag selbst um alles gek\u00fcmmert. Ich w\u00fcrde sie weiter empfehlen.\u2019<\/p>\n<cite>Kiel S., Januar 2026 (bearbeiteter Auszug)<br>Rooftop-Vorschlag - Geplant aus den USA<br><a href=\"https:\/\/maps.app.goo.gl\/Hgq5o8kNMtG6NW4v5\" data-type=\"link\" data-id=\"https:\/\/maps.app.goo.gl\/Hgq5o8kNMtG6NW4v5\" target=\"_blank\" rel=\"noopener\">Lesen Sie die vollst\u00e4ndige Bewertung auf Google \u00bb<\/a><\/cite><\/blockquote>\n\n\n\n<div class=\"wp-block-buttons is-layout-flex wp-block-buttons-is-layout-flex\">\n<div class=\"wp-block-button\"><a class=\"wp-block-button__link has-primary-color has-background-background-color has-text-color has-background has-link-color wp-element-button\" href=\"https:\/\/translate.eventsinparis.com\/de\/reviews\/\"><strong>Mehr Bewertungen lesen<\/strong><\/a><\/div>\n<\/div>\n<\/div><\/div>\n<\/div>\n<\/div><\/div>\n<\/div><\/div>\n<\/div><\/div>\n<\/div><\/section>\n\n\n\n<section class=\"wp-block-group alignfull mt-0 mb-0 sec full-width z-index-9 has-primary-color has-background-background-color has-text-color has-background has-link-color wp-elements-99f05b8ae3dd9e0f8043a5cac88cdfc7\" id=\"company\"><div class=\"wp-block-group__inner-container is-layout-constrained wp-block-group-is-layout-constrained\">\n<p><strong>Veranstaltungen in Paris<\/strong> ist ein Handelsname von <strong>Pariser Dekoration &amp; Requisiten<\/strong> - SIRET 918 659 301 00017<\/p>\n\n\n\n<p><strong>Dienstleistungsbereich:<\/strong> Paris, \u00cele-de-France, Frankreich<\/p>\n\n\n\n<p><strong>Kontakt: <\/strong><a href=\"tel:+33650354083\" data-type=\"tel\" data-id=\"tel:+33650354083\">+33 6 50 35 40 83<\/a> \u00b7 <a href=\"mailto:contact@eventsinparis.com\">contact@eventsinparis.com<\/a><\/p>\n\n\n\n<p>veranstaltungeninparis.de<\/p>\n<\/div><\/section>\n\n\n\n<section class=\"wp-block-cover alignfull mt-0 mb-0 sec sec-cta bg-fixed z-index-9\" style=\"min-height:800px;aspect-ratio:unset;\" id=\"cta\"><span aria-hidden=\"true\" class=\"wp-block-cover__background has-primary-background-color has-background-dim-100 has-background-dim\"><\/span><div class=\"wp-block-cover__inner-container is-layout-flow wp-block-cover-is-layout-flow\">\n<h2 class=\"wp-block-heading has-text-align-center  heading-size-2 mb-40\">Haben Sie ein Datum im Sinn?<\/h2>\n\n\n\n<p class=\"has-text-align-center container-xs\">Nennen Sie uns Ihr Datum und Ihre Vorstellungen - wir melden uns schnell mit Preisen und Verf\u00fcgbarkeit.<\/p>\n\n\n\n<div class=\"wp-block-buttons is-content-justification-center is-layout-flex wp-container-core-buttons-is-layout-16018d1d wp-block-buttons-is-layout-flex\">\n<div class=\"wp-block-button\"><a class=\"wp-block-button__link has-primary-color has-text-color has-background has-link-color wp-element-button\" href=\"https:\/\/api.whatsapp.com\/send?phone=33650354083\" style=\"background-color:#f0ff3d\" target=\"_blank\" rel=\"noreferrer noopener\">WhatsApp uns<\/a><\/div>\n\n\n\n<div class=\"wp-block-button cta\"><a class=\"wp-block-button__link wp-element-button\" href=\"https:\/\/translate.eventsinparis.com\/de\/contact\/\">Verwenden Sie das Kontaktformular<\/a><\/div>\n<\/div>\n<\/div><\/section>","protected":false},"excerpt":{"rendered":"<p>About Events in Paris Proposal and elopement packages in Paris for international couples What Events in Paris does Events in Paris runs proposal and elopement packages for international couples at the city&#8217;s most recognized locations. We handle setup, coordination, photography, and cleanup at Eiffel Tower-view rooftops, on a private boat on the Seine, and at [&hellip;]<\/p>\n","protected":false},"author":8,"featured_media":0,"parent":0,"menu_order":0,"comment_status":"closed","ping_status":"closed","template":"","meta":{"_acf_changed":false,"inline_featured_image":false,"footnotes":""},"class_list":["post-17","page","type-page","status-publish","hentry"],"acf":[],"_links":{"self":[{"href":"https:\/\/translate.eventsinparis.com\/de\/wp-json\/wp\/v2\/pages\/17","targetHints":{"allow":["GET"]}}],"collection":[{"href":"https:\/\/translate.eventsinparis.com\/de\/wp-json\/wp\/v2\/pages"}],"about":[{"href":"https:\/\/translate.eventsinparis.com\/de\/wp-json\/wp\/v2\/types\/page"}],"author":[{"embeddable":true,"href":"https:\/\/translate.eventsinparis.com\/de\/wp-json\/wp\/v2\/users\/8"}],"replies":[{"embeddable":true,"href":"https:\/\/translate.eventsinparis.com\/de\/wp-json\/wp\/v2\/comments?post=17"}],"version-history":[{"count":0,"href":"https:\/\/translate.eventsinparis.com\/de\/wp-json\/wp\/v2\/pages\/17\/revisions"}],"wp:attachment":[{"href":"https:\/\/translate.eventsinparis.com\/de\/wp-json\/wp\/v2\/media?parent=17"}],"curies":[{"name":"wp","href":"https:\/\/api.w.org\/{rel}","templated":true}]}}